{"id":9037,"date":"2025-05-14T12:29:33","date_gmt":"2025-05-14T12:29:33","guid":{"rendered":"https:\/\/usa-b2.com\/visum-b2-til-franske\/"},"modified":"2025-10-28T16:44:55","modified_gmt":"2025-10-28T16:44:55","slug":"visum-b2-til-franske","status":"publish","type":"page","link":"https:\/\/usa-b2.com\/da\/visum-b2-til-franske\/","title":{"rendered":"B2-visum til franske statsborgere, der rejser til USA"},"content":{"rendered":"\n<h1 class=\"wp-block-heading\">B2-visum til franske statsborgere, der \u00f8nsker at rejse til USA<\/h1>\n\n<p>Hvis du er fransk statsborger og \u00f8nsker at rejse til USA som turist, for at bes\u00f8ge en sl\u00e6gtning eller for at g\u00e5 til l\u00e6gen, er B2-visummet det <a href=\"https:\/\/usa-b2.com\/da\/besogs-visum-usa\/\">amerikanske bes\u00f8gsvisum<\/a>, du har brug for. Denne omfattende guide forklarer de trin, der er involveret i at f\u00e5 et <strong>B2 USA-visum til franske statsborgere<\/strong>, betingelserne, fristerne og de n\u00f8dvendige dokumenter.<\/p>\n\n<h2 class=\"wp-block-heading\">Hvad er et B2-visum?<\/h2>\n\n<p>Det <strong>amerikanske B2-visum<\/strong> er et ikke-immigrantvisum, der er beregnet til personer, der \u00f8nsker at opholde sig midlertidigt i USA for : Turisme, ferie, medicinsk behandling eller bes\u00f8g hos sl\u00e6gtninge.<\/p>\n\n<h2 class=\"wp-block-heading\">Skal franske statsborgere have et B2-visum?<\/h2>\n\n<p>Hvis du er <strong>fransk statsborger<\/strong> og rejser til USA i mindre end 90 dage, kan du i princippet bruge en <a href=\"https:\/\/usa-b2.com\/da\/hvad-er-en-esta\/\">elektronisk ESTA-rejsetilladelse<\/a>.<\/p>\n\n<p>Men hvis du allerede har f\u00e5et afslag p\u00e5 et ESTA, hvis du skal rejse i l\u00e6ngere tid, eller hvis du har en h\u00f8jrisikoprofil, er det at foretr\u00e6kke at <a href=\"https:\/\/usa-b2.com\/da\/ansogningsprocedure-visum-b2\/\">ans\u00f8ge om et B2 USA-visum<\/a>.<\/p>\n\n<h2 class=\"wp-block-heading\">Hvordan ans\u00f8ger jeg om et B2-visum fra Frankrig?<\/h2>\n\n<h3 class=\"wp-block-heading\">1. Udfyld formular DS-160 online<\/h3>\n\n<p><a href=\"https:\/\/usa-b2.com\/da\/ds-160\/\">Form DS-160<\/a> er obligatorisk for alle ans\u00f8gninger om turistvisum.<\/p>\n\n<h3 class=\"wp-block-heading\">2. Betal ans\u00f8gningsgebyret<\/h3>\n\n<p><a href=\"https:\/\/usa-b2.com\/da\/gebyrer-b2-visum\/\">Prisen for et B2-visum<\/a> er <strong>185 USD<\/strong>, som skal betales online.<\/p>\n\n<h3 class=\"wp-block-heading\">3. Lav en aftale p\u00e5 den amerikanske ambassade i Paris<\/h3>\n\n<p>Alle ans\u00f8gere skal gennemg\u00e5 et <a href=\"https:\/\/usa-b2.com\/da\/visumaftale-amerikanske-ambassade\/\">interview p\u00e5 den amerikanske ambassade<\/a>.<\/p>\n\n<h3 class=\"wp-block-heading\">4. Forbered de n\u00f8dvendige dokumenter<\/h3>\n\n<ul class=\"wp-block-list\">\n<li><a href=\"https:\/\/usa-b2.com\/da\/pas-rejse-usa\/\">Gyldigt pas til rejser til USA<\/a><\/li>\n\n\n\n<li>Pasfoto<\/li>\n\n\n\n<li>Regnskaber<\/li>\n\n\n\n<li>Bevis for din tilknytning til Frankrig (job, familie, bolig osv.)<\/li>\n<\/ul>\n\n<h3 class=\"wp-block-heading\">5. G\u00e5 til samtalen og vent p\u00e5 afg\u00f8relsen<\/h3>\n\n<p>Efter interviewet udstedes visummet normalt inden for <strong>7 til 15 arbejdsdage<\/strong>.<\/p>\n\n<h2 class=\"wp-block-heading\">Hvor kan jeg tage interviewet i Frankrig?<\/h2>\n\n<p><strong>USA&#8217;s ambassade i Paris<\/strong><br\/>2, avenue Gabriel, 75008 Paris<br\/>Officiel hjemmeside: <a>fr.usembassy.gov<\/a><\/p>\n\n<h2 class=\"wp-block-heading\">FAQ &#8211; B2-visum til franske statsborgere<\/h2>\n\n<div class=\"schema-faq wp-block-yoast-faq-block\"><div class=\"schema-faq-section\" id=\"faq-question-1747226397065\"><strong class=\"schema-faq-question\">Hvor l\u00e6nge er et B2-visum gyldigt?<\/strong> <p class=\"schema-faq-answer\">Visummet er gyldigt <strong>i op til 10 \u00e5r<\/strong>, men hvert ophold <strong>er begr\u00e6nset til maksimalt 6 m\u00e5neder.<\/strong><\/p> <\/div> <div class=\"schema-faq-section\" id=\"faq-question-1747226417090\"><strong class=\"schema-faq-question\">Kan jeg forl\u00e6nge mit B2-visum i USA?<\/strong> <p class=\"schema-faq-answer\">Ja, det er muligt at <strong>anmode om forl\u00e6ngelse<\/strong> fra USA, men det skal begrundes.<\/p> <\/div> <div class=\"schema-faq-section\" id=\"faq-question-1747226429344\"><strong class=\"schema-faq-question\">Er det sikrere at ans\u00f8ge om et B2-visum i stedet for ESTA?<\/strong> <p class=\"schema-faq-answer\">Ja, is\u00e6r hvis du har f\u00e5et afslag, eller hvis du \u00f8nsker at <strong>undg\u00e5 enhver risiko for afslag<\/strong>.<\/p> <\/div> <\/div>\n\n<p><\/p>\n","protected":false},"excerpt":{"rendered":"<p>B2-visum til franske statsborgere, der \u00f8nsker at rejse til USA Hvis du er fransk statsborger og \u00f8nsker at rejse til USA som turist, for at bes\u00f8ge en sl\u00e6gtning eller for at g\u00e5 til l\u00e6gen, er B2-visummet det amerikanske bes\u00f8gsvisum, du har brug for. Denne omfattende guide forklarer de trin, der er involveret i at f\u00e5 [&hellip;]<\/p>\n","protected":false},"author":1,"featured_media":0,"parent":0,"menu_order":0,"comment_status":"closed","ping_status":"closed","template":"","meta":{"footnotes":""},"class_list":["post-9037","page","type-page","status-publish","hentry"],"yoast_head":"<!-- This site is optimized with the Yoast SEO plugin v27.0 - https:\/\/yoast.com\/product\/yoast-seo-wordpress\/ -->\n<title>B2-visum til franske statsborgere, der rejser til USA - USA B2<\/title>\n<meta name=\"description\" content=\"Hvis du er fransk statsborger, kan du f\u00e5 et B2-visum til et planlagt ophold i USA.\" \/>\n<meta name=\"robots\" content=\"index, follow, max-snippet:-1, max-image-preview:large, max-video-preview:-1\" \/>\n<link rel=\"canonical\" href=\"https:\/\/usa-b2.com\/da\/visum-b2-til-franske\/\" \/>\n<meta property=\"og:locale\" content=\"da_DK\" \/>\n<meta property=\"og:type\" content=\"article\" \/>\n<meta property=\"og:title\" content=\"B2-visum til franske statsborgere, der rejser til USA - USA B2\" \/>\n<meta property=\"og:description\" content=\"Hvis du er fransk statsborger, kan du f\u00e5 et B2-visum til et planlagt ophold i USA.\" \/>\n<meta property=\"og:url\" content=\"https:\/\/usa-b2.com\/da\/visum-b2-til-franske\/\" \/>\n<meta property=\"og:site_name\" content=\"USA B2\" \/>\n<meta property=\"article:modified_time\" content=\"2025-10-28T16:44:55+00:00\" \/>\n<meta name=\"twitter:card\" content=\"summary_large_image\" \/>\n<meta name=\"twitter:label1\" content=\"Estimeret l\u00e6setid\" \/>\n\t<meta name=\"twitter:data1\" content=\"2 minutter\" \/>\n<script type=\"application\/ld+json\" class=\"yoast-schema-graph\">{\"@context\":\"https:\/\/schema.org\",\"@graph\":[{\"@type\":[\"WebPage\",\"FAQPage\"],\"@id\":\"https:\/\/usa-b2.com\/da\/visum-b2-til-franske\/\",\"url\":\"https:\/\/usa-b2.com\/da\/visum-b2-til-franske\/\",\"name\":\"B2-visum til franske statsborgere, der rejser til USA - USA B2\",\"isPartOf\":{\"@id\":\"https:\/\/usa-b2.com\/da\/#website\"},\"datePublished\":\"2025-05-14T12:29:33+00:00\",\"dateModified\":\"2025-10-28T16:44:55+00:00\",\"description\":\"Hvis du er fransk statsborger, kan du f\u00e5 et B2-visum til et planlagt ophold i USA.\",\"breadcrumb\":{\"@id\":\"https:\/\/usa-b2.com\/da\/visum-b2-til-franske\/#breadcrumb\"},\"mainEntity\":[{\"@id\":\"https:\/\/usa-b2.com\/da\/visum-b2-til-franske\/#faq-question-1747226397065\"},{\"@id\":\"https:\/\/usa-b2.com\/da\/visum-b2-til-franske\/#faq-question-1747226417090\"},{\"@id\":\"https:\/\/usa-b2.com\/da\/visum-b2-til-franske\/#faq-question-1747226429344\"}],\"inLanguage\":\"da-DK\",\"potentialAction\":[{\"@type\":\"ReadAction\",\"target\":[\"https:\/\/usa-b2.com\/da\/visum-b2-til-franske\/\"]}]},{\"@type\":\"BreadcrumbList\",\"@id\":\"https:\/\/usa-b2.com\/da\/visum-b2-til-franske\/#breadcrumb\",\"itemListElement\":[{\"@type\":\"ListItem\",\"position\":1,\"name\":\"Accueil\",\"item\":\"https:\/\/usa-b2.com\/da\/guide-roadtrips-usa\/\"},{\"@type\":\"ListItem\",\"position\":2,\"name\":\"B2-visum til franske statsborgere, der rejser til USA\"}]},{\"@type\":\"WebSite\",\"@id\":\"https:\/\/usa-b2.com\/da\/#website\",\"url\":\"https:\/\/usa-b2.com\/da\/\",\"name\":\"USA B2 VISA\",\"description\":\"\",\"potentialAction\":[{\"@type\":\"SearchAction\",\"target\":{\"@type\":\"EntryPoint\",\"urlTemplate\":\"https:\/\/usa-b2.com\/da\/?s={search_term_string}\"},\"query-input\":{\"@type\":\"PropertyValueSpecification\",\"valueRequired\":true,\"valueName\":\"search_term_string\"}}],\"inLanguage\":\"da-DK\"},{\"@type\":\"Question\",\"@id\":\"https:\/\/usa-b2.com\/da\/visum-b2-til-franske\/#faq-question-1747226397065\",\"position\":1,\"url\":\"https:\/\/usa-b2.com\/da\/visum-b2-til-franske\/#faq-question-1747226397065\",\"name\":\"Hvor l\u00e6nge er et B2-visum gyldigt?\",\"answerCount\":1,\"acceptedAnswer\":{\"@type\":\"Answer\",\"text\":\"Visummet er gyldigt <strong>i op til 10 \u00e5r<\/strong>, men hvert ophold <strong>er begr\u00e6nset til maksimalt 6 m\u00e5neder.<\/strong>\",\"inLanguage\":\"da-DK\"},\"inLanguage\":\"da-DK\"},{\"@type\":\"Question\",\"@id\":\"https:\/\/usa-b2.com\/da\/visum-b2-til-franske\/#faq-question-1747226417090\",\"position\":2,\"url\":\"https:\/\/usa-b2.com\/da\/visum-b2-til-franske\/#faq-question-1747226417090\",\"name\":\"Kan jeg forl\u00e6nge mit B2-visum i USA?\",\"answerCount\":1,\"acceptedAnswer\":{\"@type\":\"Answer\",\"text\":\"Ja, det er muligt at <strong>anmode om forl\u00e6ngelse<\/strong> fra USA, men det skal begrundes.\",\"inLanguage\":\"da-DK\"},\"inLanguage\":\"da-DK\"},{\"@type\":\"Question\",\"@id\":\"https:\/\/usa-b2.com\/da\/visum-b2-til-franske\/#faq-question-1747226429344\",\"position\":3,\"url\":\"https:\/\/usa-b2.com\/da\/visum-b2-til-franske\/#faq-question-1747226429344\",\"name\":\"Er det sikrere at ans\u00f8ge om et B2-visum i stedet for ESTA?\",\"answerCount\":1,\"acceptedAnswer\":{\"@type\":\"Answer\",\"text\":\"Ja, is\u00e6r hvis du har f\u00e5et afslag, eller hvis du \u00f8nsker at <strong>undg\u00e5 enhver risiko for afslag<\/strong>.\",\"inLanguage\":\"da-DK\"},\"inLanguage\":\"da-DK\"}]}<\/script>\n<!-- \/ Yoast SEO plugin. -->","yoast_head_json":{"title":"B2-visum til franske statsborgere, der rejser til USA - USA B2","description":"Hvis du er fransk statsborger, kan du f\u00e5 et B2-visum til et planlagt ophold i USA.","robots":{"index":"index","follow":"follow","max-snippet":"max-snippet:-1","max-image-preview":"max-image-preview:large","max-video-preview":"max-video-preview:-1"},"canonical":"https:\/\/usa-b2.com\/da\/visum-b2-til-franske\/","og_locale":"da_DK","og_type":"article","og_title":"B2-visum til franske statsborgere, der rejser til USA - USA B2","og_description":"Hvis du er fransk statsborger, kan du f\u00e5 et B2-visum til et planlagt ophold i USA.","og_url":"https:\/\/usa-b2.com\/da\/visum-b2-til-franske\/","og_site_name":"USA B2","article_modified_time":"2025-10-28T16:44:55+00:00","twitter_card":"summary_large_image","twitter_misc":{"Estimeret l\u00e6setid":"2 minutter"},"schema":{"@context":"https:\/\/schema.org","@graph":[{"@type":["WebPage","FAQPage"],"@id":"https:\/\/usa-b2.com\/da\/visum-b2-til-franske\/","url":"https:\/\/usa-b2.com\/da\/visum-b2-til-franske\/","name":"B2-visum til franske statsborgere, der rejser til USA - USA B2","isPartOf":{"@id":"https:\/\/usa-b2.com\/da\/#website"},"datePublished":"2025-05-14T12:29:33+00:00","dateModified":"2025-10-28T16:44:55+00:00","description":"Hvis du er fransk statsborger, kan du f\u00e5 et B2-visum til et planlagt ophold i USA.","breadcrumb":{"@id":"https:\/\/usa-b2.com\/da\/visum-b2-til-franske\/#breadcrumb"},"mainEntity":[{"@id":"https:\/\/usa-b2.com\/da\/visum-b2-til-franske\/#faq-question-1747226397065"},{"@id":"https:\/\/usa-b2.com\/da\/visum-b2-til-franske\/#faq-question-1747226417090"},{"@id":"https:\/\/usa-b2.com\/da\/visum-b2-til-franske\/#faq-question-1747226429344"}],"inLanguage":"da-DK","potentialAction":[{"@type":"ReadAction","target":["https:\/\/usa-b2.com\/da\/visum-b2-til-franske\/"]}]},{"@type":"BreadcrumbList","@id":"https:\/\/usa-b2.com\/da\/visum-b2-til-franske\/#breadcrumb","itemListElement":[{"@type":"ListItem","position":1,"name":"Accueil","item":"https:\/\/usa-b2.com\/da\/guide-roadtrips-usa\/"},{"@type":"ListItem","position":2,"name":"B2-visum til franske statsborgere, der rejser til USA"}]},{"@type":"WebSite","@id":"https:\/\/usa-b2.com\/da\/#website","url":"https:\/\/usa-b2.com\/da\/","name":"USA B2 VISA","description":"","potentialAction":[{"@type":"SearchAction","target":{"@type":"EntryPoint","urlTemplate":"https:\/\/usa-b2.com\/da\/?s={search_term_string}"},"query-input":{"@type":"PropertyValueSpecification","valueRequired":true,"valueName":"search_term_string"}}],"inLanguage":"da-DK"},{"@type":"Question","@id":"https:\/\/usa-b2.com\/da\/visum-b2-til-franske\/#faq-question-1747226397065","position":1,"url":"https:\/\/usa-b2.com\/da\/visum-b2-til-franske\/#faq-question-1747226397065","name":"Hvor l\u00e6nge er et B2-visum gyldigt?","answerCount":1,"acceptedAnswer":{"@type":"Answer","text":"Visummet er gyldigt <strong>i op til 10 \u00e5r<\/strong>, men hvert ophold <strong>er begr\u00e6nset til maksimalt 6 m\u00e5neder.<\/strong>","inLanguage":"da-DK"},"inLanguage":"da-DK"},{"@type":"Question","@id":"https:\/\/usa-b2.com\/da\/visum-b2-til-franske\/#faq-question-1747226417090","position":2,"url":"https:\/\/usa-b2.com\/da\/visum-b2-til-franske\/#faq-question-1747226417090","name":"Kan jeg forl\u00e6nge mit B2-visum i USA?","answerCount":1,"acceptedAnswer":{"@type":"Answer","text":"Ja, det er muligt at <strong>anmode om forl\u00e6ngelse<\/strong> fra USA, men det skal begrundes.","inLanguage":"da-DK"},"inLanguage":"da-DK"},{"@type":"Question","@id":"https:\/\/usa-b2.com\/da\/visum-b2-til-franske\/#faq-question-1747226429344","position":3,"url":"https:\/\/usa-b2.com\/da\/visum-b2-til-franske\/#faq-question-1747226429344","name":"Er det sikrere at ans\u00f8ge om et B2-visum i stedet for ESTA?","answerCount":1,"acceptedAnswer":{"@type":"Answer","text":"Ja, is\u00e6r hvis du har f\u00e5et afslag, eller hvis du \u00f8nsker at <strong>undg\u00e5 enhver risiko for afslag<\/strong>.","inLanguage":"da-DK"},"inLanguage":"da-DK"}]}},"_links":{"self":[{"href":"https:\/\/usa-b2.com\/da\/wp-json\/wp\/v2\/pages\/9037","targetHints":{"allow":["GET"]}}],"collection":[{"href":"https:\/\/usa-b2.com\/da\/wp-json\/wp\/v2\/pages"}],"about":[{"href":"https:\/\/usa-b2.com\/da\/wp-json\/wp\/v2\/types\/page"}],"author":[{"embeddable":true,"href":"https:\/\/usa-b2.com\/da\/wp-json\/wp\/v2\/users\/1"}],"replies":[{"embeddable":true,"href":"https:\/\/usa-b2.com\/da\/wp-json\/wp\/v2\/comments?post=9037"}],"version-history":[{"count":4,"href":"https:\/\/usa-b2.com\/da\/wp-json\/wp\/v2\/pages\/9037\/revisions"}],"predecessor-version":[{"id":10704,"href":"https:\/\/usa-b2.com\/da\/wp-json\/wp\/v2\/pages\/9037\/revisions\/10704"}],"wp:attachment":[{"href":"https:\/\/usa-b2.com\/da\/wp-json\/wp\/v2\/media?parent=9037"}],"curies":[{"name":"wp","href":"https:\/\/api.w.org\/{rel}","templated":true}]}}