{"id":8651,"date":"2025-03-18T12:32:41","date_gmt":"2025-03-18T12:32:41","guid":{"rendered":"https:\/\/usa-b2.com\/great-lakes-circle-tour\/"},"modified":"2025-04-10T18:33:43","modified_gmt":"2025-04-10T18:33:43","slug":"great-lakes-circle-tour","status":"publish","type":"page","link":"https:\/\/usa-b2.com\/da\/great-lakes-circle-tour\/","title":{"rendered":"Great Lakes Circle Tour : Den ultimative biltur rundt om de store s\u00f8er"},"content":{"rendered":"\n<h1 class=\"wp-block-heading\">Great Lakes Circle Tour road trip: etaper, hoteller og fotosteder<\/h1>\n\n<p><a href=\"http:\/\/www.greatlakescircletour.org\/\">Great Lakes Circle Tour<\/a> er en legendarisk rejseplan, der lader dig udforske de store s\u00f8er i <a href=\"https:\/\/www.usa.gov\/\">USA<\/a> og <a href=\"https:\/\/www.canada.ca\/en.html\">Canada<\/a> i bil. Denne spektakul\u00e6re roadtrip kaster dig ind i hjertet af storsl\u00e5ede landskaber, imponerende nationalparker, pulserende byer og uforglemmelige fotospots. Uanset om du er et par p\u00e5 udkig efter en romantisk ferie eller en familie p\u00e5 udkig efter et opslugende eventyr, lover denne tur rundt om de fem st\u00f8rste s\u00f8er i Nordamerika en unik oplevelse.  <\/p>\n\n<figure class=\"wp-block-image size-large\"><img fetchpriority=\"high\" decoding=\"async\" width=\"1024\" height=\"576\" src=\"https:\/\/usa-b2.com\/wp-content\/uploads\/2025\/03\/Great-Lakes-Circle-Tour-USA-1-1024x576.jpg\" alt=\"\" class=\"wp-image-8374\" srcset=\"https:\/\/usa-b2.com\/wp-content\/uploads\/2025\/03\/Great-Lakes-Circle-Tour-USA-1-1024x576.jpg 1024w, https:\/\/usa-b2.com\/wp-content\/uploads\/2025\/03\/Great-Lakes-Circle-Tour-USA-1-300x169.jpg 300w, https:\/\/usa-b2.com\/wp-content\/uploads\/2025\/03\/Great-Lakes-Circle-Tour-USA-1-768x432.jpg 768w, https:\/\/usa-b2.com\/wp-content\/uploads\/2025\/03\/Great-Lakes-Circle-Tour-USA-1-1536x864.jpg 1536w, https:\/\/usa-b2.com\/wp-content\/uploads\/2025\/03\/Great-Lakes-Circle-Tour-USA-1-2048x1152.jpg 2048w\" sizes=\"(max-width: 1024px) 100vw, 1024px\" \/><\/figure>\n\n<h2 class=\"wp-block-heading\">Detaljeret rejseplan for Great Lakes Circle Tour<\/h2>\n\n<p>At f\u00f8lge Great Lakes Circle Tour kr\u00e6ver omhyggelig planl\u00e6gning. Her er et forslag til en rejseplan, der er optimeret til at f\u00e5 de vigtigste sev\u00e6rdigheder med. <\/p>\n\n<h3 class=\"wp-block-heading\">Afgang fra Chicago (Lake Michigan)<\/h3>\n\n<p>Start din rejse i <a href=\"https:\/\/www.chicago.gov\/city\/en.html\">Chicago<\/a>, en ikonisk by med imponerende skyskrabere. Nyd <a href=\"https:\/\/www.chicago.gov\/city\/en\/depts\/dca\/supp_info\/millennium_park.html\">Millennium Park<\/a>, <a href=\"https:\/\/navypier.org\/\">Navy Pier<\/a> og en sejltur p\u00e5 Chicago River. Denne pulserende by er den perfekte introduktion til din bilferie med sin unikke blanding af moderne arkitektur og rolige omgivelser ved s\u00f8en.  <\/p>\n\n<h3 class=\"wp-block-heading\">Kryds Michigan og Ontario (Hurons\u00f8en og Eries\u00f8en)<\/h3>\n\n<p>Forts\u00e6t din rejse til <a href=\"https:\/\/detroitmi.gov\/\">Detroit<\/a>, en by i fuld gang med at forny sig, hvor industrihistorien m\u00f8der den kulturelle scene. Kryds den canadiske gr\u00e6nse til <a href=\"https:\/\/www.toronto.ca\/\">Toronto<\/a>,<a href=\"https:\/\/www.ontario.ca\/page\/government-ontario\">Ontarios<\/a> dynamiske hovedstad. G\u00e5 ikke glip af <a href=\"https:\/\/www.cntower.ca\/\">CN Tower<\/a>, hvorfra du har en betagende udsigt over byen og s\u00f8en. Stop derefter ved <a href=\"https:\/\/niagarafalls.ca\/\">Niagara<\/a> Falls, et naturvidunder, der aldrig holder op med at forbl\u00f8ffe bes\u00f8gende.   <\/p>\n\n<h3 class=\"wp-block-heading\">K\u00f8r op mod Wisconsin og Minnesota (Lake Superior)<\/h3>\n\n<p>Tilbage i USA kan du udforske <a href=\"https:\/\/duluthmn.gov\/\">Duluth<\/a>, en kystby ved Lake Superior med et betagende landskab. Tag til <a href=\"https:\/\/www.nps.gov\/piro\/index.htm\">Pictured Rocks National Lakeshore<\/a>, som er kendt for sine farverige klipper og klippeformationer, der er formet af erosion. Afslut denne del af rejsen med et bes\u00f8g p\u00e5 <a href=\"https:\/\/www.mackinacisland.org\/\">Mackinac Island<\/a>, hvor biler ikke er tilladt, hvilket g\u00f8r det til det perfekte sted for en cykeltur eller en tur i hestevogn.  <\/p>\n\n<h2 class=\"wp-block-heading\">De smukkeste landskaber og nationalparker<\/h2>\n\n<p>Great Lakes Circle Tour er fyldt med spektakul\u00e6re panoramaer og uspolerede naturreservater, som er et bes\u00f8g v\u00e6rd.<\/p>\n\n<h3 class=\"wp-block-heading\">Must-see nationalparker<\/h3>\n\n<p>Naturelskere m\u00e5 ikke g\u00e5 glip af <a href=\"http:\/\/www.isleroyale.info\/\">Isle Royale National Park<\/a>, en afsidesliggende perle, der kun er tilg\u00e6ngelig med b\u00e5d eller vandflyver, og som er perfekt til vandreture og observation af dyrelivet. Et andet must-see er <a href=\"https:\/\/www.sleepingbeardunes.com\/\">Sleeping Bear Dunes National Lakeshore<\/a>, hvor enorme sandklitter byder p\u00e5 en betagende udsigt over Lake Michigan. <\/p>\n\n<h3 class=\"wp-block-heading\">Betagende landskaber<\/h3>\n\n<p>En biltur rundt om de store s\u00f8er vil afsl\u00f8re en r\u00e6kke forskellige landskaber, fra vidtstrakte strande til t\u00e6tte skove og imponerende klippeformationer. <a href=\"https:\/\/www.apostleisland.com\/\">Apostle Islands<\/a> i <a href=\"https:\/\/wisconsindot.gov\/Pages\/online-srvcs\/external\/dmv.aspx\">Wisconsin<\/a> byder p\u00e5 spektakul\u00e6re ishuler om vinteren og uforglemmelige kajakudflugter om sommeren. Klipperne ved <a href=\"https:\/\/picturedrocks.com\/fares-schedule\/\">Pictured Rocks<\/a> i <a href=\"https:\/\/www.michigan.gov\/som\">Michigan<\/a> afsl\u00f8rer i mellemtiden spektakul\u00e6re nuancer, n\u00e5r \u00e5rstiderne skifter. <\/p>\n\n<h3 class=\"wp-block-heading\">Anbefalede stoppesteder<\/h3>\n\n<p>For at f\u00e5 mest muligt ud af turen skal du stoppe ved <a href=\"https:\/\/www.holland.org\/holland-state-park\/\">Holland State Park<\/a>, et ideelt sted at beundre en solnedgang over det ikoniske<a href=\"https:\/\/bigredlighthouse.com\/\">&#8220;Big Red&#8221;<\/a>-fyrt\u00e5rn. Et andet must-see stop er naturligvis <a href=\"https:\/\/www.niagarafallsusa.com\/\">Niagara Falls<\/a>, som byder p\u00e5 en betagende udsigt og aktiviteter som at sejle under vandfaldene eller udforske tunnellerne bag vandet. <\/p>\n\n<h2 class=\"wp-block-heading\">Hvor skal man bo: anbefalede byer og overnatningssteder<\/h2>\n\n<p>Planl\u00e6g dine stop, s\u00e5 du kan hvile dig godt og nyde hver eneste etape af rejsen.<\/p>\n\n<h3 class=\"wp-block-heading\">Foretrukne byer<\/h3>\n\n<p>Nogle stop er perfekte til at overnatte og udforske det omkringliggende omr\u00e5de. Chicago er et ideelt sted at starte eller slutte din rejse med sit varierede udvalg af hoteller. Toronto er et must, hvis man vil kombinere bykomfort med n\u00e6rhed til naturens vidundere. L\u00e6ngere nordp\u00e5 er Duluth en behagelig destination for en afslappende pause, f\u00f8r man udforsker Lake Superior.   <\/p>\n\n<h3 class=\"wp-block-heading\">Anbefalede hoteller og lodges<\/h3>\n\n<figure class=\"wp-block-table\"><table class=\"has-fixed-layout\"><tbody><tr><td><strong>By<\/strong><\/td><td><strong>Anbefalet hotel<\/strong><\/td><td><strong>Type af indkvartering<\/strong><\/td><\/tr><tr><td>Chicago<\/td><td><a href=\"https:\/\/www.langhamhospitalitygroup.com\/en\/\">The Langham<\/a><\/td><td>Luksus<\/td><\/tr><tr><td>Toronto<\/td><td><a href=\"https:\/\/www.fairmont.com\/royal-york-toronto\/?goto=fiche_hotel&amp;code_hotel=A551&amp;merchantid=seo-maps-CA-A551&amp;sourceid=aw-cen&amp;utm_medium=seo%20maps&amp;utm_source=google%20Maps&amp;utm_campaign=seo%20maps\">Fairmont Royal York<\/a><\/td><td>Historie<\/td><\/tr><tr><td>Duluth<\/td><td><a href=\"https:\/\/inn.fitgers.com\/\">Fitger&#8217;s Inn<\/a><\/td><td>Vandkanten<\/td><\/tr><\/tbody><\/table><\/figure>\n\n<h2 class=\"wp-block-heading\">Instagrammable fotospots<\/h2>\n\n<p>Forevig din rejse med spektakul\u00e6re billeder.<\/p>\n\n<h3 class=\"wp-block-heading\">Panoramaudsigt<\/h3>\n\n<p>Hvis du vil have et uforglemmeligt billede, kan du tage op til <a href=\"https:\/\/theskydeck.com\/\">Skydeck Chicago<\/a>, hvor<a href=\"https:\/\/www.willistower.com\/\"> Willis<\/a> Tower tilbyder en udsigt over byen i fugleperspektiv. Niagara Falls er et andet ikonisk sted, som er perfekt til at indfange naturens kraft. <\/p>\n\n<h3 class=\"wp-block-heading\">Atypiske steder til unikke fotos<\/h3>\n\n<p>Nogle steder tilbyder en unik atmosf\u00e6re og omgivelser, som f.eks. Mackinac Island med sine hestevogne og maleriske arkitektur. En anden mulighed er <a href=\"https:\/\/duneclimbinn.com\/\">Dune Climb<\/a>, Sleeping Bear Dunes, hvor du kan fange et enest\u00e5ende panorama over Lake Michigan. <\/p>\n\n<h2 class=\"wp-block-heading\">Aktiviteter for par<\/h2>\n\n<p>En biltur rundt om de store s\u00f8er er en ideel udflugt for par, der er p\u00e5 udkig efter eventyr og romantik.<\/p>\n\n<h3 class=\"wp-block-heading\">Romantiske oplevelser<\/h3>\n\n<p>Oplev et unikt \u00f8jeblik p\u00e5 et middagskrydstogt p\u00e5 Lake Michigan med en betagende udsigt over Chicago i lys lue. Hvis du vil have en wellness-ferie, kan du v\u00e6lge en termisk spa i Toronto, hvor der er garanti for afslapning med en betagende udsigt over s\u00f8en. <\/p>\n\n<h3 class=\"wp-block-heading\">Aktiviteter for to i det fri<\/h3>\n\n<p>Par, der elsker naturen, vil elske en vandretur p\u00e5 Isle Royale, som er et vildt og uspoleret sted. En anden mulighed, man ikke m\u00e5 g\u00e5 glip af, er en solnedgang i Holland State Park, som er en idyllisk ramme om en romantisk ferie. <\/p>\n\n<h2 class=\"wp-block-heading\">Familieaktiviteter<\/h2>\n\n<p>At rejse med b\u00f8rn p\u00e5 Great Lakes Circle Tour kan blive en mindev\u00e6rdig oplevelse med de rigtige aktiviteter.<\/p>\n\n<h3 class=\"wp-block-heading\">Parker og attraktioner for b\u00f8rn<\/h3>\n\n<p>Familier vil elske et bes\u00f8g p\u00e5 <a href=\"https:\/\/www.sheddaquarium.org\/\">Shedd Aquarium<\/a> i Chicago, som byder p\u00e5 en fascinerende fordybelse i havets verden. For sp\u00e6ndingss\u00f8gende er <a href=\"https:\/\/www.canadaswonderland.com\/\">Canada&#8217;s Wonderland<\/a> i Toronto en fremragende mulighed med sine mange attraktioner, der er velegnede til yngre bes\u00f8gende. <\/p>\n\n<h3 class=\"wp-block-heading\">Sjove og interaktive oplevelser<\/h3>\n\n<p>B\u00f8rn med en passion for biler vil elske Ford Museum i Detroit, hvor bilens historie kommer til live. Hvis du er til et mere naturligt eventyr, kan du tage p\u00e5 krydstogt til <a href=\"https:\/\/www.leeds1000islands.ca\/en\/Index.aspx\">Thousand Islands i Ontario<\/a> og opdage et unikt landskab, der kombinerer historie og natur. <\/p>\n\n<p>Great Lakes Circle Tour er et unikt <a href=\"https:\/\/usa-b2.com\/da\/\">amerikansk roadtrip<\/a>, der kombinerer storsl\u00e5et natur, urbane opdagelser og uforglemmelige oplevelser. Uanset om du er et par p\u00e5 udkig efter romantik eller en familie p\u00e5 udkig efter sjov, har denne rejseplan noget for alle. Pak din roadtrip, grib dit kamera, og tag af sted for at erobre de store s\u00f8ers vidundere!  <\/p>\n\n<p><\/p>\n","protected":false},"excerpt":{"rendered":"<p>Great Lakes Circle Tour road trip: etaper, hoteller og fotosteder Great Lakes Circle Tour er en legendarisk rejseplan, der lader dig udforske de store s\u00f8er i USA og Canada i bil. Denne spektakul\u00e6re roadtrip kaster dig ind i hjertet af storsl\u00e5ede landskaber, imponerende nationalparker, pulserende byer og uforglemmelige fotospots. Uanset om du er et par [&hellip;]<\/p>\n","protected":false},"author":1,"featured_media":0,"parent":0,"menu_order":0,"comment_status":"closed","ping_status":"closed","template":"","meta":{"footnotes":""},"class_list":["post-8651","page","type-page","status-publish","hentry"],"yoast_head":"<!-- This site is optimized with the Yoast SEO plugin v27.4 - https:\/\/yoast.com\/product\/yoast-seo-wordpress\/ -->\n<title>Great Lakes Circle Tour : Den ultimative biltur rundt om de store s\u00f8er - USA B2<\/title>\n<meta name=\"description\" content=\"Udforsk Great Lakes Circle Tour, en episk biltur rundt om de store s\u00f8er med rejseplan, landskaber, indkvartering og aktiviteter.\" \/>\n<meta name=\"robots\" content=\"index, follow, max-snippet:-1, max-image-preview:large, max-video-preview:-1\" \/>\n<link rel=\"canonical\" href=\"https:\/\/usa-b2.com\/da\/great-lakes-circle-tour\/\" \/>\n<meta property=\"og:locale\" content=\"da_DK\" \/>\n<meta property=\"og:type\" content=\"article\" \/>\n<meta property=\"og:title\" content=\"Great Lakes Circle Tour : Den ultimative biltur rundt om de store s\u00f8er - USA B2\" \/>\n<meta property=\"og:description\" content=\"Udforsk Great Lakes Circle Tour, en episk biltur rundt om de store s\u00f8er med rejseplan, landskaber, indkvartering og aktiviteter.\" \/>\n<meta property=\"og:url\" content=\"https:\/\/usa-b2.com\/da\/great-lakes-circle-tour\/\" \/>\n<meta property=\"og:site_name\" content=\"USA B2\" \/>\n<meta property=\"article:modified_time\" content=\"2025-04-10T18:33:43+00:00\" \/>\n<meta property=\"og:image\" content=\"https:\/\/usa-b2.com\/wp-content\/uploads\/2025\/03\/Great-Lakes-Circle-Tour-USA-1-scaled.jpg\" \/>\n\t<meta property=\"og:image:width\" content=\"2560\" \/>\n\t<meta property=\"og:image:height\" content=\"1440\" \/>\n\t<meta property=\"og:image:type\" content=\"image\/jpeg\" \/>\n<meta name=\"twitter:card\" content=\"summary_large_image\" \/>\n<meta name=\"twitter:label1\" content=\"Estimeret l\u00e6setid\" \/>\n\t<meta name=\"twitter:data1\" content=\"5 minutter\" \/>\n<script type=\"application\/ld+json\" class=\"yoast-schema-graph\">{\"@context\":\"https:\\\/\\\/schema.org\",\"@graph\":[{\"@type\":\"WebPage\",\"@id\":\"https:\\\/\\\/usa-b2.com\\\/da\\\/great-lakes-circle-tour\\\/\",\"url\":\"https:\\\/\\\/usa-b2.com\\\/da\\\/great-lakes-circle-tour\\\/\",\"name\":\"Great Lakes Circle Tour : Den ultimative biltur rundt om de store s\u00f8er - USA B2\",\"isPartOf\":{\"@id\":\"https:\\\/\\\/usa-b2.com\\\/da\\\/#website\"},\"primaryImageOfPage\":{\"@id\":\"https:\\\/\\\/usa-b2.com\\\/da\\\/great-lakes-circle-tour\\\/#primaryimage\"},\"image\":{\"@id\":\"https:\\\/\\\/usa-b2.com\\\/da\\\/great-lakes-circle-tour\\\/#primaryimage\"},\"thumbnailUrl\":\"https:\\\/\\\/usa-b2.com\\\/wp-content\\\/uploads\\\/2025\\\/03\\\/Great-Lakes-Circle-Tour-USA-1-1024x576.jpg\",\"datePublished\":\"2025-03-18T12:32:41+00:00\",\"dateModified\":\"2025-04-10T18:33:43+00:00\",\"description\":\"Udforsk Great Lakes Circle Tour, en episk biltur rundt om de store s\u00f8er med rejseplan, landskaber, indkvartering og aktiviteter.\",\"breadcrumb\":{\"@id\":\"https:\\\/\\\/usa-b2.com\\\/da\\\/great-lakes-circle-tour\\\/#breadcrumb\"},\"inLanguage\":\"da-DK\",\"potentialAction\":[{\"@type\":\"ReadAction\",\"target\":[\"https:\\\/\\\/usa-b2.com\\\/da\\\/great-lakes-circle-tour\\\/\"]}]},{\"@type\":\"ImageObject\",\"inLanguage\":\"da-DK\",\"@id\":\"https:\\\/\\\/usa-b2.com\\\/da\\\/great-lakes-circle-tour\\\/#primaryimage\",\"url\":\"https:\\\/\\\/usa-b2.com\\\/wp-content\\\/uploads\\\/2025\\\/03\\\/Great-Lakes-Circle-Tour-USA-1-1024x576.jpg\",\"contentUrl\":\"https:\\\/\\\/usa-b2.com\\\/wp-content\\\/uploads\\\/2025\\\/03\\\/Great-Lakes-Circle-Tour-USA-1-1024x576.jpg\"},{\"@type\":\"BreadcrumbList\",\"@id\":\"https:\\\/\\\/usa-b2.com\\\/da\\\/great-lakes-circle-tour\\\/#breadcrumb\",\"itemListElement\":[{\"@type\":\"ListItem\",\"position\":1,\"name\":\"Accueil\",\"item\":\"https:\\\/\\\/usa-b2.com\\\/da\\\/usa\\\/\"},{\"@type\":\"ListItem\",\"position\":2,\"name\":\"Great Lakes Circle Tour : Den ultimative biltur rundt om de store s\u00f8er\"}]},{\"@type\":\"WebSite\",\"@id\":\"https:\\\/\\\/usa-b2.com\\\/da\\\/#website\",\"url\":\"https:\\\/\\\/usa-b2.com\\\/da\\\/\",\"name\":\"USA B2 VISA\",\"description\":\"\",\"potentialAction\":[{\"@type\":\"SearchAction\",\"target\":{\"@type\":\"EntryPoint\",\"urlTemplate\":\"https:\\\/\\\/usa-b2.com\\\/da\\\/?s={search_term_string}\"},\"query-input\":{\"@type\":\"PropertyValueSpecification\",\"valueRequired\":true,\"valueName\":\"search_term_string\"}}],\"inLanguage\":\"da-DK\"}]}<\/script>\n<!-- \/ Yoast SEO plugin. -->","yoast_head_json":{"title":"Great Lakes Circle Tour : Den ultimative biltur rundt om de store s\u00f8er - USA B2","description":"Udforsk Great Lakes Circle Tour, en episk biltur rundt om de store s\u00f8er med rejseplan, landskaber, indkvartering og aktiviteter.","robots":{"index":"index","follow":"follow","max-snippet":"max-snippet:-1","max-image-preview":"max-image-preview:large","max-video-preview":"max-video-preview:-1"},"canonical":"https:\/\/usa-b2.com\/da\/great-lakes-circle-tour\/","og_locale":"da_DK","og_type":"article","og_title":"Great Lakes Circle Tour : Den ultimative biltur rundt om de store s\u00f8er - USA B2","og_description":"Udforsk Great Lakes Circle Tour, en episk biltur rundt om de store s\u00f8er med rejseplan, landskaber, indkvartering og aktiviteter.","og_url":"https:\/\/usa-b2.com\/da\/great-lakes-circle-tour\/","og_site_name":"USA B2","article_modified_time":"2025-04-10T18:33:43+00:00","og_image":[{"width":2560,"height":1440,"url":"https:\/\/usa-b2.com\/wp-content\/uploads\/2025\/03\/Great-Lakes-Circle-Tour-USA-1-scaled.jpg","type":"image\/jpeg"}],"twitter_card":"summary_large_image","twitter_misc":{"Estimeret l\u00e6setid":"5 minutter"},"schema":{"@context":"https:\/\/schema.org","@graph":[{"@type":"WebPage","@id":"https:\/\/usa-b2.com\/da\/great-lakes-circle-tour\/","url":"https:\/\/usa-b2.com\/da\/great-lakes-circle-tour\/","name":"Great Lakes Circle Tour : Den ultimative biltur rundt om de store s\u00f8er - USA B2","isPartOf":{"@id":"https:\/\/usa-b2.com\/da\/#website"},"primaryImageOfPage":{"@id":"https:\/\/usa-b2.com\/da\/great-lakes-circle-tour\/#primaryimage"},"image":{"@id":"https:\/\/usa-b2.com\/da\/great-lakes-circle-tour\/#primaryimage"},"thumbnailUrl":"https:\/\/usa-b2.com\/wp-content\/uploads\/2025\/03\/Great-Lakes-Circle-Tour-USA-1-1024x576.jpg","datePublished":"2025-03-18T12:32:41+00:00","dateModified":"2025-04-10T18:33:43+00:00","description":"Udforsk Great Lakes Circle Tour, en episk biltur rundt om de store s\u00f8er med rejseplan, landskaber, indkvartering og aktiviteter.","breadcrumb":{"@id":"https:\/\/usa-b2.com\/da\/great-lakes-circle-tour\/#breadcrumb"},"inLanguage":"da-DK","potentialAction":[{"@type":"ReadAction","target":["https:\/\/usa-b2.com\/da\/great-lakes-circle-tour\/"]}]},{"@type":"ImageObject","inLanguage":"da-DK","@id":"https:\/\/usa-b2.com\/da\/great-lakes-circle-tour\/#primaryimage","url":"https:\/\/usa-b2.com\/wp-content\/uploads\/2025\/03\/Great-Lakes-Circle-Tour-USA-1-1024x576.jpg","contentUrl":"https:\/\/usa-b2.com\/wp-content\/uploads\/2025\/03\/Great-Lakes-Circle-Tour-USA-1-1024x576.jpg"},{"@type":"BreadcrumbList","@id":"https:\/\/usa-b2.com\/da\/great-lakes-circle-tour\/#breadcrumb","itemListElement":[{"@type":"ListItem","position":1,"name":"Accueil","item":"https:\/\/usa-b2.com\/da\/usa\/"},{"@type":"ListItem","position":2,"name":"Great Lakes Circle Tour : Den ultimative biltur rundt om de store s\u00f8er"}]},{"@type":"WebSite","@id":"https:\/\/usa-b2.com\/da\/#website","url":"https:\/\/usa-b2.com\/da\/","name":"USA B2 VISA","description":"","potentialAction":[{"@type":"SearchAction","target":{"@type":"EntryPoint","urlTemplate":"https:\/\/usa-b2.com\/da\/?s={search_term_string}"},"query-input":{"@type":"PropertyValueSpecification","valueRequired":true,"valueName":"search_term_string"}}],"inLanguage":"da-DK"}]}},"_links":{"self":[{"href":"https:\/\/usa-b2.com\/da\/wp-json\/wp\/v2\/pages\/8651","targetHints":{"allow":["GET"]}}],"collection":[{"href":"https:\/\/usa-b2.com\/da\/wp-json\/wp\/v2\/pages"}],"about":[{"href":"https:\/\/usa-b2.com\/da\/wp-json\/wp\/v2\/types\/page"}],"author":[{"embeddable":true,"href":"https:\/\/usa-b2.com\/da\/wp-json\/wp\/v2\/users\/1"}],"replies":[{"embeddable":true,"href":"https:\/\/usa-b2.com\/da\/wp-json\/wp\/v2\/comments?post=8651"}],"version-history":[{"count":0,"href":"https:\/\/usa-b2.com\/da\/wp-json\/wp\/v2\/pages\/8651\/revisions"}],"wp:attachment":[{"href":"https:\/\/usa-b2.com\/da\/wp-json\/wp\/v2\/media?parent=8651"}],"curies":[{"name":"wp","href":"https:\/\/api.w.org\/{rel}","templated":true}]}}