{"id":8626,"date":"2025-03-18T12:34:07","date_gmt":"2025-03-18T12:34:07","guid":{"rendered":"https:\/\/usa-b2.com\/badlands-et-black-hills-dakota-du-sud\/"},"modified":"2025-04-10T18:32:54","modified_gmt":"2025-04-10T18:32:54","slug":"badlands-et-black-hills-dakota-du-sud","status":"publish","type":"page","link":"https:\/\/usa-b2.com\/da\/badlands-et-black-hills-dakota-du-sud\/","title":{"rendered":"Badlands og Black Hills (South Dakota): Guide til en uforglemmelig roadtrip"},"content":{"rendered":"\n<h1 class=\"wp-block-heading\">Rejser i Badlands og Black Hills: Komplet guide<\/h1>\n\n<p><br\/><a href=\"https:\/\/www.blackhillsbadlands.com\/\">Badlands og Black Hills<\/a> ligger i <a href=\"https:\/\/www.sd.gov\/cs\">South Dakota<\/a> og byder p\u00e5 spektakul\u00e6r natur og total fordybelse i den amerikanske vildmark. Denne <a href=\"https:\/\/usa-b2.com\/da\/\">roadtrip i USA<\/a> kombinerer betagende panoramaer, ikoniske stop, nationalparker og unikke oplevelser. Uanset om du er et par eller en familie, beskriver denne guide den perfekte rejseplan, de bedste steder at overnatte og de steder, du skal se for at forevige din rejse.  <\/p>\n\n<figure class=\"wp-block-image size-large\"><img fetchpriority=\"high\" decoding=\"async\" width=\"1024\" height=\"576\" src=\"https:\/\/usa-b2.com\/wp-content\/uploads\/2025\/03\/Badlands-National-Park-South-Dakota-1024x576.jpg\" alt=\"\" class=\"wp-image-8393\" srcset=\"https:\/\/usa-b2.com\/wp-content\/uploads\/2025\/03\/Badlands-National-Park-South-Dakota-1024x576.jpg 1024w, https:\/\/usa-b2.com\/wp-content\/uploads\/2025\/03\/Badlands-National-Park-South-Dakota-300x169.jpg 300w, https:\/\/usa-b2.com\/wp-content\/uploads\/2025\/03\/Badlands-National-Park-South-Dakota-768x432.jpg 768w, https:\/\/usa-b2.com\/wp-content\/uploads\/2025\/03\/Badlands-National-Park-South-Dakota-1536x864.jpg 1536w, https:\/\/usa-b2.com\/wp-content\/uploads\/2025\/03\/Badlands-National-Park-South-Dakota.jpg 1600w\" sizes=\"(max-width: 1024px) 100vw, 1024px\" \/><\/figure>\n\n<h2 class=\"wp-block-heading\">Nationalparker og ikoniske landskaber i badlands og black hills<\/h2>\n\n<h3 class=\"wp-block-heading\">Badlands National Park: et geologisk vidunderland<\/h3>\n\n<p><a href=\"https:\/\/national-parks.org\/united-states\/badlands\">Badlands National Park<\/a> er et must-see i South Dakota. De farverige klippeformationer og de store gr\u00e6sarealer, der er befolket af bisoner og tykhornsf\u00e5r, er et imponerende naturskue. Natursk\u00f8nne biveje som <a href=\"https:\/\/www.nps.gov\/thingstodo\/badl-loop-road.htm\">Badlands Loop Road<\/a> giver dig mulighed for at beundre disse landskaber fra en r\u00e6kke spektakul\u00e6re udsigtspunkter, herunder Panorama Point og Big Badlands Overlook. Vandreentusiaster vil nyde stier som Notch Trail og Castle Trail, der er perfekte til at udforske det indre af klippeformationerne.   <\/p>\n\n<h3 class=\"wp-block-heading\">Black Hills: mellem bjerge og t\u00e6tte skove<\/h3>\n\n<p>Black Hills i det vestlige South Dakota st\u00e5r i kontrast til Badlands med deres fyrreskove og barske terr\u00e6n. Denne region er ber\u00f8mt for <a href=\"https:\/\/www.mtrushmorenationalmemorial.com\/\">Mount Rushmore<\/a>, der er hjemsted for monumentale skulpturer af amerikanske pr\u00e6sidenter, og <a href=\"https:\/\/gfp.sd.gov\/parks\/detail\/custer-state-park\/\">Custer State Park<\/a>, der er kendt for sit rige dyreliv og den legendariske <a href=\"https:\/\/www.custerresorts.com\/activities\/scenic-drives\/needles-highway\">Needles Highway<\/a>, en snoet vej omgivet af spektakul\u00e6re klippeformationer. <\/p>\n\n<h2 class=\"wp-block-heading\">Hvor skal man bo: byer, hoteller og fordybende indkvartering<\/h2>\n\n<h3 class=\"wp-block-heading\">Bo i n\u00e6rheden af Rapid City og Wall<\/h3>\n\n<p><a href=\"https:\/\/www.rcgov.org\/\">Rapid<\/a> City er det ideelle udgangspunkt for at udforske Black Hills. Byen tilbyder en bred vifte af overnatningsmuligheder, fra billige hoteller til luksusresorts som <a href=\"https:\/\/www.alexjohnson.com\/\">Hotel Alex Johnson.<\/a> Hvis man vil bo t\u00e6ttere p\u00e5 Badlands, tilbyder den lille by <a href=\"https:\/\/www.wall-badlands.com\/\">Wall,<\/a> der er kendt for sit ikoniske <a href=\"https:\/\/www.walldrug.com\/\">Wall Drug,<\/a> flere billige moteller og hurtig adgang til nationalparken.  <\/p>\n\n<h3 class=\"wp-block-heading\">Unikke oplevelser: campingpladser og hytter<\/h3>\n\n<p>For naturelskere er der flere muligheder for total fordybelse:<\/p>\n\n<ul class=\"wp-block-list\">\n<li><a href=\"https:\/\/sagecreekcampground.com\/\">Sage Creek Campground<\/a> i Badlands Park, en gratis rustik campingplads, hvor du kan se bisonerne ved solopgang.<\/li>\n\n\n\n<li><a href=\"https:\/\/www.custerresorts.com\/plan-your-trip\/sylvan-lake-lodge\">Sylvan Lake Lodge<\/a> ligger i hjertet af Black Hills og byder p\u00e5 fortryllende omgivelser med direkte adgang til vandrestier.<\/li>\n<\/ul>\n\n<h2 class=\"wp-block-heading\">Detaljeret rejseplan for en vellykket roadtrip<\/h2>\n\n<figure class=\"wp-block-table\"><table><tbody><tr><td><strong>Dag<\/strong><\/td><td><strong>Beliggenhed<\/strong><\/td><td><strong>Vigtigste aktiviteter<\/strong><\/td><\/tr><tr><td>1<\/td><td>Rapid City<\/td><td>Bes\u00f8g i byens centrum og p\u00e5 lokale museer<\/td><\/tr><tr><td>2<\/td><td>Badlands nationalpark<\/td><td>Vandreture og solnedgang over Pinnacles Overlook<\/td><\/tr><tr><td>3<\/td><td>Custer State Park<\/td><td>Bisonobservation og den natursk\u00f8nne rute Needles Highway<\/td><\/tr><tr><td>4<\/td><td>Mount Rushmore og Crazy Horse<\/td><td>Oplev de monumentale skulpturer<\/td><\/tr><tr><td>5<\/td><td>Spearfish Canyon &amp; Deadwood<\/td><td>Skovvandringer og fordybelse i det fjerne vestens historie<\/td><\/tr><\/tbody><\/table><\/figure>\n\n<h3 class=\"wp-block-heading\">Mytiske ruter, du ikke m\u00e5 g\u00e5 glip af<\/h3>\n\n<p>Vejene spiller en vigtig rolle i roadtrip-oplevelsen. Badlands Loop Road (Highway 240) snor sig gennem klippeformationerne i Badlands. I Black Hills byder Needles Highway (Highway 87) og Iron Mountain Road p\u00e5 spektakul\u00e6re udsigter over bjerge og klippetunneler.  <\/p>\n\n<h3 class=\"wp-block-heading\">Hvor lang tid vil turen tage?<\/h3>\n\n<p>Et ophold p\u00e5 5 til 7 dage er ideelt til at udforske regionen uden at skynde sig. Du b\u00f8r afs\u00e6tte mindst 2 dage i Badlands, 3 dage i Black Hills og en dag til at udforske det omkringliggende omr\u00e5de, f.eks. Spearfish Canyon eller den historiske by Deadwood. <\/p>\n\n<h2 class=\"wp-block-heading\">De bedste fotospots p\u00e5 Instagram<\/h2>\n\n<h3 class=\"wp-block-heading\">Must-see udsigtspunkter<\/h3>\n\n<p>For at indfange landskabets storhed er her de steder, du skal g\u00e5 efter:<\/p>\n\n<ul class=\"wp-block-list\">\n<li><strong>Panorama Point (Badlands National Park)<\/strong>: solopgang over klippeformationer.<\/li>\n\n\n\n<li><strong>Sylvan Lake (Black Hills)<\/strong>: en malerisk s\u00f8 omgivet af klipper.<\/li>\n\n\n\n<li><a href=\"https:\/\/www.needleseyetunnel.org\/\">Needles Eye Tunnel<\/a>: en tunnel, der er gravet ind i klippen, perfekt til originale billeder.<\/li>\n<\/ul>\n\n<h3 class=\"wp-block-heading\">Us\u00e6dvanlige steder til unikke fotos<\/h3>\n\n<p>Nogle omr\u00e5der byder p\u00e5 ekstraordin\u00e6re perspektiver:<\/p>\n\n<ul class=\"wp-block-list\">\n<li><strong>Wall Drug Dinosaur<\/strong>: en stor kitschet dinosaurskulptur i vejkanten.<\/li>\n\n\n\n<li><a href=\"https:\/\/www.chapel-in-the-hills.org\/\">Chapel in the Hills<\/a> (Rapid City): En kopi af en skandinavisk tr\u00e6kirke.<\/li>\n<\/ul>\n\n<h2 class=\"wp-block-heading\">Aktiviteter for par og familier<\/h2>\n\n<h3 class=\"wp-block-heading\">Romantiske aktiviteter for par<\/h3>\n\n<p>Badlands og Black Hills er den perfekte kulisse for en romantisk ferie. En terrassemiddag i Deadwood efterfulgt af en aftentur giver en unik atmosf\u00e6re. En solnedgang over Pinnacles Overlook eller en sejltur p\u00e5 Pactola Lake er en uforglemmelig oplevelse.  <\/p>\n\n<h3 class=\"wp-block-heading\">Familieaktiviteter: eventyr og opdagelse<\/h3>\n\n<p>At rejse til denne region som familie er en fantastisk m\u00e5de at kombinere natur og l\u00e6ring p\u00e5. B\u00f8rn vil elske det: <\/p>\n\n<ul class=\"wp-block-list\">\n<li><a href=\"https:\/\/www.reptilegardens.com\/\">Reptile Gardens<\/a> i Rapid City, en unik dyrepark.<\/li>\n\n\n\n<li><a href=\"https:\/\/mammothsite.org\/\">Mammoth Site<\/a> i Hot Springs, hvor de kan se forhistoriske fossiler.<\/li>\n\n\n\n<li><a href=\"https:\/\/bearcountryusa.com\/\">Bear Country USA<\/a>, et reservat, hvor man kan observere bj\u00f8rne i semi-frihed.<\/li>\n<\/ul>\n\n<p><br\/>Badlands og Black Hills i South Dakota er den perfekte destination for en uforglemmelig roadtrip. Med spektakul\u00e6re panoramaer, legendariske veje og autentisk indkvartering byder regionen p\u00e5 total fordybelse i den amerikanske vildmark. Uanset om du er et par p\u00e5 en romantisk ferie eller en familie p\u00e5 et l\u00e6rerigt eventyr, vil disse ikoniske landskaber fange dig hele vejen.  <\/p>\n","protected":false},"excerpt":{"rendered":"<p>Rejser i Badlands og Black Hills: Komplet guide Badlands og Black Hills ligger i South Dakota og byder p\u00e5 spektakul\u00e6r natur og total fordybelse i den amerikanske vildmark. Denne roadtrip i USA kombinerer betagende panoramaer, ikoniske stop, nationalparker og unikke oplevelser. Uanset om du er et par eller en familie, beskriver denne guide den perfekte [&hellip;]<\/p>\n","protected":false},"author":1,"featured_media":0,"parent":0,"menu_order":0,"comment_status":"closed","ping_status":"closed","template":"","meta":{"footnotes":""},"class_list":["post-8626","page","type-page","status-publish","hentry"],"yoast_head":"<!-- This site is optimized with the Yoast SEO plugin v27.4 - https:\/\/yoast.com\/product\/yoast-seo-wordpress\/ -->\n<title>Badlands og Black Hills (South Dakota): Guide til en uforglemmelig roadtrip - USA B2<\/title>\n<meta name=\"description\" content=\"Oplev Badlands og Black Hills i South Dakota: rejseplan, landskaber, fotospots og aktiviteter til en uforglemmelig roadtrip.\" \/>\n<meta name=\"robots\" content=\"index, follow, max-snippet:-1, max-image-preview:large, max-video-preview:-1\" \/>\n<link rel=\"canonical\" href=\"https:\/\/usa-b2.com\/da\/badlands-et-black-hills-dakota-du-sud\/\" \/>\n<meta property=\"og:locale\" content=\"da_DK\" \/>\n<meta property=\"og:type\" content=\"article\" \/>\n<meta property=\"og:title\" content=\"Badlands og Black Hills (South Dakota): Guide til en uforglemmelig roadtrip - USA B2\" \/>\n<meta property=\"og:description\" content=\"Oplev Badlands og Black Hills i South Dakota: rejseplan, landskaber, fotospots og aktiviteter til en uforglemmelig roadtrip.\" \/>\n<meta property=\"og:url\" content=\"https:\/\/usa-b2.com\/da\/badlands-et-black-hills-dakota-du-sud\/\" \/>\n<meta property=\"og:site_name\" content=\"USA B2\" \/>\n<meta property=\"article:modified_time\" content=\"2025-04-10T18:32:54+00:00\" \/>\n<meta property=\"og:image\" content=\"https:\/\/usa-b2.com\/wp-content\/uploads\/2025\/03\/Badlands-National-Park-South-Dakota.jpg\" \/>\n\t<meta property=\"og:image:width\" content=\"1600\" \/>\n\t<meta property=\"og:image:height\" content=\"900\" \/>\n\t<meta property=\"og:image:type\" content=\"image\/jpeg\" \/>\n<meta name=\"twitter:card\" content=\"summary_large_image\" \/>\n<meta name=\"twitter:label1\" content=\"Estimeret l\u00e6setid\" \/>\n\t<meta name=\"twitter:data1\" content=\"4 minutter\" \/>\n<script type=\"application\/ld+json\" class=\"yoast-schema-graph\">{\"@context\":\"https:\\\/\\\/schema.org\",\"@graph\":[{\"@type\":\"WebPage\",\"@id\":\"https:\\\/\\\/usa-b2.com\\\/da\\\/badlands-et-black-hills-dakota-du-sud\\\/\",\"url\":\"https:\\\/\\\/usa-b2.com\\\/da\\\/badlands-et-black-hills-dakota-du-sud\\\/\",\"name\":\"Badlands og Black Hills (South Dakota): Guide til en uforglemmelig roadtrip - USA B2\",\"isPartOf\":{\"@id\":\"https:\\\/\\\/usa-b2.com\\\/da\\\/#website\"},\"primaryImageOfPage\":{\"@id\":\"https:\\\/\\\/usa-b2.com\\\/da\\\/badlands-et-black-hills-dakota-du-sud\\\/#primaryimage\"},\"image\":{\"@id\":\"https:\\\/\\\/usa-b2.com\\\/da\\\/badlands-et-black-hills-dakota-du-sud\\\/#primaryimage\"},\"thumbnailUrl\":\"https:\\\/\\\/usa-b2.com\\\/wp-content\\\/uploads\\\/2025\\\/03\\\/Badlands-National-Park-South-Dakota-1024x576.jpg\",\"datePublished\":\"2025-03-18T12:34:07+00:00\",\"dateModified\":\"2025-04-10T18:32:54+00:00\",\"description\":\"Oplev Badlands og Black Hills i South Dakota: rejseplan, landskaber, fotospots og aktiviteter til en uforglemmelig roadtrip.\",\"breadcrumb\":{\"@id\":\"https:\\\/\\\/usa-b2.com\\\/da\\\/badlands-et-black-hills-dakota-du-sud\\\/#breadcrumb\"},\"inLanguage\":\"da-DK\",\"potentialAction\":[{\"@type\":\"ReadAction\",\"target\":[\"https:\\\/\\\/usa-b2.com\\\/da\\\/badlands-et-black-hills-dakota-du-sud\\\/\"]}]},{\"@type\":\"ImageObject\",\"inLanguage\":\"da-DK\",\"@id\":\"https:\\\/\\\/usa-b2.com\\\/da\\\/badlands-et-black-hills-dakota-du-sud\\\/#primaryimage\",\"url\":\"https:\\\/\\\/usa-b2.com\\\/wp-content\\\/uploads\\\/2025\\\/03\\\/Badlands-National-Park-South-Dakota-1024x576.jpg\",\"contentUrl\":\"https:\\\/\\\/usa-b2.com\\\/wp-content\\\/uploads\\\/2025\\\/03\\\/Badlands-National-Park-South-Dakota-1024x576.jpg\"},{\"@type\":\"BreadcrumbList\",\"@id\":\"https:\\\/\\\/usa-b2.com\\\/da\\\/badlands-et-black-hills-dakota-du-sud\\\/#breadcrumb\",\"itemListElement\":[{\"@type\":\"ListItem\",\"position\":1,\"name\":\"Accueil\",\"item\":\"https:\\\/\\\/usa-b2.com\\\/da\\\/usa\\\/\"},{\"@type\":\"ListItem\",\"position\":2,\"name\":\"Badlands og Black Hills (South Dakota): Guide til en uforglemmelig roadtrip\"}]},{\"@type\":\"WebSite\",\"@id\":\"https:\\\/\\\/usa-b2.com\\\/da\\\/#website\",\"url\":\"https:\\\/\\\/usa-b2.com\\\/da\\\/\",\"name\":\"USA B2 VISA\",\"description\":\"\",\"potentialAction\":[{\"@type\":\"SearchAction\",\"target\":{\"@type\":\"EntryPoint\",\"urlTemplate\":\"https:\\\/\\\/usa-b2.com\\\/da\\\/?s={search_term_string}\"},\"query-input\":{\"@type\":\"PropertyValueSpecification\",\"valueRequired\":true,\"valueName\":\"search_term_string\"}}],\"inLanguage\":\"da-DK\"}]}<\/script>\n<!-- \/ Yoast SEO plugin. -->","yoast_head_json":{"title":"Badlands og Black Hills (South Dakota): Guide til en uforglemmelig roadtrip - USA B2","description":"Oplev Badlands og Black Hills i South Dakota: rejseplan, landskaber, fotospots og aktiviteter til en uforglemmelig roadtrip.","robots":{"index":"index","follow":"follow","max-snippet":"max-snippet:-1","max-image-preview":"max-image-preview:large","max-video-preview":"max-video-preview:-1"},"canonical":"https:\/\/usa-b2.com\/da\/badlands-et-black-hills-dakota-du-sud\/","og_locale":"da_DK","og_type":"article","og_title":"Badlands og Black Hills (South Dakota): Guide til en uforglemmelig roadtrip - USA B2","og_description":"Oplev Badlands og Black Hills i South Dakota: rejseplan, landskaber, fotospots og aktiviteter til en uforglemmelig roadtrip.","og_url":"https:\/\/usa-b2.com\/da\/badlands-et-black-hills-dakota-du-sud\/","og_site_name":"USA B2","article_modified_time":"2025-04-10T18:32:54+00:00","og_image":[{"width":1600,"height":900,"url":"https:\/\/usa-b2.com\/wp-content\/uploads\/2025\/03\/Badlands-National-Park-South-Dakota.jpg","type":"image\/jpeg"}],"twitter_card":"summary_large_image","twitter_misc":{"Estimeret l\u00e6setid":"4 minutter"},"schema":{"@context":"https:\/\/schema.org","@graph":[{"@type":"WebPage","@id":"https:\/\/usa-b2.com\/da\/badlands-et-black-hills-dakota-du-sud\/","url":"https:\/\/usa-b2.com\/da\/badlands-et-black-hills-dakota-du-sud\/","name":"Badlands og Black Hills (South Dakota): Guide til en uforglemmelig roadtrip - USA B2","isPartOf":{"@id":"https:\/\/usa-b2.com\/da\/#website"},"primaryImageOfPage":{"@id":"https:\/\/usa-b2.com\/da\/badlands-et-black-hills-dakota-du-sud\/#primaryimage"},"image":{"@id":"https:\/\/usa-b2.com\/da\/badlands-et-black-hills-dakota-du-sud\/#primaryimage"},"thumbnailUrl":"https:\/\/usa-b2.com\/wp-content\/uploads\/2025\/03\/Badlands-National-Park-South-Dakota-1024x576.jpg","datePublished":"2025-03-18T12:34:07+00:00","dateModified":"2025-04-10T18:32:54+00:00","description":"Oplev Badlands og Black Hills i South Dakota: rejseplan, landskaber, fotospots og aktiviteter til en uforglemmelig roadtrip.","breadcrumb":{"@id":"https:\/\/usa-b2.com\/da\/badlands-et-black-hills-dakota-du-sud\/#breadcrumb"},"inLanguage":"da-DK","potentialAction":[{"@type":"ReadAction","target":["https:\/\/usa-b2.com\/da\/badlands-et-black-hills-dakota-du-sud\/"]}]},{"@type":"ImageObject","inLanguage":"da-DK","@id":"https:\/\/usa-b2.com\/da\/badlands-et-black-hills-dakota-du-sud\/#primaryimage","url":"https:\/\/usa-b2.com\/wp-content\/uploads\/2025\/03\/Badlands-National-Park-South-Dakota-1024x576.jpg","contentUrl":"https:\/\/usa-b2.com\/wp-content\/uploads\/2025\/03\/Badlands-National-Park-South-Dakota-1024x576.jpg"},{"@type":"BreadcrumbList","@id":"https:\/\/usa-b2.com\/da\/badlands-et-black-hills-dakota-du-sud\/#breadcrumb","itemListElement":[{"@type":"ListItem","position":1,"name":"Accueil","item":"https:\/\/usa-b2.com\/da\/usa\/"},{"@type":"ListItem","position":2,"name":"Badlands og Black Hills (South Dakota): Guide til en uforglemmelig roadtrip"}]},{"@type":"WebSite","@id":"https:\/\/usa-b2.com\/da\/#website","url":"https:\/\/usa-b2.com\/da\/","name":"USA B2 VISA","description":"","potentialAction":[{"@type":"SearchAction","target":{"@type":"EntryPoint","urlTemplate":"https:\/\/usa-b2.com\/da\/?s={search_term_string}"},"query-input":{"@type":"PropertyValueSpecification","valueRequired":true,"valueName":"search_term_string"}}],"inLanguage":"da-DK"}]}},"_links":{"self":[{"href":"https:\/\/usa-b2.com\/da\/wp-json\/wp\/v2\/pages\/8626","targetHints":{"allow":["GET"]}}],"collection":[{"href":"https:\/\/usa-b2.com\/da\/wp-json\/wp\/v2\/pages"}],"about":[{"href":"https:\/\/usa-b2.com\/da\/wp-json\/wp\/v2\/types\/page"}],"author":[{"embeddable":true,"href":"https:\/\/usa-b2.com\/da\/wp-json\/wp\/v2\/users\/1"}],"replies":[{"embeddable":true,"href":"https:\/\/usa-b2.com\/da\/wp-json\/wp\/v2\/comments?post=8626"}],"version-history":[{"count":0,"href":"https:\/\/usa-b2.com\/da\/wp-json\/wp\/v2\/pages\/8626\/revisions"}],"wp:attachment":[{"href":"https:\/\/usa-b2.com\/da\/wp-json\/wp\/v2\/media?parent=8626"}],"curies":[{"name":"wp","href":"https:\/\/api.w.org\/{rel}","templated":true}]}}