{"id":8544,"date":"2025-04-10T16:14:56","date_gmt":"2025-04-10T16:14:56","guid":{"rendered":"https:\/\/usa-b2.com\/us-b1-b2-visum\/"},"modified":"2025-10-28T16:42:59","modified_gmt":"2025-10-28T16:42:59","slug":"us-b1-b2-visum","status":"publish","type":"page","link":"https:\/\/usa-b2.com\/da\/us-b1-b2-visum\/","title":{"rendered":"B1\/B2-visum til at bes\u00f8ge USA"},"content":{"rendered":"\n<h1 class=\"wp-block-heading\">b1b2-visa til rejser til USA<\/h1>\n\n<p><strong>B1\/B2 USA-visummet<\/strong> er det mest almindelige <a href=\"https:\/\/usa-b2.com\/da\/besogs-visum-usa\/\">amerikanske bes\u00f8gsvisum<\/a>. Uanset om du rejser i forretnings\u00f8jemed eller for forn\u00f8jelsens skyld, er dette visum den ideelle l\u00f8sning til et <strong>midlertidigt ophold<\/strong> p\u00e5 amerikansk jord. I denne guide finder du ud af alt, hvad du har brug for at vide om <strong>B1\/B2-visummet<\/strong>, dets betingelser, dets anvendelighed og hvordan du ans\u00f8ger.  <\/p>\n\n<h2 class=\"wp-block-heading\">Hvad er et B1\/B2-visum?<\/h2>\n\n<p><strong>B1\/B2-visummet<\/strong> er et <strong>ikke-immigrantvisum<\/strong> udstedt af de amerikanske myndigheder til personer, der \u00f8nsker at rejse ind i USA p\u00e5 midlertidig basis.<\/p>\n\n<ul class=\"wp-block-list\">\n<li><a href=\"https:\/\/usa-b2.com\/da\/b1-visum-usa\/\">B1-visummet<\/a> er til <strong>forretningsrejser<\/strong> (m\u00f8der, konferencer, kontrakter osv.).<\/li>\n\n\n\n<li><a href=\"https:\/\/usa-b2.com\/da\/b2-visum\/\">B2-visummet<\/a> er til <strong>turisme, familiebes\u00f8g eller medicinsk behandling.<\/strong><\/li>\n\n\n\n<li>De kombineres ofte i et <strong>B1\/B2 USA-visum<\/strong>, hvilket betyder, at du kan rejse med begge form\u00e5l p\u00e5 det samme dokument.<\/li>\n<\/ul>\n\n<div style=\"height:20px\" aria-hidden=\"true\" class=\"wp-block-spacer\"><\/div>\n\n<h2 class=\"wp-block-heading\">Hvem kan ans\u00f8ge om et B1\/B2-visum til USA?<\/h2>\n\n<p>Alle, der ikke er berettiget til <a href=\"https:\/\/usa-b2.com\/da\/hvad-er-en-esta\/\">ESTA-programmet<\/a>, eller som \u00f8nsker at opholde sig i <strong>USA i mere end 90 dage<\/strong>, kan ans\u00f8ge om et <strong>amerikansk B1 B2-visum<\/strong>. Det er is\u00e6r nyttigt for : <\/p>\n\n<ul class=\"wp-block-list\">\n<li>Borgere fra lande, der ikke er medlem af <a href=\"https:\/\/usa-b2.com\/da\/visum-fritagelse-program\/\">Visa Waiver-programmet<\/a><\/li>\n\n\n\n<li>Folk, der har brug for mere fleksibilitet i l\u00e6ngden eller form\u00e5let med deres ophold<\/li>\n\n\n\n<li>Rejsende, der allerede har f\u00e5et afslag p\u00e5 ESTA-godkendelse<\/li>\n<\/ul>\n\n<div style=\"height:20px\" aria-hidden=\"true\" class=\"wp-block-spacer\"><\/div>\n\n<h2 class=\"wp-block-heading\">Gyldighedsperiode og betingelser for B1 B2-visum<\/h2>\n\n<p><strong>B1\/B2 USA-visummet<\/strong> kan v\u00e6re gyldigt i mellem <strong>1 og 10 \u00e5r<\/strong>, afh\u00e6ngigt af dit bop\u00e6lsland og det amerikanske konsulats beslutninger. Det giver tilladelse til : <\/p>\n\n<ul class=\"wp-block-list\">\n<li><strong>Midlertidigt ophold<\/strong> p\u00e5 op til 6 m\u00e5neder pr. indrejse<\/li>\n\n\n\n<li><strong>Flere indrejser<\/strong> i USA i l\u00f8bet af gyldighedsperioden<\/li>\n\n\n\n<li>Ingen tilladelse til l\u00f8nnet arbejde eller studier<\/li>\n<\/ul>\n\n<p>\ud83d\udd17 Se ogs\u00e5: <a href=\"https:\/\/usa-b2.com\/da\/forskel-pa-visum-og-esta\/\">Forskellen mellem ESTA og visum<\/a><br\/>\ud83d\udd17 Se ogs\u00e5: <a href=\"https:\/\/usa-b2.com\/da\/pas-rejse-usa\/\">Gyldigt pas til rejser til USA<\/a><\/p>\n\n<h2 class=\"wp-block-heading\">Hvordan f\u00e5r jeg et B1 B2-visum til USA?<\/h2>\n\n<h3 class=\"wp-block-heading\">1. Udfyld formular DS-160<\/h3>\n\n<p>Den <a href=\"https:\/\/usa-b2.com\/da\/ds-160\/\">officielle DS-160-formular<\/a> til alle <strong>amerikanske visumans\u00f8gninger for ikke-immigranter<\/strong>.<\/p>\n\n<h3 class=\"wp-block-heading\">2. Betal ans\u00f8gningsgebyret<\/h3>\n\n<p><a href=\"https:\/\/usa-b2.com\/fr\/frais-visa-b2-usa\/\">Prisen p\u00e5 visummet<\/a> varierer alt efter, hvilken type amerikansk visum man v\u00e6lger. Generelt koster <strong>B1\/B2-visummet<\/strong> omkring <strong>185 USD<\/strong> i administrationsgebyr, som skal betales, n\u00e5r man <a href=\"https:\/\/usa-b2.com\/da\/ansogningsprocedure-visum-b2\/\">ans\u00f8ger om visum<\/a>. <\/p>\n\n<h3 class=\"wp-block-heading\">3. Lav en aftale p\u00e5 den amerikanske ambassade<\/h3>\n\n<p>Samtalen er <strong>obligatorisk<\/strong> for de fleste ans\u00f8gere. Du skal forklare \u00e5rsagerne til din rejse. Se vores artikel om <a href=\"https:\/\/usa-b2.com\/da\/visumaftale-amerikanske-ambassade\/\">samtalen p\u00e5 den amerikanske ambassade<\/a> for at forberede dig p\u00e5 dette vigtige skridt.  <\/p>\n\n<h3 class=\"wp-block-heading\">4. Forbered de n\u00f8dvendige dokumenter<\/h3>\n\n<ul class=\"wp-block-list\">\n<li><a href=\"https:\/\/usa-b2.com\/da\/pas-rejse-usa\/\">Gyldigt pas til USA<\/a><\/li>\n\n\n\n<li>Pasfoto<\/li>\n\n\n\n<li>Bevis for midler, rejseplan, invitationsbreve (hvis relevant)<\/li>\n<\/ul>\n\n<h3 class=\"wp-block-heading\">5. Vent p\u00e5 beslutningen<\/h3>\n\n<p>Det er forskelligt, hvor lang <strong>tid det tager at f\u00e5 en licens<\/strong>. I gennemsnit skal man regne med mellem <strong>1 og 4 uger.<\/strong> <br\/><\/p>\n\n<h2 class=\"wp-block-heading\">Illustration af processen for at f\u00e5 et b1\/b2-visum<\/h2>\n\n<figure class=\"wp-block-image size-large\"><img fetchpriority=\"high\" decoding=\"async\" width=\"683\" height=\"1024\" src=\"https:\/\/usa-b2.com\/wp-content\/uploads\/2025\/04\/us-visa-b1b2-683x1024.png\" alt=\"S&#xE5;dan f&#xE5;r du et B1 B2-visum\" class=\"wp-image-8440\" srcset=\"https:\/\/usa-b2.com\/wp-content\/uploads\/2025\/04\/us-visa-b1b2-683x1024.png 683w, https:\/\/usa-b2.com\/wp-content\/uploads\/2025\/04\/us-visa-b1b2-200x300.png 200w, https:\/\/usa-b2.com\/wp-content\/uploads\/2025\/04\/us-visa-b1b2-768x1152.png 768w, https:\/\/usa-b2.com\/wp-content\/uploads\/2025\/04\/us-visa-b1b2.png 1024w\" sizes=\"(max-width: 683px) 100vw, 683px\" \/><figcaption class=\"wp-element-caption\">S\u00e5dan f\u00e5r du et B1\/B2-visum<\/figcaption><\/figure>\n\n<h2 class=\"wp-block-heading\">Ofte stillede sp\u00f8rgsm\u00e5l om B1\/B2 USA-visum<\/h2>\n\n<h3 class=\"wp-block-heading\">Kan jeg arbejde p\u00e5 et B1\/B2-visum?<\/h3>\n\n<p>Nej. <strong>B1 B2 USA-visummet<\/strong> er strengt forbeholdt <strong>midlertidige bes\u00f8g<\/strong> uden betalt arbejde eller studier. <\/p>\n\n<h3 class=\"wp-block-heading\">Kan et amerikansk B1- og B2-visum forl\u00e6nges?<\/h3>\n\n<p>Ja, men det er <strong>kompliceret<\/strong>. Der skal anmodes om en forl\u00e6ngelse <strong>mindst 45 dage f\u00f8r udl\u00f8b<\/strong>. <\/p>\n\n<h3 class=\"wp-block-heading\">Er det det samme som ESTA?<\/h3>\n\n<p><strong>ESTA<\/strong> er forbeholdt visse lande og g\u00e6lder i <strong>h\u00f8jst 90 dage.<\/strong> <strong>B1\/B2 USA-visummet<\/strong> er mere fleksibelt, men kr\u00e6ver flere formaliteter.  <\/p>\n\n<h2 class=\"wp-block-heading\">Hvorfor v\u00e6lge B1 B2-visum til at bes\u00f8ge USA?<\/h2>\n\n<p><strong>B1\/B2 USA-visummet<\/strong> er ideelt, hvis du \u00f8nsker at :<\/p>\n\n<ul class=\"wp-block-list\">\n<li><strong>Bes\u00f8ge familie, tage p\u00e5 sightseeing, g\u00e5 til l\u00e6gen<\/strong><\/li>\n\n\n\n<li><strong>Deltag i faglige konferencer og m\u00f8der<\/strong><\/li>\n\n\n\n<li><strong>Regelm\u00e6ssige<\/strong> rejser <strong>til USA<\/strong> med et visum, der er gyldigt i flere \u00e5r<\/li>\n\n\n\n<li>Et <strong>alternativ til ESTA<\/strong><\/li>\n<\/ul>\n\n<h2 class=\"wp-block-heading\">I en n\u00f8ddeskal<\/h2>\n\n<figure class=\"wp-block-table\"><table class=\"has-fixed-layout\"><thead><tr><th>Element<\/th><th>Detaljer<\/th><\/tr><\/thead><tbody><tr><td>Visumtype<\/td><td><strong>B1\/B2-visa<\/strong> (forretning og turisme)<\/td><\/tr><tr><td>Opholdets l\u00e6ngde<\/td><td>Op til 6 m\u00e5neder pr. post<\/td><\/tr><tr><td>Gyldighedsperiode<\/td><td>Op til 10 \u00e5r<\/td><\/tr><tr><td>Antal poster<\/td><td>Flere<\/td><\/tr><tr><td>Kan vi arbejde?<\/td><td>\u274c Nej<\/td><\/tr><tr><td>Kan vi studere?<\/td><td>\u274c Nej (undtagen i s\u00e6rlige tilf\u00e6lde)<\/td><\/tr><\/tbody><\/table><\/figure>\n","protected":false},"excerpt":{"rendered":"<p>b1b2-visa til rejser til USA B1\/B2 USA-visummet er det mest almindelige amerikanske bes\u00f8gsvisum. Uanset om du rejser i forretnings\u00f8jemed eller for forn\u00f8jelsens skyld, er dette visum den ideelle l\u00f8sning til et midlertidigt ophold p\u00e5 amerikansk jord. I denne guide finder du ud af alt, hvad du har brug for at vide om B1\/B2-visummet, dets betingelser, [&hellip;]<\/p>\n","protected":false},"author":1,"featured_media":0,"parent":0,"menu_order":0,"comment_status":"closed","ping_status":"closed","template":"","meta":{"footnotes":""},"class_list":["post-8544","page","type-page","status-publish","hentry"],"yoast_head":"<!-- This site is optimized with the Yoast SEO plugin v27.4 - https:\/\/yoast.com\/product\/yoast-seo-wordpress\/ -->\n<title>B1\/B2-visum til at bes\u00f8ge USA - USA B2<\/title>\n<meta name=\"description\" content=\"b1\/B2-visummet til USA giver rejsende mulighed for at opholde sig i mere end 90 dage i forbindelse med turisme eller forretning.\" \/>\n<meta name=\"robots\" content=\"index, follow, max-snippet:-1, max-image-preview:large, max-video-preview:-1\" \/>\n<link rel=\"canonical\" href=\"https:\/\/usa-b2.com\/da\/us-b1-b2-visum\/\" \/>\n<meta property=\"og:locale\" content=\"da_DK\" \/>\n<meta property=\"og:type\" content=\"article\" \/>\n<meta property=\"og:title\" content=\"B1\/B2-visum til at bes\u00f8ge USA - USA B2\" \/>\n<meta property=\"og:description\" content=\"b1\/B2-visummet til USA giver rejsende mulighed for at opholde sig i mere end 90 dage i forbindelse med turisme eller forretning.\" \/>\n<meta property=\"og:url\" content=\"https:\/\/usa-b2.com\/da\/us-b1-b2-visum\/\" \/>\n<meta property=\"og:site_name\" content=\"USA B2\" \/>\n<meta property=\"article:modified_time\" content=\"2025-10-28T16:42:59+00:00\" \/>\n<meta property=\"og:image\" content=\"https:\/\/usa-b2.com\/wp-content\/uploads\/2025\/04\/us-visa-b1b2.png\" \/>\n\t<meta property=\"og:image:width\" content=\"1024\" \/>\n\t<meta property=\"og:image:height\" content=\"1536\" \/>\n\t<meta property=\"og:image:type\" content=\"image\/png\" \/>\n<meta name=\"twitter:card\" content=\"summary_large_image\" \/>\n<meta name=\"twitter:label1\" content=\"Estimeret l\u00e6setid\" \/>\n\t<meta name=\"twitter:data1\" content=\"3 minutter\" \/>\n<script type=\"application\/ld+json\" class=\"yoast-schema-graph\">{\"@context\":\"https:\\\/\\\/schema.org\",\"@graph\":[{\"@type\":\"WebPage\",\"@id\":\"https:\\\/\\\/usa-b2.com\\\/da\\\/us-b1-b2-visum\\\/\",\"url\":\"https:\\\/\\\/usa-b2.com\\\/da\\\/us-b1-b2-visum\\\/\",\"name\":\"B1\\\/B2-visum til at bes\u00f8ge USA - USA B2\",\"isPartOf\":{\"@id\":\"https:\\\/\\\/usa-b2.com\\\/da\\\/#website\"},\"primaryImageOfPage\":{\"@id\":\"https:\\\/\\\/usa-b2.com\\\/da\\\/us-b1-b2-visum\\\/#primaryimage\"},\"image\":{\"@id\":\"https:\\\/\\\/usa-b2.com\\\/da\\\/us-b1-b2-visum\\\/#primaryimage\"},\"thumbnailUrl\":\"https:\\\/\\\/usa-b2.com\\\/wp-content\\\/uploads\\\/2025\\\/04\\\/us-visa-b1b2-683x1024.png\",\"datePublished\":\"2025-04-10T16:14:56+00:00\",\"dateModified\":\"2025-10-28T16:42:59+00:00\",\"description\":\"b1\\\/B2-visummet til USA giver rejsende mulighed for at opholde sig i mere end 90 dage i forbindelse med turisme eller forretning.\",\"breadcrumb\":{\"@id\":\"https:\\\/\\\/usa-b2.com\\\/da\\\/us-b1-b2-visum\\\/#breadcrumb\"},\"inLanguage\":\"da-DK\",\"potentialAction\":[{\"@type\":\"ReadAction\",\"target\":[\"https:\\\/\\\/usa-b2.com\\\/da\\\/us-b1-b2-visum\\\/\"]}]},{\"@type\":\"ImageObject\",\"inLanguage\":\"da-DK\",\"@id\":\"https:\\\/\\\/usa-b2.com\\\/da\\\/us-b1-b2-visum\\\/#primaryimage\",\"url\":\"https:\\\/\\\/usa-b2.com\\\/wp-content\\\/uploads\\\/2025\\\/04\\\/us-visa-b1b2-683x1024.png\",\"contentUrl\":\"https:\\\/\\\/usa-b2.com\\\/wp-content\\\/uploads\\\/2025\\\/04\\\/us-visa-b1b2-683x1024.png\"},{\"@type\":\"BreadcrumbList\",\"@id\":\"https:\\\/\\\/usa-b2.com\\\/da\\\/us-b1-b2-visum\\\/#breadcrumb\",\"itemListElement\":[{\"@type\":\"ListItem\",\"position\":1,\"name\":\"Accueil\",\"item\":\"https:\\\/\\\/usa-b2.com\\\/da\\\/usa\\\/\"},{\"@type\":\"ListItem\",\"position\":2,\"name\":\"B1\\\/B2-visum til at bes\u00f8ge USA\"}]},{\"@type\":\"WebSite\",\"@id\":\"https:\\\/\\\/usa-b2.com\\\/da\\\/#website\",\"url\":\"https:\\\/\\\/usa-b2.com\\\/da\\\/\",\"name\":\"USA B2 VISA\",\"description\":\"\",\"potentialAction\":[{\"@type\":\"SearchAction\",\"target\":{\"@type\":\"EntryPoint\",\"urlTemplate\":\"https:\\\/\\\/usa-b2.com\\\/da\\\/?s={search_term_string}\"},\"query-input\":{\"@type\":\"PropertyValueSpecification\",\"valueRequired\":true,\"valueName\":\"search_term_string\"}}],\"inLanguage\":\"da-DK\"}]}<\/script>\n<!-- \/ Yoast SEO plugin. -->","yoast_head_json":{"title":"B1\/B2-visum til at bes\u00f8ge USA - USA B2","description":"b1\/B2-visummet til USA giver rejsende mulighed for at opholde sig i mere end 90 dage i forbindelse med turisme eller forretning.","robots":{"index":"index","follow":"follow","max-snippet":"max-snippet:-1","max-image-preview":"max-image-preview:large","max-video-preview":"max-video-preview:-1"},"canonical":"https:\/\/usa-b2.com\/da\/us-b1-b2-visum\/","og_locale":"da_DK","og_type":"article","og_title":"B1\/B2-visum til at bes\u00f8ge USA - USA B2","og_description":"b1\/B2-visummet til USA giver rejsende mulighed for at opholde sig i mere end 90 dage i forbindelse med turisme eller forretning.","og_url":"https:\/\/usa-b2.com\/da\/us-b1-b2-visum\/","og_site_name":"USA B2","article_modified_time":"2025-10-28T16:42:59+00:00","og_image":[{"width":1024,"height":1536,"url":"https:\/\/usa-b2.com\/wp-content\/uploads\/2025\/04\/us-visa-b1b2.png","type":"image\/png"}],"twitter_card":"summary_large_image","twitter_misc":{"Estimeret l\u00e6setid":"3 minutter"},"schema":{"@context":"https:\/\/schema.org","@graph":[{"@type":"WebPage","@id":"https:\/\/usa-b2.com\/da\/us-b1-b2-visum\/","url":"https:\/\/usa-b2.com\/da\/us-b1-b2-visum\/","name":"B1\/B2-visum til at bes\u00f8ge USA - USA B2","isPartOf":{"@id":"https:\/\/usa-b2.com\/da\/#website"},"primaryImageOfPage":{"@id":"https:\/\/usa-b2.com\/da\/us-b1-b2-visum\/#primaryimage"},"image":{"@id":"https:\/\/usa-b2.com\/da\/us-b1-b2-visum\/#primaryimage"},"thumbnailUrl":"https:\/\/usa-b2.com\/wp-content\/uploads\/2025\/04\/us-visa-b1b2-683x1024.png","datePublished":"2025-04-10T16:14:56+00:00","dateModified":"2025-10-28T16:42:59+00:00","description":"b1\/B2-visummet til USA giver rejsende mulighed for at opholde sig i mere end 90 dage i forbindelse med turisme eller forretning.","breadcrumb":{"@id":"https:\/\/usa-b2.com\/da\/us-b1-b2-visum\/#breadcrumb"},"inLanguage":"da-DK","potentialAction":[{"@type":"ReadAction","target":["https:\/\/usa-b2.com\/da\/us-b1-b2-visum\/"]}]},{"@type":"ImageObject","inLanguage":"da-DK","@id":"https:\/\/usa-b2.com\/da\/us-b1-b2-visum\/#primaryimage","url":"https:\/\/usa-b2.com\/wp-content\/uploads\/2025\/04\/us-visa-b1b2-683x1024.png","contentUrl":"https:\/\/usa-b2.com\/wp-content\/uploads\/2025\/04\/us-visa-b1b2-683x1024.png"},{"@type":"BreadcrumbList","@id":"https:\/\/usa-b2.com\/da\/us-b1-b2-visum\/#breadcrumb","itemListElement":[{"@type":"ListItem","position":1,"name":"Accueil","item":"https:\/\/usa-b2.com\/da\/usa\/"},{"@type":"ListItem","position":2,"name":"B1\/B2-visum til at bes\u00f8ge USA"}]},{"@type":"WebSite","@id":"https:\/\/usa-b2.com\/da\/#website","url":"https:\/\/usa-b2.com\/da\/","name":"USA B2 VISA","description":"","potentialAction":[{"@type":"SearchAction","target":{"@type":"EntryPoint","urlTemplate":"https:\/\/usa-b2.com\/da\/?s={search_term_string}"},"query-input":{"@type":"PropertyValueSpecification","valueRequired":true,"valueName":"search_term_string"}}],"inLanguage":"da-DK"}]}},"_links":{"self":[{"href":"https:\/\/usa-b2.com\/da\/wp-json\/wp\/v2\/pages\/8544","targetHints":{"allow":["GET"]}}],"collection":[{"href":"https:\/\/usa-b2.com\/da\/wp-json\/wp\/v2\/pages"}],"about":[{"href":"https:\/\/usa-b2.com\/da\/wp-json\/wp\/v2\/types\/page"}],"author":[{"embeddable":true,"href":"https:\/\/usa-b2.com\/da\/wp-json\/wp\/v2\/users\/1"}],"replies":[{"embeddable":true,"href":"https:\/\/usa-b2.com\/da\/wp-json\/wp\/v2\/comments?post=8544"}],"version-history":[{"count":4,"href":"https:\/\/usa-b2.com\/da\/wp-json\/wp\/v2\/pages\/8544\/revisions"}],"predecessor-version":[{"id":10701,"href":"https:\/\/usa-b2.com\/da\/wp-json\/wp\/v2\/pages\/8544\/revisions\/10701"}],"wp:attachment":[{"href":"https:\/\/usa-b2.com\/da\/wp-json\/wp\/v2\/media?parent=8544"}],"curies":[{"name":"wp","href":"https:\/\/api.w.org\/{rel}","templated":true}]}}