{"id":8209,"date":"2025-03-17T13:14:29","date_gmt":"2025-03-17T13:14:29","guid":{"rendered":"https:\/\/usa-b2.com\/sydvest-vejtur-forenede-stater\/"},"modified":"2025-11-04T10:53:21","modified_gmt":"2025-11-04T10:53:21","slug":"sydvest-vejtur-forenede-stater","status":"publish","type":"page","link":"https:\/\/usa-b2.com\/da\/sydvest-vejtur-forenede-stater\/","title":{"rendered":"Road trip i den sydvestlige del af USA"},"content":{"rendered":"\n<h1 class=\"wp-block-heading\">Det sydvestlige USA i bil: guide til den perfekte roadtrip<\/h1>\n\n<h2 class=\"wp-block-heading\">Rejseplan for Grand Circle Road Trip  <\/h2>\n\n<figure class=\"wp-block-image size-large\"><img fetchpriority=\"high\" decoding=\"async\" width=\"1024\" height=\"576\" src=\"https:\/\/usa-b2.com\/wp-content\/uploads\/2025\/03\/Grand-circle-road-trip-1024x576.jpg\" alt=\"\" class=\"wp-image-8187\" srcset=\"https:\/\/usa-b2.com\/wp-content\/uploads\/2025\/03\/Grand-circle-road-trip-1024x576.jpg 1024w, https:\/\/usa-b2.com\/wp-content\/uploads\/2025\/03\/Grand-circle-road-trip-300x169.jpg 300w, https:\/\/usa-b2.com\/wp-content\/uploads\/2025\/03\/Grand-circle-road-trip-768x432.jpg 768w, https:\/\/usa-b2.com\/wp-content\/uploads\/2025\/03\/Grand-circle-road-trip.jpg 1280w\" sizes=\"(max-width: 1024px) 100vw, 1024px\" \/><\/figure>\n\n<h3 class=\"wp-block-heading\">Afgang og f\u00f8rste etape: Las Vegas<\/h3>\n\n<p><a href=\"https:\/\/www.lasvegasnevada.gov\/\">Las Vegas<\/a> er det ideelle udgangspunkt for en roadtrip gennem det amerikanske sydvest. Den internationale lufthavn h\u00e5ndterer et stort antal flyvninger og tilbyder et bredt udvalg af biludlejning. F\u00f8r du tager af sted, er det v\u00e6rd at bruge en aften p\u00e5 at udforske The Strip, de legendariske hotelkasinoer som <a href=\"https:\/\/bellagio.mgmresorts.com\/en.html\">Bellagio<\/a> og dets ber\u00f8mte springvandsshow eller <a href=\"https:\/\/vegasexperience.com\/\">Fremont Street Experience<\/a> for at f\u00e5 en lysende indlevelse i Vegas&#8217; atmosf\u00e6re.<\/p>\n\n<p>N\u00e6ste dag k\u00f8rer du til <a href=\"https:\/\/www.grandcanyon.org\/experience-grand-canyon\">Grand Canyon<\/a> via <a href=\"https:\/\/usa-b2.com\/da\/route-66-the-mother-road\/\">Route 66<\/a> og passerer gennem Seligman, en ikonisk by, hvor du kan holde en vintage-pause og spise en typisk burger.<\/p>\n\n<h3 class=\"wp-block-heading\">Grand Canyon og Monument Valley (dag 2-4)<\/h3>\n\n<p>Grand Canyon er et af de mest bes\u00f8gte naturomr\u00e5der i verden. For at f\u00e5 den bedste oplevelse skal du v\u00e6lge South Rim, som byder p\u00e5 en utrolig udsigt over kl\u00f8ften. Blandt de bedste steder:  <\/p>\n\n<ul class=\"wp-block-list\">\n<li><strong>Mather Point<\/strong>: Perfekt til en spektakul\u00e6r solopgang.<\/li>\n\n\n\n<li><strong>Desert View Watchtower<\/strong>: Et observationst\u00e5rn med panoramaudsigt.<\/li>\n<\/ul>\n\n<p>N\u00e5r du har udforsket kl\u00f8ften, kan du tage til <a href=\"https:\/\/horseshoebend.co\/\">Horseshoe Bend<\/a>, en spektakul\u00e6r sl\u00f8jfe af Colorado. Endelig tager <a href=\"https:\/\/navajonationparks.org\/navajo-tribal-parks\/monument-valley\/\">Monument Valley<\/a> dig tilbage til de legendariske westernfilm med en udflugt i firehjulstr\u00e6kker med <a href=\"https:\/\/www.navajo-nsn.gov\/\">Navajos<\/a> som guide.<\/p>\n\n<h3 class=\"wp-block-heading\">Antelope Canyon og Bryce Canyon (dag 5-7)<\/h3>\n\n<p><a href=\"https:\/\/www.antelopecanyontickets.com\/\">Antelope Canyon<\/a> er en kl\u00f8ft, der er formet af vand, og som er ber\u00f8mt for sit magiske lysspil. Dette sted er kun tilg\u00e6ngeligt med en guide og er et must for fotografer.<\/p>\n\n<p>Derefter g\u00e5r turen videre til <a href=\"https:\/\/www.nps.gov\/brca\/index.htm\">Bryce Canyon<\/a>, hvor hoodoos (eventyrskorstene) danner en kulisse, der er en anden verden v\u00e6rdig. Hvis du vil fordybe dig helt, giver <a href=\"https:\/\/navajonationparks.org\/navajo-tribal-parks\/monument-valley\/\">Navajo Loop Trail<\/a> dig mulighed for at udforske klippeformationerne inde fra kl\u00f8ften.<\/p>\n\n<h3 class=\"wp-block-heading\">Zion National Park og retur til Las Vegas (dag 8-10)<\/h3>\n\n<p><a href=\"https:\/\/zionnationalpark.com\/\">Zion National Park<\/a> er et paradis for vandrere. En af de mest popul\u00e6re stier, <a href=\"https:\/\/www.angelslandingdtla.com\/\">Angels Landing<\/a>, byder p\u00e5 en betagende panoramaudsigt. For en mere tilg\u00e6ngelig vandretur giver The Narrows dig mulighed for at g\u00e5 i en flod i hjertet af en kl\u00f8ft.<\/p>\n\n<p>Til sidst g\u00e5r turen tilbage til Las Vegas til en sidste livlig aften, inden turen slutter.<\/p>\n\n<h2 class=\"wp-block-heading\">Nationalparker og ikoniske landskaber at opdage<\/h2>\n\n<h3 class=\"wp-block-heading\">Parker, du ikke m\u00e5 g\u00e5 glip af<\/h3>\n\n<p>Grand Circle-nationalparkerne er blandt de smukkeste i USA. Grand Canyon imponerer med sin enorme st\u00f8rrelse, mens Bryce Canyon og dens klippeformationer danner en magisk kulisse. I <a href=\"https:\/\/www.recreation.gov\/timed-entry\/10088426\">Arches National Park<\/a> kan bes\u00f8gende beundre mere end 2.000 naturlige buer, herunder <a href=\"https:\/\/delicatearchfilm.com\/\">Delicate Arch<\/a>, Utahs vartegn.  <\/p>\n\n<p>Zion er derimod en perfekt blanding af t\u00e5rnh\u00f8je klipper og snoede floder. En anden mindre kendt perle, Canyonlands, byder p\u00e5 m\u00e5nelandskaber og absolut fred og ro. <\/p>\n\n<h3 class=\"wp-block-heading\">Must-see stoppesteder<\/h3>\n\n<p>Undervejs p\u00e5 turen er der flere sev\u00e6rdigheder, som det er v\u00e6rd at stoppe ved:<\/p>\n\n<ul class=\"wp-block-list\">\n<li>Horseshoe Bend: En 270\u00b0 udsigt over Colorado-floden.<\/li>\n\n\n\n<li>Forstenet skov: Et unikt sted, hvor forstenede tr\u00e6er kan dateres 200 millioner \u00e5r tilbage.<\/li>\n\n\n\n<li>Goosenecks State Park: En spektakul\u00e6r kl\u00f8ft formet af San Juan-floden.<\/li>\n<\/ul>\n\n<h2 class=\"wp-block-heading\">Hvor skal jeg sove? Anbefalede hoteller og byer <\/h2>\n\n<h3 class=\"wp-block-heading\">Byer at stoppe i<\/h3>\n\n<p>Valget af byer at stoppe i p\u00e5virker komforten af bilturen. Las Vegas er perfekt til en nem ankomst og afgang. Page er et ideelt stop for at bes\u00f8ge Horseshoe Bend og Antelope Canyon. Moab med sine turistfaciliteter er perfekt til at udforske Arches og Canyonlands. Endelig tilbyder Zion og Bryce Canyon indkvartering i total fordybelse i naturen.    <\/p>\n\n<h3 class=\"wp-block-heading\">Bedste hoteller og muligheder<\/h3>\n\n<p>Her er nogle anbefalinger, der passer til dit budget:<\/p>\n\n<figure class=\"wp-block-table\"><table class=\"has-fixed-layout\"><tbody><tr><td><strong>Beliggenhed<\/strong><\/td><td><strong>Anbefalet hotel<\/strong><\/td><td><strong>Budget<\/strong><\/td><\/tr><tr><td>Las Vegas<\/td><td><a href=\"https:\/\/www.venetianlasvegas.com\/\">Den venetianske<\/a><\/td><td>$$$<\/td><\/tr><tr><td>Grand Canyon<\/td><td><a href=\"https:\/\/www.visitgrandcanyon.com\/yavapai-lodge\">Yavapai Lodge<\/a><\/td><td>$$<\/td><\/tr><tr><td>Bryce Canyon<\/td><td><a href=\"https:\/\/www.bestwestern.com\/en_US\/book\/hotel-rooms.45040.html\">Best Western Ruby&#8217;s Inn<\/a><\/td><td>$$<\/td><\/tr><tr><td>Moab<\/td><td><a href=\"https:\/\/www.hilton.com\/en\/hotels\/cnycuqq-hoodoo-moab\/\">Hoodoo Moab af Hilton<\/a><\/td><td>$$$<\/td><\/tr><tr><td>Zion<\/td><td><a href=\"https:\/\/www.zionlodge.com\/\">Zion Lodge<\/a><\/td><td>$$$<\/td><\/tr><\/tbody><\/table><\/figure>\n\n<h2 class=\"wp-block-heading\">Forudg\u00e5ende administrative formaliteter<\/h2>\n\n<p>F\u00f8r du kan bes\u00f8ge den sydvestlige del af USA i bil, skal du foregribe rejseformaliteterne. Du skal tjekke, at : <\/p>\n\n<ul class=\"wp-block-list\">\n<li>Hendes <a href=\"https:\/\/usa-b2.com\/da\/pas-rejse-usa\/\">pas er gyldigt til rejser til USA.<\/a> <\/li>\n\n\n\n<li>Du er berettiget til at f\u00e5 <a href=\"https:\/\/usa-b2.com\/da\/hvad-er-en-esta\/\">ESTA-rejsetilladelse<\/a> under <a href=\"https:\/\/usa-b2.com\/da\/visum-fritagelse-program\/\">Visa Waiver-programmet<\/a>. Hvis dette ikke er tilf\u00e6ldet, skal du have et <a href=\"https:\/\/usa-b2.com\/da\/b2-visum\/\">B2-turistvisum<\/a>.<\/li>\n<\/ul>\n\n<div style=\"height:10px\" aria-hidden=\"true\" class=\"wp-block-spacer\"><\/div>\n\n<h2 class=\"wp-block-heading\">  De mest instagrammable fotospots<\/h2>\n\n<h3 class=\"wp-block-heading\">Ikoniske naturlandskaber<\/h3>\n\n<p>Nogle af stederne p\u00e5 Grand Circle er \u00e6gte fotografiske perler. Horseshoe Bend er nok det mest ber\u00f8mte sted med sin dybe udsigt over Colorado. Antelope Canyon med sine formationer, der er formet af vind og vand, byder p\u00e5 et magisk lysspil, der er perfekt til Instagram.  <\/p>\n\n<h3 class=\"wp-block-heading\">Magiske solnedgange<\/h3>\n\n<p>Solnedgangen forvandler landskabet og skaber nogle spektakul\u00e6re billeder. Blandt de bedste steder: <\/p>\n\n<ul class=\"wp-block-list\">\n<li><strong>Grand Canyon (Yavapai Point):<\/strong> Utrolige farver p\u00e5 klipperne.<\/li>\n\n\n\n<li><strong>Monument Valley<\/strong>: Skyggen af de ber\u00f8mte r\u00f8de bakker str\u00e6kker sig s\u00e5 langt \u00f8jet r\u00e6kker.<\/li>\n<\/ul>\n\n<h2 class=\"wp-block-heading\">Ting man kan g\u00f8re som par<\/h2>\n\n<h3 class=\"wp-block-heading\">Romantiske oplevelser<\/h3>\n\n<p>At rejse som par giver jer mulighed for at opleve magiske \u00f8jeblikke i utrolige landskaber. En ridetur i Monument Valley ved solnedgang er en uforglemmelig oplevelse. For de sp\u00e6ndingss\u00f8gende giver en helikopterflyvning over Grand Canyon en unik udsigt over kl\u00f8ften.  <\/p>\n\n<h3 class=\"wp-block-heading\">At sove i naturen<\/h3>\n\n<p>At tilbringe en nat i vildmarken giver turen et romantisk pr\u00e6g. I Zion er camping under en uber\u00f8rt stjernehimmel en ideel mulighed. Hvis du vil have en mere bohemeagtig oplevelse, kan du sove i en Airstream i Joshua Tree, hvor der er en fredelig og intim atmosf\u00e6re.  <\/p>\n\n<h2 class=\"wp-block-heading\">Aktiviteter til en bilferie med familien<\/h2>\n\n<h3 class=\"wp-block-heading\">Sjove oplevelser<\/h3>\n\n<p>For at g\u00f8re turen sp\u00e6ndende for b\u00f8rn er en r\u00e6kke aktiviteter ideelle. I <a href=\"https:\/\/moabcity.org\/\">Moab<\/a> viser et dinosaurmuseum forhistoriske fossiler og fodaftryk. I Bryce Canyon er Navajo Loop Trail tilg\u00e6ngelig for familier og byder p\u00e5 et unikt naturskue.  <\/p>\n\n<h3 class=\"wp-block-heading\">Hvor kan du spise med din familie?<\/h3>\n\n<p>M\u00e5ltidspauser er vigtige p\u00e5 en bilferie. Her er et par adresser, som er ideelle for familier: <\/p>\n\n<ul class=\"wp-block-list\">\n<li><a href=\"https:\/\/www.thunderbirdutah.com\/\">Thunderbird Restaurant (Utah)<\/a>: En autentisk amerikansk diner med hjemmelavede t\u00e6rter.<\/li>\n\n\n\n<li><a href=\"https:\/\/www.bigtexan.com\/\">Big Texan Steak Ranch<\/a> (Route 66): Western-atmosf\u00e6re med en s\u00e6rligt tilpasset b\u00f8rnemenu.<\/li>\n<\/ul>\n\n<p>Grand Circle Road Trip er et legendarisk eventyr og en af de bedste <a href=\"https:\/\/usa-b2.com\/da\/\">amerikanske roadtrips<\/a>. Uanset om man rejser som par eller som familie, har hver dag sine egne overraskelser. Planl\u00e6g din rejseplan godt, v\u00e6lg dine hoteller omhyggeligt, og hold \u00f8jnene \u00e5bne: Det er en rejse, du aldrig vil glemme!<\/p>\n","protected":false},"excerpt":{"rendered":"<p>Det sydvestlige USA i bil: guide til den perfekte roadtrip Rejseplan for Grand Circle Road Trip Afgang og f\u00f8rste etape: Las Vegas Las Vegas er det ideelle udgangspunkt for en roadtrip gennem det amerikanske sydvest. Den internationale lufthavn h\u00e5ndterer et stort antal flyvninger og tilbyder et bredt udvalg af biludlejning. F\u00f8r du tager af sted, [&hellip;]<\/p>\n","protected":false},"author":1,"featured_media":0,"parent":0,"menu_order":0,"comment_status":"closed","ping_status":"closed","template":"","meta":{"footnotes":""},"class_list":["post-8209","page","type-page","status-publish","hentry"],"yoast_head":"<!-- This site is optimized with the Yoast SEO plugin v27.0 - https:\/\/yoast.com\/product\/yoast-seo-wordpress\/ -->\n<title>Road trip i den sydvestlige del af USA - USA B2<\/title>\n<meta name=\"description\" content=\"Oplev Grand Circle Road Trip: rejseplan, nationalparker, hoteller og fotospots til en tur til den sydvestlige del af USA!\" \/>\n<meta name=\"robots\" content=\"index, follow, max-snippet:-1, max-image-preview:large, max-video-preview:-1\" \/>\n<link rel=\"canonical\" href=\"https:\/\/usa-b2.com\/da\/sydvest-vejtur-forenede-stater\/\" \/>\n<meta property=\"og:locale\" content=\"da_DK\" \/>\n<meta property=\"og:type\" content=\"article\" \/>\n<meta property=\"og:title\" content=\"Road trip i den sydvestlige del af USA - USA B2\" \/>\n<meta property=\"og:description\" content=\"Oplev Grand Circle Road Trip: rejseplan, nationalparker, hoteller og fotospots til en tur til den sydvestlige del af USA!\" \/>\n<meta property=\"og:url\" content=\"https:\/\/usa-b2.com\/da\/sydvest-vejtur-forenede-stater\/\" \/>\n<meta property=\"og:site_name\" content=\"USA B2\" \/>\n<meta property=\"article:modified_time\" content=\"2025-11-04T10:53:21+00:00\" \/>\n<meta property=\"og:image\" content=\"https:\/\/usa-b2.com\/wp-content\/uploads\/2025\/03\/Grand-circle-road-trip.jpg\" \/>\n\t<meta property=\"og:image:width\" content=\"1280\" \/>\n\t<meta property=\"og:image:height\" content=\"720\" \/>\n\t<meta property=\"og:image:type\" content=\"image\/jpeg\" \/>\n<meta name=\"twitter:card\" content=\"summary_large_image\" \/>\n<meta name=\"twitter:label1\" content=\"Estimeret l\u00e6setid\" \/>\n\t<meta name=\"twitter:data1\" content=\"5 minutter\" \/>\n<script type=\"application\/ld+json\" class=\"yoast-schema-graph\">{\"@context\":\"https:\/\/schema.org\",\"@graph\":[{\"@type\":\"WebPage\",\"@id\":\"https:\/\/usa-b2.com\/da\/sydvest-vejtur-forenede-stater\/\",\"url\":\"https:\/\/usa-b2.com\/da\/sydvest-vejtur-forenede-stater\/\",\"name\":\"Road trip i den sydvestlige del af USA - USA B2\",\"isPartOf\":{\"@id\":\"https:\/\/usa-b2.com\/da\/#website\"},\"primaryImageOfPage\":{\"@id\":\"https:\/\/usa-b2.com\/da\/sydvest-vejtur-forenede-stater\/#primaryimage\"},\"image\":{\"@id\":\"https:\/\/usa-b2.com\/da\/sydvest-vejtur-forenede-stater\/#primaryimage\"},\"thumbnailUrl\":\"https:\/\/usa-b2.com\/wp-content\/uploads\/2025\/03\/Grand-circle-road-trip-1024x576.jpg\",\"datePublished\":\"2025-03-17T13:14:29+00:00\",\"dateModified\":\"2025-11-04T10:53:21+00:00\",\"description\":\"Oplev Grand Circle Road Trip: rejseplan, nationalparker, hoteller og fotospots til en tur til den sydvestlige del af USA!\",\"breadcrumb\":{\"@id\":\"https:\/\/usa-b2.com\/da\/sydvest-vejtur-forenede-stater\/#breadcrumb\"},\"inLanguage\":\"da-DK\",\"potentialAction\":[{\"@type\":\"ReadAction\",\"target\":[\"https:\/\/usa-b2.com\/da\/sydvest-vejtur-forenede-stater\/\"]}]},{\"@type\":\"ImageObject\",\"inLanguage\":\"da-DK\",\"@id\":\"https:\/\/usa-b2.com\/da\/sydvest-vejtur-forenede-stater\/#primaryimage\",\"url\":\"https:\/\/usa-b2.com\/wp-content\/uploads\/2025\/03\/Grand-circle-road-trip-1024x576.jpg\",\"contentUrl\":\"https:\/\/usa-b2.com\/wp-content\/uploads\/2025\/03\/Grand-circle-road-trip-1024x576.jpg\"},{\"@type\":\"BreadcrumbList\",\"@id\":\"https:\/\/usa-b2.com\/da\/sydvest-vejtur-forenede-stater\/#breadcrumb\",\"itemListElement\":[{\"@type\":\"ListItem\",\"position\":1,\"name\":\"Accueil\",\"item\":\"https:\/\/usa-b2.com\/da\/guide-roadtrips-usa\/\"},{\"@type\":\"ListItem\",\"position\":2,\"name\":\"Road trip i den sydvestlige del af USA\"}]},{\"@type\":\"WebSite\",\"@id\":\"https:\/\/usa-b2.com\/da\/#website\",\"url\":\"https:\/\/usa-b2.com\/da\/\",\"name\":\"USA B2 VISA\",\"description\":\"\",\"potentialAction\":[{\"@type\":\"SearchAction\",\"target\":{\"@type\":\"EntryPoint\",\"urlTemplate\":\"https:\/\/usa-b2.com\/da\/?s={search_term_string}\"},\"query-input\":{\"@type\":\"PropertyValueSpecification\",\"valueRequired\":true,\"valueName\":\"search_term_string\"}}],\"inLanguage\":\"da-DK\"}]}<\/script>\n<!-- \/ Yoast SEO plugin. -->","yoast_head_json":{"title":"Road trip i den sydvestlige del af USA - USA B2","description":"Oplev Grand Circle Road Trip: rejseplan, nationalparker, hoteller og fotospots til en tur til den sydvestlige del af USA!","robots":{"index":"index","follow":"follow","max-snippet":"max-snippet:-1","max-image-preview":"max-image-preview:large","max-video-preview":"max-video-preview:-1"},"canonical":"https:\/\/usa-b2.com\/da\/sydvest-vejtur-forenede-stater\/","og_locale":"da_DK","og_type":"article","og_title":"Road trip i den sydvestlige del af USA - USA B2","og_description":"Oplev Grand Circle Road Trip: rejseplan, nationalparker, hoteller og fotospots til en tur til den sydvestlige del af USA!","og_url":"https:\/\/usa-b2.com\/da\/sydvest-vejtur-forenede-stater\/","og_site_name":"USA B2","article_modified_time":"2025-11-04T10:53:21+00:00","og_image":[{"width":1280,"height":720,"url":"https:\/\/usa-b2.com\/wp-content\/uploads\/2025\/03\/Grand-circle-road-trip.jpg","type":"image\/jpeg"}],"twitter_card":"summary_large_image","twitter_misc":{"Estimeret l\u00e6setid":"5 minutter"},"schema":{"@context":"https:\/\/schema.org","@graph":[{"@type":"WebPage","@id":"https:\/\/usa-b2.com\/da\/sydvest-vejtur-forenede-stater\/","url":"https:\/\/usa-b2.com\/da\/sydvest-vejtur-forenede-stater\/","name":"Road trip i den sydvestlige del af USA - USA B2","isPartOf":{"@id":"https:\/\/usa-b2.com\/da\/#website"},"primaryImageOfPage":{"@id":"https:\/\/usa-b2.com\/da\/sydvest-vejtur-forenede-stater\/#primaryimage"},"image":{"@id":"https:\/\/usa-b2.com\/da\/sydvest-vejtur-forenede-stater\/#primaryimage"},"thumbnailUrl":"https:\/\/usa-b2.com\/wp-content\/uploads\/2025\/03\/Grand-circle-road-trip-1024x576.jpg","datePublished":"2025-03-17T13:14:29+00:00","dateModified":"2025-11-04T10:53:21+00:00","description":"Oplev Grand Circle Road Trip: rejseplan, nationalparker, hoteller og fotospots til en tur til den sydvestlige del af USA!","breadcrumb":{"@id":"https:\/\/usa-b2.com\/da\/sydvest-vejtur-forenede-stater\/#breadcrumb"},"inLanguage":"da-DK","potentialAction":[{"@type":"ReadAction","target":["https:\/\/usa-b2.com\/da\/sydvest-vejtur-forenede-stater\/"]}]},{"@type":"ImageObject","inLanguage":"da-DK","@id":"https:\/\/usa-b2.com\/da\/sydvest-vejtur-forenede-stater\/#primaryimage","url":"https:\/\/usa-b2.com\/wp-content\/uploads\/2025\/03\/Grand-circle-road-trip-1024x576.jpg","contentUrl":"https:\/\/usa-b2.com\/wp-content\/uploads\/2025\/03\/Grand-circle-road-trip-1024x576.jpg"},{"@type":"BreadcrumbList","@id":"https:\/\/usa-b2.com\/da\/sydvest-vejtur-forenede-stater\/#breadcrumb","itemListElement":[{"@type":"ListItem","position":1,"name":"Accueil","item":"https:\/\/usa-b2.com\/da\/guide-roadtrips-usa\/"},{"@type":"ListItem","position":2,"name":"Road trip i den sydvestlige del af USA"}]},{"@type":"WebSite","@id":"https:\/\/usa-b2.com\/da\/#website","url":"https:\/\/usa-b2.com\/da\/","name":"USA B2 VISA","description":"","potentialAction":[{"@type":"SearchAction","target":{"@type":"EntryPoint","urlTemplate":"https:\/\/usa-b2.com\/da\/?s={search_term_string}"},"query-input":{"@type":"PropertyValueSpecification","valueRequired":true,"valueName":"search_term_string"}}],"inLanguage":"da-DK"}]}},"_links":{"self":[{"href":"https:\/\/usa-b2.com\/da\/wp-json\/wp\/v2\/pages\/8209","targetHints":{"allow":["GET"]}}],"collection":[{"href":"https:\/\/usa-b2.com\/da\/wp-json\/wp\/v2\/pages"}],"about":[{"href":"https:\/\/usa-b2.com\/da\/wp-json\/wp\/v2\/types\/page"}],"author":[{"embeddable":true,"href":"https:\/\/usa-b2.com\/da\/wp-json\/wp\/v2\/users\/1"}],"replies":[{"embeddable":true,"href":"https:\/\/usa-b2.com\/da\/wp-json\/wp\/v2\/comments?post=8209"}],"version-history":[{"count":3,"href":"https:\/\/usa-b2.com\/da\/wp-json\/wp\/v2\/pages\/8209\/revisions"}],"predecessor-version":[{"id":10804,"href":"https:\/\/usa-b2.com\/da\/wp-json\/wp\/v2\/pages\/8209\/revisions\/10804"}],"wp:attachment":[{"href":"https:\/\/usa-b2.com\/da\/wp-json\/wp\/v2\/media?parent=8209"}],"curies":[{"name":"wp","href":"https:\/\/api.w.org\/{rel}","templated":true}]}}