{"id":7809,"date":"2025-03-17T11:01:36","date_gmt":"2025-03-17T11:01:36","guid":{"rendered":"https:\/\/usa-b2.com\/florida-keys\/"},"modified":"2025-06-05T09:23:43","modified_gmt":"2025-06-05T09:23:43","slug":"florida-keys","status":"publish","type":"page","link":"https:\/\/usa-b2.com\/da\/florida-keys\/","title":{"rendered":"Road trip i Keys: rejseplan, tips og must-sees i Florida"},"content":{"rendered":"\n<h1 class=\"wp-block-heading\">Guide til en roadtrip i US Keys<\/h1>\n\n<p><a href=\"https:\/\/fla-keys.com\/\">Florida Keys er en paradisisk \u00f8gruppe, der str\u00e6kker sig over 180 km mellem Key<\/a> Largo og Key West. At rejse p\u00e5 denne legendariske rute via<a href=\"https:\/\/en.wikipedia.org\/wiki\/Overseas_Highway\">Overseas Highway (US-1)<\/a> byder p\u00e5 uforglemmelig natur, strategiske stop og total fordybelse i en unik tropisk atmosf\u00e6re. Uanset om du rejser som par, med din familie eller med venner, giver denne guide dig alt, hvad du har brug for at vide om dette <a href=\"https:\/\/usa-b2.com\/da\/\">amerikanske roadtrip<\/a>: rejseplan, aktiviteter, indkvartering og must-see spots.  <\/p>\n\n<figure class=\"wp-block-image size-large\"><img fetchpriority=\"high\" decoding=\"async\" width=\"1024\" height=\"576\" src=\"https:\/\/usa-b2.com\/wp-content\/uploads\/2025\/03\/Keys-Florida-1-1024x576.png\" alt=\"\" class=\"wp-image-8114\" srcset=\"https:\/\/usa-b2.com\/wp-content\/uploads\/2025\/03\/Keys-Florida-1-1024x576.png 1024w, https:\/\/usa-b2.com\/wp-content\/uploads\/2025\/03\/Keys-Florida-1-300x169.png 300w, https:\/\/usa-b2.com\/wp-content\/uploads\/2025\/03\/Keys-Florida-1-768x432.png 768w, https:\/\/usa-b2.com\/wp-content\/uploads\/2025\/03\/Keys-Florida-1.png 1099w\" sizes=\"(max-width: 1024px) 100vw, 1024px\" \/><\/figure>\n\n<h2 class=\"wp-block-heading\">Ideel rute gennem Keys<\/h2>\n\n<p>Den klassiske rute starter i <a href=\"https:\/\/www.miami.gov\/Home\">Miami<\/a> og f\u00f8lger <a href=\"https:\/\/en.wikivoyage.org\/wiki\/U.S._Highway_1\">US-1 sydp\u00e5<\/a> til <a href=\"https:\/\/www.cityofkeywest-fl.gov\/\">Key West<\/a>. Her er rutens vigtigste etaper: <\/p>\n\n<ul class=\"wp-block-list\">\n<li><a href=\"https:\/\/www.homesteadfl.gov\/\">Homestead<\/a>: Porten til <a href=\"https:\/\/www.nps.gov\/ever\/index.htm\">Everglades<\/a>, perfekt til en tur med hydrofoil.<\/li>\n\n\n\n<li><a href=\"https:\/\/www.office-tourisme-usa.com\/etat\/floride\/key-largo\/\">Key Largo<\/a>: Ideel til dykning i <a href=\"https:\/\/pennekamppark.com\/\">John Pennekamp Coral Reef State Park.<\/a><\/li>\n\n\n\n<li><a href=\"https:\/\/www.islamorada.fl.us\/\">Islamorada<\/a>: Verdens hovedstad for storvildtfiskeri, perfekt til at smage p\u00e5 frisk fisk.<\/li>\n\n\n\n<li><a href=\"https:\/\/www.ci.marathon.fl.us\/\">Marathon<\/a>: Den ikoniske Seven Mile Bridge og <a href=\"https:\/\/www.visitflorida.com\/travel-ideas\/articles\/sombrero-beach-in-marathon-florida-key-west\/\">Sombrero Beach<\/a>.<\/li>\n\n\n\n<li><strong><a href=\"https:\/\/www.floridastateparks.org\/BahiaHonda\">Bahia Honda State Park<\/a><\/strong> En af Keys&#8217; smukkeste strande.<\/li>\n\n\n\n<li><strong>Key West<\/strong>: Sidste destination, ber\u00f8mt for sin solnedgangsfest p\u00e5 <a href=\"https:\/\/www.mallorysquare.com\/\">Mallory Square<\/a>.<\/li>\n<\/ul>\n\n<h2 class=\"wp-block-heading\">Uundg\u00e5elige landskaber og naturlige stop<\/h2>\n\n<p>The <strong>Keys <\/strong>byder p\u00e5 et mangfoldigt landskab med strande, nationalparker og koralrev.<\/p>\n\n<p>Blandt nationalparkerne kan man bes\u00f8ge Everglades National Park, hvor man kan opleve det lokale dyreliv, mens <a href=\"https:\/\/www.nps.gov\/drto\/index.htm\">Dry Tortugas National Park<\/a>, som kan n\u00e5s med b\u00e5d fra Key West, er hjemsted <a href=\"https:\/\/www.futura-sciences.com\/planete\/photos\/amerique-splendeur-parcs-nationaux-americains-1023\/amerique-fort-jefferson-parc-national-sec-tortugas-7010\/\">for Fort Jefferson<\/a> og krystalklart vand, der er ideelt til snorkling.<\/p>\n\n<p>Andre uforglemmelige sev\u00e6rdigheder er <a href=\"https:\/\/www.tripadvisor.com\/Attraction_Review-g34347-d519772-Reviews-Seven_Mile_Bridge-Marathon_Florida_Keys_Florida.html\">Seven Mile Bridge<\/a>, en af verdens l\u00e6ngste broer, <strong>Sombrero<\/strong> Beach i Marathon og det lave vand ved <a href=\"https:\/\/fla-keys.com\/keysvoices\/experience-big-pine-the-lower-keys\/\">Big Pine Key<\/a>, hvor man kan se hjorte, der er endemiske for regionen.<\/p>\n\n<h2 class=\"wp-block-heading\">Hvor skal man sove i Keys?<\/h2>\n\n<p>Det er vigtigt at finde den rigtige indkvartering, hvis du skal have mest muligt ud af din rejse.<\/p>\n\n<p>Der er mange forskellige muligheder, som passer til dit budget og dine pr\u00e6ferencer:<\/p>\n\n<figure class=\"wp-block-table\"><table class=\"has-fixed-layout\"><tbody><tr><td><strong>By<\/strong><\/td><td><strong>Indkvartering<\/strong><\/td><td><strong>Gennemsnitlig pris\/nat<\/strong><\/td><\/tr><tr><td>Key Largo<\/td><td><a href=\"https:\/\/www.marriott.com\/en-us\/hotels\/mthak-playa-largo-resort-and-spa-autograph-collection\/overview\/?scid=f2ae0541-1279-4f24-b197-a979c79310b0\">Playa Largo Resort &amp; Spa<\/a><\/td><td>180$<\/td><\/tr><tr><td>Maraton<\/td><td><a href=\"https:\/\/www.hawkscay.com\/?NCK=8666906422&amp;utm_source=google&amp;utm_medium=listing&amp;utm_campaign=hawks+cay+resort\">Hawks Cay Resort<\/a><\/td><td>250$<\/td><\/tr><tr><td>Key West<\/td><td><a href=\"https:\/\/www.themarkerkeywest.com\/?NCK=gl-marker\">The Marker Waterfront Resort<\/a><\/td><td>300$<\/td><\/tr><\/tbody><\/table><\/figure>\n\n<h2 class=\"wp-block-heading\">Instagrammable fotospots<\/h2>\n\n<p>The Keys byder p\u00e5 mange ikoniske steder, der er perfekte til dine billeder.<\/p>\n\n<p><a href=\"https:\/\/cityofkeywest-fl.gov\/Facilities\/Facility\/Details\/Southernmost-Point-44\">Southernmost Point i Key West<\/a> er et must at se, ligesom <a href=\"https:\/\/7milebridge.website\/\">Seven Mile Bridge<\/a> ved solnedgang. Hvis du er p\u00e5 udkig efter tropiske omgivelser, kan du tage til <a href=\"https:\/\/www.floridastateparks.org\/BahiaHonda\">Bahia Honda State Park,<\/a> som er ber\u00f8mt for sit turkisbl\u00e5 vand. <\/p>\n\n<p>Af mere us\u00e6dvanlige oplevelser kan n\u00e6vnes den neds\u00e6nkede statue <a href=\"https:\/\/www.atlasobscura.com\/places\/christ-of-the-abyss-florida\">af Christ of the Abyss<\/a> i Key Largo, som er en unik dykkeroplevelse, og <a href=\"https:\/\/www.sunsetcelebration.org\/\">Sunset Celebration<\/a> p\u00e5 <a href=\"https:\/\/www.mallorysquare.com\/\">Mallory Square i Key West,<\/a> som garanterer spektakul\u00e6re billeder.<\/p>\n\n<h2 class=\"wp-block-heading\">Aktiviteter for par og familier<\/h2>\n\n<h3 class=\"wp-block-heading\">Par<\/h3>\n\n<p>En tur til Keys er en romantisk udflugt par excellence. En middag ved havet, f.eks. p\u00e5 <a href=\"https:\/\/www.moradabaykeys.com\/dining\/pierres-restaurant\/\">Pierre&#8217;s Restaurant<\/a> i Islamorada, er den perfekte ramme. Sejlture ved solnedgang til Key West er uforglemmelige, og det samme er en dag med snorkling ved <a href=\"https:\/\/floridakeys.noaa.gov\/zones\/spas\/loeekey.html\">Looe Key Reef<\/a>.  <\/p>\n\n<h3 class=\"wp-block-heading\">Familie<\/h3>\n\n<p>The Keys er ogs\u00e5 en perfekt destination for familier. B\u00f8rn vil elske : <\/p>\n\n<ul class=\"wp-block-list\">\n<li>Sv\u00f8m med delfiner p\u00e5 <a href=\"https:\/\/dolphins.org\/\">Dolphin Research Center<\/a> i Marathon.<\/li>\n\n\n\n<li>Udforsk Key Wests interaktive akvarier.<\/li>\n\n\n\n<li>Kajak gennem mangroven ved <a href=\"https:\/\/www.expedia.fr\/Big-Pine-Key.dx7195\">Big Pine Key.<\/a><\/li>\n<\/ul>\n\n<p>At rejse gennem Florida Keys er en unik oplevelse, der kombinerer sublim natur, en r\u00e6kke aktiviteter og kvalitetsindkvartering. Uanset om du er dykker, roadtrip-entusiast eller p\u00e5 jagt efter romantik, lover denne rejse uforglemmelige minder. Planl\u00e6g din rejseplan, book dine hoteller, og nyd et enest\u00e5ende eventyr p\u00e5 en af de mest legendariske veje i USA!  <\/p>\n\n<p><\/p>\n","protected":false},"excerpt":{"rendered":"<p>Guide til en roadtrip i US Keys Florida Keys er en paradisisk \u00f8gruppe, der str\u00e6kker sig over 180 km mellem Key Largo og Key West. At rejse p\u00e5 denne legendariske rute viaOverseas Highway (US-1) byder p\u00e5 uforglemmelig natur, strategiske stop og total fordybelse i en unik tropisk atmosf\u00e6re. Uanset om du rejser som par, med [&hellip;]<\/p>\n","protected":false},"author":1,"featured_media":0,"parent":0,"menu_order":0,"comment_status":"closed","ping_status":"closed","template":"","meta":{"footnotes":""},"class_list":["post-7809","page","type-page","status-publish","hentry"],"yoast_head":"<!-- This site is optimized with the Yoast SEO plugin v27.4 - https:\/\/yoast.com\/product\/yoast-seo-wordpress\/ -->\n<title>Road trip i Keys: rejseplan, tips og must-sees i Florida - USA B2<\/title>\n<meta name=\"description\" content=\"Oplev guiden til Florida Keys road trip: rejseplan, landskaber, hoteller, aktiviteter og instagrammable fotospots.\" \/>\n<meta name=\"robots\" content=\"index, follow, max-snippet:-1, max-image-preview:large, max-video-preview:-1\" \/>\n<link rel=\"canonical\" href=\"https:\/\/usa-b2.com\/da\/florida-keys\/\" \/>\n<meta property=\"og:locale\" content=\"da_DK\" \/>\n<meta property=\"og:type\" content=\"article\" \/>\n<meta property=\"og:title\" content=\"Road trip i Keys: rejseplan, tips og must-sees i Florida - USA B2\" \/>\n<meta property=\"og:description\" content=\"Oplev guiden til Florida Keys road trip: rejseplan, landskaber, hoteller, aktiviteter og instagrammable fotospots.\" \/>\n<meta property=\"og:url\" content=\"https:\/\/usa-b2.com\/da\/florida-keys\/\" \/>\n<meta property=\"og:site_name\" content=\"USA B2\" \/>\n<meta property=\"article:modified_time\" content=\"2025-06-05T09:23:43+00:00\" \/>\n<meta property=\"og:image\" content=\"https:\/\/usa-b2.com\/wp-content\/uploads\/2025\/03\/Keys-Florida-1.png\" \/>\n\t<meta property=\"og:image:width\" content=\"1099\" \/>\n\t<meta property=\"og:image:height\" content=\"618\" \/>\n\t<meta property=\"og:image:type\" content=\"image\/png\" \/>\n<meta name=\"twitter:card\" content=\"summary_large_image\" \/>\n<meta name=\"twitter:label1\" content=\"Estimeret l\u00e6setid\" \/>\n\t<meta name=\"twitter:data1\" content=\"3 minutter\" \/>\n<script type=\"application\/ld+json\" class=\"yoast-schema-graph\">{\"@context\":\"https:\\\/\\\/schema.org\",\"@graph\":[{\"@type\":\"WebPage\",\"@id\":\"https:\\\/\\\/usa-b2.com\\\/da\\\/florida-keys\\\/\",\"url\":\"https:\\\/\\\/usa-b2.com\\\/da\\\/florida-keys\\\/\",\"name\":\"Road trip i Keys: rejseplan, tips og must-sees i Florida - USA B2\",\"isPartOf\":{\"@id\":\"https:\\\/\\\/usa-b2.com\\\/da\\\/#website\"},\"primaryImageOfPage\":{\"@id\":\"https:\\\/\\\/usa-b2.com\\\/da\\\/florida-keys\\\/#primaryimage\"},\"image\":{\"@id\":\"https:\\\/\\\/usa-b2.com\\\/da\\\/florida-keys\\\/#primaryimage\"},\"thumbnailUrl\":\"https:\\\/\\\/usa-b2.com\\\/wp-content\\\/uploads\\\/2025\\\/03\\\/Keys-Florida-1-1024x576.png\",\"datePublished\":\"2025-03-17T11:01:36+00:00\",\"dateModified\":\"2025-06-05T09:23:43+00:00\",\"description\":\"Oplev guiden til Florida Keys road trip: rejseplan, landskaber, hoteller, aktiviteter og instagrammable fotospots.\",\"breadcrumb\":{\"@id\":\"https:\\\/\\\/usa-b2.com\\\/da\\\/florida-keys\\\/#breadcrumb\"},\"inLanguage\":\"da-DK\",\"potentialAction\":[{\"@type\":\"ReadAction\",\"target\":[\"https:\\\/\\\/usa-b2.com\\\/da\\\/florida-keys\\\/\"]}]},{\"@type\":\"ImageObject\",\"inLanguage\":\"da-DK\",\"@id\":\"https:\\\/\\\/usa-b2.com\\\/da\\\/florida-keys\\\/#primaryimage\",\"url\":\"https:\\\/\\\/usa-b2.com\\\/wp-content\\\/uploads\\\/2025\\\/03\\\/Keys-Florida-1-1024x576.png\",\"contentUrl\":\"https:\\\/\\\/usa-b2.com\\\/wp-content\\\/uploads\\\/2025\\\/03\\\/Keys-Florida-1-1024x576.png\"},{\"@type\":\"BreadcrumbList\",\"@id\":\"https:\\\/\\\/usa-b2.com\\\/da\\\/florida-keys\\\/#breadcrumb\",\"itemListElement\":[{\"@type\":\"ListItem\",\"position\":1,\"name\":\"Accueil\",\"item\":\"https:\\\/\\\/usa-b2.com\\\/da\\\/usa\\\/\"},{\"@type\":\"ListItem\",\"position\":2,\"name\":\"Road trip i Keys: rejseplan, tips og must-sees i Florida\"}]},{\"@type\":\"WebSite\",\"@id\":\"https:\\\/\\\/usa-b2.com\\\/da\\\/#website\",\"url\":\"https:\\\/\\\/usa-b2.com\\\/da\\\/\",\"name\":\"USA B2 VISA\",\"description\":\"\",\"potentialAction\":[{\"@type\":\"SearchAction\",\"target\":{\"@type\":\"EntryPoint\",\"urlTemplate\":\"https:\\\/\\\/usa-b2.com\\\/da\\\/?s={search_term_string}\"},\"query-input\":{\"@type\":\"PropertyValueSpecification\",\"valueRequired\":true,\"valueName\":\"search_term_string\"}}],\"inLanguage\":\"da-DK\"}]}<\/script>\n<!-- \/ Yoast SEO plugin. -->","yoast_head_json":{"title":"Road trip i Keys: rejseplan, tips og must-sees i Florida - USA B2","description":"Oplev guiden til Florida Keys road trip: rejseplan, landskaber, hoteller, aktiviteter og instagrammable fotospots.","robots":{"index":"index","follow":"follow","max-snippet":"max-snippet:-1","max-image-preview":"max-image-preview:large","max-video-preview":"max-video-preview:-1"},"canonical":"https:\/\/usa-b2.com\/da\/florida-keys\/","og_locale":"da_DK","og_type":"article","og_title":"Road trip i Keys: rejseplan, tips og must-sees i Florida - USA B2","og_description":"Oplev guiden til Florida Keys road trip: rejseplan, landskaber, hoteller, aktiviteter og instagrammable fotospots.","og_url":"https:\/\/usa-b2.com\/da\/florida-keys\/","og_site_name":"USA B2","article_modified_time":"2025-06-05T09:23:43+00:00","og_image":[{"width":1099,"height":618,"url":"https:\/\/usa-b2.com\/wp-content\/uploads\/2025\/03\/Keys-Florida-1.png","type":"image\/png"}],"twitter_card":"summary_large_image","twitter_misc":{"Estimeret l\u00e6setid":"3 minutter"},"schema":{"@context":"https:\/\/schema.org","@graph":[{"@type":"WebPage","@id":"https:\/\/usa-b2.com\/da\/florida-keys\/","url":"https:\/\/usa-b2.com\/da\/florida-keys\/","name":"Road trip i Keys: rejseplan, tips og must-sees i Florida - USA B2","isPartOf":{"@id":"https:\/\/usa-b2.com\/da\/#website"},"primaryImageOfPage":{"@id":"https:\/\/usa-b2.com\/da\/florida-keys\/#primaryimage"},"image":{"@id":"https:\/\/usa-b2.com\/da\/florida-keys\/#primaryimage"},"thumbnailUrl":"https:\/\/usa-b2.com\/wp-content\/uploads\/2025\/03\/Keys-Florida-1-1024x576.png","datePublished":"2025-03-17T11:01:36+00:00","dateModified":"2025-06-05T09:23:43+00:00","description":"Oplev guiden til Florida Keys road trip: rejseplan, landskaber, hoteller, aktiviteter og instagrammable fotospots.","breadcrumb":{"@id":"https:\/\/usa-b2.com\/da\/florida-keys\/#breadcrumb"},"inLanguage":"da-DK","potentialAction":[{"@type":"ReadAction","target":["https:\/\/usa-b2.com\/da\/florida-keys\/"]}]},{"@type":"ImageObject","inLanguage":"da-DK","@id":"https:\/\/usa-b2.com\/da\/florida-keys\/#primaryimage","url":"https:\/\/usa-b2.com\/wp-content\/uploads\/2025\/03\/Keys-Florida-1-1024x576.png","contentUrl":"https:\/\/usa-b2.com\/wp-content\/uploads\/2025\/03\/Keys-Florida-1-1024x576.png"},{"@type":"BreadcrumbList","@id":"https:\/\/usa-b2.com\/da\/florida-keys\/#breadcrumb","itemListElement":[{"@type":"ListItem","position":1,"name":"Accueil","item":"https:\/\/usa-b2.com\/da\/usa\/"},{"@type":"ListItem","position":2,"name":"Road trip i Keys: rejseplan, tips og must-sees i Florida"}]},{"@type":"WebSite","@id":"https:\/\/usa-b2.com\/da\/#website","url":"https:\/\/usa-b2.com\/da\/","name":"USA B2 VISA","description":"","potentialAction":[{"@type":"SearchAction","target":{"@type":"EntryPoint","urlTemplate":"https:\/\/usa-b2.com\/da\/?s={search_term_string}"},"query-input":{"@type":"PropertyValueSpecification","valueRequired":true,"valueName":"search_term_string"}}],"inLanguage":"da-DK"}]}},"_links":{"self":[{"href":"https:\/\/usa-b2.com\/da\/wp-json\/wp\/v2\/pages\/7809","targetHints":{"allow":["GET"]}}],"collection":[{"href":"https:\/\/usa-b2.com\/da\/wp-json\/wp\/v2\/pages"}],"about":[{"href":"https:\/\/usa-b2.com\/da\/wp-json\/wp\/v2\/types\/page"}],"author":[{"embeddable":true,"href":"https:\/\/usa-b2.com\/da\/wp-json\/wp\/v2\/users\/1"}],"replies":[{"embeddable":true,"href":"https:\/\/usa-b2.com\/da\/wp-json\/wp\/v2\/comments?post=7809"}],"version-history":[{"count":0,"href":"https:\/\/usa-b2.com\/da\/wp-json\/wp\/v2\/pages\/7809\/revisions"}],"wp:attachment":[{"href":"https:\/\/usa-b2.com\/da\/wp-json\/wp\/v2\/media?parent=7809"}],"curies":[{"name":"wp","href":"https:\/\/api.w.org\/{rel}","templated":true}]}}