{"id":7058,"date":"2025-01-09T15:37:29","date_gmt":"2025-01-09T15:37:29","guid":{"rendered":"https:\/\/usa-b2.com\/guide-roadtrips\/"},"modified":"2026-04-17T06:47:13","modified_gmt":"2026-04-17T06:47:13","slug":"usa","status":"publish","type":"page","link":"https:\/\/usa-b2.com\/da\/","title":{"rendered":"Formaliteter og visa for at rejse til USA"},"content":{"rendered":"\t\t<div data-elementor-type=\"wp-page\" data-elementor-id=\"7058\" class=\"elementor elementor-7058 elementor-5862\" data-elementor-post-type=\"page\">\n\t\t\t\t<div class=\"elementor-element elementor-element-25f0184b e-flex e-con-boxed e-con e-parent\" data-id=\"25f0184b\" data-element_type=\"container\" data-e-type=\"container\">\n\t\t\t\t\t<div class=\"e-con-inner\">\n\t\t\t\t<div class=\"elementor-element elementor-element-da8eda0 elementor-widget elementor-widget-heading\" data-id=\"da8eda0\" data-element_type=\"widget\" data-e-type=\"widget\" data-widget_type=\"heading.default\">\n\t\t\t\t<div class=\"elementor-widget-container\">\n\t\t\t\t\t<h1 class=\"elementor-heading-title elementor-size-default\">Indrejse i USA: formaliteter, visa og rejsetilladelser<\/h1>\t\t\t\t<\/div>\n\t\t\t\t<\/div>\n\t\t\t\t<div class=\"elementor-element elementor-element-3057987b elementor-widget elementor-widget-text-editor\" data-id=\"3057987b\" data-element_type=\"widget\" data-e-type=\"widget\" data-widget_type=\"text-editor.default\">\n\t\t\t\t<div class=\"elementor-widget-container\">\n\t\t\t\t\t\t\t\t\t<p>Indrejse til USA er underlagt strenge regler, der er fastsat af de amerikanske f\u00f8derale myndigheder. Afh\u00e6ngigt af din nationalitet og opholdets l\u00e6ngde og form\u00e5l skal du ans\u00f8ge om enten en elektronisk rejsetilladelse eller et visum udstedt af USA&#8217;s konsul\u00e6re tjenester. <\/p>\n<p>Uanset om du er turist, forretningsrejsende, studerende eller i transit, kan kravene til indrejse i Europa variere afh\u00e6ngigt af din nationalitet, l\u00e6ngden af dit ophold og det land, du bes\u00f8ger. Her finder du alle de oplysninger, du skal bruge for at forst\u00e5, hvilke skridt du skal tage, f\u00f8r du rejser. <\/p>\t\t\t\t\t\t\t\t<\/div>\n\t\t\t\t<\/div>\n\t\t\t\t\t<\/div>\n\t\t\t\t<\/div>\n\t\t<div class=\"elementor-element elementor-element-0783ab2 e-flex e-con-boxed e-con e-parent\" data-id=\"0783ab2\" data-element_type=\"container\" data-e-type=\"container\">\n\t\t\t\t\t<div class=\"e-con-inner\">\n\t\t\t\t<div class=\"elementor-element elementor-element-655d6cf elementor-widget elementor-widget-heading\" data-id=\"655d6cf\" data-element_type=\"widget\" data-e-type=\"widget\" data-widget_type=\"heading.default\">\n\t\t\t\t<div class=\"elementor-widget-container\">\n\t\t\t\t\t<h1 class=\"elementor-heading-title elementor-size-default\">De vigtigste formaliteter for at komme ind i USA<\/h1>\t\t\t\t<\/div>\n\t\t\t\t<\/div>\n\t\t\t\t<div class=\"elementor-element elementor-element-bc72304 elementor-widget elementor-widget-text-editor\" data-id=\"bc72304\" data-element_type=\"widget\" data-e-type=\"widget\" data-widget_type=\"text-editor.default\">\n\t\t\t\t<div class=\"elementor-widget-container\">\n\t\t\t\t\t\t\t\t\t<p>Krav i form af dokumenter eller personlige forpligtelser kan omfatte :<\/p>\n<ul>\n<li>Et <a href=\"https:\/\/usa-b2.com\/da\/pas-rejse-usa\/\">gyldigt biometrisk pas<\/a><\/li>\n<li><a href=\"https:\/\/usa-b2.com\/da\/hvad-er-en-esta\/\">ESTA-autorisation<\/a> eller et gyldigt visum<\/li>\n<li>En retur- eller videresendelsesbillet<\/li>\n<li>Bevis for ophold (indkvartering, \u00f8konomiske ressourcer)<\/li>\n<li>Overholdelse af g\u00e6ldende sundheds- og sikkerhedskrav<\/li>\n<\/ul>\n<p> <\/p>\n<p>Manglende overholdelse af disse krav kan resultere i n\u00e6gtet ombordstigning eller indrejse i USA.<\/p>\t\t\t\t\t\t\t\t<\/div>\n\t\t\t\t<\/div>\n\t\t\t\t\t<\/div>\n\t\t\t\t<\/div>\n\t\t<div class=\"elementor-element elementor-element-3b41ded e-flex e-con-boxed e-con e-parent\" data-id=\"3b41ded\" data-element_type=\"container\" data-e-type=\"container\">\n\t\t\t\t\t<div class=\"e-con-inner\">\n\t\t\t\t<div class=\"elementor-element elementor-element-5eed267 elementor-widget elementor-widget-heading\" data-id=\"5eed267\" data-element_type=\"widget\" data-e-type=\"widget\" data-widget_type=\"heading.default\">\n\t\t\t\t<div class=\"elementor-widget-container\">\n\t\t\t\t\t<h1 class=\"elementor-heading-title elementor-size-default\">Lovgivningsm\u00e6ssige rammer og adgangskontrol<\/h1>\t\t\t\t<\/div>\n\t\t\t\t<\/div>\n\t\t\t\t<div class=\"elementor-element elementor-element-f65c260 elementor-widget elementor-widget-text-editor\" data-id=\"f65c260\" data-element_type=\"widget\" data-e-type=\"widget\" data-widget_type=\"text-editor.default\">\n\t\t\t\t<div class=\"elementor-widget-container\">\n\t\t\t\t\t\t\t\t\t<p>De amerikanske myndigheder, is\u00e6r <a href=\"https:\/\/www.dhs.gov\/\">Department of Homeland Security<\/a> (DHS) og <a href=\"https:\/\/www.cbp.gov\/\">Customs and Border Protection<\/a> (CBP), har sk\u00f8nsm\u00e6ssige bef\u00f8jelser, n\u00e5r de udf\u00f8rer gr\u00e6nsekontrol.<\/p>\n<p>Selv med et gyldigt <a href=\"https:\/\/usa-b2.com\/da\/b2-visum\/\">B2-visum<\/a> eller ESTA-autorisation er indrejse aldrig garanteret.<\/p>\t\t\t\t\t\t\t\t<\/div>\n\t\t\t\t<\/div>\n\t\t\t\t\t<\/div>\n\t\t\t\t<\/div>\n\t\t<div class=\"elementor-element elementor-element-16607a42 e-flex e-con-boxed e-con e-parent\" data-id=\"16607a42\" data-element_type=\"container\" data-e-type=\"container\">\n\t\t\t\t\t<div class=\"e-con-inner\">\n\t\t\t\t<div class=\"elementor-element elementor-element-5a4c4ba9 elementor-widget elementor-widget-heading\" data-id=\"5a4c4ba9\" data-element_type=\"widget\" data-e-type=\"widget\" data-widget_type=\"heading.default\">\n\t\t\t\t<div class=\"elementor-widget-container\">\n\t\t\t\t\t<h2 class=\"elementor-heading-title elementor-size-default\">Identificer den formalitet, der passer bedst til din situation<\/h2>\t\t\t\t<\/div>\n\t\t\t\t<\/div>\n\t\t\t\t<div class=\"elementor-element elementor-element-44123fad elementor-widget elementor-widget-text-editor\" data-id=\"44123fad\" data-element_type=\"widget\" data-e-type=\"widget\" data-widget_type=\"text-editor.default\">\n\t\t\t\t<div class=\"elementor-widget-container\">\n\t\t\t\t\t\t\t\t\t<p>F\u00f8r man tager nogen skridt, er det vigtigt at finde ud af, hvilken indrejseordning der g\u00e6lder for den rejsende:<\/p>\t\t\t\t\t\t\t\t<\/div>\n\t\t\t\t<\/div>\n\t\t\t\t\t<\/div>\n\t\t\t\t<\/div>\n\t\t\t\t<section class=\"elementor-section elementor-inner-section elementor-element elementor-element-4134e1d elementor-section-boxed elementor-section-height-default elementor-section-height-default\" data-id=\"4134e1d\" data-element_type=\"section\" data-e-type=\"section\">\n\t\t\t\t\t\t<div class=\"elementor-container elementor-column-gap-narrow\">\n\t\t\t\t\t<div class=\"elementor-column elementor-col-33 elementor-inner-column elementor-element elementor-element-24af75f4\" data-id=\"24af75f4\" data-element_type=\"column\" data-e-type=\"column\" data-settings=\"{&quot;background_background&quot;:&quot;classic&quot;}\">\n\t\t\t<div class=\"elementor-widget-wrap elementor-element-populated\">\n\t\t\t\t\t\t<div class=\"elementor-element elementor-element-fb508c6 elementor-widget elementor-widget-heading\" data-id=\"fb508c6\" data-element_type=\"widget\" data-e-type=\"widget\" data-widget_type=\"heading.default\">\n\t\t\t\t<div class=\"elementor-widget-container\">\n\t\t\t\t\t<h3 class=\"elementor-heading-title elementor-size-default\">Kort turistrejse<\/h3>\t\t\t\t<\/div>\n\t\t\t\t<\/div>\n\t\t\t\t<div class=\"elementor-element elementor-element-d1b2990 elementor-widget elementor-widget-text-editor\" data-id=\"d1b2990\" data-element_type=\"widget\" data-e-type=\"widget\" data-widget_type=\"text-editor.default\">\n\t\t\t\t<div class=\"elementor-widget-container\">\n\t\t\t\t\t\t\t\t\t<p>Du beh\u00f8ver ikke at f\u00e5 et visum; du skal blot udfylde <a href=\"https:\/\/usa-b2.com\/da\/esta-formular-online\/\">ESTA-formularen online<\/a>.<\/p>\t\t\t\t\t\t\t\t<\/div>\n\t\t\t\t<\/div>\n\t\t\t\t\t<\/div>\n\t\t<\/div>\n\t\t\t\t<div class=\"elementor-column elementor-col-33 elementor-inner-column elementor-element elementor-element-ecde766\" data-id=\"ecde766\" data-element_type=\"column\" data-e-type=\"column\" data-settings=\"{&quot;background_background&quot;:&quot;classic&quot;}\">\n\t\t\t<div class=\"elementor-widget-wrap elementor-element-populated\">\n\t\t\t\t\t\t<div class=\"elementor-element elementor-element-99a3cf6 elementor-widget elementor-widget-heading\" data-id=\"99a3cf6\" data-element_type=\"widget\" data-e-type=\"widget\" data-widget_type=\"heading.default\">\n\t\t\t\t<div class=\"elementor-widget-container\">\n\t\t\t\t\t<h3 class=\"elementor-heading-title elementor-size-default\">L\u00e6ngerevarende turistophold<\/h3>\t\t\t\t<\/div>\n\t\t\t\t<\/div>\n\t\t\t\t<div class=\"elementor-element elementor-element-bc73e2d elementor-widget elementor-widget-text-editor\" data-id=\"bc73e2d\" data-element_type=\"widget\" data-e-type=\"widget\" data-widget_type=\"text-editor.default\">\n\t\t\t\t<div class=\"elementor-widget-container\">\n\t\t\t\t\t\t\t\t\t<p>Hvis du skal opholde dig i mere end 90 dage, skal du udfylde <a href=\"https:\/\/usa-b2.com\/da\/b2-visum-formular-online\/\">B2-visumformularen<\/a>.<\/p>\t\t\t\t\t\t\t\t<\/div>\n\t\t\t\t<\/div>\n\t\t\t\t\t<\/div>\n\t\t<\/div>\n\t\t\t\t<div class=\"elementor-column elementor-col-33 elementor-inner-column elementor-element elementor-element-d523a50\" data-id=\"d523a50\" data-element_type=\"column\" data-e-type=\"column\" data-settings=\"{&quot;background_background&quot;:&quot;classic&quot;}\">\n\t\t\t<div class=\"elementor-widget-wrap elementor-element-populated\">\n\t\t\t\t\t\t<div class=\"elementor-element elementor-element-1b87837 elementor-widget elementor-widget-heading\" data-id=\"1b87837\" data-element_type=\"widget\" data-e-type=\"widget\" data-widget_type=\"heading.default\">\n\t\t\t\t<div class=\"elementor-widget-container\">\n\t\t\t\t\t<h3 class=\"elementor-heading-title elementor-size-default\">Forretningsrejser<\/h3>\t\t\t\t<\/div>\n\t\t\t\t<\/div>\n\t\t\t\t<div class=\"elementor-element elementor-element-ce3d72b elementor-widget elementor-widget-text-editor\" data-id=\"ce3d72b\" data-element_type=\"widget\" data-e-type=\"widget\" data-widget_type=\"text-editor.default\">\n\t\t\t\t<div class=\"elementor-widget-container\">\n\t\t\t\t\t\t\t\t\t<p>Du skal have et <a href=\"https:\/\/usa-b2.com\/da\/transit-visum-usa\/\">transitvisum<\/a> eller v\u00e6lge et af de specifikke amerikanske visa.  <\/p>\t\t\t\t\t\t\t\t<\/div>\n\t\t\t\t<\/div>\n\t\t\t\t\t<\/div>\n\t\t<\/div>\n\t\t\t\t\t<\/div>\n\t\t<\/section>\n\t\t<div class=\"elementor-element elementor-element-bcc78b1 e-flex e-con-boxed e-con e-parent\" data-id=\"bcc78b1\" data-element_type=\"container\" data-e-type=\"container\">\n\t\t\t\t\t<div class=\"e-con-inner\">\n\t\t\t\t<div class=\"elementor-element elementor-element-d12a41e elementor-widget elementor-widget-spacer\" data-id=\"d12a41e\" data-element_type=\"widget\" data-e-type=\"widget\" data-widget_type=\"spacer.default\">\n\t\t\t\t<div class=\"elementor-widget-container\">\n\t\t\t\t\t\t\t<div class=\"elementor-spacer\">\n\t\t\t<div class=\"elementor-spacer-inner\"><\/div>\n\t\t<\/div>\n\t\t\t\t\t\t<\/div>\n\t\t\t\t<\/div>\n\t\t\t\t<div class=\"elementor-element elementor-element-9771599 elementor-widget elementor-widget-heading\" data-id=\"9771599\" data-element_type=\"widget\" data-e-type=\"widget\" data-widget_type=\"heading.default\">\n\t\t\t\t<div class=\"elementor-widget-container\">\n\t\t\t\t\t<h2 class=\"elementor-heading-title elementor-size-default\">Forberedelse af dit ophold i USA<\/h2>\t\t\t\t<\/div>\n\t\t\t\t<\/div>\n\t\t\t\t<div class=\"elementor-element elementor-element-81e2890 elementor-widget elementor-widget-image\" data-id=\"81e2890\" data-element_type=\"widget\" data-e-type=\"widget\" data-widget_type=\"image.default\">\n\t\t\t\t<div class=\"elementor-widget-container\">\n\t\t\t\t\t\t\t\t\t\t\t\t<figure class=\"wp-caption\">\n\t\t\t\t\t\t\t\t\t\t<img fetchpriority=\"high\" decoding=\"async\" width=\"768\" height=\"615\" src=\"https:\/\/usa-b2.com\/wp-content\/uploads\/2026\/04\/usa-travel-768x615.png\" class=\"attachment-medium_large size-medium_large wp-image-11220\" alt=\"Rejser til USA\" srcset=\"https:\/\/usa-b2.com\/wp-content\/uploads\/2026\/04\/usa-travel-768x615.png 768w, https:\/\/usa-b2.com\/wp-content\/uploads\/2026\/04\/usa-travel-300x240.png 300w, https:\/\/usa-b2.com\/wp-content\/uploads\/2026\/04\/usa-travel-1024x819.png 1024w, https:\/\/usa-b2.com\/wp-content\/uploads\/2026\/04\/usa-travel.png 1402w\" sizes=\"(max-width: 768px) 100vw, 768px\" \/>\t\t\t\t\t\t\t\t\t\t\t<figcaption class=\"widget-image-caption wp-caption-text\">Forberedelse af din rejse til USA<\/figcaption>\n\t\t\t\t\t\t\t\t\t\t<\/figure>\n\t\t\t\t\t\t\t\t\t<\/div>\n\t\t\t\t<\/div>\n\t\t\t\t\t<\/div>\n\t\t\t\t<\/div>\n\t\t<div class=\"elementor-element elementor-element-aa03b27 e-flex e-con-boxed e-con e-parent\" data-id=\"aa03b27\" data-element_type=\"container\" data-e-type=\"container\">\n\t\t\t\t\t<div class=\"e-con-inner\">\n\t\t\t\t<div class=\"elementor-element elementor-element-9420c73 elementor-widget elementor-widget-spacer\" data-id=\"9420c73\" data-element_type=\"widget\" data-e-type=\"widget\" data-widget_type=\"spacer.default\">\n\t\t\t\t<div class=\"elementor-widget-container\">\n\t\t\t\t\t\t\t<div class=\"elementor-spacer\">\n\t\t\t<div class=\"elementor-spacer-inner\"><\/div>\n\t\t<\/div>\n\t\t\t\t\t\t<\/div>\n\t\t\t\t<\/div>\n\t\t\t\t\t<\/div>\n\t\t\t\t<\/div>\n\t\t<div class=\"elementor-element elementor-element-5908cfe e-flex e-con-boxed e-con e-parent\" data-id=\"5908cfe\" data-element_type=\"container\" data-e-type=\"container\">\n\t\t\t\t\t<div class=\"e-con-inner\">\n\t\t<div class=\"elementor-element elementor-element-defe722 e-con-full e-flex e-con e-child\" data-id=\"defe722\" data-element_type=\"container\" data-e-type=\"container\">\n\t\t\t\t<div class=\"elementor-element elementor-element-0a47d46 elementor-widget elementor-widget-heading\" data-id=\"0a47d46\" data-element_type=\"widget\" data-e-type=\"widget\" data-widget_type=\"heading.default\">\n\t\t\t\t<div class=\"elementor-widget-container\">\n\t\t\t\t\t<h2 class=\"elementor-heading-title elementor-size-default\">De bedste roadtrips i USA<\/h2>\t\t\t\t<\/div>\n\t\t\t\t<\/div>\n\t\t\t\t<div class=\"elementor-element elementor-element-151d6e2 elementor-widget elementor-widget-heading\" data-id=\"151d6e2\" data-element_type=\"widget\" data-e-type=\"widget\" data-widget_type=\"heading.default\">\n\t\t\t\t<div class=\"elementor-widget-container\">\n\t\t\t\t\t<h5 class=\"elementor-heading-title elementor-size-default\">Her er en liste over de bedste roadtrips i USA. Disse ruter inkluderer fantastisk natur, kulturelle attraktioner og must-see stop. <\/h5>\t\t\t\t<\/div>\n\t\t\t\t<\/div>\n\t\t\t\t<\/div>\n\t\t\t\t\t<\/div>\n\t\t\t\t<\/div>\n\t\t<div class=\"elementor-element elementor-element-42d81b6 e-flex e-con-boxed e-con e-parent\" data-id=\"42d81b6\" data-element_type=\"container\" data-e-type=\"container\">\n\t\t\t\t\t<div class=\"e-con-inner\">\n\t\t\t\t<div class=\"elementor-element elementor-element-895c792 elementor-widget elementor-widget-html\" data-id=\"895c792\" data-element_type=\"widget\" data-e-type=\"widget\" data-widget_type=\"html.default\">\n\t\t\t\t<div class=\"elementor-widget-container\">\n\t\t\t\t\t<table>\n  <thead>\n    <tr>\n      <th>Navn p\u00e5 k\u00f8returen<\/th>\n      <th>Afstand<\/th>\n      <th>Varighed<\/th>\n    <\/tr>\n  <\/thead>\n  <tbody>\n    <tr>\n      <td><a href=\"https:\/\/usa-b2.com\/da\/stillehavs-kyst-motorvej\/\">Pacific Coast Highway<\/a><\/td>\n      <td>~1.050 km (650 miles)<\/td>\n      <td>7-10 dage<\/td>\n    <\/tr>\n    <tr>\n      <td><a href=\"https:\/\/usa-b2.com\/da\/store-parker-vest-for-usa\/\">Store vestlige parker<\/a><\/td>\n      <td>~1.100 km (680 miles)<\/td>\n      <td>7-9 dage<\/td>\n    <\/tr>\n    <tr>\n      <td><a href=\"https:\/\/usa-b2.com\/da\/yosemite-sierra-nevada-forenede-stater\/\">Yosemite og Sierra Nevada<\/a><\/td>\n      <td>~500 km (310 miles)<\/td>\n      <td>4-5 dage<\/td>\n    <\/tr>\n    <tr>\n      <td><a href=\"https:\/\/usa-b2.com\/da\/orken-nevada-forenede-stater\/\">Nevada og Californien<\/a><\/td>\n      <td>~1.200 km (750 miles)<\/td>\n      <td>6-8 dage<\/td>\n    <\/tr>\n    <tr>\n      <td><a href=\"https:\/\/usa-b2.com\/da\/blue-ridge-parkway-forenede-stater\/\">Blue Ridge Parkway<\/a><\/td>\n      <td>~755 km (469 miles)<\/td>\n      <td>5-7 dage<\/td>\n    <\/tr>\n    <tr>\n      <td><a href=\"https:\/\/usa-b2.com\/da\/new-england-fall-foliage-tur\/\">New England efter\u00e5rsl\u00f8vetur<\/a><\/td>\n      <td>~800 km (500 miles)<\/td>\n      <td>7-9 dage<\/td>\n    <\/tr>\n    <tr>\n      <td><a href=\"https:\/\/usa-b2.com\/da\/roadtrip-boston-til-washington\/\">Boston til Washington D.C.<\/a><\/td>\n      <td>~725 km (450 miles)<\/td>\n      <td>7 dage<\/td>\n    <\/tr>\n    <tr>\n      <td><a href=\"https:\/\/usa-b2.com\/da\/strande-florida-atlanterhavskysten\/\">Strandene i Florida<\/a><\/td>\n      <td>~600 km (370 miles)<\/td>\n      <td>5 dage<\/td>\n    <\/tr>\n    <tr>\n      <td><a href=\"https:\/\/usa-b2.com\/da\/route-66-the-mother-road\/\">Route 66 (modervejen)<\/a><\/td>\n      <td>~3.940 km (2.448 miles)<\/td>\n      <td>2-3 uger<\/td>\n    <\/tr>\n    <tr>\n      <td><a href=\"https:\/\/usa-b2.com\/da\/great-lakes-circle-tour\/\">Tur rundt om de store s\u00f8er<\/a><\/td>\n      <td>~2.000 km (1.240 miles)<\/td>\n      <td>10-14 dage<\/td>\n    <\/tr>\n    <tr>\n      <td><a href=\"https:\/\/usa-b2.com\/da\/badlands-et-black-hills-dakota-du-sud\/\">Badlands og Black Hills<\/a><\/td>\n      <td>~1.000 km (620 miles)<\/td>\n      <td>7 dage<\/td>\n    <\/tr>\n    <tr>\n      <td><a href=\"https:\/\/usa-b2.com\/da\/ozarks-scenic-byway-missouri\/\">Ozarks natursk\u00f8nne byvej<\/a><\/td>\n      <td>~500 km (310 miles)<\/td>\n      <td>4-5 dage<\/td>\n    <\/tr>\n    <tr>\n      <td><a href=\"https:\/\/usa-b2.com\/da\/texas-hill-country\/\">Texas Hill Country<\/a><\/td>\n      <td>~450 km (280 miles)<\/td>\n      <td>4-5 dage<\/td>\n    <\/tr>\n    <tr>\n      <td><a href=\"https:\/\/usa-b2.com\/da\/florida-keys\/\">Florida Keys<\/a><\/td>\n      <td>~260 km (160 miles)<\/td>\n      <td>3-4 dage<\/td>\n    <\/tr>\n    <tr>\n      <td><a href=\"https:\/\/usa-b2.com\/da\/sydvest-vejtur-forenede-stater\/\">Stor cirkel<\/a><\/td>\n      <td>~2.000 km (1.250 miles)<\/td>\n      <td>10-14 dage<\/td>\n    <\/tr>\n    <tr>\n      <td><a href=\"https:\/\/usa-b2.com\/da\/deep-south-music-tour\/\">Musikrejse i det dybe syd<\/a><\/td>\n      <td>~1.300 km (800 miles)<\/td>\n      <td>10 dage<\/td>\n    <\/tr>\n  <\/tbody>\n<\/table>\t\t\t\t<\/div>\n\t\t\t\t<\/div>\n\t\t\t\t\t<\/div>\n\t\t\t\t<\/div>\n\t\t\t\t<\/div>\n\t\t","protected":false},"excerpt":{"rendered":"<p>Indrejse i USA: formaliteter, visa og rejsetilladelser Indrejse til USA er underlagt strenge regler, der er fastsat af de amerikanske f\u00f8derale myndigheder. Afh\u00e6ngigt af din nationalitet og opholdets l\u00e6ngde og form\u00e5l skal du ans\u00f8ge om enten en elektronisk rejsetilladelse eller et visum udstedt af USA&#8217;s konsul\u00e6re tjenester. Uanset om du er turist, forretningsrejsende, studerende eller [&hellip;]<\/p>\n","protected":false},"author":1,"featured_media":0,"parent":0,"menu_order":0,"comment_status":"closed","ping_status":"closed","template":"","meta":{"footnotes":""},"class_list":["post-7058","page","type-page","status-publish","hentry"],"yoast_head":"<!-- This site is optimized with the Yoast SEO plugin v27.4 - https:\/\/yoast.com\/product\/yoast-seo-wordpress\/ -->\n<title>Formaliteter og visa for at rejse til USA - USA B2<\/title>\n<meta name=\"description\" content=\"Forberedelse til indrejse i USA: formaliteter, visa og rejsetilladelser til USA\" \/>\n<meta name=\"robots\" content=\"index, follow, max-snippet:-1, max-image-preview:large, max-video-preview:-1\" \/>\n<link rel=\"canonical\" href=\"https:\/\/usa-b2.com\/da\/\" \/>\n<meta property=\"og:locale\" content=\"da_DK\" \/>\n<meta property=\"og:type\" content=\"article\" \/>\n<meta property=\"og:title\" content=\"Formaliteter og visa for at rejse til USA - USA B2\" \/>\n<meta property=\"og:description\" content=\"Forberedelse til indrejse i USA: formaliteter, visa og rejsetilladelser til USA\" \/>\n<meta property=\"og:url\" content=\"https:\/\/usa-b2.com\/da\/\" \/>\n<meta property=\"og:site_name\" content=\"USA B2\" \/>\n<meta property=\"article:modified_time\" content=\"2026-04-17T06:47:13+00:00\" \/>\n<meta property=\"og:image\" content=\"https:\/\/usa-b2.com\/wp-content\/uploads\/2026\/04\/usa-travel-1024x819.png\" \/>\n\t<meta property=\"og:image:width\" content=\"1024\" \/>\n\t<meta property=\"og:image:height\" content=\"819\" \/>\n\t<meta property=\"og:image:type\" content=\"image\/png\" \/>\n<meta name=\"twitter:card\" content=\"summary_large_image\" \/>\n<meta name=\"twitter:label1\" content=\"Estimeret l\u00e6setid\" \/>\n\t<meta name=\"twitter:data1\" content=\"2 minutter\" \/>\n<script type=\"application\/ld+json\" class=\"yoast-schema-graph\">{\"@context\":\"https:\\\/\\\/schema.org\",\"@graph\":[{\"@type\":\"WebPage\",\"@id\":\"https:\\\/\\\/usa-b2.com\\\/da\\\/\",\"url\":\"https:\\\/\\\/usa-b2.com\\\/da\\\/\",\"name\":\"Formaliteter og visa for at rejse til USA - USA B2\",\"isPartOf\":{\"@id\":\"https:\\\/\\\/usa-b2.com\\\/da\\\/#website\"},\"primaryImageOfPage\":{\"@id\":\"https:\\\/\\\/usa-b2.com\\\/da\\\/#primaryimage\"},\"image\":{\"@id\":\"https:\\\/\\\/usa-b2.com\\\/da\\\/#primaryimage\"},\"thumbnailUrl\":\"https:\\\/\\\/usa-b2.com\\\/wp-content\\\/uploads\\\/2026\\\/04\\\/usa-travel-768x615.png\",\"datePublished\":\"2025-01-09T15:37:29+00:00\",\"dateModified\":\"2026-04-17T06:47:13+00:00\",\"description\":\"Forberedelse til indrejse i USA: formaliteter, visa og rejsetilladelser til USA\",\"breadcrumb\":{\"@id\":\"https:\\\/\\\/usa-b2.com\\\/da\\\/#breadcrumb\"},\"inLanguage\":\"da-DK\",\"potentialAction\":[{\"@type\":\"ReadAction\",\"target\":[\"https:\\\/\\\/usa-b2.com\\\/da\\\/\"]}]},{\"@type\":\"ImageObject\",\"inLanguage\":\"da-DK\",\"@id\":\"https:\\\/\\\/usa-b2.com\\\/da\\\/#primaryimage\",\"url\":\"https:\\\/\\\/usa-b2.com\\\/wp-content\\\/uploads\\\/2026\\\/04\\\/usa-travel-768x615.png\",\"contentUrl\":\"https:\\\/\\\/usa-b2.com\\\/wp-content\\\/uploads\\\/2026\\\/04\\\/usa-travel-768x615.png\"},{\"@type\":\"BreadcrumbList\",\"@id\":\"https:\\\/\\\/usa-b2.com\\\/da\\\/#breadcrumb\",\"itemListElement\":[{\"@type\":\"ListItem\",\"position\":1,\"name\":\"Accueil\",\"item\":\"https:\\\/\\\/usa-b2.com\\\/da\\\/usa\\\/\"},{\"@type\":\"ListItem\",\"position\":2,\"name\":\"Formaliteter og visa for at rejse til USA\"}]},{\"@type\":\"WebSite\",\"@id\":\"https:\\\/\\\/usa-b2.com\\\/da\\\/#website\",\"url\":\"https:\\\/\\\/usa-b2.com\\\/da\\\/\",\"name\":\"USA B2 VISA\",\"description\":\"\",\"potentialAction\":[{\"@type\":\"SearchAction\",\"target\":{\"@type\":\"EntryPoint\",\"urlTemplate\":\"https:\\\/\\\/usa-b2.com\\\/da\\\/?s={search_term_string}\"},\"query-input\":{\"@type\":\"PropertyValueSpecification\",\"valueRequired\":true,\"valueName\":\"search_term_string\"}}],\"inLanguage\":\"da-DK\"}]}<\/script>\n<!-- \/ Yoast SEO plugin. -->","yoast_head_json":{"title":"Formaliteter og visa for at rejse til USA - USA B2","description":"Forberedelse til indrejse i USA: formaliteter, visa og rejsetilladelser til USA","robots":{"index":"index","follow":"follow","max-snippet":"max-snippet:-1","max-image-preview":"max-image-preview:large","max-video-preview":"max-video-preview:-1"},"canonical":"https:\/\/usa-b2.com\/da\/","og_locale":"da_DK","og_type":"article","og_title":"Formaliteter og visa for at rejse til USA - USA B2","og_description":"Forberedelse til indrejse i USA: formaliteter, visa og rejsetilladelser til USA","og_url":"https:\/\/usa-b2.com\/da\/","og_site_name":"USA B2","article_modified_time":"2026-04-17T06:47:13+00:00","og_image":[{"width":1024,"height":819,"url":"https:\/\/usa-b2.com\/wp-content\/uploads\/2026\/04\/usa-travel-1024x819.png","type":"image\/png"}],"twitter_card":"summary_large_image","twitter_misc":{"Estimeret l\u00e6setid":"2 minutter"},"schema":{"@context":"https:\/\/schema.org","@graph":[{"@type":"WebPage","@id":"https:\/\/usa-b2.com\/da\/","url":"https:\/\/usa-b2.com\/da\/","name":"Formaliteter og visa for at rejse til USA - USA B2","isPartOf":{"@id":"https:\/\/usa-b2.com\/da\/#website"},"primaryImageOfPage":{"@id":"https:\/\/usa-b2.com\/da\/#primaryimage"},"image":{"@id":"https:\/\/usa-b2.com\/da\/#primaryimage"},"thumbnailUrl":"https:\/\/usa-b2.com\/wp-content\/uploads\/2026\/04\/usa-travel-768x615.png","datePublished":"2025-01-09T15:37:29+00:00","dateModified":"2026-04-17T06:47:13+00:00","description":"Forberedelse til indrejse i USA: formaliteter, visa og rejsetilladelser til USA","breadcrumb":{"@id":"https:\/\/usa-b2.com\/da\/#breadcrumb"},"inLanguage":"da-DK","potentialAction":[{"@type":"ReadAction","target":["https:\/\/usa-b2.com\/da\/"]}]},{"@type":"ImageObject","inLanguage":"da-DK","@id":"https:\/\/usa-b2.com\/da\/#primaryimage","url":"https:\/\/usa-b2.com\/wp-content\/uploads\/2026\/04\/usa-travel-768x615.png","contentUrl":"https:\/\/usa-b2.com\/wp-content\/uploads\/2026\/04\/usa-travel-768x615.png"},{"@type":"BreadcrumbList","@id":"https:\/\/usa-b2.com\/da\/#breadcrumb","itemListElement":[{"@type":"ListItem","position":1,"name":"Accueil","item":"https:\/\/usa-b2.com\/da\/usa\/"},{"@type":"ListItem","position":2,"name":"Formaliteter og visa for at rejse til USA"}]},{"@type":"WebSite","@id":"https:\/\/usa-b2.com\/da\/#website","url":"https:\/\/usa-b2.com\/da\/","name":"USA B2 VISA","description":"","potentialAction":[{"@type":"SearchAction","target":{"@type":"EntryPoint","urlTemplate":"https:\/\/usa-b2.com\/da\/?s={search_term_string}"},"query-input":{"@type":"PropertyValueSpecification","valueRequired":true,"valueName":"search_term_string"}}],"inLanguage":"da-DK"}]}},"_links":{"self":[{"href":"https:\/\/usa-b2.com\/da\/wp-json\/wp\/v2\/pages\/7058","targetHints":{"allow":["GET"]}}],"collection":[{"href":"https:\/\/usa-b2.com\/da\/wp-json\/wp\/v2\/pages"}],"about":[{"href":"https:\/\/usa-b2.com\/da\/wp-json\/wp\/v2\/types\/page"}],"author":[{"embeddable":true,"href":"https:\/\/usa-b2.com\/da\/wp-json\/wp\/v2\/users\/1"}],"replies":[{"embeddable":true,"href":"https:\/\/usa-b2.com\/da\/wp-json\/wp\/v2\/comments?post=7058"}],"version-history":[{"count":5,"href":"https:\/\/usa-b2.com\/da\/wp-json\/wp\/v2\/pages\/7058\/revisions"}],"predecessor-version":[{"id":11276,"href":"https:\/\/usa-b2.com\/da\/wp-json\/wp\/v2\/pages\/7058\/revisions\/11276"}],"wp:attachment":[{"href":"https:\/\/usa-b2.com\/da\/wp-json\/wp\/v2\/media?parent=7058"}],"curies":[{"name":"wp","href":"https:\/\/api.w.org\/{rel}","templated":true}]}}