{"id":6277,"date":"2025-01-15T12:24:32","date_gmt":"2025-01-15T12:24:32","guid":{"rendered":"https:\/\/usa-b2.com\/strande-florida-atlanterhavskysten\/"},"modified":"2025-01-16T15:37:43","modified_gmt":"2025-01-16T15:37:43","slug":"strande-florida-atlanterhavskysten","status":"publish","type":"page","link":"https:\/\/usa-b2.com\/da\/strande-florida-atlanterhavskysten\/","title":{"rendered":"Udforsk Floridas strande p\u00e5 Atlanterhavskysten"},"content":{"rendered":"\n<h1 class=\"wp-block-heading\">Hvad er de bedste strande at opdage p\u00e5 Floridas Atlanterhavskyst?<\/h1>\n\n<p>Floridas Atlanterhavskyst er en dr\u00f8mmedestination for dem, der elsker sol, sand og b\u00f8lger. Med sine ikoniske strande, charmerende kystbyer og mange vandsportsaktiviteter tilbyder denne region en varieret oplevelse for alle typer rejsende. Uanset om du er p\u00e5 udkig efter afslapning, eventyr eller familietid, vil denne guide hj\u00e6lpe dig med at planl\u00e6gge den perfekte strandferie i Florida.  <\/p>\n\n<figure class=\"wp-block-image size-full\"><img fetchpriority=\"high\" decoding=\"async\" width=\"858\" height=\"483\" src=\"https:\/\/usa-b2.com\/wp-content\/uploads\/2025\/01\/Floride-Beaches-Atlantic-Coast-USA-edited.png\" alt=\"\" class=\"wp-image-6948\" srcset=\"https:\/\/usa-b2.com\/wp-content\/uploads\/2025\/01\/Floride-Beaches-Atlantic-Coast-USA-edited.png 858w, https:\/\/usa-b2.com\/wp-content\/uploads\/2025\/01\/Floride-Beaches-Atlantic-Coast-USA-edited-300x169.png 300w, https:\/\/usa-b2.com\/wp-content\/uploads\/2025\/01\/Floride-Beaches-Atlantic-Coast-USA-edited-768x432.png 768w\" sizes=\"(max-width: 858px) 100vw, 858px\" \/><\/figure>\n\n<h2 class=\"wp-block-heading\">Oplev de symbolske strande p\u00e5 Atlanterhavskysten<\/h2>\n\n<h3 class=\"wp-block-heading\">Strande, der skal ses<\/h3>\n\n<ul class=\"wp-block-list\">\n<li><strong><a href=\"https:\/\/www.miamibeachfl.gov\/\">Miami Strand<\/a> <\/strong>Miami Beach er ber\u00f8mt for sit hvide sand, turkise vand og festlige atmosf\u00e6re og er et popul\u00e6rt rejsem\u00e5l for dem, der elsker nattelivet.<\/li>\n\n\n\n<li><strong><a href=\"https:\/\/www.daytonabeach.com\/\">Daytona Strand<\/a><\/strong> Daytona Beach: Den er kendt for sine brede strande, men byder ogs\u00e5 p\u00e5 et rigt sportsliv og familieattraktioner.<\/li>\n\n\n\n<li><strong><a href=\"https:\/\/www.cityofcocoabeach.com\/\">Cocoa Strand<\/a><\/strong> Denne strand er et yndet sted for surfere og er ogs\u00e5 udgangspunktet for et bes\u00f8g p\u00e5 Kennedy Space Center.<\/li>\n\n\n\n<li><strong><a href=\"https:\/\/www.staugbch.com\/\">St. Augustine Beach <\/a><\/strong>  Strand: Perfekt til dem, der \u00f8nsker en blanding af strand og historie, t\u00e6t p\u00e5 USA&#8217;s \u00e6ldste by.<\/li>\n<\/ul>\n\n<h3 class=\"wp-block-heading\">De varierede landskaber og den unikke atmosf\u00e6re p\u00e5 hver strand<\/h3>\n\n<p>Hver strand p\u00e5 Atlanterhavskysten har sin egen personlighed. Strandene i Palm Beach forf\u00f8rer med deres luksus og majest\u00e6tiske palmer, mens strandene i Vero Beach byder p\u00e5 en mere rolig atmosf\u00e6re og uspoleret natur. Naturelskere vil elske de beskyttede omr\u00e5der som Canaveral National Seashore, hvor man kan se skildpadder og sj\u00e6ldne fugle.  <\/p>\n\n<h2 class=\"wp-block-heading\">Hvor skal man bo: Indkvartering og strategiske byer<\/h2>\n\n<h3 class=\"wp-block-heading\">De bedste kystbyer at bo i<\/h3>\n\n<ul class=\"wp-block-list\">\n<li><strong><a href=\"https:\/\/www.miamiandbeaches.com\/\">Miami<\/a><\/strong> Miami: Ideel til dem, der vil kombinere strand, kultur og natteliv.<\/li>\n\n\n\n<li><strong><a href=\"https:\/\/www.visitlauderdale.com\/\">Fort Lauderdale<\/a><\/strong> Fort Lauderdale: Med tilnavnet &#8220;Amerikas Venedig&#8221; er denne by perfekt til familier og sejlsportsentusiaster.<\/li>\n\n\n\n<li><strong>Augustine <\/strong>  For en oplevelse, der kombinerer historie og strande med charmerende indkvartering.<\/li>\n\n\n\n<li><strong>Cocoa Beach<\/strong>: Et fremragende valg for dem, der elsker vandsport og surfing.<\/li>\n<\/ul>\n\n<h3 class=\"wp-block-heading\">Typer af indkvartering<\/h3>\n\n<ul class=\"wp-block-list\">\n<li><strong>Luksushoteller<\/strong>: Muligheder som <a href=\"https:\/\/www.thebreakers.com\/\">The Breakers<\/a> i Palm Beach tilbyder en overd\u00e5dig ramme for et uforglemmeligt ophold.<\/li>\n\n\n\n<li><strong>Ferieboliger<\/strong>: Ideelle til familier eller grupper, med villaer eller lejligheder ved havet.<\/li>\n\n\n\n<li><strong>Campingpladser<\/strong>: For en mere fordybende oplevelse giver campingpladser som dem i <a href=\"https:\/\/www.floridastateparks.org\/Sebastian-Inlet\">Sebastian Inlet State Park<\/a> dig mulighed for at bo s\u00e5 t\u00e6t p\u00e5 naturen som muligt.<\/li>\n<\/ul>\n\n<h2 class=\"wp-block-heading\">Anbefalet rejseplan: Udforsk Floridas Atlanterhavskyst p\u00e5 7 dage<\/h2>\n\n<figure class=\"wp-block-table\"><table class=\"has-fixed-layout\"><tbody><tr><td class=\"has-text-align-center\" data-align=\"center\"><strong>Dag<\/strong><\/td><td class=\"has-text-align-center\" data-align=\"center\"><strong>Trin<\/strong><\/td><td class=\"has-text-align-center\" data-align=\"center\"><strong>Vigtigste aktiviteter<\/strong><\/td><td class=\"has-text-align-center\" data-align=\"center\"><strong>Forslag til indkvartering<\/strong><\/td><\/tr><tr><td class=\"has-text-align-center\" data-align=\"center\">1<\/td><td class=\"has-text-align-center\" data-align=\"center\">Miami Beach<\/td><td class=\"has-text-align-center\" data-align=\"center\">Slapper af p\u00e5 South Beach, bes\u00f8ger Art Deco District<\/td><td class=\"has-text-align-center\" data-align=\"center\">Miami Beach<\/td><\/tr><tr><td class=\"has-text-align-center\" data-align=\"center\">2<\/td><td class=\"has-text-align-center\" data-align=\"center\">Fort Lauderdale<\/td><td class=\"has-text-align-center\" data-align=\"center\">Kanalrundfart, strand og shopping<\/td><td class=\"has-text-align-center\" data-align=\"center\">Fort Lauderdale<\/td><\/tr><tr><td class=\"has-text-align-center\" data-align=\"center\">3<\/td><td class=\"has-text-align-center\" data-align=\"center\">Palm Beach<\/td><td class=\"has-text-align-center\" data-align=\"center\">Oplev luksuri\u00f8se strande og Worth Avenue<\/td><td class=\"has-text-align-center\" data-align=\"center\">Palm Beach<\/td><\/tr><tr><td class=\"has-text-align-center\" data-align=\"center\">4<\/td><td class=\"has-text-align-center\" data-align=\"center\">Cocoa Beach<\/td><td class=\"has-text-align-center\" data-align=\"center\">Surfing, bes\u00f8g p\u00e5 Kennedy Space Center<\/td><td class=\"has-text-align-center\" data-align=\"center\">Cocoa Beach<\/td><\/tr><tr><td class=\"has-text-align-center\" data-align=\"center\">5<\/td><td class=\"has-text-align-center\" data-align=\"center\">Daytona Beach<\/td><td class=\"has-text-align-center\" data-align=\"center\">K\u00f8re p\u00e5 stranden, slentre p\u00e5 strandpromenaden<\/td><td class=\"has-text-align-center\" data-align=\"center\">Daytona Beach<\/td><\/tr><tr><td class=\"has-text-align-center\" data-align=\"center\">6<\/td><td class=\"has-text-align-center\" data-align=\"center\">Augustine <\/td><td class=\"has-text-align-center\" data-align=\"center\">Historisk udforskning og afslapning p\u00e5 stranden<\/td><td class=\"has-text-align-center\" data-align=\"center\">Augustine <\/td><\/tr><tr><td class=\"has-text-align-center\" data-align=\"center\">7<\/td><td class=\"has-text-align-center\" data-align=\"center\">Canaveral National Seashore<\/td><td class=\"has-text-align-center\" data-align=\"center\">Observation af dyreliv, vandreture<\/td><td class=\"has-text-align-center\" data-align=\"center\">Cocoa Beach<\/td><\/tr><\/tbody><\/table><\/figure>\n\n<p>Denne rute giver dig mulighed for at opdage en r\u00e6kke forskellige strande, mens du nyder regionens kulturelle og naturlige mangfoldighed.<\/p>\n\n<h2 class=\"wp-block-heading\">Instagrammable fotospots<\/h2>\n\n<h3 class=\"wp-block-heading\">De perfekte steder til dine billeder<\/h3>\n\n<ul class=\"wp-block-list\">\n<li><strong>South Beach (Miami) <\/strong>: F\u00e6ngsl dine abonnenter med farverige livredderhytter og en solnedgang over havet.<\/li>\n\n\n\n<li><strong>Augustine fyrt\u00e5rn <\/strong>  : Nyd et unikt perspektiv med denne panoramaudsigt fra det historiske fyrt\u00e5rn.<\/li>\n\n\n\n<li><strong>Sebastian Inlet State Park<\/strong>: Et vildt sted at fange \u00f8jeblikke af ro ved vandet.<\/li>\n\n\n\n<li><strong>Daytona Beach Boardwalk <\/strong>: Levende lys og en retro-atmosf\u00e6re, der er perfekt til originale fotos.<\/li>\n<\/ul>\n\n<h3 class=\"wp-block-heading\">Tips til at indfange dine \u00f8jeblikke<\/h3>\n\n<p>For at f\u00e5 de bedste billeder skal du v\u00e6lge de gyldne timer med solopgang og solnedgang. Varier vinklerne, og tag billeder af b\u00e5de strandene og de omkringliggende attraktioner for at fort\u00e6lle en komplet visuel historie. <\/p>\n\n<h2 class=\"wp-block-heading\">Aktiviteter i henhold til din rejsetype<\/h2>\n\n<h3 class=\"wp-block-heading\">For par: romantiske \u00f8jeblikke<\/h3>\n\n<ul class=\"wp-block-list\">\n<li>Spadsereture ved <strong>solnedgang<\/strong> p\u00e5 stranden: Strandene i Fort Lauderdale og <a href=\"https:\/\/www.covb.org\/\">Vero<\/a> Beach er den perfekte kulisse for et \u00f8jeblik for to.<\/li>\n\n\n\n<li><strong>Spisning ved havet<\/strong>: Restauranter som Latitudes i Key Biscayne tilbyder raffinerede retter med havudsigt.<\/li>\n\n\n\n<li><strong>Spa og afslapning<\/strong>: Luksushoteller i Palm Beach tilbyder ideelle wellness-oplevelser, hvor man kan slappe af.<\/li>\n<\/ul>\n\n<h3 class=\"wp-block-heading\">Med familien: b\u00f8rnevenlige eventyr<\/h3>\n\n<ul class=\"wp-block-list\">\n<li><strong>Interaktiv udforskning p\u00e5 Kennedy Space Center<\/strong>: et must-see for at v\u00e6kke unge astronauters nysgerrighed.<\/li>\n\n\n\n<li><strong>Vandsport <\/strong>: Lej et paddleboard, eller tag en b\u00e5dtur i Fort Lauderdale.<\/li>\n\n\n\n<li><strong>Parker og reservater<\/strong>: Jonathan Dickinson State Park tilbyder tilg\u00e6ngelige stier og picnicomr\u00e5der, som er ideelle for familier.<\/li>\n<\/ul>\n\n<p>Floridas Atlanterhavskyst er en varieret og fortryllende destination med noget for enhver smag. Fra livlige strande til historiske byer og naturreservater byder denne rejse p\u00e5 den perfekte kombination af afslapning, eventyr og kulturelle opdagelser. Uanset om du rejser som par eller familie, kan du planl\u00e6gge din rejseplan og tage af sted for at opdage Floridas solbeskinnede skatte.  <\/p>\n","protected":false},"excerpt":{"rendered":"<p>Hvad er de bedste strande at opdage p\u00e5 Floridas Atlanterhavskyst? Floridas Atlanterhavskyst er en dr\u00f8mmedestination for dem, der elsker sol, sand og b\u00f8lger. Med sine ikoniske strande, charmerende kystbyer og mange vandsportsaktiviteter tilbyder denne region en varieret oplevelse for alle typer rejsende. Uanset om du er p\u00e5 udkig efter afslapning, eventyr eller familietid, vil denne [&hellip;]<\/p>\n","protected":false},"author":1,"featured_media":0,"parent":0,"menu_order":0,"comment_status":"closed","ping_status":"closed","template":"","meta":{"footnotes":""},"class_list":["post-6277","page","type-page","status-publish","hentry"],"yoast_head":"<!-- This site is optimized with the Yoast SEO plugin v27.4 - https:\/\/yoast.com\/product\/yoast-seo-wordpress\/ -->\n<title>Udforsk Floridas strande p\u00e5 Atlanterhavskysten - USA B2<\/title>\n<meta name=\"description\" content=\"Oplev de mest popul\u00e6re strande p\u00e5 Floridas Atlanterhavskyst: Miami Beach, Cocoa Beach, Daytona og mange flere.\" \/>\n<meta name=\"robots\" content=\"index, follow, max-snippet:-1, max-image-preview:large, max-video-preview:-1\" \/>\n<link rel=\"canonical\" href=\"https:\/\/usa-b2.com\/da\/strande-florida-atlanterhavskysten\/\" \/>\n<meta property=\"og:locale\" content=\"da_DK\" \/>\n<meta property=\"og:type\" content=\"article\" \/>\n<meta property=\"og:title\" content=\"Udforsk Floridas strande p\u00e5 Atlanterhavskysten - USA B2\" \/>\n<meta property=\"og:description\" content=\"Oplev de mest popul\u00e6re strande p\u00e5 Floridas Atlanterhavskyst: Miami Beach, Cocoa Beach, Daytona og mange flere.\" \/>\n<meta property=\"og:url\" content=\"https:\/\/usa-b2.com\/da\/strande-florida-atlanterhavskysten\/\" \/>\n<meta property=\"og:site_name\" content=\"USA B2\" \/>\n<meta property=\"article:modified_time\" content=\"2025-01-16T15:37:43+00:00\" \/>\n<meta property=\"og:image\" content=\"https:\/\/usa-b2.com\/wp-content\/uploads\/2025\/01\/Floride-Beaches-Atlantic-Coast-USA-edited.png\" \/>\n\t<meta property=\"og:image:width\" content=\"858\" \/>\n\t<meta property=\"og:image:height\" content=\"483\" \/>\n\t<meta property=\"og:image:type\" content=\"image\/png\" \/>\n<meta name=\"twitter:card\" content=\"summary_large_image\" \/>\n<meta name=\"twitter:label1\" content=\"Estimeret l\u00e6setid\" \/>\n\t<meta name=\"twitter:data1\" content=\"4 minutter\" \/>\n<script type=\"application\/ld+json\" class=\"yoast-schema-graph\">{\"@context\":\"https:\\\/\\\/schema.org\",\"@graph\":[{\"@type\":\"WebPage\",\"@id\":\"https:\\\/\\\/usa-b2.com\\\/da\\\/strande-florida-atlanterhavskysten\\\/\",\"url\":\"https:\\\/\\\/usa-b2.com\\\/da\\\/strande-florida-atlanterhavskysten\\\/\",\"name\":\"Udforsk Floridas strande p\u00e5 Atlanterhavskysten - USA B2\",\"isPartOf\":{\"@id\":\"https:\\\/\\\/usa-b2.com\\\/da\\\/#website\"},\"primaryImageOfPage\":{\"@id\":\"https:\\\/\\\/usa-b2.com\\\/da\\\/strande-florida-atlanterhavskysten\\\/#primaryimage\"},\"image\":{\"@id\":\"https:\\\/\\\/usa-b2.com\\\/da\\\/strande-florida-atlanterhavskysten\\\/#primaryimage\"},\"thumbnailUrl\":\"https:\\\/\\\/usa-b2.com\\\/wp-content\\\/uploads\\\/2025\\\/01\\\/Floride-Beaches-Atlantic-Coast-USA-edited.png\",\"datePublished\":\"2025-01-15T12:24:32+00:00\",\"dateModified\":\"2025-01-16T15:37:43+00:00\",\"description\":\"Oplev de mest popul\u00e6re strande p\u00e5 Floridas Atlanterhavskyst: Miami Beach, Cocoa Beach, Daytona og mange flere.\",\"breadcrumb\":{\"@id\":\"https:\\\/\\\/usa-b2.com\\\/da\\\/strande-florida-atlanterhavskysten\\\/#breadcrumb\"},\"inLanguage\":\"da-DK\",\"potentialAction\":[{\"@type\":\"ReadAction\",\"target\":[\"https:\\\/\\\/usa-b2.com\\\/da\\\/strande-florida-atlanterhavskysten\\\/\"]}]},{\"@type\":\"ImageObject\",\"inLanguage\":\"da-DK\",\"@id\":\"https:\\\/\\\/usa-b2.com\\\/da\\\/strande-florida-atlanterhavskysten\\\/#primaryimage\",\"url\":\"https:\\\/\\\/usa-b2.com\\\/wp-content\\\/uploads\\\/2025\\\/01\\\/Floride-Beaches-Atlantic-Coast-USA-edited.png\",\"contentUrl\":\"https:\\\/\\\/usa-b2.com\\\/wp-content\\\/uploads\\\/2025\\\/01\\\/Floride-Beaches-Atlantic-Coast-USA-edited.png\"},{\"@type\":\"BreadcrumbList\",\"@id\":\"https:\\\/\\\/usa-b2.com\\\/da\\\/strande-florida-atlanterhavskysten\\\/#breadcrumb\",\"itemListElement\":[{\"@type\":\"ListItem\",\"position\":1,\"name\":\"Accueil\",\"item\":\"https:\\\/\\\/usa-b2.com\\\/da\\\/usa\\\/\"},{\"@type\":\"ListItem\",\"position\":2,\"name\":\"Udforsk Floridas strande p\u00e5 Atlanterhavskysten\"}]},{\"@type\":\"WebSite\",\"@id\":\"https:\\\/\\\/usa-b2.com\\\/da\\\/#website\",\"url\":\"https:\\\/\\\/usa-b2.com\\\/da\\\/\",\"name\":\"USA B2 VISA\",\"description\":\"\",\"potentialAction\":[{\"@type\":\"SearchAction\",\"target\":{\"@type\":\"EntryPoint\",\"urlTemplate\":\"https:\\\/\\\/usa-b2.com\\\/da\\\/?s={search_term_string}\"},\"query-input\":{\"@type\":\"PropertyValueSpecification\",\"valueRequired\":true,\"valueName\":\"search_term_string\"}}],\"inLanguage\":\"da-DK\"}]}<\/script>\n<!-- \/ Yoast SEO plugin. -->","yoast_head_json":{"title":"Udforsk Floridas strande p\u00e5 Atlanterhavskysten - USA B2","description":"Oplev de mest popul\u00e6re strande p\u00e5 Floridas Atlanterhavskyst: Miami Beach, Cocoa Beach, Daytona og mange flere.","robots":{"index":"index","follow":"follow","max-snippet":"max-snippet:-1","max-image-preview":"max-image-preview:large","max-video-preview":"max-video-preview:-1"},"canonical":"https:\/\/usa-b2.com\/da\/strande-florida-atlanterhavskysten\/","og_locale":"da_DK","og_type":"article","og_title":"Udforsk Floridas strande p\u00e5 Atlanterhavskysten - USA B2","og_description":"Oplev de mest popul\u00e6re strande p\u00e5 Floridas Atlanterhavskyst: Miami Beach, Cocoa Beach, Daytona og mange flere.","og_url":"https:\/\/usa-b2.com\/da\/strande-florida-atlanterhavskysten\/","og_site_name":"USA B2","article_modified_time":"2025-01-16T15:37:43+00:00","og_image":[{"width":858,"height":483,"url":"https:\/\/usa-b2.com\/wp-content\/uploads\/2025\/01\/Floride-Beaches-Atlantic-Coast-USA-edited.png","type":"image\/png"}],"twitter_card":"summary_large_image","twitter_misc":{"Estimeret l\u00e6setid":"4 minutter"},"schema":{"@context":"https:\/\/schema.org","@graph":[{"@type":"WebPage","@id":"https:\/\/usa-b2.com\/da\/strande-florida-atlanterhavskysten\/","url":"https:\/\/usa-b2.com\/da\/strande-florida-atlanterhavskysten\/","name":"Udforsk Floridas strande p\u00e5 Atlanterhavskysten - USA B2","isPartOf":{"@id":"https:\/\/usa-b2.com\/da\/#website"},"primaryImageOfPage":{"@id":"https:\/\/usa-b2.com\/da\/strande-florida-atlanterhavskysten\/#primaryimage"},"image":{"@id":"https:\/\/usa-b2.com\/da\/strande-florida-atlanterhavskysten\/#primaryimage"},"thumbnailUrl":"https:\/\/usa-b2.com\/wp-content\/uploads\/2025\/01\/Floride-Beaches-Atlantic-Coast-USA-edited.png","datePublished":"2025-01-15T12:24:32+00:00","dateModified":"2025-01-16T15:37:43+00:00","description":"Oplev de mest popul\u00e6re strande p\u00e5 Floridas Atlanterhavskyst: Miami Beach, Cocoa Beach, Daytona og mange flere.","breadcrumb":{"@id":"https:\/\/usa-b2.com\/da\/strande-florida-atlanterhavskysten\/#breadcrumb"},"inLanguage":"da-DK","potentialAction":[{"@type":"ReadAction","target":["https:\/\/usa-b2.com\/da\/strande-florida-atlanterhavskysten\/"]}]},{"@type":"ImageObject","inLanguage":"da-DK","@id":"https:\/\/usa-b2.com\/da\/strande-florida-atlanterhavskysten\/#primaryimage","url":"https:\/\/usa-b2.com\/wp-content\/uploads\/2025\/01\/Floride-Beaches-Atlantic-Coast-USA-edited.png","contentUrl":"https:\/\/usa-b2.com\/wp-content\/uploads\/2025\/01\/Floride-Beaches-Atlantic-Coast-USA-edited.png"},{"@type":"BreadcrumbList","@id":"https:\/\/usa-b2.com\/da\/strande-florida-atlanterhavskysten\/#breadcrumb","itemListElement":[{"@type":"ListItem","position":1,"name":"Accueil","item":"https:\/\/usa-b2.com\/da\/usa\/"},{"@type":"ListItem","position":2,"name":"Udforsk Floridas strande p\u00e5 Atlanterhavskysten"}]},{"@type":"WebSite","@id":"https:\/\/usa-b2.com\/da\/#website","url":"https:\/\/usa-b2.com\/da\/","name":"USA B2 VISA","description":"","potentialAction":[{"@type":"SearchAction","target":{"@type":"EntryPoint","urlTemplate":"https:\/\/usa-b2.com\/da\/?s={search_term_string}"},"query-input":{"@type":"PropertyValueSpecification","valueRequired":true,"valueName":"search_term_string"}}],"inLanguage":"da-DK"}]}},"_links":{"self":[{"href":"https:\/\/usa-b2.com\/da\/wp-json\/wp\/v2\/pages\/6277","targetHints":{"allow":["GET"]}}],"collection":[{"href":"https:\/\/usa-b2.com\/da\/wp-json\/wp\/v2\/pages"}],"about":[{"href":"https:\/\/usa-b2.com\/da\/wp-json\/wp\/v2\/types\/page"}],"author":[{"embeddable":true,"href":"https:\/\/usa-b2.com\/da\/wp-json\/wp\/v2\/users\/1"}],"replies":[{"embeddable":true,"href":"https:\/\/usa-b2.com\/da\/wp-json\/wp\/v2\/comments?post=6277"}],"version-history":[{"count":0,"href":"https:\/\/usa-b2.com\/da\/wp-json\/wp\/v2\/pages\/6277\/revisions"}],"wp:attachment":[{"href":"https:\/\/usa-b2.com\/da\/wp-json\/wp\/v2\/media?parent=6277"}],"curies":[{"name":"wp","href":"https:\/\/api.w.org\/{rel}","templated":true}]}}