{"id":6255,"date":"2025-01-15T12:08:05","date_gmt":"2025-01-15T12:08:05","guid":{"rendered":"https:\/\/usa-b2.com\/roadtrip-boston-til-washington\/"},"modified":"2025-01-16T15:39:47","modified_gmt":"2025-01-16T15:39:47","slug":"roadtrip-boston-til-washington","status":"publish","type":"page","link":"https:\/\/usa-b2.com\/da\/roadtrip-boston-til-washington\/","title":{"rendered":"En roadtrip fra Boston til Washington"},"content":{"rendered":"\n<h1 class=\"wp-block-heading\">Hvordan organiserer man en roadtrip fra Boston til Washington?<\/h1>\n\n<p>En bilferie fra Boston til Washington er den ideelle m\u00e5de at opdage de historiske, kulturelle og naturlige skatte p\u00e5 USA&#8217;s \u00f8stkyst. Denne rute g\u00e5r gennem ikoniske byer som New York og Philadelphia samt natursk\u00f8nne steder og nationalparker og kombinerer travlt byliv med \u00f8jeblikke af fred og ro. I denne guide finder du de bedste etaper, overnatningsmuligheder, aktiviteter og tips til at g\u00f8re denne rejse mindev\u00e6rdig.  <\/p>\n\n<figure class=\"wp-block-image size-full\"><img fetchpriority=\"high\" decoding=\"async\" width=\"789\" height=\"444\" src=\"https:\/\/usa-b2.com\/wp-content\/uploads\/2025\/01\/Atlantic-City-USA-edited.png\" alt=\"\" class=\"wp-image-6902\" srcset=\"https:\/\/usa-b2.com\/wp-content\/uploads\/2025\/01\/Atlantic-City-USA-edited.png 789w, https:\/\/usa-b2.com\/wp-content\/uploads\/2025\/01\/Atlantic-City-USA-edited-300x169.png 300w, https:\/\/usa-b2.com\/wp-content\/uploads\/2025\/01\/Atlantic-City-USA-edited-768x432.png 768w\" sizes=\"(max-width: 789px) 100vw, 789px\" \/><\/figure>\n\n<h2 class=\"wp-block-heading\">Oplev det, du skal se: Byer og symbolske steder<\/h2>\n\n<h3 class=\"wp-block-heading\">Vigtige byer at udforske<\/h3>\n\n<ul class=\"wp-block-list\">\n<li><strong><a href=\"https:\/\/www.boston.gov\/\">Boston<\/a> <\/strong>Boston: Som den amerikanske histories vugge har Boston nogle sev\u00e6rdigheder, som man ikke m\u00e5 g\u00e5 glip af, herunder Freedom Trail, Faneuil Hall og Harvard.<\/li>\n\n\n\n<li><strong><a href=\"https:\/\/www.nyc.gov\/\">New York<\/a><\/strong> Byen, der aldrig sover, er fyldt med ber\u00f8mte vartegn, bl.a. Frihedsgudinden, Times Square og Central Park.<\/li>\n\n\n\n<li><strong><a href=\"https:\/\/www.phila.gov\/fr\/\">Philadelphia<\/a><\/strong> G\u00e5 ikke glip af Independence Hall og Liberty Bell, som er symboler p\u00e5 amerikansk uafh\u00e6ngighed.<\/li>\n\n\n\n<li><strong><a href=\"https:\/\/washington.org\/fr\/\">Washington<\/a>, D.C.<\/strong> Hovedstaden er fyldt med gratis museer og ikoniske monumenter som Lincoln Memorial og Det Hvide Hus.<\/li>\n<\/ul>\n\n<h3 class=\"wp-block-heading\">Naturlige og maleriske scener<\/h3>\n\n<p>Rejsen er ikke begr\u00e6nset til de store byer. Stop op undervejs for at udforske forskellige landskaber: <\/p>\n\n<ul class=\"wp-block-list\">\n<li><strong><a href=\"https:\/\/www.capecodchamber.org\/\">Cape Cod<\/a> (Massachusetts)<\/strong>: Kendt for sine strande og charmerende kystbyer.<\/li>\n\n\n\n<li><strong><a href=\"https:\/\/dwgpa.gov\/\">Delaware Water Gap<\/a> (Pennsylvania og New Jersey)<\/strong>: En spektakul\u00e6r dal til vandreture og panoramaudsigt.<\/li>\n\n\n\n<li><strong><a href=\"https:\/\/en.wikipedia.org\/wiki\/Chesapeake_Bay\">Chesapeake Bay<\/a> (Maryland)<\/strong>: Perfekt til en pause i naturen mellem Philadelphia og Washington.<\/li>\n<\/ul>\n\n<h2 class=\"wp-block-heading\">Hvor skal man bo: Indkvartering og strategiske byer<\/h2>\n\n<h3 class=\"wp-block-heading\">De bedste steder at bo<\/h3>\n\n<ul class=\"wp-block-list\">\n<li><strong>Boston<\/strong>: Bo i n\u00e6rheden af Back Bay eller Beacon Hill for at v\u00e6re i hjertet af hovedattraktionerne.<\/li>\n\n\n\n<li><strong>New York<\/strong>: V\u00e6lg Manhattan for sin tilg\u00e6ngelighed eller Brooklyn for en mere afslappet atmosf\u00e6re.<\/li>\n\n\n\n<li><strong>Philadelphia<\/strong>: Center City-distriktet er ideelt til at udforske historiske steder.<\/li>\n\n\n\n<li><strong>Washington, D.C.<\/strong> Logan Circle og Dupont Circle tilbyder komfortable hoteller og nem adgang til monumenterne.<\/li>\n<\/ul>\n\n<h3 class=\"wp-block-heading\">Typer af indkvartering<\/h3>\n\n<ul class=\"wp-block-list\">\n<li><strong>Charmerende hoteller<\/strong>: Historiske kroer som <a href=\"https:\/\/www.omnihotels.com\/hotels\/boston-parker-house?utm_source=gmblisting&amp;utm_medium=organic\">Omni Parker House<\/a> i Boston fordyber dig i den lokale historie.<\/li>\n\n\n\n<li><strong>Lejligheder og Airbnb <\/strong>: Perfekt til l\u00e6ngere ophold i New York eller Washington.<\/li>\n\n\n\n<li><strong>Campingpladser<\/strong>: Hvis du er p\u00e5 udkig efter en naturlig oplevelse, er campingpladser som dem omkring Chesapeake Bay ideelle.<\/li>\n<\/ul>\n\n<h2 class=\"wp-block-heading\">Anbefalet rejseplan : Boston til Washington p\u00e5 7 dage<\/h2>\n\n<figure class=\"wp-block-table\"><table class=\"has-fixed-layout\"><tbody><tr><td class=\"has-text-align-center\" data-align=\"center\"><strong>Dag<\/strong><\/td><td class=\"has-text-align-center\" data-align=\"center\"><strong>Trin<\/strong><\/td><td class=\"has-text-align-center\" data-align=\"center\"><strong>Vigtigste aktiviteter<\/strong><\/td><td class=\"has-text-align-center\" data-align=\"center\"><strong>Forslag til indkvartering<\/strong><\/td><\/tr><tr><td class=\"has-text-align-center\" data-align=\"center\">1<\/td><td class=\"has-text-align-center\" data-align=\"center\">Boston<\/td><td class=\"has-text-align-center\" data-align=\"center\">Freedom Trail, Quincy Market<\/td><td class=\"has-text-align-center\" data-align=\"center\">Boston<\/td><\/tr><tr><td class=\"has-text-align-center\" data-align=\"center\">2<\/td><td class=\"has-text-align-center\" data-align=\"center\">Cape Cod<\/td><td class=\"has-text-align-center\" data-align=\"center\">Strande, b\u00e5dture<\/td><td class=\"has-text-align-center\" data-align=\"center\">Cape Cod<\/td><\/tr><tr><td class=\"has-text-align-center\" data-align=\"center\">3<\/td><td class=\"has-text-align-center\" data-align=\"center\">New York City<\/td><td class=\"has-text-align-center\" data-align=\"center\">Times Square, Central Park, Frihedsgudinden<\/td><td class=\"has-text-align-center\" data-align=\"center\">New York<\/td><\/tr><tr><td class=\"has-text-align-center\" data-align=\"center\">4<\/td><td class=\"has-text-align-center\" data-align=\"center\">New York City til Philadelphia<\/td><td class=\"has-text-align-center\" data-align=\"center\">Kunstmuseum, Liberty Bell<\/td><td class=\"has-text-align-center\" data-align=\"center\">Philadelphia<\/td><\/tr><tr><td class=\"has-text-align-center\" data-align=\"center\">5<\/td><td class=\"has-text-align-center\" data-align=\"center\">Delaware Water Gap<\/td><td class=\"has-text-align-center\" data-align=\"center\">Vandring og afslapning<\/td><td class=\"has-text-align-center\" data-align=\"center\">Philadelphia<\/td><\/tr><tr><td class=\"has-text-align-center\" data-align=\"center\">6<\/td><td class=\"has-text-align-center\" data-align=\"center\">Annapolis og Chesapeake Bay<\/td><td class=\"has-text-align-center\" data-align=\"center\">Smagning af fisk og skaldyr, spadseretur langs strandpromenaden<\/td><td class=\"has-text-align-center\" data-align=\"center\">Washington<\/td><\/tr><tr><td class=\"has-text-align-center\" data-align=\"center\">7<\/td><td class=\"has-text-align-center\" data-align=\"center\">Washington, D.C.<\/td><td class=\"has-text-align-center\" data-align=\"center\">National Mall, Smithsonian-museer<\/td><td class=\"has-text-align-center\" data-align=\"center\">Washington<\/td><\/tr><\/tbody><\/table><\/figure>\n\n<p>Denne rejseplan tilbyder en balance mellem bysightseeing og naturpauser for at f\u00e5 mest muligt ud af \u00f8stkystens vidundere.<\/p>\n\n<h2 class=\"wp-block-heading\">Instagrammable fotospots<\/h2>\n\n<h3 class=\"wp-block-heading\">De perfekte steder til dine billeder<\/h3>\n\n<ul class=\"wp-block-list\">\n<li><strong><a href=\"https:\/\/fr.tripadvisor.be\/Attraction_Review-g60745-d481783-Reviews-Acorn_Street-Boston_Massachusetts.html\">Acorn Street<\/a> (Boston)<\/strong>: En historisk brostensbelagt gade, der er perfekt til at indfange essensen af kolonitidens arkitektur.<\/li>\n\n\n\n<li><strong><a href=\"https:\/\/www.rockefellercenter.com\/fr-fr\/attractions\/plateforme-observation-top-of-the-rock\/\">Top of the Rock<\/a> (New York)<\/strong>: En betagende udsigt over Manhattan, inklusive Empire State Building og Central Park.<\/li>\n\n\n\n<li><strong><a href=\"https:\/\/www.phillymagicgardens.org\/?gad_source=1&amp;gclid=Cj0KCQiA-aK8BhCDARIsAL_-H9nv8NAvzyI3HmO-V8arQsCZdAMMgPhCI4cgA5vykHh3x5QcLa8DZcYaAmjkEALw_wcB\">Philadelphias magiske haver<\/a><\/strong> Et unikt kunstnerisk sted for farverig og kreativ fotografering.<\/li>\n\n\n\n<li><strong>Tidevandsbassinet (Washington, D.C.): <\/strong> Refleksionen af monumenterne p\u00e5 vandet, s\u00e6rligt smuk ved solopgang.<\/li>\n<\/ul>\n\n<h3 class=\"wp-block-heading\">Tips til at forevige din bilferie<\/h3>\n\n<p>For at f\u00e5 de bedste billeder skal du v\u00e6lge de gyldne timer om morgenen og aftenen. T\u00f8v ikke med at udforske mindre bes\u00f8gte udsigtspunkter, som f.eks. byparker eller kajkanter, for at f\u00e5 originale billeder. <\/p>\n\n<h2 class=\"wp-block-heading\">Aktiviteter i henhold til din rejsetype<\/h2>\n\n<h3 class=\"wp-block-heading\">For par: romantiske \u00f8jeblikke<\/h3>\n\n<ul class=\"wp-block-list\">\n<li><strong>B\u00e5dtur p\u00e5 Charles River (Boston):<\/strong> Nyd den romantiske udsigt over byens tage.<\/li>\n\n\n\n<li><strong>Picnic i <a href=\"https:\/\/www.centralparknyc.org\/\">Central Park<\/a> (New York)<\/strong>: Slap af i gr\u00f8nne omgivelser med udsigt til skyskrabere.<\/li>\n\n\n\n<li><strong>Gourmetmad i <a href=\"https:\/\/www.georgetowndc.com\/\">Georgetown<\/a> (Washington):<\/strong> Dette kvarter byder p\u00e5 intime restauranter og en varm atmosf\u00e6re.<\/li>\n<\/ul>\n\n<h3 class=\"wp-block-heading\">Med familien: b\u00f8rnevenlige eventyr<\/h3>\n\n<ul class=\"wp-block-list\">\n<li><strong>Interaktivt bes\u00f8g p\u00e5 <a href=\"https:\/\/www.mos.org\/\">Museum of Science<\/a> (Boston)<\/strong>: Ideelt til at l\u00e6re, mens man har det sjovt.<\/li>\n\n\n\n<li><strong>Walk on the <a href=\"https:\/\/www.thehighline.org\/\">High Line<\/a> (New York)<\/strong>: En tidligere jernbanelinje, der er omdannet til en sv\u00e6vende park med en unik udsigt over byen.<\/li>\n\n\n\n<li><strong>Udforskning p\u00e5 <a href=\"https:\/\/airandspace.si.edu\/\">Smithsonian National Air and Space Museum<\/a> (Washington, D.C.):<\/strong> Et must-see for sm\u00e5 flyfans.<\/li>\n<\/ul>\n\n<p>Denne roadtrip fra Boston til Washington er en \u00e6gte fordybelse i \u00f8stkystens historie, kultur og varierede landskaber. Uanset om du rejser som par eller familie, byder denne rute p\u00e5 en uovertruffen rigdom af oplevelser og opdagelser. Planl\u00e6g din rejseplan, book din overnatning, og tag af sted for at opdage skattene i det amerikanske \u00f8st!  <\/p>\n","protected":false},"excerpt":{"rendered":"<p>Hvordan organiserer man en roadtrip fra Boston til Washington? En bilferie fra Boston til Washington er den ideelle m\u00e5de at opdage de historiske, kulturelle og naturlige skatte p\u00e5 USA&#8217;s \u00f8stkyst. Denne rute g\u00e5r gennem ikoniske byer som New York og Philadelphia samt natursk\u00f8nne steder og nationalparker og kombinerer travlt byliv med \u00f8jeblikke af fred og [&hellip;]<\/p>\n","protected":false},"author":1,"featured_media":0,"parent":0,"menu_order":0,"comment_status":"closed","ping_status":"closed","template":"","meta":{"footnotes":""},"class_list":["post-6255","page","type-page","status-publish","hentry"],"yoast_head":"<!-- This site is optimized with the Yoast SEO plugin v27.4 - https:\/\/yoast.com\/product\/yoast-seo-wordpress\/ -->\n<title>En roadtrip fra Boston til Washington - USA B2<\/title>\n<meta name=\"description\" content=\"Oplev de vigtigste etaper af en biltur fra Boston til Washington: rejseplaner, indkvartering, aktiviteter og fotomuligheder.\" \/>\n<meta name=\"robots\" content=\"index, follow, max-snippet:-1, max-image-preview:large, max-video-preview:-1\" \/>\n<link rel=\"canonical\" href=\"https:\/\/usa-b2.com\/da\/roadtrip-boston-til-washington\/\" \/>\n<meta property=\"og:locale\" content=\"da_DK\" \/>\n<meta property=\"og:type\" content=\"article\" \/>\n<meta property=\"og:title\" content=\"En roadtrip fra Boston til Washington - USA B2\" \/>\n<meta property=\"og:description\" content=\"Oplev de vigtigste etaper af en biltur fra Boston til Washington: rejseplaner, indkvartering, aktiviteter og fotomuligheder.\" \/>\n<meta property=\"og:url\" content=\"https:\/\/usa-b2.com\/da\/roadtrip-boston-til-washington\/\" \/>\n<meta property=\"og:site_name\" content=\"USA B2\" \/>\n<meta property=\"article:modified_time\" content=\"2025-01-16T15:39:47+00:00\" \/>\n<meta property=\"og:image\" content=\"https:\/\/usa-b2.com\/wp-content\/uploads\/2025\/01\/Atlantic-City-USA-edited.png\" \/>\n\t<meta property=\"og:image:width\" content=\"789\" \/>\n\t<meta property=\"og:image:height\" content=\"444\" \/>\n\t<meta property=\"og:image:type\" content=\"image\/png\" \/>\n<meta name=\"twitter:card\" content=\"summary_large_image\" \/>\n<meta name=\"twitter:label1\" content=\"Estimeret l\u00e6setid\" \/>\n\t<meta name=\"twitter:data1\" content=\"4 minutter\" \/>\n<script type=\"application\/ld+json\" class=\"yoast-schema-graph\">{\"@context\":\"https:\\\/\\\/schema.org\",\"@graph\":[{\"@type\":\"WebPage\",\"@id\":\"https:\\\/\\\/usa-b2.com\\\/da\\\/roadtrip-boston-til-washington\\\/\",\"url\":\"https:\\\/\\\/usa-b2.com\\\/da\\\/roadtrip-boston-til-washington\\\/\",\"name\":\"En roadtrip fra Boston til Washington - USA B2\",\"isPartOf\":{\"@id\":\"https:\\\/\\\/usa-b2.com\\\/da\\\/#website\"},\"primaryImageOfPage\":{\"@id\":\"https:\\\/\\\/usa-b2.com\\\/da\\\/roadtrip-boston-til-washington\\\/#primaryimage\"},\"image\":{\"@id\":\"https:\\\/\\\/usa-b2.com\\\/da\\\/roadtrip-boston-til-washington\\\/#primaryimage\"},\"thumbnailUrl\":\"https:\\\/\\\/usa-b2.com\\\/wp-content\\\/uploads\\\/2025\\\/01\\\/Atlantic-City-USA-edited.png\",\"datePublished\":\"2025-01-15T12:08:05+00:00\",\"dateModified\":\"2025-01-16T15:39:47+00:00\",\"description\":\"Oplev de vigtigste etaper af en biltur fra Boston til Washington: rejseplaner, indkvartering, aktiviteter og fotomuligheder.\",\"breadcrumb\":{\"@id\":\"https:\\\/\\\/usa-b2.com\\\/da\\\/roadtrip-boston-til-washington\\\/#breadcrumb\"},\"inLanguage\":\"da-DK\",\"potentialAction\":[{\"@type\":\"ReadAction\",\"target\":[\"https:\\\/\\\/usa-b2.com\\\/da\\\/roadtrip-boston-til-washington\\\/\"]}]},{\"@type\":\"ImageObject\",\"inLanguage\":\"da-DK\",\"@id\":\"https:\\\/\\\/usa-b2.com\\\/da\\\/roadtrip-boston-til-washington\\\/#primaryimage\",\"url\":\"https:\\\/\\\/usa-b2.com\\\/wp-content\\\/uploads\\\/2025\\\/01\\\/Atlantic-City-USA-edited.png\",\"contentUrl\":\"https:\\\/\\\/usa-b2.com\\\/wp-content\\\/uploads\\\/2025\\\/01\\\/Atlantic-City-USA-edited.png\"},{\"@type\":\"BreadcrumbList\",\"@id\":\"https:\\\/\\\/usa-b2.com\\\/da\\\/roadtrip-boston-til-washington\\\/#breadcrumb\",\"itemListElement\":[{\"@type\":\"ListItem\",\"position\":1,\"name\":\"Accueil\",\"item\":\"https:\\\/\\\/usa-b2.com\\\/da\\\/usa\\\/\"},{\"@type\":\"ListItem\",\"position\":2,\"name\":\"En roadtrip fra Boston til Washington\"}]},{\"@type\":\"WebSite\",\"@id\":\"https:\\\/\\\/usa-b2.com\\\/da\\\/#website\",\"url\":\"https:\\\/\\\/usa-b2.com\\\/da\\\/\",\"name\":\"USA B2 VISA\",\"description\":\"\",\"potentialAction\":[{\"@type\":\"SearchAction\",\"target\":{\"@type\":\"EntryPoint\",\"urlTemplate\":\"https:\\\/\\\/usa-b2.com\\\/da\\\/?s={search_term_string}\"},\"query-input\":{\"@type\":\"PropertyValueSpecification\",\"valueRequired\":true,\"valueName\":\"search_term_string\"}}],\"inLanguage\":\"da-DK\"}]}<\/script>\n<!-- \/ Yoast SEO plugin. -->","yoast_head_json":{"title":"En roadtrip fra Boston til Washington - USA B2","description":"Oplev de vigtigste etaper af en biltur fra Boston til Washington: rejseplaner, indkvartering, aktiviteter og fotomuligheder.","robots":{"index":"index","follow":"follow","max-snippet":"max-snippet:-1","max-image-preview":"max-image-preview:large","max-video-preview":"max-video-preview:-1"},"canonical":"https:\/\/usa-b2.com\/da\/roadtrip-boston-til-washington\/","og_locale":"da_DK","og_type":"article","og_title":"En roadtrip fra Boston til Washington - USA B2","og_description":"Oplev de vigtigste etaper af en biltur fra Boston til Washington: rejseplaner, indkvartering, aktiviteter og fotomuligheder.","og_url":"https:\/\/usa-b2.com\/da\/roadtrip-boston-til-washington\/","og_site_name":"USA B2","article_modified_time":"2025-01-16T15:39:47+00:00","og_image":[{"width":789,"height":444,"url":"https:\/\/usa-b2.com\/wp-content\/uploads\/2025\/01\/Atlantic-City-USA-edited.png","type":"image\/png"}],"twitter_card":"summary_large_image","twitter_misc":{"Estimeret l\u00e6setid":"4 minutter"},"schema":{"@context":"https:\/\/schema.org","@graph":[{"@type":"WebPage","@id":"https:\/\/usa-b2.com\/da\/roadtrip-boston-til-washington\/","url":"https:\/\/usa-b2.com\/da\/roadtrip-boston-til-washington\/","name":"En roadtrip fra Boston til Washington - USA B2","isPartOf":{"@id":"https:\/\/usa-b2.com\/da\/#website"},"primaryImageOfPage":{"@id":"https:\/\/usa-b2.com\/da\/roadtrip-boston-til-washington\/#primaryimage"},"image":{"@id":"https:\/\/usa-b2.com\/da\/roadtrip-boston-til-washington\/#primaryimage"},"thumbnailUrl":"https:\/\/usa-b2.com\/wp-content\/uploads\/2025\/01\/Atlantic-City-USA-edited.png","datePublished":"2025-01-15T12:08:05+00:00","dateModified":"2025-01-16T15:39:47+00:00","description":"Oplev de vigtigste etaper af en biltur fra Boston til Washington: rejseplaner, indkvartering, aktiviteter og fotomuligheder.","breadcrumb":{"@id":"https:\/\/usa-b2.com\/da\/roadtrip-boston-til-washington\/#breadcrumb"},"inLanguage":"da-DK","potentialAction":[{"@type":"ReadAction","target":["https:\/\/usa-b2.com\/da\/roadtrip-boston-til-washington\/"]}]},{"@type":"ImageObject","inLanguage":"da-DK","@id":"https:\/\/usa-b2.com\/da\/roadtrip-boston-til-washington\/#primaryimage","url":"https:\/\/usa-b2.com\/wp-content\/uploads\/2025\/01\/Atlantic-City-USA-edited.png","contentUrl":"https:\/\/usa-b2.com\/wp-content\/uploads\/2025\/01\/Atlantic-City-USA-edited.png"},{"@type":"BreadcrumbList","@id":"https:\/\/usa-b2.com\/da\/roadtrip-boston-til-washington\/#breadcrumb","itemListElement":[{"@type":"ListItem","position":1,"name":"Accueil","item":"https:\/\/usa-b2.com\/da\/usa\/"},{"@type":"ListItem","position":2,"name":"En roadtrip fra Boston til Washington"}]},{"@type":"WebSite","@id":"https:\/\/usa-b2.com\/da\/#website","url":"https:\/\/usa-b2.com\/da\/","name":"USA B2 VISA","description":"","potentialAction":[{"@type":"SearchAction","target":{"@type":"EntryPoint","urlTemplate":"https:\/\/usa-b2.com\/da\/?s={search_term_string}"},"query-input":{"@type":"PropertyValueSpecification","valueRequired":true,"valueName":"search_term_string"}}],"inLanguage":"da-DK"}]}},"_links":{"self":[{"href":"https:\/\/usa-b2.com\/da\/wp-json\/wp\/v2\/pages\/6255","targetHints":{"allow":["GET"]}}],"collection":[{"href":"https:\/\/usa-b2.com\/da\/wp-json\/wp\/v2\/pages"}],"about":[{"href":"https:\/\/usa-b2.com\/da\/wp-json\/wp\/v2\/types\/page"}],"author":[{"embeddable":true,"href":"https:\/\/usa-b2.com\/da\/wp-json\/wp\/v2\/users\/1"}],"replies":[{"embeddable":true,"href":"https:\/\/usa-b2.com\/da\/wp-json\/wp\/v2\/comments?post=6255"}],"version-history":[{"count":0,"href":"https:\/\/usa-b2.com\/da\/wp-json\/wp\/v2\/pages\/6255\/revisions"}],"wp:attachment":[{"href":"https:\/\/usa-b2.com\/da\/wp-json\/wp\/v2\/media?parent=6255"}],"curies":[{"name":"wp","href":"https:\/\/api.w.org\/{rel}","templated":true}]}}