{"id":6217,"date":"2025-01-15T10:13:22","date_gmt":"2025-01-15T10:13:22","guid":{"rendered":"https:\/\/usa-b2.com\/blue-ridge-parkway-united-states\/"},"modified":"2025-01-21T10:35:59","modified_gmt":"2025-01-21T10:35:59","slug":"blue-ridge-parkway-forenede-stater","status":"publish","type":"page","link":"https:\/\/usa-b2.com\/da\/blue-ridge-parkway-forenede-stater\/","title":{"rendered":"Oplev Blue Ridge Parkway i USA"},"content":{"rendered":"\n<h1 class=\"wp-block-heading\">Hvordan planl\u00e6gger man en roadtrip p\u00e5 Blue Ridge Parkway?<\/h1>\n\n<p><a href=\"https:\/\/www.blueridgeparkway.org\/\">Blue Ridge Parkway<\/a>, med tilnavnet &#8220;America&#8217;s Favorite Drive&#8221;, er en af de smukkeste natursk\u00f8nne k\u00f8reture i USA. Denne legendariske rute str\u00e6kker sig over n\u00e6sten 755 kilometer mellem <a href=\"https:\/\/www.virginia.org\/\">Virginia<\/a> og North Carolina og g\u00e5r gennem betagende landskaber, fra gr\u00f8nne bjerge til fredfyldte dale. Uanset om du er vandreentusiast, ivrig fotograf eller bare leder efter fred og ro, fort\u00e6ller denne omfattende guide dig alt, hvad du beh\u00f8ver at vide for at f\u00e5 mest muligt ud af dette legendariske roadtrip.  <\/p>\n\n<figure class=\"wp-block-image size-full\"><img fetchpriority=\"high\" decoding=\"async\" width=\"597\" height=\"336\" src=\"https:\/\/usa-b2.com\/wp-content\/uploads\/2025\/01\/Blue-Ridge-Parkway-Virginie-Caroline-Nord-USA-edited.png\" alt=\"\" class=\"wp-image-6796\" srcset=\"https:\/\/usa-b2.com\/wp-content\/uploads\/2025\/01\/Blue-Ridge-Parkway-Virginie-Caroline-Nord-USA-edited.png 597w, https:\/\/usa-b2.com\/wp-content\/uploads\/2025\/01\/Blue-Ridge-Parkway-Virginie-Caroline-Nord-USA-edited-300x169.png 300w\" sizes=\"(max-width: 597px) 100vw, 597px\" \/><\/figure>\n\n<h2 class=\"wp-block-heading\">Oplev Blue Ridge Parkway<\/h2>\n\n<h3 class=\"wp-block-heading\">Det m\u00e5 du ikke g\u00e5 glip af<\/h3>\n\n<ul class=\"wp-block-list\">\n<li><strong>Milepost 0<\/strong>: Afton Overlook (Virginia): Et spektakul\u00e6rt f\u00f8rste glimt af de omkringliggende bjerge.<\/li>\n\n\n\n<li><strong>Milepost 85<\/strong>: Peaks of Otter: Tilg\u00e6ngelige vandrestier og en malerisk s\u00f8, der er perfekt til en picnic.<\/li>\n\n\n\n<li><strong>Milepost 316<\/strong>: Linville Falls, North Carolina: Et imponerende vandfald, ideelt for fotoentusiaster.<\/li>\n\n\n\n<li><strong>Milepost 469<\/strong>: Cherokee: Slutningen p\u00e5 Parkway, t\u00e6t p\u00e5 Great Smoky Mountains National Park.<\/li>\n<\/ul>\n\n<h3 class=\"wp-block-heading\">De varierede landskaber langs ruten<\/h3>\n\n<p>Blue Ridge Parkway byder p\u00e5 en mangfoldighed af udsigter, fra de t\u00e6tte skove i Virginia til de forrevne tinder i North Carolina. Om efter\u00e5ret tiltr\u00e6kker det flammende l\u00f8v bes\u00f8gende fra hele verden, mens vilde blomster d\u00e6kker vejkanterne om for\u00e5ret. Tunneler sk\u00e5ret ind i bjergene tilf\u00f8jer et malerisk pr\u00e6g til oplevelsen.  <\/p>\n\n<h2 class=\"wp-block-heading\">Hvor skal man bo: Indkvartering og strategiske byer<\/h2>\n\n<h3 class=\"wp-block-heading\">Foretrukne stopover-byer<\/h3>\n\n<ul class=\"wp-block-list\">\n<li><strong><a href=\"https:\/\/www.roanokeva.gov\/148\/Visitors-Tourism\">Roanoke<\/a> (Virginia)<\/strong>: Denne by er ideel til at udforske den nordlige del af Parkway og byder p\u00e5 komfortable hoteller og en livlig restaurantscene.<\/li>\n\n\n\n<li><strong><a href=\"https:\/\/www.exploreasheville.com\/\">Asheville<\/a> (North Carolina) <\/strong>: Et must-stop for elskere af kunst, musik og det lokale k\u00f8kken.<\/li>\n\n\n\n<li><strong><a href=\"https:\/\/blowingrock.com\/\">Blowing Rock<\/a> (North Carolina):<\/strong> En charmerende lille by, der er kendt for sine butikker, restauranter og bjergstemning.<\/li>\n<\/ul>\n\n<h3 class=\"wp-block-heading\">Overnatning i og omkring Parkway<\/h3>\n\n<ul class=\"wp-block-list\">\n<li><strong>Historiske<\/strong> <a href=\"https:\/\/www.peaksofotter.com\/\">hytter: Peaks of Otter Lodge<\/a> og Pisgah Inn byder p\u00e5 autentiske omgivelser og en betagende udsigt.<\/li>\n\n\n\n<li><strong>Camping<\/strong>: Veludstyrede campingpladser som Doughton Park tilbyder total fordybelse i naturen.<\/li>\n<\/ul>\n\n<h2 class=\"wp-block-heading\">Anbefalet 5-dages rejseplan<\/h2>\n\n<figure class=\"wp-block-table\"><table class=\"has-fixed-layout\"><tbody><tr><td class=\"has-text-align-center\" data-align=\"center\"><strong>Dag<\/strong><\/td><td class=\"has-text-align-center\" data-align=\"center\"><strong>Sektion<\/strong><\/td><td class=\"has-text-align-center\" data-align=\"center\"><strong>Vigtigste aktiviteter<\/strong><\/td><td class=\"has-text-align-center\" data-align=\"center\"><strong>Forslag til indkvartering<\/strong><\/td><\/tr><tr><td class=\"has-text-align-center\" data-align=\"center\">1<\/td><td class=\"has-text-align-center\" data-align=\"center\">Afton til Roanoke<\/td><td class=\"has-text-align-center\" data-align=\"center\">Afton Overlook, Humpback Rock<\/td><td class=\"has-text-align-center\" data-align=\"center\">Roanoke<\/td><\/tr><tr><td class=\"has-text-align-center\" data-align=\"center\">2<\/td><td class=\"has-text-align-center\" data-align=\"center\">Roanoke til Blowing Rock<\/td><td class=\"has-text-align-center\" data-align=\"center\">Rock Peaks of Otter, Mabry Mill<\/td><td class=\"has-text-align-center\" data-align=\"center\">Blowing Rock<\/td><\/tr><tr><td class=\"has-text-align-center\" data-align=\"center\">3<\/td><td class=\"has-text-align-center\" data-align=\"center\">Blowing Rock i Asheville<\/td><td class=\"has-text-align-center\" data-align=\"center\">Linville Falls, Grandfather Mountain<\/td><td class=\"has-text-align-center\" data-align=\"center\">Asheville<\/td><\/tr><tr><td class=\"has-text-align-center\" data-align=\"center\">4<\/td><td class=\"has-text-align-center\" data-align=\"center\">Asheville til Mount Pisgah<\/td><td class=\"has-text-align-center\" data-align=\"center\">Pisgah Inn, Craggy Gardens<\/td><td class=\"has-text-align-center\" data-align=\"center\">Pisgah Inn<\/td><\/tr><tr><td class=\"has-text-align-center\" data-align=\"center\">5<\/td><td class=\"has-text-align-center\" data-align=\"center\">Mount Pisgah i <a href=\"https:\/\/visitcherokeenc.com\/\">Cherokee<\/a><\/td><td class=\"has-text-align-center\" data-align=\"center\">Waterrock Knob, Cherokee<\/td><td class=\"has-text-align-center\" data-align=\"center\">Cherokee<\/td><\/tr><\/tbody><\/table><\/figure>\n\n<p><br\/>Denne rejseplan giver dig mulighed for at opdage h\u00f8jdepunkterne i Parkway og samtidig finde en balance mellem udforskning og afslapning.<\/p>\n\n<h2 class=\"wp-block-heading\">Instagrammable fotospots<\/h2>\n\n<h3 class=\"wp-block-heading\">De perfekte landskaber til dine billeder<\/h3>\n\n<p>Blue Ridge Parkway er fyldt med fotogene steder. Disse inkluderer: <\/p>\n\n<ul class=\"wp-block-list\">\n<li><strong>Craggy Gardens (milep\u00e6l 364)<\/strong>: Farverige udsigter, is\u00e6r om for\u00e5ret.<\/li>\n\n\n\n<li><strong>Mabry Mill (milep\u00e6l 176)<\/strong>: En gammel m\u00f8llesten omgivet af bukolisk landskab, perfekt til rustikke fotos.<\/li>\n\n\n\n<li><strong>Waterrock Knob (milep\u00e6l 451):<\/strong> En spektakul\u00e6r udsigt ved solnedgang.<\/li>\n<\/ul>\n\n<h3 class=\"wp-block-heading\">Tips til at forevige Parkway<\/h3>\n\n<p>De bedste billeder f\u00e5r du ved at fokusere p\u00e5 solopgange og solnedgange, hvor lyset er bl\u00f8dt og farverne levende. Glem ikke at fange de ikoniske tunneler og vejens snoede kurver. <\/p>\n\n<h2 class=\"wp-block-heading\">Aktiviteter i henhold til din rejsetype<\/h2>\n\n<h3 class=\"wp-block-heading\">For par: romantiske \u00f8jeblikke<\/h3>\n\n<ul class=\"wp-block-list\">\n<li><strong>Stille g\u00e5ture og udsigtspunkter<\/strong>: Stier som Flat Top Trail ved Peaks of Otter tilbyder \u00f8jeblikke af fred og ro for to.<\/li>\n\n\n\n<li><strong>Lokale smagspr\u00f8ver <\/strong>: I Asheville kan du smage p\u00e5 regionale retter og vine i en venlig atmosf\u00e6re.<\/li>\n\n\n\n<li><strong>Stjernekiggeri<\/strong>: Parkway&#8217;s lave lysforurening g\u00f8r det til et ideelt sted at betragte M\u00e6lkevejen.<\/li>\n<\/ul>\n\n<h3 class=\"wp-block-heading\">Med familien: b\u00f8rnevenlige eventyr<\/h3>\n\n<ul class=\"wp-block-list\">\n<li><strong>Uddannelsesaktiviteter<\/strong>: Bes\u00f8gscentre som Humpback Rocks tilbyder interaktive programmer for b\u00f8rn.<\/li>\n\n\n\n<li><strong>Tilg\u00e6ngelige vandreture <\/strong>: Linville Falls Trail er kort og let, perfekt til familier med sm\u00e5 b\u00f8rn.<\/li>\n\n\n\n<li><strong>Udend\u00f8rs picnic<\/strong>: Flere omr\u00e5der langs Parkway, som f.eks. Doughton Park, er ideelle til et m\u00e5ltid i det fri.<\/li>\n<\/ul>\n\n<p>Blue Ridge Parkway er meget mere end bare en vej: Det er en opslugende oplevelse i hjertet af Amerikas naturlige sk\u00f8nhed. Uanset om du er p\u00e5 udkig efter eventyr, afslapning eller familieminder, vil denne rejse efterlade dig med uforglemmelige billeder og fornemmelser. Planl\u00e6g din rejseplan, k\u00f8r af sted, og lad dig fortrylle af Blue Ridge Mountains&#8217; vidundere.  <\/p>\n","protected":false},"excerpt":{"rendered":"<p>Hvordan planl\u00e6gger man en roadtrip p\u00e5 Blue Ridge Parkway? Blue Ridge Parkway, med tilnavnet &#8220;America&#8217;s Favorite Drive&#8221;, er en af de smukkeste natursk\u00f8nne k\u00f8reture i USA. Denne legendariske rute str\u00e6kker sig over n\u00e6sten 755 kilometer mellem Virginia og North Carolina og g\u00e5r gennem betagende landskaber, fra gr\u00f8nne bjerge til fredfyldte dale. Uanset om du er [&hellip;]<\/p>\n","protected":false},"author":1,"featured_media":0,"parent":0,"menu_order":0,"comment_status":"closed","ping_status":"closed","template":"","meta":{"footnotes":""},"class_list":["post-6217","page","type-page","status-publish","hentry"],"yoast_head":"<!-- This site is optimized with the Yoast SEO plugin v27.4 - https:\/\/yoast.com\/product\/yoast-seo-wordpress\/ -->\n<title>Oplev Blue Ridge Parkway i USA - USA B2<\/title>\n<meta name=\"description\" content=\"Oplev Blue Ridge Parkway: ruter, den bedste indkvartering, fotospots og aktiviteter for par og familier!\" \/>\n<meta name=\"robots\" content=\"index, follow, max-snippet:-1, max-image-preview:large, max-video-preview:-1\" \/>\n<link rel=\"canonical\" href=\"https:\/\/usa-b2.com\/da\/blue-ridge-parkway-forenede-stater\/\" \/>\n<meta property=\"og:locale\" content=\"da_DK\" \/>\n<meta property=\"og:type\" content=\"article\" \/>\n<meta property=\"og:title\" content=\"Oplev Blue Ridge Parkway i USA - USA B2\" \/>\n<meta property=\"og:description\" content=\"Oplev Blue Ridge Parkway: ruter, den bedste indkvartering, fotospots og aktiviteter for par og familier!\" \/>\n<meta property=\"og:url\" content=\"https:\/\/usa-b2.com\/da\/blue-ridge-parkway-forenede-stater\/\" \/>\n<meta property=\"og:site_name\" content=\"USA B2\" \/>\n<meta property=\"article:modified_time\" content=\"2025-01-21T10:35:59+00:00\" \/>\n<meta property=\"og:image\" content=\"https:\/\/usa-b2.com\/wp-content\/uploads\/2025\/01\/Blue-Ridge-Parkway-Virginie-Caroline-Nord-USA-edited.png\" \/>\n\t<meta property=\"og:image:width\" content=\"597\" \/>\n\t<meta property=\"og:image:height\" content=\"336\" \/>\n\t<meta property=\"og:image:type\" content=\"image\/png\" \/>\n<meta name=\"twitter:card\" content=\"summary_large_image\" \/>\n<meta name=\"twitter:label1\" content=\"Estimeret l\u00e6setid\" \/>\n\t<meta name=\"twitter:data1\" content=\"3 minutter\" \/>\n<script type=\"application\/ld+json\" class=\"yoast-schema-graph\">{\"@context\":\"https:\\\/\\\/schema.org\",\"@graph\":[{\"@type\":\"WebPage\",\"@id\":\"https:\\\/\\\/usa-b2.com\\\/da\\\/blue-ridge-parkway-forenede-stater\\\/\",\"url\":\"https:\\\/\\\/usa-b2.com\\\/da\\\/blue-ridge-parkway-forenede-stater\\\/\",\"name\":\"Oplev Blue Ridge Parkway i USA - USA B2\",\"isPartOf\":{\"@id\":\"https:\\\/\\\/usa-b2.com\\\/da\\\/#website\"},\"primaryImageOfPage\":{\"@id\":\"https:\\\/\\\/usa-b2.com\\\/da\\\/blue-ridge-parkway-forenede-stater\\\/#primaryimage\"},\"image\":{\"@id\":\"https:\\\/\\\/usa-b2.com\\\/da\\\/blue-ridge-parkway-forenede-stater\\\/#primaryimage\"},\"thumbnailUrl\":\"https:\\\/\\\/usa-b2.com\\\/wp-content\\\/uploads\\\/2025\\\/01\\\/Blue-Ridge-Parkway-Virginie-Caroline-Nord-USA-edited.png\",\"datePublished\":\"2025-01-15T10:13:22+00:00\",\"dateModified\":\"2025-01-21T10:35:59+00:00\",\"description\":\"Oplev Blue Ridge Parkway: ruter, den bedste indkvartering, fotospots og aktiviteter for par og familier!\",\"breadcrumb\":{\"@id\":\"https:\\\/\\\/usa-b2.com\\\/da\\\/blue-ridge-parkway-forenede-stater\\\/#breadcrumb\"},\"inLanguage\":\"da-DK\",\"potentialAction\":[{\"@type\":\"ReadAction\",\"target\":[\"https:\\\/\\\/usa-b2.com\\\/da\\\/blue-ridge-parkway-forenede-stater\\\/\"]}]},{\"@type\":\"ImageObject\",\"inLanguage\":\"da-DK\",\"@id\":\"https:\\\/\\\/usa-b2.com\\\/da\\\/blue-ridge-parkway-forenede-stater\\\/#primaryimage\",\"url\":\"https:\\\/\\\/usa-b2.com\\\/wp-content\\\/uploads\\\/2025\\\/01\\\/Blue-Ridge-Parkway-Virginie-Caroline-Nord-USA-edited.png\",\"contentUrl\":\"https:\\\/\\\/usa-b2.com\\\/wp-content\\\/uploads\\\/2025\\\/01\\\/Blue-Ridge-Parkway-Virginie-Caroline-Nord-USA-edited.png\"},{\"@type\":\"BreadcrumbList\",\"@id\":\"https:\\\/\\\/usa-b2.com\\\/da\\\/blue-ridge-parkway-forenede-stater\\\/#breadcrumb\",\"itemListElement\":[{\"@type\":\"ListItem\",\"position\":1,\"name\":\"Accueil\",\"item\":\"https:\\\/\\\/usa-b2.com\\\/da\\\/usa\\\/\"},{\"@type\":\"ListItem\",\"position\":2,\"name\":\"Oplev Blue Ridge Parkway i USA\"}]},{\"@type\":\"WebSite\",\"@id\":\"https:\\\/\\\/usa-b2.com\\\/da\\\/#website\",\"url\":\"https:\\\/\\\/usa-b2.com\\\/da\\\/\",\"name\":\"USA B2 VISA\",\"description\":\"\",\"potentialAction\":[{\"@type\":\"SearchAction\",\"target\":{\"@type\":\"EntryPoint\",\"urlTemplate\":\"https:\\\/\\\/usa-b2.com\\\/da\\\/?s={search_term_string}\"},\"query-input\":{\"@type\":\"PropertyValueSpecification\",\"valueRequired\":true,\"valueName\":\"search_term_string\"}}],\"inLanguage\":\"da-DK\"}]}<\/script>\n<!-- \/ Yoast SEO plugin. -->","yoast_head_json":{"title":"Oplev Blue Ridge Parkway i USA - USA B2","description":"Oplev Blue Ridge Parkway: ruter, den bedste indkvartering, fotospots og aktiviteter for par og familier!","robots":{"index":"index","follow":"follow","max-snippet":"max-snippet:-1","max-image-preview":"max-image-preview:large","max-video-preview":"max-video-preview:-1"},"canonical":"https:\/\/usa-b2.com\/da\/blue-ridge-parkway-forenede-stater\/","og_locale":"da_DK","og_type":"article","og_title":"Oplev Blue Ridge Parkway i USA - USA B2","og_description":"Oplev Blue Ridge Parkway: ruter, den bedste indkvartering, fotospots og aktiviteter for par og familier!","og_url":"https:\/\/usa-b2.com\/da\/blue-ridge-parkway-forenede-stater\/","og_site_name":"USA B2","article_modified_time":"2025-01-21T10:35:59+00:00","og_image":[{"width":597,"height":336,"url":"https:\/\/usa-b2.com\/wp-content\/uploads\/2025\/01\/Blue-Ridge-Parkway-Virginie-Caroline-Nord-USA-edited.png","type":"image\/png"}],"twitter_card":"summary_large_image","twitter_misc":{"Estimeret l\u00e6setid":"3 minutter"},"schema":{"@context":"https:\/\/schema.org","@graph":[{"@type":"WebPage","@id":"https:\/\/usa-b2.com\/da\/blue-ridge-parkway-forenede-stater\/","url":"https:\/\/usa-b2.com\/da\/blue-ridge-parkway-forenede-stater\/","name":"Oplev Blue Ridge Parkway i USA - USA B2","isPartOf":{"@id":"https:\/\/usa-b2.com\/da\/#website"},"primaryImageOfPage":{"@id":"https:\/\/usa-b2.com\/da\/blue-ridge-parkway-forenede-stater\/#primaryimage"},"image":{"@id":"https:\/\/usa-b2.com\/da\/blue-ridge-parkway-forenede-stater\/#primaryimage"},"thumbnailUrl":"https:\/\/usa-b2.com\/wp-content\/uploads\/2025\/01\/Blue-Ridge-Parkway-Virginie-Caroline-Nord-USA-edited.png","datePublished":"2025-01-15T10:13:22+00:00","dateModified":"2025-01-21T10:35:59+00:00","description":"Oplev Blue Ridge Parkway: ruter, den bedste indkvartering, fotospots og aktiviteter for par og familier!","breadcrumb":{"@id":"https:\/\/usa-b2.com\/da\/blue-ridge-parkway-forenede-stater\/#breadcrumb"},"inLanguage":"da-DK","potentialAction":[{"@type":"ReadAction","target":["https:\/\/usa-b2.com\/da\/blue-ridge-parkway-forenede-stater\/"]}]},{"@type":"ImageObject","inLanguage":"da-DK","@id":"https:\/\/usa-b2.com\/da\/blue-ridge-parkway-forenede-stater\/#primaryimage","url":"https:\/\/usa-b2.com\/wp-content\/uploads\/2025\/01\/Blue-Ridge-Parkway-Virginie-Caroline-Nord-USA-edited.png","contentUrl":"https:\/\/usa-b2.com\/wp-content\/uploads\/2025\/01\/Blue-Ridge-Parkway-Virginie-Caroline-Nord-USA-edited.png"},{"@type":"BreadcrumbList","@id":"https:\/\/usa-b2.com\/da\/blue-ridge-parkway-forenede-stater\/#breadcrumb","itemListElement":[{"@type":"ListItem","position":1,"name":"Accueil","item":"https:\/\/usa-b2.com\/da\/usa\/"},{"@type":"ListItem","position":2,"name":"Oplev Blue Ridge Parkway i USA"}]},{"@type":"WebSite","@id":"https:\/\/usa-b2.com\/da\/#website","url":"https:\/\/usa-b2.com\/da\/","name":"USA B2 VISA","description":"","potentialAction":[{"@type":"SearchAction","target":{"@type":"EntryPoint","urlTemplate":"https:\/\/usa-b2.com\/da\/?s={search_term_string}"},"query-input":{"@type":"PropertyValueSpecification","valueRequired":true,"valueName":"search_term_string"}}],"inLanguage":"da-DK"}]}},"_links":{"self":[{"href":"https:\/\/usa-b2.com\/da\/wp-json\/wp\/v2\/pages\/6217","targetHints":{"allow":["GET"]}}],"collection":[{"href":"https:\/\/usa-b2.com\/da\/wp-json\/wp\/v2\/pages"}],"about":[{"href":"https:\/\/usa-b2.com\/da\/wp-json\/wp\/v2\/types\/page"}],"author":[{"embeddable":true,"href":"https:\/\/usa-b2.com\/da\/wp-json\/wp\/v2\/users\/1"}],"replies":[{"embeddable":true,"href":"https:\/\/usa-b2.com\/da\/wp-json\/wp\/v2\/comments?post=6217"}],"version-history":[{"count":0,"href":"https:\/\/usa-b2.com\/da\/wp-json\/wp\/v2\/pages\/6217\/revisions"}],"wp:attachment":[{"href":"https:\/\/usa-b2.com\/da\/wp-json\/wp\/v2\/media?parent=6217"}],"curies":[{"name":"wp","href":"https:\/\/api.w.org\/{rel}","templated":true}]}}