{"id":6198,"date":"2025-01-15T09:10:05","date_gmt":"2025-01-15T09:10:05","guid":{"rendered":"https:\/\/usa-b2.com\/store-parker-vest-for-usa\/"},"modified":"2025-01-21T12:39:44","modified_gmt":"2025-01-21T12:39:44","slug":"store-parker-vest-for-usa","status":"publish","type":"page","link":"https:\/\/usa-b2.com\/da\/store-parker-vest-for-usa\/","title":{"rendered":"P\u00e5 tur i de store vestlige parker i USA"},"content":{"rendered":"\n<h1 class=\"wp-block-heading\">Hvordan organiserer du din roadtrip til Vestens store parker?<\/h1>\n\n<p>The Mighty Five,<a href=\"https:\/\/www.office-tourisme-usa.com\/etat\/utah\/\">Utahs<\/a> fem ikoniske nationalparker, er indbegrebet af den barske sk\u00f8nhed i det amerikanske vesten. Hvert \u00e5r tiltr\u00e6kker de millioner af bes\u00f8gende p\u00e5 jagt efter betagende udsigter og mindev\u00e6rdige eventyr. Denne omfattende guide hj\u00e6lper dig med at planl\u00e6gge din rejse, fra rejseplaner og fotosteder til indkvartering og aktiviteter, der passer til alle. Opdag hemmelighederne bag Mighty Five, og forbered dig p\u00e5 en uforglemmelig fordybelse i hjertet af Utahs landskaber.   <\/p>\n\n<figure class=\"wp-block-gallery has-nested-images columns-default is-cropped wp-block-gallery-1 is-layout-flex wp-block-gallery-is-layout-flex\">\n<figure class=\"wp-block-image size-large\"><img fetchpriority=\"high\" decoding=\"async\" width=\"789\" height=\"444\" data-id=\"6696\" src=\"https:\/\/usa-b2.com\/wp-content\/uploads\/2025\/01\/National-Parks-Road-Trip-Utah-edited-1.png\" alt=\"\" class=\"wp-image-6696\" srcset=\"https:\/\/usa-b2.com\/wp-content\/uploads\/2025\/01\/National-Parks-Road-Trip-Utah-edited-1.png 789w, https:\/\/usa-b2.com\/wp-content\/uploads\/2025\/01\/National-Parks-Road-Trip-Utah-edited-1-300x169.png 300w, https:\/\/usa-b2.com\/wp-content\/uploads\/2025\/01\/National-Parks-Road-Trip-Utah-edited-1-768x432.png 768w\" sizes=\"(max-width: 789px) 100vw, 789px\" \/><\/figure>\n<\/figure>\n\n<h2 class=\"wp-block-heading\">Oplev de m\u00e6gtige fem: Nationalparker og deres unikke landskaber<\/h2>\n\n<h3 class=\"wp-block-heading\">Nationalparker, du ikke m\u00e5 g\u00e5 glip af<\/h3>\n\n<h4 class=\"wp-block-heading\">Zion National Park: majest\u00e6tiske klipper og ikoniske stier<\/h4>\n\n<p><a href=\"https:\/\/www.nps.gov\/zion\/index.htm\">Zion<\/a> er kendt for sine imponerende r\u00f8de klipper og spektakul\u00e6re vandreture som Angel&#8217;s Landing, en svimlende sti med panoramaudsigt. Vandhunde vil ikke g\u00e5 glip af The Narrows, hvor det er en uforglemmelig oplevelse at g\u00e5 i en flod omgivet af smalle kl\u00f8fter. <\/p>\n\n<h4 class=\"wp-block-heading\">Bryce Canyon: et naturligt amfiteater af hoodoos<\/h4>\n\n<p><a href=\"https:\/\/www.nps.gov\/brca\/index.htm\">Bryce Canyon<\/a> er kendt for sine unikke klippeformationer, der kaldes hoodoos. Udsigtspunkter som Sunrise Point og Inspiration Point byder p\u00e5 betagende panoramaer, is\u00e6r ved daggry eller i skumringen. <\/p>\n\n<h4 class=\"wp-block-heading\">Arches og Canyonlands: Utahs geologiske vidundere<\/h4>\n\n<p>Arches er hjemsted for mere end 2.000 naturlige buer, herunder den ber\u00f8mte Delicate Arch. Bare et par kilometer v\u00e6k ligger Canyonlands med endel\u00f8se kl\u00f8fter og Mesa Arch, som er et must at se ved solopgang. <\/p>\n\n<h3 class=\"wp-block-heading\">Landskaber og symbolske stop<\/h3>\n\n<h4 class=\"wp-block-heading\">Naturlige steder at udforske<\/h4>\n\n<p>Hver park har sine egne unikke skatte. I Capitol Reef er Waterpocket Fold en fascinerende geologisk formation, mens Fruita Historic District fordyber de bes\u00f8gende i regionens historie. Bryce Canyon er ber\u00f8mt for sine m\u00e6rkeligt formede hoodoos, som for eksempel Thors Hammer.  <\/p>\n\n<h4 class=\"wp-block-heading\">De bedste natursk\u00f8nne ruter<\/h4>\n\n<p>Ruter som Scenic Byway 12 mellem Bryce og Capitol Reef byder p\u00e5 en betagende udsigt over bjerge og \u00f8rkener. Tag dig tid til at stoppe ved udkigsposter og beundre landskabet. <\/p>\n\n<h2 class=\"wp-block-heading\">Hvor skal man bo: Indkvartering og strategiske byer<\/h2>\n\n<h3 class=\"wp-block-heading\">Must-see stopover-byer<\/h3>\n\n<h4 class=\"wp-block-heading\">Springdale: ved porten til Zion<\/h4>\n\n<p><a href=\"https:\/\/www.springdaletown.com\/\">Springdale<\/a> er det ideelle udgangspunkt for at udforske Zion. Byen tilbyder en bred vifte af overnatningsmuligheder, fra komfortable lodges til luksushoteller, og restauranter for enhver smag. Den strategiske beliggenhed g\u00f8r det nemt at komme ind i parken med praktiske shuttlebusser.  <\/p>\n\n<h4 class=\"wp-block-heading\">Moab: p\u00e5 kryds og tv\u00e6rs af to parker<\/h4>\n\n<p><a href=\"https:\/\/www.discovermoab.com\/\">Moab<\/a> er en livlig og indbydende by, perfekt til at udforske Arches og Canyonlands. Indkvarteringsmulighederne omfatter veludstyrede campingpladser, familievenlige hoteller og solovenlige vandrerhjem. <\/p>\n\n<h3 class=\"wp-block-heading\">Indkvartering i parkerne: garanteret fordybelse<\/h3>\n\n<h4 class=\"wp-block-heading\">Lodges til en unik oplevelse<\/h4>\n\n<p>Flere parker, s\u00e5som Zion og Bryce, har lodges med direkte udsigt over de naturlige landskaber. Det er vigtigt at booke s\u00e5danne overnatningssteder p\u00e5 forh\u00e5nd for at garantere et ophold i hjertet af naturen. <\/p>\n\n<h4 class=\"wp-block-heading\">Camping: sove under stjernerne<\/h4>\n\n<p>Camping er en popul\u00e6r mulighed for eventyrere. Der er indrettede pladser i alle parker, som tilbyder de n\u00f8dvendige faciliteter og ligger t\u00e6t p\u00e5 vandrestier. Bryce Canyon er is\u00e6r popul\u00e6r p\u00e5 grund af sin enest\u00e5ende nattehimmel.  <\/p>\n\n<h2 class=\"wp-block-heading\">Anbefalet rejseplan: Udforsk Mighty Five p\u00e5 7 dage<\/h2>\n\n<figure class=\"wp-block-table\"><table class=\"has-fixed-layout\"><tbody><tr><td><strong>Dag<\/strong><\/td><td><strong>Park<\/strong><\/td><td><strong>Vigtigste aktiviteter<\/strong><\/td><td><strong>Forslag til indkvartering<\/strong><\/td><\/tr><tr><td>1<\/td><td>Zion<\/td><td>Angel&#8217;s Landing, The Narrows<\/td><td>Springdale<\/td><\/tr><tr><td>2<\/td><td>Bryce Canyon<\/td><td>Sunrise Point, Fairyland Loop<\/td><td>Tropisk<\/td><\/tr><tr><td>3<\/td><td>Capitol Reef<\/td><td>Fruita Overlook, Hickman Bridge<\/td><td>Torrey<\/td><\/tr><tr><td>4-5<\/td><td>Buer<\/td><td>Delikat bue, Dj\u00e6vlens have<\/td><td>Moab<\/td><\/tr><tr><td>6-7<\/td><td>Canyonlands<\/td><td>\u00d8en i himlen, Mesa Arch<\/td><td>Moab<\/td><\/tr><\/tbody><\/table><\/figure>\n\n<p><br\/>Denne rejseplan maksimerer den tid, der bruges i hver park, samtidig med at den giver mulighed for komfortabel rejse mellem stederne.<\/p>\n\n<h2 class=\"wp-block-heading\">Instagrammable fotospots<\/h2>\n\n<h3 class=\"wp-block-heading\">De perfekte landskaber til dine billeder<\/h3>\n\n<h4 class=\"wp-block-heading\">Mesa Arch: spektakul\u00e6r solopgang<\/h4>\n\n<p>I Canyonlands er Mesa Arch en fotografisk favorit. Morgenlyset oplyser buen og skaber en magisk scene, som er et bes\u00f8g v\u00e6rd. <\/p>\n\n<h4 class=\"wp-block-heading\">Delicate Arch: et ikon i Utah<\/h4>\n\n<p>Denne perle i Arches National Park tiltr\u00e6kker bes\u00f8gende p\u00e5 jagt efter mindev\u00e6rdige fotos. En vandretur p\u00e5 5 km f\u00f8rer dig til dette ikoniske sted, som er s\u00e6rligt smukt ved solnedgang. <\/p>\n\n<h4 class=\"wp-block-heading\">Bryce Amphitheater: et naturligt friluftsmaleri<\/h4>\n\n<p>Bryce Amphitheater byder p\u00e5 betagende panoramaer. De skiftende farver p\u00e5 hoodoos ved daggry eller i skumringen er ideelle til instagrambilleder. <\/p>\n\n<h2 class=\"wp-block-heading\">Aktiviteter i henhold til din rejsetype<\/h2>\n\n<h3 class=\"wp-block-heading\">For par: romantiske \u00f8jeblikke<\/h3>\n\n<h4 class=\"wp-block-heading\">G\u00e5ture ved solnedgang og picnic<\/h4>\n\n<p>Stier som Sunset Point i Bryce Canyon tilbyder en idyllisk ramme for par. Pak en picnic med udsigt til hoodoos og f\u00e5 et \u00f8jebliks n\u00e6rv\u00e6r. <\/p>\n\n<h4 class=\"wp-block-heading\">Stjernekiggeri<\/h4>\n\n<p>Bryce Canyon er ber\u00f8mt for sin stjernehimmel. At deltage i en aften med astronomiske observationer sammen skaber uforglemmelige minder. <\/p>\n\n<h3 class=\"wp-block-heading\">Med familien: b\u00f8rnevenlige eventyr<\/h3>\n\n<h4 class=\"wp-block-heading\">Uddannelsesaktiviteter: Junior Ranger Program<\/h4>\n\n<p>Alle parkerne tilbyder b\u00f8rneprogrammer, der kombinerer l\u00e6ring og sjov. Sm\u00e5 eventyrere kan optjene badges efter at have gennemf\u00f8rt missioner. <\/p>\n\n<h4 class=\"wp-block-heading\">Nemme, tilg\u00e6ngelige vandreture<\/h4>\n\n<p>Stier som Riverside Walk i Zion eller Sand Dune Arch Trail i Arches er perfekte for familier og byder p\u00e5 storsl\u00e5ede udsigter uden for meget fysisk anstrengelse.<\/p>\n\n<p><br\/>En tur til Mighty Five er en uforlignelig oplevelse, der kombinerer eventyr, opdagelse og afslapning. Uanset om I er et par eller en familie, vil disse nationalparker give jer minder for livet. Planl\u00e6g din rejseplan, book din overnatning, og fordyb dig i Utahs r\u00e5 sk\u00f8nhed.  <\/p>\n\n<p><\/p>\n","protected":false},"excerpt":{"rendered":"<p>Hvordan organiserer du din roadtrip til Vestens store parker? The Mighty Five,Utahs fem ikoniske nationalparker, er indbegrebet af den barske sk\u00f8nhed i det amerikanske vesten. Hvert \u00e5r tiltr\u00e6kker de millioner af bes\u00f8gende p\u00e5 jagt efter betagende udsigter og mindev\u00e6rdige eventyr. Denne omfattende guide hj\u00e6lper dig med at planl\u00e6gge din rejse, fra rejseplaner og fotosteder til [&hellip;]<\/p>\n","protected":false},"author":1,"featured_media":0,"parent":0,"menu_order":0,"comment_status":"closed","ping_status":"closed","template":"","meta":{"footnotes":""},"class_list":["post-6198","page","type-page","status-publish","hentry"],"yoast_head":"<!-- This site is optimized with the Yoast SEO plugin v27.4 - https:\/\/yoast.com\/product\/yoast-seo-wordpress\/ -->\n<title>P\u00e5 tur i de store vestlige parker i USA - USA B2<\/title>\n<meta name=\"description\" content=\"Find ud af, hvordan du planl\u00e6gger din rejse til Utahs Mighty Five. Rejseplaner, indkvartering, aktiviteter og fotomuligheder.\" \/>\n<meta name=\"robots\" content=\"index, follow, max-snippet:-1, max-image-preview:large, max-video-preview:-1\" \/>\n<link rel=\"canonical\" href=\"https:\/\/usa-b2.com\/da\/store-parker-vest-for-usa\/\" \/>\n<meta property=\"og:locale\" content=\"da_DK\" \/>\n<meta property=\"og:type\" content=\"article\" \/>\n<meta property=\"og:title\" content=\"P\u00e5 tur i de store vestlige parker i USA - USA B2\" \/>\n<meta property=\"og:description\" content=\"Find ud af, hvordan du planl\u00e6gger din rejse til Utahs Mighty Five. Rejseplaner, indkvartering, aktiviteter og fotomuligheder.\" \/>\n<meta property=\"og:url\" content=\"https:\/\/usa-b2.com\/da\/store-parker-vest-for-usa\/\" \/>\n<meta property=\"og:site_name\" content=\"USA B2\" \/>\n<meta property=\"article:modified_time\" content=\"2025-01-21T12:39:44+00:00\" \/>\n<meta property=\"og:image\" content=\"https:\/\/usa-b2.com\/wp-content\/uploads\/2025\/01\/National-Parks-Road-Trip-Utah-edited-1.png\" \/>\n\t<meta property=\"og:image:width\" content=\"789\" \/>\n\t<meta property=\"og:image:height\" content=\"444\" \/>\n\t<meta property=\"og:image:type\" content=\"image\/png\" \/>\n<meta name=\"twitter:card\" content=\"summary_large_image\" \/>\n<meta name=\"twitter:label1\" content=\"Estimeret l\u00e6setid\" \/>\n\t<meta name=\"twitter:data1\" content=\"4 minutter\" \/>\n<script type=\"application\/ld+json\" class=\"yoast-schema-graph\">{\"@context\":\"https:\\\/\\\/schema.org\",\"@graph\":[{\"@type\":\"WebPage\",\"@id\":\"https:\\\/\\\/usa-b2.com\\\/da\\\/store-parker-vest-for-usa\\\/\",\"url\":\"https:\\\/\\\/usa-b2.com\\\/da\\\/store-parker-vest-for-usa\\\/\",\"name\":\"P\u00e5 tur i de store vestlige parker i USA - USA B2\",\"isPartOf\":{\"@id\":\"https:\\\/\\\/usa-b2.com\\\/da\\\/#website\"},\"primaryImageOfPage\":{\"@id\":\"https:\\\/\\\/usa-b2.com\\\/da\\\/store-parker-vest-for-usa\\\/#primaryimage\"},\"image\":{\"@id\":\"https:\\\/\\\/usa-b2.com\\\/da\\\/store-parker-vest-for-usa\\\/#primaryimage\"},\"thumbnailUrl\":\"https:\\\/\\\/usa-b2.com\\\/wp-content\\\/uploads\\\/2025\\\/01\\\/National-Parks-Road-Trip-Utah-edited-1.png\",\"datePublished\":\"2025-01-15T09:10:05+00:00\",\"dateModified\":\"2025-01-21T12:39:44+00:00\",\"description\":\"Find ud af, hvordan du planl\u00e6gger din rejse til Utahs Mighty Five. Rejseplaner, indkvartering, aktiviteter og fotomuligheder.\",\"breadcrumb\":{\"@id\":\"https:\\\/\\\/usa-b2.com\\\/da\\\/store-parker-vest-for-usa\\\/#breadcrumb\"},\"inLanguage\":\"da-DK\",\"potentialAction\":[{\"@type\":\"ReadAction\",\"target\":[\"https:\\\/\\\/usa-b2.com\\\/da\\\/store-parker-vest-for-usa\\\/\"]}]},{\"@type\":\"ImageObject\",\"inLanguage\":\"da-DK\",\"@id\":\"https:\\\/\\\/usa-b2.com\\\/da\\\/store-parker-vest-for-usa\\\/#primaryimage\",\"url\":\"https:\\\/\\\/usa-b2.com\\\/wp-content\\\/uploads\\\/2025\\\/01\\\/National-Parks-Road-Trip-Utah-edited-1.png\",\"contentUrl\":\"https:\\\/\\\/usa-b2.com\\\/wp-content\\\/uploads\\\/2025\\\/01\\\/National-Parks-Road-Trip-Utah-edited-1.png\"},{\"@type\":\"BreadcrumbList\",\"@id\":\"https:\\\/\\\/usa-b2.com\\\/da\\\/store-parker-vest-for-usa\\\/#breadcrumb\",\"itemListElement\":[{\"@type\":\"ListItem\",\"position\":1,\"name\":\"Accueil\",\"item\":\"https:\\\/\\\/usa-b2.com\\\/da\\\/usa\\\/\"},{\"@type\":\"ListItem\",\"position\":2,\"name\":\"P\u00e5 tur i de store vestlige parker i USA\"}]},{\"@type\":\"WebSite\",\"@id\":\"https:\\\/\\\/usa-b2.com\\\/da\\\/#website\",\"url\":\"https:\\\/\\\/usa-b2.com\\\/da\\\/\",\"name\":\"USA B2 VISA\",\"description\":\"\",\"potentialAction\":[{\"@type\":\"SearchAction\",\"target\":{\"@type\":\"EntryPoint\",\"urlTemplate\":\"https:\\\/\\\/usa-b2.com\\\/da\\\/?s={search_term_string}\"},\"query-input\":{\"@type\":\"PropertyValueSpecification\",\"valueRequired\":true,\"valueName\":\"search_term_string\"}}],\"inLanguage\":\"da-DK\"}]}<\/script>\n<!-- \/ Yoast SEO plugin. -->","yoast_head_json":{"title":"P\u00e5 tur i de store vestlige parker i USA - USA B2","description":"Find ud af, hvordan du planl\u00e6gger din rejse til Utahs Mighty Five. Rejseplaner, indkvartering, aktiviteter og fotomuligheder.","robots":{"index":"index","follow":"follow","max-snippet":"max-snippet:-1","max-image-preview":"max-image-preview:large","max-video-preview":"max-video-preview:-1"},"canonical":"https:\/\/usa-b2.com\/da\/store-parker-vest-for-usa\/","og_locale":"da_DK","og_type":"article","og_title":"P\u00e5 tur i de store vestlige parker i USA - USA B2","og_description":"Find ud af, hvordan du planl\u00e6gger din rejse til Utahs Mighty Five. Rejseplaner, indkvartering, aktiviteter og fotomuligheder.","og_url":"https:\/\/usa-b2.com\/da\/store-parker-vest-for-usa\/","og_site_name":"USA B2","article_modified_time":"2025-01-21T12:39:44+00:00","og_image":[{"width":789,"height":444,"url":"https:\/\/usa-b2.com\/wp-content\/uploads\/2025\/01\/National-Parks-Road-Trip-Utah-edited-1.png","type":"image\/png"}],"twitter_card":"summary_large_image","twitter_misc":{"Estimeret l\u00e6setid":"4 minutter"},"schema":{"@context":"https:\/\/schema.org","@graph":[{"@type":"WebPage","@id":"https:\/\/usa-b2.com\/da\/store-parker-vest-for-usa\/","url":"https:\/\/usa-b2.com\/da\/store-parker-vest-for-usa\/","name":"P\u00e5 tur i de store vestlige parker i USA - USA B2","isPartOf":{"@id":"https:\/\/usa-b2.com\/da\/#website"},"primaryImageOfPage":{"@id":"https:\/\/usa-b2.com\/da\/store-parker-vest-for-usa\/#primaryimage"},"image":{"@id":"https:\/\/usa-b2.com\/da\/store-parker-vest-for-usa\/#primaryimage"},"thumbnailUrl":"https:\/\/usa-b2.com\/wp-content\/uploads\/2025\/01\/National-Parks-Road-Trip-Utah-edited-1.png","datePublished":"2025-01-15T09:10:05+00:00","dateModified":"2025-01-21T12:39:44+00:00","description":"Find ud af, hvordan du planl\u00e6gger din rejse til Utahs Mighty Five. Rejseplaner, indkvartering, aktiviteter og fotomuligheder.","breadcrumb":{"@id":"https:\/\/usa-b2.com\/da\/store-parker-vest-for-usa\/#breadcrumb"},"inLanguage":"da-DK","potentialAction":[{"@type":"ReadAction","target":["https:\/\/usa-b2.com\/da\/store-parker-vest-for-usa\/"]}]},{"@type":"ImageObject","inLanguage":"da-DK","@id":"https:\/\/usa-b2.com\/da\/store-parker-vest-for-usa\/#primaryimage","url":"https:\/\/usa-b2.com\/wp-content\/uploads\/2025\/01\/National-Parks-Road-Trip-Utah-edited-1.png","contentUrl":"https:\/\/usa-b2.com\/wp-content\/uploads\/2025\/01\/National-Parks-Road-Trip-Utah-edited-1.png"},{"@type":"BreadcrumbList","@id":"https:\/\/usa-b2.com\/da\/store-parker-vest-for-usa\/#breadcrumb","itemListElement":[{"@type":"ListItem","position":1,"name":"Accueil","item":"https:\/\/usa-b2.com\/da\/usa\/"},{"@type":"ListItem","position":2,"name":"P\u00e5 tur i de store vestlige parker i USA"}]},{"@type":"WebSite","@id":"https:\/\/usa-b2.com\/da\/#website","url":"https:\/\/usa-b2.com\/da\/","name":"USA B2 VISA","description":"","potentialAction":[{"@type":"SearchAction","target":{"@type":"EntryPoint","urlTemplate":"https:\/\/usa-b2.com\/da\/?s={search_term_string}"},"query-input":{"@type":"PropertyValueSpecification","valueRequired":true,"valueName":"search_term_string"}}],"inLanguage":"da-DK"}]}},"_links":{"self":[{"href":"https:\/\/usa-b2.com\/da\/wp-json\/wp\/v2\/pages\/6198","targetHints":{"allow":["GET"]}}],"collection":[{"href":"https:\/\/usa-b2.com\/da\/wp-json\/wp\/v2\/pages"}],"about":[{"href":"https:\/\/usa-b2.com\/da\/wp-json\/wp\/v2\/types\/page"}],"author":[{"embeddable":true,"href":"https:\/\/usa-b2.com\/da\/wp-json\/wp\/v2\/users\/1"}],"replies":[{"embeddable":true,"href":"https:\/\/usa-b2.com\/da\/wp-json\/wp\/v2\/comments?post=6198"}],"version-history":[{"count":0,"href":"https:\/\/usa-b2.com\/da\/wp-json\/wp\/v2\/pages\/6198\/revisions"}],"wp:attachment":[{"href":"https:\/\/usa-b2.com\/da\/wp-json\/wp\/v2\/media?parent=6198"}],"curies":[{"name":"wp","href":"https:\/\/api.w.org\/{rel}","templated":true}]}}