{"id":6184,"date":"2025-01-15T09:49:43","date_gmt":"2025-01-15T09:49:43","guid":{"rendered":"https:\/\/usa-b2.com\/orken-nevada-forenede-stater\/"},"modified":"2025-01-21T10:47:35","modified_gmt":"2025-01-21T10:47:35","slug":"orken-nevada-forenede-stater","status":"publish","type":"page","link":"https:\/\/usa-b2.com\/da\/orken-nevada-forenede-stater\/","title":{"rendered":"Krydser \u00f8rkenen fra Nevada til Californien"},"content":{"rendered":"\n<h1 class=\"wp-block-heading\">Hvad er de bedste ruter til at udforske Nevada-\u00f8rkenen?<\/h1>\n\n<p>\u00d8rkenerne i Nevada og Californien fascinerer bes\u00f8gende med deres t\u00f8rre landskaber, spektakul\u00e6re klippeformationer og ikoniske steder som <a href=\"https:\/\/www.nps.gov\/deva\/index.htm\">Death Valley<\/a>, <a href=\"https:\/\/www.redrockcanyonlv.org\/\">Red Rock Canyon<\/a> og Joshua Tree. Dette enorme omr\u00e5de byder p\u00e5 en unik oplevelse for dem, der elsker natur, eventyr og us\u00e6dvanlige opdagelser. I denne guide hj\u00e6lper vi dig med at planl\u00e6gge en uforglemmelig tur: rejseplaner, indkvartering, fotomuligheder og aktiviteter, der passer til alle typer rejsende. G\u00f8r dig klar til at dykke ned i hjertet af den amerikanske \u00f8rken!   <\/p>\n\n<h2 class=\"wp-block-heading\">Oplev \u00f8rkenen: ikoniske steder og unikke landskaber<\/h2>\n\n<h3 class=\"wp-block-heading\">Must-sees i Nevadas og Californiens \u00f8rkener<\/h3>\n\n<h4 class=\"wp-block-heading\">Death Valley: en ekstrem \u00f8rken<\/h4>\n\n<p>Death Valley, den varmeste nationalpark i USA, er ber\u00f8mt for sine m\u00e5nelandskaber. G\u00e5 ikke glip af <strong>Badwater Basin<\/strong>, det laveste punkt i Nordamerika, og <strong>Zabriskie Point<\/strong>, som er et popul\u00e6rt sted at beundre solopgangens farver. <\/p>\n\n<h4 class=\"wp-block-heading\">Red Rock Canyon: natur og klatring<\/h4>\n\n<p><strong>Red Rock Canyon<\/strong> ligger kun f\u00e5 kilometer fra Las Vegas og er kendt for sine imponerende r\u00f8de klipper og vandrestier. Det er ogs\u00e5 et must for klatreentusiaster. <\/p>\n\n<h4 class=\"wp-block-heading\">Joshua Tree: mellem Mojave-\u00f8rkenen og Colorado<\/h4>\n\n<p><strong>Joshua Tree<\/strong> National Park er en unik blanding af \u00f8rkenlandskaber og klippeformationer. Joshua-tr\u00e6erne i parken skaber en magisk atmosf\u00e6re, is\u00e6r ved solnedgang. <\/p>\n\n<h3 class=\"wp-block-heading\">Landskaber og interessante steder at udforske<\/h3>\n\n<h4 class=\"wp-block-heading\">Klitter og t\u00f8rre s\u00f8er<\/h4>\n\n<p><strong>Mesquite Flat Sand Dunes<\/strong> i Death Valley er den perfekte legeplads for fotografer og elskere af dramatiske landskaber. Ikke langt derfra ligger <strong>Racetrack Playa<\/strong>, som fascinerer med sine skiftende klipper, der skubbes af vind og is. <\/p>\n\n<h4 class=\"wp-block-heading\">Natursk\u00f8nne ruter at udforske<\/h4>\n\n<p>Scenic Byway 160 mellem Las Vegas og Pahrump og <strong>Route 190<\/strong> gennem Death Valley byder p\u00e5 spektakul\u00e6re udsigter. Stop ved udkigsposterne for at nyde landskabet i fulde drag. <\/p>\n\n<h2 class=\"wp-block-heading\">Hvor skal man bo: Indkvartering og strategiske byer<\/h2>\n\n<h3 class=\"wp-block-heading\">Must-see stopover-byer<\/h3>\n\n<h4 class=\"wp-block-heading\">Las Vegas: en livlig og praktisk base<\/h4>\n\n<p><a href=\"https:\/\/www.visitlasvegas.com\/fr-ca\/\">Las Vegas<\/a> er et ideelt udgangspunkt for at udforske \u00f8rkenen. Med sine luksushoteller og restauranter er det ogs\u00e5 det perfekte sted at slappe af efter en dags udforskning. <\/p>\n\n<h4 class=\"wp-block-heading\">Barstow og Ridgecrest: portene til \u00f8rkenen<\/h4>\n\n<p>Disse sm\u00e5 byer tilbyder overkommelig indkvartering og er strategisk placeret, s\u00e5 man kan udforske Death Valley og Mojave National Preserve.<\/p>\n\n<h3 class=\"wp-block-heading\">Ophold i \u00f8rkenen<\/h3>\n\n<h4 class=\"wp-block-heading\">Hytter i parkerne<\/h4>\n\n<p>Muligheder som f.eks. <strong><a href=\"https:\/\/www.oasisatdeathvalley.com\/lodging\/the-ranch-at-death-valley\/\">Oasis i Death Valley<\/a><\/strong> giver dig mulighed for at nyde moderne bekvemmeligheder, mens du forbliver i hjertet af naturen.<\/p>\n\n<h4 class=\"wp-block-heading\">Campingpladser: total fordybelse<\/h4>\n\n<p>Campingpladserne i Joshua Tree og Death Valley byder p\u00e5 en autentisk oplevelse for friluftsentusiaster. S\u00f8rg for at have det rigtige udstyr til \u00f8rkenforholdene. <\/p>\n\n<h2 class=\"wp-block-heading\">Anbefalet rejseplan : Oplev \u00f8rkenen p\u00e5 7 dage<br\/><\/h2>\n\n<figure class=\"wp-block-table\"><table class=\"has-fixed-layout\"><tbody><tr><td class=\"has-text-align-center\" data-align=\"center\"><strong>Dag<\/strong><\/td><td class=\"has-text-align-center\" data-align=\"center\"><strong>Destination<\/strong><\/td><td class=\"has-text-align-center\" data-align=\"center\"><strong>Vigtigste aktiviteter<\/strong><\/td><td class=\"has-text-align-center\" data-align=\"center\"><strong>Forslag til indkvartering<\/strong><\/td><\/tr><tr><td class=\"has-text-align-center\" data-align=\"center\">1<\/td><td class=\"has-text-align-center\" data-align=\"center\">Las Vegas<\/td><td class=\"has-text-align-center\" data-align=\"center\">Red Rock Canyon, en aften i Las Vegas<\/td><td class=\"has-text-align-center\" data-align=\"center\">Las Vegas<\/td><\/tr><tr><td class=\"has-text-align-center\" data-align=\"center\">2<\/td><td class=\"has-text-align-center\" data-align=\"center\">D\u00f8dens Dal<\/td><td class=\"has-text-align-center\" data-align=\"center\">Badwater Basin, Zabriskie Point<\/td><td class=\"has-text-align-center\" data-align=\"center\">Furnace Creek<\/td><\/tr><tr><td class=\"has-text-align-center\" data-align=\"center\">3<\/td><td class=\"has-text-align-center\" data-align=\"center\">D\u00f8dens Dal<\/td><td class=\"has-text-align-center\" data-align=\"center\">Mesquite Flat Dunes, kunstnerens palet<\/td><td class=\"has-text-align-center\" data-align=\"center\">Furnace Creek<\/td><\/tr><tr><td class=\"has-text-align-center\" data-align=\"center\">4<\/td><td class=\"has-text-align-center\" data-align=\"center\">Mojave National Preserve<\/td><td class=\"has-text-align-center\" data-align=\"center\">Kelso Dunes, hul-i-v\u00e6ggen<\/td><td class=\"has-text-align-center\" data-align=\"center\">Barstow<\/td><\/tr><tr><td class=\"has-text-align-center\" data-align=\"center\">5<\/td><td class=\"has-text-align-center\" data-align=\"center\">Joshua Tree<\/td><td class=\"has-text-align-center\" data-align=\"center\">Hidden Valley, Barker Dam Trail<\/td><td class=\"has-text-align-center\" data-align=\"center\">Joshua Tree<\/td><\/tr><tr><td class=\"has-text-align-center\" data-align=\"center\">6<\/td><td class=\"has-text-align-center\" data-align=\"center\">Joshua Tree<\/td><td class=\"has-text-align-center\" data-align=\"center\">Udsigt over n\u00f8gler, Skull Rock<\/td><td class=\"has-text-align-center\" data-align=\"center\">Joshua Tree<\/td><\/tr><tr><td class=\"has-text-align-center\" data-align=\"center\">7<\/td><td class=\"has-text-align-center\" data-align=\"center\">Tilbage til Las Vegas<\/td><td class=\"has-text-align-center\" data-align=\"center\">Natursk\u00f8n rute, afslapning<\/td><td class=\"has-text-align-center\" data-align=\"center\">Las Vegas<\/td><\/tr><\/tbody><\/table><\/figure>\n\n<p><br\/>Denne rejse kombinerer udforskning af ikoniske landskaber med velfortjente \u00f8jeblikke af hvile.<\/p>\n\n<h2 class=\"wp-block-heading\">Instagrammable fotospots<\/h2>\n\n<h3 class=\"wp-block-heading\">De perfekte landskaber til dine billeder<\/h3>\n\n<h4 class=\"wp-block-heading\">Zabriskie Point: solopgang over de gyldne bakker<\/h4>\n\n<p>Dette ikoniske udsigtspunkt i Death Valley byder p\u00e5 spektakul\u00e6re panoramaer, som er s\u00e6rligt magiske ved solopgang.<\/p>\n\n<h4 class=\"wp-block-heading\">Joshua Tree: Joshua-tr\u00e6er og klippeformationer<\/h4>\n\n<p>Nationalparken er fyldt med fotogene steder som Skull Rock og Cholla Cactus Garden, der er perfekte til originale billeder.<\/p>\n\n<h4 class=\"wp-block-heading\">Red Rock Canyon: sl\u00e5ende kontraster<\/h4>\n\n<p>Med sine r\u00f8de klipper og \u00f8rkenstier er Red Rock Canyon en topdestination for fotoentusiaster.<\/p>\n\n<h2 class=\"wp-block-heading\">Aktiviteter i henhold til din rejsetype<\/h2>\n\n<h3 class=\"wp-block-heading\">For par: romantiske \u00f8jeblikke<\/h3>\n\n<h4 class=\"wp-block-heading\">Solnedgange i \u00f8rkenen<\/h4>\n\n<p>Udsigtspunkter som <strong>Keys<\/strong> View i Joshua Tree eller <strong>Dante<\/strong> &#8216;s View i Death Valley byder p\u00e5 betagende solnedgange, der er ideelle til et romantisk \u00f8jeblik.<\/p>\n\n<h4 class=\"wp-block-heading\">Slap af under stjernerne<\/h4>\n\n<p>\u00d8rkenen er perfekt til stjernekiggeri. Joshua Tree er s\u00e6rlig popul\u00e6r p\u00e5 grund af den klare himmel og de rolige aftener. <\/p>\n\n<h3 class=\"wp-block-heading\">Med familien: b\u00f8rnevenlige eventyr<\/h3>\n\n<h4 class=\"wp-block-heading\">Uddannelsesm\u00e6ssige udforskninger<\/h4>\n\n<p>Death Valley <strong>Visitor Centre<\/strong> byder p\u00e5 interaktive udstillinger om \u00f8rkenens historie og geologi.<\/p>\n\n<h4 class=\"wp-block-heading\">Lette g\u00e5ture<\/h4>\n\n<p>Stier som <strong>Hidden Valley Trail<\/strong> i Joshua Tree og <strong>Badwater Basin Boardwalk<\/strong> i Death Valley er tilg\u00e6ngelige og velegnede for b\u00f8rn.<\/p>\n\n<p>\u00d8rkenerne i Nevada og Californien byder p\u00e5 en unik oplevelse, der kombinerer eventyr, afslapning og opdagelse. Uanset om du er p\u00e5 udkig efter imponerende landskaber, \u00f8jeblikke af ro eller familieaktiviteter, vil disse \u00f8rkenomr\u00e5der forbl\u00f8ffe dig. Planl\u00e6g din rejseplan, og tag af sted for at udforske disse vidundere i det amerikanske sydvest!  <\/p>\n","protected":false},"excerpt":{"rendered":"<p>Hvad er de bedste ruter til at udforske Nevada-\u00f8rkenen? \u00d8rkenerne i Nevada og Californien fascinerer bes\u00f8gende med deres t\u00f8rre landskaber, spektakul\u00e6re klippeformationer og ikoniske steder som Death Valley, Red Rock Canyon og Joshua Tree. Dette enorme omr\u00e5de byder p\u00e5 en unik oplevelse for dem, der elsker natur, eventyr og us\u00e6dvanlige opdagelser. I denne guide hj\u00e6lper [&hellip;]<\/p>\n","protected":false},"author":1,"featured_media":0,"parent":0,"menu_order":0,"comment_status":"closed","ping_status":"closed","template":"","meta":{"footnotes":""},"class_list":["post-6184","page","type-page","status-publish","hentry"],"yoast_head":"<!-- This site is optimized with the Yoast SEO plugin v27.4 - https:\/\/yoast.com\/product\/yoast-seo-wordpress\/ -->\n<title>Krydser \u00f8rkenen fra Nevada til Californien - USA B2<\/title>\n<meta name=\"description\" content=\"Oplev Nevada-\u00f8rkenen: ruter, indkvartering, landskaber, vandreture, s\u00f8er, fotospots og aktiviteter.\" \/>\n<meta name=\"robots\" content=\"index, follow, max-snippet:-1, max-image-preview:large, max-video-preview:-1\" \/>\n<link rel=\"canonical\" href=\"https:\/\/usa-b2.com\/da\/orken-nevada-forenede-stater\/\" \/>\n<meta property=\"og:locale\" content=\"da_DK\" \/>\n<meta property=\"og:type\" content=\"article\" \/>\n<meta property=\"og:title\" content=\"Krydser \u00f8rkenen fra Nevada til Californien - USA B2\" \/>\n<meta property=\"og:description\" content=\"Oplev Nevada-\u00f8rkenen: ruter, indkvartering, landskaber, vandreture, s\u00f8er, fotospots og aktiviteter.\" \/>\n<meta property=\"og:url\" content=\"https:\/\/usa-b2.com\/da\/orken-nevada-forenede-stater\/\" \/>\n<meta property=\"og:site_name\" content=\"USA B2\" \/>\n<meta property=\"article:modified_time\" content=\"2025-01-21T10:47:35+00:00\" \/>\n<meta name=\"twitter:card\" content=\"summary_large_image\" \/>\n<meta name=\"twitter:label1\" content=\"Estimeret l\u00e6setid\" \/>\n\t<meta name=\"twitter:data1\" content=\"4 minutter\" \/>\n<script type=\"application\/ld+json\" class=\"yoast-schema-graph\">{\"@context\":\"https:\\\/\\\/schema.org\",\"@graph\":[{\"@type\":\"WebPage\",\"@id\":\"https:\\\/\\\/usa-b2.com\\\/da\\\/orken-nevada-forenede-stater\\\/\",\"url\":\"https:\\\/\\\/usa-b2.com\\\/da\\\/orken-nevada-forenede-stater\\\/\",\"name\":\"Krydser \u00f8rkenen fra Nevada til Californien - USA B2\",\"isPartOf\":{\"@id\":\"https:\\\/\\\/usa-b2.com\\\/da\\\/#website\"},\"datePublished\":\"2025-01-15T09:49:43+00:00\",\"dateModified\":\"2025-01-21T10:47:35+00:00\",\"description\":\"Oplev Nevada-\u00f8rkenen: ruter, indkvartering, landskaber, vandreture, s\u00f8er, fotospots og aktiviteter.\",\"breadcrumb\":{\"@id\":\"https:\\\/\\\/usa-b2.com\\\/da\\\/orken-nevada-forenede-stater\\\/#breadcrumb\"},\"inLanguage\":\"da-DK\",\"potentialAction\":[{\"@type\":\"ReadAction\",\"target\":[\"https:\\\/\\\/usa-b2.com\\\/da\\\/orken-nevada-forenede-stater\\\/\"]}]},{\"@type\":\"BreadcrumbList\",\"@id\":\"https:\\\/\\\/usa-b2.com\\\/da\\\/orken-nevada-forenede-stater\\\/#breadcrumb\",\"itemListElement\":[{\"@type\":\"ListItem\",\"position\":1,\"name\":\"Accueil\",\"item\":\"https:\\\/\\\/usa-b2.com\\\/da\\\/usa\\\/\"},{\"@type\":\"ListItem\",\"position\":2,\"name\":\"Krydser \u00f8rkenen fra Nevada til Californien\"}]},{\"@type\":\"WebSite\",\"@id\":\"https:\\\/\\\/usa-b2.com\\\/da\\\/#website\",\"url\":\"https:\\\/\\\/usa-b2.com\\\/da\\\/\",\"name\":\"USA B2 VISA\",\"description\":\"\",\"potentialAction\":[{\"@type\":\"SearchAction\",\"target\":{\"@type\":\"EntryPoint\",\"urlTemplate\":\"https:\\\/\\\/usa-b2.com\\\/da\\\/?s={search_term_string}\"},\"query-input\":{\"@type\":\"PropertyValueSpecification\",\"valueRequired\":true,\"valueName\":\"search_term_string\"}}],\"inLanguage\":\"da-DK\"}]}<\/script>\n<!-- \/ Yoast SEO plugin. -->","yoast_head_json":{"title":"Krydser \u00f8rkenen fra Nevada til Californien - USA B2","description":"Oplev Nevada-\u00f8rkenen: ruter, indkvartering, landskaber, vandreture, s\u00f8er, fotospots og aktiviteter.","robots":{"index":"index","follow":"follow","max-snippet":"max-snippet:-1","max-image-preview":"max-image-preview:large","max-video-preview":"max-video-preview:-1"},"canonical":"https:\/\/usa-b2.com\/da\/orken-nevada-forenede-stater\/","og_locale":"da_DK","og_type":"article","og_title":"Krydser \u00f8rkenen fra Nevada til Californien - USA B2","og_description":"Oplev Nevada-\u00f8rkenen: ruter, indkvartering, landskaber, vandreture, s\u00f8er, fotospots og aktiviteter.","og_url":"https:\/\/usa-b2.com\/da\/orken-nevada-forenede-stater\/","og_site_name":"USA B2","article_modified_time":"2025-01-21T10:47:35+00:00","twitter_card":"summary_large_image","twitter_misc":{"Estimeret l\u00e6setid":"4 minutter"},"schema":{"@context":"https:\/\/schema.org","@graph":[{"@type":"WebPage","@id":"https:\/\/usa-b2.com\/da\/orken-nevada-forenede-stater\/","url":"https:\/\/usa-b2.com\/da\/orken-nevada-forenede-stater\/","name":"Krydser \u00f8rkenen fra Nevada til Californien - USA B2","isPartOf":{"@id":"https:\/\/usa-b2.com\/da\/#website"},"datePublished":"2025-01-15T09:49:43+00:00","dateModified":"2025-01-21T10:47:35+00:00","description":"Oplev Nevada-\u00f8rkenen: ruter, indkvartering, landskaber, vandreture, s\u00f8er, fotospots og aktiviteter.","breadcrumb":{"@id":"https:\/\/usa-b2.com\/da\/orken-nevada-forenede-stater\/#breadcrumb"},"inLanguage":"da-DK","potentialAction":[{"@type":"ReadAction","target":["https:\/\/usa-b2.com\/da\/orken-nevada-forenede-stater\/"]}]},{"@type":"BreadcrumbList","@id":"https:\/\/usa-b2.com\/da\/orken-nevada-forenede-stater\/#breadcrumb","itemListElement":[{"@type":"ListItem","position":1,"name":"Accueil","item":"https:\/\/usa-b2.com\/da\/usa\/"},{"@type":"ListItem","position":2,"name":"Krydser \u00f8rkenen fra Nevada til Californien"}]},{"@type":"WebSite","@id":"https:\/\/usa-b2.com\/da\/#website","url":"https:\/\/usa-b2.com\/da\/","name":"USA B2 VISA","description":"","potentialAction":[{"@type":"SearchAction","target":{"@type":"EntryPoint","urlTemplate":"https:\/\/usa-b2.com\/da\/?s={search_term_string}"},"query-input":{"@type":"PropertyValueSpecification","valueRequired":true,"valueName":"search_term_string"}}],"inLanguage":"da-DK"}]}},"_links":{"self":[{"href":"https:\/\/usa-b2.com\/da\/wp-json\/wp\/v2\/pages\/6184","targetHints":{"allow":["GET"]}}],"collection":[{"href":"https:\/\/usa-b2.com\/da\/wp-json\/wp\/v2\/pages"}],"about":[{"href":"https:\/\/usa-b2.com\/da\/wp-json\/wp\/v2\/types\/page"}],"author":[{"embeddable":true,"href":"https:\/\/usa-b2.com\/da\/wp-json\/wp\/v2\/users\/1"}],"replies":[{"embeddable":true,"href":"https:\/\/usa-b2.com\/da\/wp-json\/wp\/v2\/comments?post=6184"}],"version-history":[{"count":0,"href":"https:\/\/usa-b2.com\/da\/wp-json\/wp\/v2\/pages\/6184\/revisions"}],"wp:attachment":[{"href":"https:\/\/usa-b2.com\/da\/wp-json\/wp\/v2\/media?parent=6184"}],"curies":[{"name":"wp","href":"https:\/\/api.w.org\/{rel}","templated":true}]}}