{"id":6158,"date":"2025-01-15T09:17:49","date_gmt":"2025-01-15T09:17:49","guid":{"rendered":"https:\/\/usa-b2.com\/yosemite-sierra-nevada-forenede-stater\/"},"modified":"2025-12-28T14:54:01","modified_gmt":"2025-12-28T14:54:01","slug":"yosemite-sierra-nevada-forenede-stater","status":"publish","type":"page","link":"https:\/\/usa-b2.com\/da\/yosemite-sierra-nevada-forenede-stater\/","title":{"rendered":"Oplev Yosemite Park i midten af Sierra Nevada i USA"},"content":{"rendered":"\n<h1 class=\"wp-block-heading\">Hvordan organiserer du din roadtrip gennem Yosemite Park i Sierra Nevada?<\/h1>\n\n<p><a href=\"https:\/\/www.yosemite.com\/\">Yosemite<\/a> og <a href=\"https:\/\/sierranevadageotourism.org\/\">Sierra Nevada<\/a>, Californiens naturperler, tiltr\u00e6kker millioner af bes\u00f8gende hvert \u00e5r. Med sine ikoniske landskaber, majest\u00e6tiske vandfald og t\u00e5rnh\u00f8je bjerge er Yosemite National Park en must-see destination for naturelskere. Sierra Nevada er hjemsted for skatte som <a href=\"https:\/\/visitlaketahoe.com\/fr\/\">Lake Tahoe<\/a>, gigantiske sequoia-tr\u00e6er og charmerende byer. I denne guide finder du alt, hvad du beh\u00f8ver at vide for at planl\u00e6gge din rejse: rejseplaner, indkvartering, fotospots og aktiviteter, der passer til alle typer rejsende.<\/p>\n\n<figure class=\"wp-block-image size-full\"><img fetchpriority=\"high\" decoding=\"async\" width=\"719\" height=\"404\" src=\"https:\/\/usa-b2.com\/wp-content\/uploads\/2025\/01\/Sierra-Nevada-National-Park-California-USA-edited-1.png\" alt=\"\" class=\"wp-image-6678\" srcset=\"https:\/\/usa-b2.com\/wp-content\/uploads\/2025\/01\/Sierra-Nevada-National-Park-California-USA-edited-1.png 719w, https:\/\/usa-b2.com\/wp-content\/uploads\/2025\/01\/Sierra-Nevada-National-Park-California-USA-edited-1-300x169.png 300w\" sizes=\"(max-width: 719px) 100vw, 719px\" \/><\/figure>\n\n<h2 class=\"wp-block-heading\">Oplev Yosemite og Sierra Nevada: ikoniske steder og spektakul\u00e6r natur<\/h2>\n\n<h3 class=\"wp-block-heading\">Must-sees i Yosemite National Park<\/h3>\n\n<h4 class=\"wp-block-heading\">De symbolske steder: Half Dome, El Capitan og vandfaldene<\/h4>\n\n<p>Yosemite er ber\u00f8mt for sine imponerende klippeformationer som <strong>Half Dome<\/strong> og <strong>El Capitan<\/strong>, der er en popul\u00e6r klatredestination. <strong>Yosemite Falls<\/strong>, et af de h\u00f8jeste vandfald i Nordamerika, er et spektakul\u00e6rt syn, is\u00e6r om for\u00e5ret.<\/p>\n\n<h4 class=\"wp-block-heading\">De gigantiske r\u00f8dtr\u00e6er i Mariposa Grove<\/h4>\n\n<p>Syd for parken er <strong>Mariposa Grove<\/strong> hjemsted for mere end 500 gigantiske sequoia-tr\u00e6er, herunder det ber\u00f8mte <strong><strong>Grizzly-k\u00e6mpen<\/strong><\/strong>. En tur gennem disse tusind \u00e5r gamle tr\u00e6er er en uforglemmelig oplevelse.<\/p>\n\n<h4 class=\"wp-block-heading\">Yosemite Valley: et paradis for vandrere<\/h4>\n\n<p>Dalen er parkens hjerte og byder p\u00e5 tilg\u00e6ngelige stier som <strong>Mist Trail<\/strong>, der f\u00f8rer til de storsl\u00e5ede Vernal og Nevada Falls.<\/p>\n\n<h3 class=\"wp-block-heading\">Sierra Nevada: skjulte skatte og varierede landskaber<\/h3>\n\n<h4 class=\"wp-block-heading\">Lake Tahoe: krystalklart vand og bjerge<\/h4>\n\n<p><strong>Lake Tahoe<\/strong> ligger p\u00e5 tv\u00e6rs af Californien og Nevada og er kendt for sit turkise vand. Om sommeren kan du padle eller vandre, og om vinteren er det skil\u00f8b, der g\u00e6lder.<\/p>\n\n<h4 class=\"wp-block-heading\">Mammoth Lakes: et paradis for eventyrlystne<\/h4>\n\n<p>Denne region er ideel til udend\u00f8rs aktiviteter med maleriske s\u00f8er, naturlige varme kilder og verdensber\u00f8mte skil\u00f8jper.<\/p>\n\n<h4 class=\"wp-block-heading\">Tioga-vejen: den panoramiske passage<\/h4>\n\n<p>Tioga Road krydser bjergene og byder p\u00e5 en spektakul\u00e6r udsigt over tinderne og de alpine enge. Stop ved Tuolumne Meadows for at f\u00e5 et roligt \u00f8jeblik v\u00e6k fra menneskem\u00e6ngden.<\/p>\n\n<h2 class=\"wp-block-heading\">Hvor skal man bo: Indkvartering og strategiske byer<\/h2>\n\n<h3 class=\"wp-block-heading\">Must-see stopover-byer<\/h3>\n\n<h4 class=\"wp-block-heading\">Yosemite Village: i hjertet af parken<\/h4>\n\n<p>N\u00e5r du bor i Yosemite Village, er du kun f\u00e5 minutter fra alle de store sev\u00e6rdigheder. Mulighederne omfatter hoteller som <strong><a href=\"https:\/\/www.travelyosemite.com\/lodging\/yosemite-valley-lodge\/\">Yosemite Valley Lodge<\/a><\/strong> og campingpladser for de eventyrlystne.<\/p>\n\n<h4 class=\"wp-block-heading\">Oakhurst og Mariposa: praktiske alternativer<\/h4>\n\n<p>Disse to byer ved den sydlige indgang til parken tilbyder en bred vifte af overnatningsmuligheder, fra billige moteller til luksushytter.<\/p>\n\n<h3 class=\"wp-block-heading\">Overnatning i Sierra Nevada<\/h3>\n\n<h4 class=\"wp-block-heading\">Komforten i hytterne ved Mammoth Lakes<\/h4>\n\n<p><a href=\"https:\/\/www.visitmammoth.com\/\">Mammoth Lakes<\/a> lodges og hoteller er ideelle til at udforske regionen, hvad enten det drejer sig om sommervandring eller vintersport.<\/p>\n\n<h4 class=\"wp-block-heading\">Campingpladser og hytter n\u00e6r Lake Tahoe<\/h4>\n\n<p>V\u00e6lg en campingplads eller hytte i n\u00e6rheden af Lake Tahoe, hvis du vil have en helt speciel oplevelse. Disse overnatningssteder giver dig mulighed for at f\u00e5 mest muligt ud af vandsporten og det omkringliggende landskab.<\/p>\n\n<h2 class=\"wp-block-heading\">Anbefalet rejseplan : Oplev Yosemite og Sierra Nevada p\u00e5 7 dage<\/h2>\n\n<figure class=\"wp-block-table\"><table class=\"has-fixed-layout\"><tbody><tr><td class=\"has-text-align-center\" data-align=\"center\"><strong>Dag<\/strong><\/td><td class=\"has-text-align-center\" data-align=\"center\"><strong>Destination<\/strong><\/td><td class=\"has-text-align-center\" data-align=\"center\"><strong>Vigtigste aktiviteter<\/strong><\/td><td class=\"has-text-align-center\" data-align=\"center\"><strong>Forslag til indkvartering<\/strong><\/td><\/tr><tr><td class=\"has-text-align-center\" data-align=\"center\">1<\/td><td class=\"has-text-align-center\" data-align=\"center\">Yosemite-dalen<\/td><td class=\"has-text-align-center\" data-align=\"center\">Yosemite vandfald, Half Dome<\/td><td class=\"has-text-align-center\" data-align=\"center\">Yosemite Village<\/td><\/tr><tr><td class=\"has-text-align-center\" data-align=\"center\">2<\/td><td class=\"has-text-align-center\" data-align=\"center\">Glacier Point<\/td><td class=\"has-text-align-center\" data-align=\"center\">Vandring og panoramaudsigt<\/td><td class=\"has-text-align-center\" data-align=\"center\">Yosemite Village<\/td><\/tr><tr><td class=\"has-text-align-center\" data-align=\"center\">3<\/td><td class=\"has-text-align-center\" data-align=\"center\">Mariposa Grove<\/td><td class=\"has-text-align-center\" data-align=\"center\">K\u00e6mpe sequoiatr\u00e6er, naturvandring<\/td><td class=\"has-text-align-center\" data-align=\"center\">Oakhurst<\/td><\/tr><tr><td class=\"has-text-align-center\" data-align=\"center\">4<\/td><td class=\"has-text-align-center\" data-align=\"center\">Tioga Road<\/td><td class=\"has-text-align-center\" data-align=\"center\">Tuolumne Meadows, Olmsted Point<\/td><td class=\"has-text-align-center\" data-align=\"center\">Mammoth-s\u00f8erne<\/td><\/tr><tr><td class=\"has-text-align-center\" data-align=\"center\">5<\/td><td class=\"has-text-align-center\" data-align=\"center\">Mammoth-s\u00f8erne<\/td><td class=\"has-text-align-center\" data-align=\"center\">Varme kilder, vandretur ved Convict Lake<\/td><td class=\"has-text-align-center\" data-align=\"center\">Mammoth-s\u00f8erne<\/td><\/tr><tr><td class=\"has-text-align-center\" data-align=\"center\">6<\/td><td class=\"has-text-align-center\" data-align=\"center\">Tahoe-s\u00f8en<\/td><td class=\"has-text-align-center\" data-align=\"center\">Vandsport, vandreture Eagle Falls<\/td><td class=\"has-text-align-center\" data-align=\"center\">South Lake Tahoe<\/td><\/tr><tr><td class=\"has-text-align-center\" data-align=\"center\">7<\/td><td class=\"has-text-align-center\" data-align=\"center\">Sierra Nevada<\/td><td class=\"has-text-align-center\" data-align=\"center\">Natursk\u00f8nne veje, afslapning ved South Lake<\/td><td class=\"has-text-align-center\" data-align=\"center\">Tahoe-s\u00f8en<\/td><\/tr><\/tbody><\/table><\/figure>\n\n<p>Denne rejseplan giver dig mulighed for at opdage de vigtigste sev\u00e6rdigheder, mens du nyder regionens varierede landskaber.<\/p>\n\n<h2 class=\"wp-block-heading\">Forudg\u00e5ende administrative formaliteter<\/h2>\n\n<p>Hvis du vil opleve Yosemite og Sierra Nevada, skal du tage dig af rejseformaliteterne p\u00e5 forh\u00e5nd:<\/p>\n\n<ul class=\"wp-block-list\">\n<li>Tjek, at dit <a href=\"https:\/\/usa-b2.com\/da\/pas-rejse-usa\/\">pas er gyldigt til rejser til USA.<\/a> <\/li>\n\n\n\n<li>S\u00f8rg for, at du er berettiget til <a href=\"https:\/\/usa-b2.com\/da\/hvad-er-en-esta\/\">ESTA-rejsetilladelse<\/a> under <a href=\"https:\/\/usa-b2.com\/da\/visum-fritagelse-program\/\">Visa Waiver-programmet<\/a>. Hvis dette ikke er muligt, skal du ans\u00f8ge om et <a href=\"https:\/\/usa-b2.com\/da\/b2-visum\/\">B2-turistvisum<\/a>. <\/li>\n<\/ul>\n\n<p>Det er derfor tilr\u00e5deligt at lave aftaler p\u00e5 forh\u00e5nd for at undg\u00e5 problemer ved ankomsten til USA.<\/p>\n\n<h2 class=\"wp-block-heading\">Instagrammable fotospots<\/h2>\n\n<h3 class=\"wp-block-heading\">De perfekte landskaber til dine billeder<\/h3>\n\n<h4 class=\"wp-block-heading\">Glacier Point: uovertruffen udsigt over Yosemite<\/h4>\n\n<p>Glacier Point byder p\u00e5 en spektakul\u00e6r udsigt over Half Dome og Yosemite Valley. Den er s\u00e6rligt fotogen ved solnedgang.<\/p>\n\n<h4 class=\"wp-block-heading\">Emerald Bay: juvelen i Lake Tahoe<\/h4>\n\n<p><strong>Emerald Bay<\/strong> ligger p\u00e5 den sydlige bred af Lake Tahoe og er et idyllisk sted at tage billeder af det turkisbl\u00e5 vand og Fannette Island.<\/p>\n\n<h4 class=\"wp-block-heading\">Mammoth Lakes: s\u00f8er og bjerge<\/h4>\n\n<p>Steder som <strong><a href=\"https:\/\/convictlake.com\/\">Convict Lake<\/a><\/strong> eller <strong><a href=\"https:\/\/www.fs.usda.gov\/recarea\/inyo\/recarea\/?recid=20414\">Hot Creek Geological Site<\/a><\/strong> er perfekte til spektakul\u00e6re naturbilleder med bjerge som baggrund.<\/p>\n\n<h2 class=\"wp-block-heading\">Aktiviteter i henhold til din rejsetype<\/h2>\n\n<h3 class=\"wp-block-heading\">For par: romantiske \u00f8jeblikke<\/h3>\n\n<h4 class=\"wp-block-heading\">Vandringer ved solopgang og solnedgang<\/h4>\n\n<p><strong>Stier som Sentinel Dome<\/strong> eller <strong>Eagle Falls Trail<\/strong> ved Lake Tahoe byder p\u00e5 s\u00e6rlige \u00f8jeblikke, hvor man kan beundre landskabet i et bl\u00f8dt, romantisk lys.<\/p>\n\n<h4 class=\"wp-block-heading\">Picnic ved s\u00f8erne<\/h4>\n\n<p>Pak en picnic, og l\u00e6n dig tilbage og slap af ved bredden af<strong> Mirror Lake <\/strong>i Yosemite eller p\u00e5 en afsidesliggende strand i Lake Tahoe.<\/p>\n\n<h3 class=\"wp-block-heading\">Med familien: b\u00f8rnevenlige eventyr<\/h3>\n\n<h4 class=\"wp-block-heading\">Interaktive aktiviteter: Junior Ranger Program<\/h4>\n\n<p>Yosemite tilbyder et uddannelsesprogram for b\u00f8rn. De l\u00e6rer at respektere naturen, mens de har det sjovt, og f\u00e5r et officielt badge.<\/p>\n\n<h4 class=\"wp-block-heading\">Tilg\u00e6ngelige udforskninger<\/h4>\n\n<p><strong>Yosemite Valley Loop Trail<\/strong> er perfekt til en familieudflugt, og det samme er familiestrandene ved Lake Tahoe, som er ideelle til sv\u00f8mning og leg i fuld sikkerhed.<\/p>\n\n<p>Yosemite og Sierra Nevada kombinerer betagende naturscenerier med et v\u00e6ld af aktiviteter, der passer til alle typer rejsende. Uanset om du er p\u00e5 udkig efter eventyr, afslapning eller familietid, vil denne ikoniske region i Californien efterlade dig med varige minder. Planl\u00e6g din rejse nu for at udforske disse vidundere!<\/p>\n","protected":false},"excerpt":{"rendered":"<p>Hvordan organiserer du din roadtrip gennem Yosemite Park i Sierra Nevada? Yosemite og Sierra Nevada, Californiens naturperler, tiltr\u00e6kker millioner af bes\u00f8gende hvert \u00e5r. Med sine ikoniske landskaber, majest\u00e6tiske vandfald og t\u00e5rnh\u00f8je bjerge er Yosemite National Park en must-see destination for naturelskere. Sierra Nevada er hjemsted for skatte som Lake Tahoe, gigantiske sequoia-tr\u00e6er og charmerende byer. [&hellip;]<\/p>\n","protected":false},"author":1,"featured_media":0,"parent":0,"menu_order":0,"comment_status":"closed","ping_status":"closed","template":"","meta":{"footnotes":""},"class_list":["post-6158","page","type-page","status-publish","hentry"],"yoast_head":"<!-- This site is optimized with the Yoast SEO plugin v27.4 - https:\/\/yoast.com\/product\/yoast-seo-wordpress\/ -->\n<title>Oplev Yosemite Park i midten af Sierra Nevada i USA - USA B2<\/title>\n<meta name=\"description\" content=\"Oplev must-sees i Yosemite og Sierra Nevada: rejseplaner, indkvartering, fotomuligheder og aktiviteter.\" \/>\n<meta name=\"robots\" content=\"index, follow, max-snippet:-1, max-image-preview:large, max-video-preview:-1\" \/>\n<link rel=\"canonical\" href=\"https:\/\/usa-b2.com\/da\/yosemite-sierra-nevada-forenede-stater\/\" \/>\n<meta property=\"og:locale\" content=\"da_DK\" \/>\n<meta property=\"og:type\" content=\"article\" \/>\n<meta property=\"og:title\" content=\"Oplev Yosemite Park i midten af Sierra Nevada i USA - USA B2\" \/>\n<meta property=\"og:description\" content=\"Oplev must-sees i Yosemite og Sierra Nevada: rejseplaner, indkvartering, fotomuligheder og aktiviteter.\" \/>\n<meta property=\"og:url\" content=\"https:\/\/usa-b2.com\/da\/yosemite-sierra-nevada-forenede-stater\/\" \/>\n<meta property=\"og:site_name\" content=\"USA B2\" \/>\n<meta property=\"article:modified_time\" content=\"2025-12-28T14:54:01+00:00\" \/>\n<meta property=\"og:image\" content=\"https:\/\/usa-b2.com\/wp-content\/uploads\/2025\/01\/Sierra-Nevada-National-Park-California-USA-edited-1.png\" \/>\n\t<meta property=\"og:image:width\" content=\"719\" \/>\n\t<meta property=\"og:image:height\" content=\"404\" \/>\n\t<meta property=\"og:image:type\" content=\"image\/png\" \/>\n<meta name=\"twitter:card\" content=\"summary_large_image\" \/>\n<meta name=\"twitter:label1\" content=\"Estimeret l\u00e6setid\" \/>\n\t<meta name=\"twitter:data1\" content=\"5 minutter\" \/>\n<script type=\"application\/ld+json\" class=\"yoast-schema-graph\">{\"@context\":\"https:\\\/\\\/schema.org\",\"@graph\":[{\"@type\":\"WebPage\",\"@id\":\"https:\\\/\\\/usa-b2.com\\\/da\\\/yosemite-sierra-nevada-forenede-stater\\\/\",\"url\":\"https:\\\/\\\/usa-b2.com\\\/da\\\/yosemite-sierra-nevada-forenede-stater\\\/\",\"name\":\"Oplev Yosemite Park i midten af Sierra Nevada i USA - USA B2\",\"isPartOf\":{\"@id\":\"https:\\\/\\\/usa-b2.com\\\/da\\\/#website\"},\"primaryImageOfPage\":{\"@id\":\"https:\\\/\\\/usa-b2.com\\\/da\\\/yosemite-sierra-nevada-forenede-stater\\\/#primaryimage\"},\"image\":{\"@id\":\"https:\\\/\\\/usa-b2.com\\\/da\\\/yosemite-sierra-nevada-forenede-stater\\\/#primaryimage\"},\"thumbnailUrl\":\"https:\\\/\\\/usa-b2.com\\\/wp-content\\\/uploads\\\/2025\\\/01\\\/Sierra-Nevada-National-Park-California-USA-edited-1.png\",\"datePublished\":\"2025-01-15T09:17:49+00:00\",\"dateModified\":\"2025-12-28T14:54:01+00:00\",\"description\":\"Oplev must-sees i Yosemite og Sierra Nevada: rejseplaner, indkvartering, fotomuligheder og aktiviteter.\",\"breadcrumb\":{\"@id\":\"https:\\\/\\\/usa-b2.com\\\/da\\\/yosemite-sierra-nevada-forenede-stater\\\/#breadcrumb\"},\"inLanguage\":\"da-DK\",\"potentialAction\":[{\"@type\":\"ReadAction\",\"target\":[\"https:\\\/\\\/usa-b2.com\\\/da\\\/yosemite-sierra-nevada-forenede-stater\\\/\"]}]},{\"@type\":\"ImageObject\",\"inLanguage\":\"da-DK\",\"@id\":\"https:\\\/\\\/usa-b2.com\\\/da\\\/yosemite-sierra-nevada-forenede-stater\\\/#primaryimage\",\"url\":\"https:\\\/\\\/usa-b2.com\\\/wp-content\\\/uploads\\\/2025\\\/01\\\/Sierra-Nevada-National-Park-California-USA-edited-1.png\",\"contentUrl\":\"https:\\\/\\\/usa-b2.com\\\/wp-content\\\/uploads\\\/2025\\\/01\\\/Sierra-Nevada-National-Park-California-USA-edited-1.png\"},{\"@type\":\"BreadcrumbList\",\"@id\":\"https:\\\/\\\/usa-b2.com\\\/da\\\/yosemite-sierra-nevada-forenede-stater\\\/#breadcrumb\",\"itemListElement\":[{\"@type\":\"ListItem\",\"position\":1,\"name\":\"Accueil\",\"item\":\"https:\\\/\\\/usa-b2.com\\\/da\\\/usa\\\/\"},{\"@type\":\"ListItem\",\"position\":2,\"name\":\"Oplev Yosemite Park i midten af Sierra Nevada i USA\"}]},{\"@type\":\"WebSite\",\"@id\":\"https:\\\/\\\/usa-b2.com\\\/da\\\/#website\",\"url\":\"https:\\\/\\\/usa-b2.com\\\/da\\\/\",\"name\":\"USA B2 VISA\",\"description\":\"\",\"potentialAction\":[{\"@type\":\"SearchAction\",\"target\":{\"@type\":\"EntryPoint\",\"urlTemplate\":\"https:\\\/\\\/usa-b2.com\\\/da\\\/?s={search_term_string}\"},\"query-input\":{\"@type\":\"PropertyValueSpecification\",\"valueRequired\":true,\"valueName\":\"search_term_string\"}}],\"inLanguage\":\"da-DK\"}]}<\/script>\n<!-- \/ Yoast SEO plugin. -->","yoast_head_json":{"title":"Oplev Yosemite Park i midten af Sierra Nevada i USA - USA B2","description":"Oplev must-sees i Yosemite og Sierra Nevada: rejseplaner, indkvartering, fotomuligheder og aktiviteter.","robots":{"index":"index","follow":"follow","max-snippet":"max-snippet:-1","max-image-preview":"max-image-preview:large","max-video-preview":"max-video-preview:-1"},"canonical":"https:\/\/usa-b2.com\/da\/yosemite-sierra-nevada-forenede-stater\/","og_locale":"da_DK","og_type":"article","og_title":"Oplev Yosemite Park i midten af Sierra Nevada i USA - USA B2","og_description":"Oplev must-sees i Yosemite og Sierra Nevada: rejseplaner, indkvartering, fotomuligheder og aktiviteter.","og_url":"https:\/\/usa-b2.com\/da\/yosemite-sierra-nevada-forenede-stater\/","og_site_name":"USA B2","article_modified_time":"2025-12-28T14:54:01+00:00","og_image":[{"width":719,"height":404,"url":"https:\/\/usa-b2.com\/wp-content\/uploads\/2025\/01\/Sierra-Nevada-National-Park-California-USA-edited-1.png","type":"image\/png"}],"twitter_card":"summary_large_image","twitter_misc":{"Estimeret l\u00e6setid":"5 minutter"},"schema":{"@context":"https:\/\/schema.org","@graph":[{"@type":"WebPage","@id":"https:\/\/usa-b2.com\/da\/yosemite-sierra-nevada-forenede-stater\/","url":"https:\/\/usa-b2.com\/da\/yosemite-sierra-nevada-forenede-stater\/","name":"Oplev Yosemite Park i midten af Sierra Nevada i USA - USA B2","isPartOf":{"@id":"https:\/\/usa-b2.com\/da\/#website"},"primaryImageOfPage":{"@id":"https:\/\/usa-b2.com\/da\/yosemite-sierra-nevada-forenede-stater\/#primaryimage"},"image":{"@id":"https:\/\/usa-b2.com\/da\/yosemite-sierra-nevada-forenede-stater\/#primaryimage"},"thumbnailUrl":"https:\/\/usa-b2.com\/wp-content\/uploads\/2025\/01\/Sierra-Nevada-National-Park-California-USA-edited-1.png","datePublished":"2025-01-15T09:17:49+00:00","dateModified":"2025-12-28T14:54:01+00:00","description":"Oplev must-sees i Yosemite og Sierra Nevada: rejseplaner, indkvartering, fotomuligheder og aktiviteter.","breadcrumb":{"@id":"https:\/\/usa-b2.com\/da\/yosemite-sierra-nevada-forenede-stater\/#breadcrumb"},"inLanguage":"da-DK","potentialAction":[{"@type":"ReadAction","target":["https:\/\/usa-b2.com\/da\/yosemite-sierra-nevada-forenede-stater\/"]}]},{"@type":"ImageObject","inLanguage":"da-DK","@id":"https:\/\/usa-b2.com\/da\/yosemite-sierra-nevada-forenede-stater\/#primaryimage","url":"https:\/\/usa-b2.com\/wp-content\/uploads\/2025\/01\/Sierra-Nevada-National-Park-California-USA-edited-1.png","contentUrl":"https:\/\/usa-b2.com\/wp-content\/uploads\/2025\/01\/Sierra-Nevada-National-Park-California-USA-edited-1.png"},{"@type":"BreadcrumbList","@id":"https:\/\/usa-b2.com\/da\/yosemite-sierra-nevada-forenede-stater\/#breadcrumb","itemListElement":[{"@type":"ListItem","position":1,"name":"Accueil","item":"https:\/\/usa-b2.com\/da\/usa\/"},{"@type":"ListItem","position":2,"name":"Oplev Yosemite Park i midten af Sierra Nevada i USA"}]},{"@type":"WebSite","@id":"https:\/\/usa-b2.com\/da\/#website","url":"https:\/\/usa-b2.com\/da\/","name":"USA B2 VISA","description":"","potentialAction":[{"@type":"SearchAction","target":{"@type":"EntryPoint","urlTemplate":"https:\/\/usa-b2.com\/da\/?s={search_term_string}"},"query-input":{"@type":"PropertyValueSpecification","valueRequired":true,"valueName":"search_term_string"}}],"inLanguage":"da-DK"}]}},"_links":{"self":[{"href":"https:\/\/usa-b2.com\/da\/wp-json\/wp\/v2\/pages\/6158","targetHints":{"allow":["GET"]}}],"collection":[{"href":"https:\/\/usa-b2.com\/da\/wp-json\/wp\/v2\/pages"}],"about":[{"href":"https:\/\/usa-b2.com\/da\/wp-json\/wp\/v2\/types\/page"}],"author":[{"embeddable":true,"href":"https:\/\/usa-b2.com\/da\/wp-json\/wp\/v2\/users\/1"}],"replies":[{"embeddable":true,"href":"https:\/\/usa-b2.com\/da\/wp-json\/wp\/v2\/comments?post=6158"}],"version-history":[{"count":2,"href":"https:\/\/usa-b2.com\/da\/wp-json\/wp\/v2\/pages\/6158\/revisions"}],"predecessor-version":[{"id":10948,"href":"https:\/\/usa-b2.com\/da\/wp-json\/wp\/v2\/pages\/6158\/revisions\/10948"}],"wp:attachment":[{"href":"https:\/\/usa-b2.com\/da\/wp-json\/wp\/v2\/media?parent=6158"}],"curies":[{"name":"wp","href":"https:\/\/api.w.org\/{rel}","templated":true}]}}