{"id":6133,"date":"2025-01-15T09:01:21","date_gmt":"2025-01-15T09:01:21","guid":{"rendered":"https:\/\/usa-b2.com\/pacific-coast-highway-2\/"},"modified":"2025-10-16T09:37:36","modified_gmt":"2025-10-16T09:37:36","slug":"stillehavs-kyst-motorvej","status":"publish","type":"page","link":"https:\/\/usa-b2.com\/da\/stillehavs-kyst-motorvej\/","title":{"rendered":"Rejser p\u00e5 Pacific Coast Highway i USA"},"content":{"rendered":"\n<h1 class=\"wp-block-heading\">Hvordan organiserer du din roadtrip p\u00e5 Pacific Coast Highway?<\/h1>\n\n<p><a href=\"https:\/\/www.visittheusa.com\/trip\/pacific-coast-highway-road-trip\">Pacific Coast Highway<\/a> (PCH), officielt kendt som California State Route 1, er meget mere end bare en vej. Dette b\u00e5nd af asfalt langs den californiske kyst byder p\u00e5 fuldst\u00e6ndig fordybelse i betagende landskaber, maleriske byer og mindev\u00e6rdige oplevelser ved hvert eneste sving. Uanset om du er p\u00e5 udkig efter eventyr eller fred og ro, vil denne detaljerede guide hj\u00e6lpe dig med at planl\u00e6gge en uforglemmelig ferie.  <\/p>\n\n<figure class=\"wp-block-image size-full\"><img fetchpriority=\"high\" decoding=\"async\" width=\"831\" height=\"467\" src=\"https:\/\/usa-b2.com\/wp-content\/uploads\/2025\/01\/Pacific-Coast-Highway-usa-edited.png\" alt=\"\" class=\"wp-image-6503\" srcset=\"https:\/\/usa-b2.com\/wp-content\/uploads\/2025\/01\/Pacific-Coast-Highway-usa-edited.png 831w, https:\/\/usa-b2.com\/wp-content\/uploads\/2025\/01\/Pacific-Coast-Highway-usa-edited-300x169.png 300w, https:\/\/usa-b2.com\/wp-content\/uploads\/2025\/01\/Pacific-Coast-Highway-usa-edited-768x432.png 768w\" sizes=\"(max-width: 831px) 100vw, 831px\" \/><\/figure>\n\n<h2 class=\"wp-block-heading\">Hvorfor bes\u00f8ge Pacific Coast Highway?<\/h2>\n\n<p>Pacific Coast Highway er en sand ode til <a href=\"https:\/\/www.ca.gov\/\">Californiens<\/a> mangfoldighed og naturlige sk\u00f8nhed. N\u00e5r du k\u00f8rer ad denne ikoniske rute, kommer du gennem en r\u00e6kke forskellige landskaber, der f\u00f8rer dig fra gyldne strande til barske klipper, fra frodige skove til travle byer. Det er en rejse, hvor hvert \u00f8jeblik byder p\u00e5 en ny opdagelse, uanset om det er panoramaudsigt over Stillehavet eller charmerende landsbyer langs kysten.  <\/p>\n\n<p>Et af de mest tiltalende aspekter ved PCH er tempoet. I mods\u00e6tning til moderne motorveje inviterer denne rute dig til at s\u00e6tte farten ned og nyde hver eneste kilometer. Hyppige stop er ikke bare en mulighed, men en n\u00f8dvendighed, da spektakul\u00e6re udsigter og unikke attraktioner f\u00f8lger hinanden undervejs. Denne roadtrip er ideel for dem, der \u00f8nsker at komme i kontakt med naturen, nyde \u00f8jeblikke af ro eller bare udforske et hj\u00f8rne af paradis i deres eget tempo.   <\/p>\n\n<h2 class=\"wp-block-heading\">Must-sees p\u00e5 vejen<\/h2>\n\n<h3 class=\"wp-block-heading\">Mytiske landskaber<\/h3>\n\n<p>Pacific Coast Highway er verdensber\u00f8mt for sit betagende landskab. Ved Big Sur skaber de spektakul\u00e6re klipper, der styrter ned i havet, en unik atmosf\u00e6re, hvor hvert sving afsl\u00f8rer et nyt postkortpanorama. Point Lobos State Natural Reserve er i mellemtiden et paradis for naturelskere med kyststier og udsigt til s\u00f8l\u00f8ver og delfiner.  <\/p>\n\n<p>17-Mile Drive er et andet h\u00f8jdepunkt p\u00e5 ruten. Denne private str\u00e6kning er sp\u00e6kket med ikoniske steder som Lone Cypress og luksuri\u00f8se golfbaner. Den byder p\u00e5 en unik atmosf\u00e6re, der blander luksus med barsk sk\u00f8nhed. Endelig er Hearst Castle et must-see. Dette ekstravagante pal\u00e6, der blev bygget af avismagnaten William Randolph Hearst, har udsigt over havet og byder p\u00e5 en fascinerende rundtur i historie og overd\u00e5dighed.    <\/p>\n\n<h4 class=\"wp-block-heading\">Liste over must-sees :<\/h4>\n\n<ul class=\"wp-block-list\">\n<li>Big Sur og dens majest\u00e6tiske klipper<\/li>\n\n\n\n<li>Point Lobos for naturelskere<\/li>\n\n\n\n<li><a href=\"https:\/\/hearstcastle.org\/\">Hearst Castle<\/a>, et arkitektonisk mesterv\u00e6rk<\/li>\n\n\n\n<li>Nationalparker<\/li>\n<\/ul>\n\n<p>Nationalparkerne langs ruten er ogs\u00e5 et bes\u00f8g v\u00e6rd. <g id=\"gid_0\">Channel Islands National Park<\/g>, som er tilg\u00e6ngelig fra Ventura, er et paradis for kajakroere, snorklere og vandrere. L\u00e6ngere nordp\u00e5 er <g id=\"gid_1\">Redwood National<\/g> and State Parks hjemsted for de ber\u00f8mte k\u00e6mpe sequoiatr\u00e6er, nogle af de h\u00f8jeste tr\u00e6er i verden. Disse parker er den perfekte mulighed for at fordybe sig i unikke \u00f8kosystemer og tage en naturpause i hjertet af din rejse.   <\/p>\n\n<h2 class=\"wp-block-heading\">Hvor skal man sove langs PCH?<\/h2>\n\n<h3 class=\"wp-block-heading\">Hoteller og vandrerhjem<\/h3>\n\n<p>Dit valg af indkvartering kan g\u00f8re din rejse til en endnu mere mindev\u00e6rdig oplevelse. Carmel-by-the-Sea er f.eks. en charmerende by, hvor du kan bo p\u00e5 hyggelige kroer eller boutique-hoteller. De brostensbelagte gader og kunstgallerierne i denne lille by g\u00f8r den til et perfekt stop for en afslappende nat. L\u00e6ngere sydp\u00e5 byder Santa Barbara p\u00e5 badehoteller, der kombinerer komfort og elegance.   <\/p>\n\n<h3 class=\"wp-block-heading\">Campingpladser til total fordybelse<\/h3>\n\n<p>For friluftsentusiaster er camping langs Pacific Coast Highway en fantastisk mulighed. Campingpladser som Kirk Creek Campground i Big Sur har direkte udsigt over havet, s\u00e5 du kan falde i s\u00f8vn til lyden af b\u00f8lgerne. Disse steder er perfekte for dem, der gerne vil opleve den californiske natur fuldt ud og samtidig spare penge p\u00e5 overnatning.  <\/p>\n\n<h4 class=\"wp-block-heading\">Anbefalet indkvartering :<\/h4>\n\n<figure class=\"wp-block-table\"><table class=\"has-fixed-layout\"><tbody><tr><td><strong>By<\/strong><\/td><td><strong>Type af indkvartering<\/strong><\/td><td><strong>Anbefalet navn<\/strong><\/td><\/tr><tr><td>Carmel-by-the-Sea<\/td><td>Boutique-hotel<\/td><td>The Carmel Inn<\/td><\/tr><tr><td>Big Sur<\/td><td>Camping Kirk<\/td><td>Creek Campingplads<\/td><\/tr><tr><td>Santa Barbara<\/td><td>Hotel ved havet<\/td><td>Santa Barbara Kro<\/td><\/tr><\/tbody><\/table><\/figure>\n\n<h2 class=\"wp-block-heading\"><br\/>Den ideelle rute at f\u00f8lge<\/h2>\n\n<h3 class=\"wp-block-heading\">Etape 1: San Francisco til Monterey<\/h3>\n\n<p>Start din rejse i <a href=\"https:\/\/www.sftravel.com\/\">San Francisco<\/a> ved at krydse den legendariske <a href=\"https:\/\/www.goldengate.org\/bridge\/visiting-the-bridge\/\">Golden Gate Bridge<\/a>. Tag dig tid til at bes\u00f8ge byens ikoniske kvarterer som <a href=\"https:\/\/www.fishermanswharf.org\/\">Fisherman&#8217;s Wharf<\/a> og Chinatown, f\u00f8r du k\u00f8rer til <a href=\"https:\/\/monterey.gov\/\">Monterey<\/a>. P\u00e5 vejen kan du stoppe ved Half Moon Bay, en stille strand, der er ideel til en picnic. I Monterey m\u00e5 du ikke g\u00e5 glip af det ber\u00f8mte akvarium og <a href=\"https:\/\/canneryrow.com\/experience-cannery-row\/\">Cannery Row<\/a>, en historisk gade fuld af butikker og restauranter.   <\/p>\n\n<h3 class=\"wp-block-heading\">Etape 2: Monterey til Big Sur<\/h3>\n\n<p>Denne str\u00e6kning er en af de mest spektakul\u00e6re p\u00e5 ruten. Undervejs kan du stoppe ved Point <g id=\"gid_0\">Lobos State Reserve<\/g> og tage en vandretur langs kysten. Forts\u00e6t til <g id=\"gid_1\">Big Sur<\/g>, hvor Bixby Creek Bridge byder p\u00e5 en ikonisk udsigt. Udforsk ogs\u00e5 McWay Falls, et unikt vandfald, der falder direkte ned i havet.   <\/p>\n\n<h3 class=\"wp-block-heading\">Etape 3: Big Sur til Santa Barbara<\/h3>\n\n<p>K\u00f8r gennem <a href=\"https:\/\/www.slocity.org\/\">San Luis Obispo<\/a>, og stop ved Hearst Castle for at f\u00e5 en fascinerende rundvisning. L\u00e6ngere mod syd kan du nyde de rolige strande i Santa Barbara og udforske byens livlige centrum, f\u00f8r du afslutter din rejse. <\/p>\n\n<h2 class=\"wp-block-heading\">Forudg\u00e5ende administrative formaliteter<\/h2>\n\n<p>For at kunne k\u00f8re p\u00e5 Pacific Coast Highway skal du forudse dine rejseformaliteter:<\/p>\n\n<ul class=\"wp-block-list\">\n<li>Tjek gyldigheden af dit <a href=\"https:\/\/usa-b2.com\/da\/pas-rejse-usa\/\">pas til USA.<\/a><\/li>\n\n\n\n<li>Udfyld <a href=\"https:\/\/usa-b2.com\/da\/esta-formular-online\/\">ESTA-formularen online<\/a>. Hvis dit land ikke er en del af det <a href=\"https:\/\/usa-b2.com\/da\/visum-fritagelse-program\/\">amerikanske visumfritagelsesprogram<\/a>, skal du ans\u00f8ge om et <a href=\"https:\/\/usa-b2.com\/da\/us-b1-b2-visum\/\">B1-B2-visum<\/a>. <\/li>\n<\/ul>\n\n<div style=\"height:10px\" aria-hidden=\"true\" class=\"wp-block-spacer\"><\/div>\n\n<h2 class=\"wp-block-heading\">Uundg\u00e5elige fotospots<\/h2>\n\n<p>Pacific Coast Highway er fuld af gode steder at forevige minder. Ved <a href=\"https:\/\/mcwayfalls.com\/\">McWay Falls<\/a> byder vandfaldet, der falder ned i havet, p\u00e5 en unik udsigt, mens Bixby Bridge er et ofte fotograferet vartegn. Hvis du vil have mere kunstneriske billeder, kan du tage til Pfeiffer Beach, der er kendt for sit lilla sand, eller Santa Monica Pier, hvor solnedgangen skaber et magisk lys. Disse steder er ideelle til at forevige din rejse og dele mindev\u00e6rdige billeder p\u00e5 sociale netv\u00e6rk.   <\/p>\n\n<h2 class=\"wp-block-heading\">Aktiviteter, der passer til din profil<\/h2>\n\n<h3 class=\"wp-block-heading\">Par<\/h3>\n\n<p>For par byder PCH p\u00e5 romantiske muligheder overalt. I <a href=\"https:\/\/icilosangeles.fr\/decouvrir-los-angeles\/quartiers\/malibu-beach\/\">Malibu<\/a> kan du bestille en middag for to p\u00e5 en restaurant med udsigt over havet. I Santa Barbara kan man v\u00e6lge en ridetur langs strandene. Disse intime \u00f8jeblikke bidrager til magien i jeres road trip.   <\/p>\n\n<h3 class=\"wp-block-heading\">Sammen med familien<\/h3>\n\n<p>Familierejser langs Pacific Coast Highway er en givende oplevelse. B\u00f8rnene vil elske Santa Barbara Zoo eller kajakudflugterne i Monterey. Strande som Morro Bay byder ogs\u00e5 p\u00e5 afslapning og sjov for b\u00e5de store og sm\u00e5.  <\/p>\n\n<p>Pacific Coast Highway er en dr\u00f8mmerute, der kombinerer sublim natur, varierede aktiviteter og mindev\u00e6rdige stop. Uanset om du rejser som par eller familie, byder denne rute p\u00e5 en uforglemmelig oplevelse, hvor hvert stop er en opdagelse. Planl\u00e6g din rejse omhyggeligt, og lad dig forf\u00f8re af en af de smukkeste veje i verden.  <\/p>\n","protected":false},"excerpt":{"rendered":"<p>Hvordan organiserer du din roadtrip p\u00e5 Pacific Coast Highway? Pacific Coast Highway (PCH), officielt kendt som California State Route 1, er meget mere end bare en vej. Dette b\u00e5nd af asfalt langs den californiske kyst byder p\u00e5 fuldst\u00e6ndig fordybelse i betagende landskaber, maleriske byer og mindev\u00e6rdige oplevelser ved hvert eneste sving. Uanset om du er [&hellip;]<\/p>\n","protected":false},"author":1,"featured_media":0,"parent":0,"menu_order":0,"comment_status":"closed","ping_status":"closed","template":"","meta":{"footnotes":""},"class_list":["post-6133","page","type-page","status-publish","hentry"],"yoast_head":"<!-- This site is optimized with the Yoast SEO plugin v27.4 - https:\/\/yoast.com\/product\/yoast-seo-wordpress\/ -->\n<title>Rejser p\u00e5 Pacific Coast Highway i USA - USA B2<\/title>\n<meta name=\"description\" content=\"Opdag den perfekte rejseplan, must-see stop, hvor du skal bo, og hvad du skal g\u00f8re for at udforske Pacific Coast Highway.\" \/>\n<meta name=\"robots\" content=\"index, follow, max-snippet:-1, max-image-preview:large, max-video-preview:-1\" \/>\n<link rel=\"canonical\" href=\"https:\/\/usa-b2.com\/da\/stillehavs-kyst-motorvej\/\" \/>\n<meta property=\"og:locale\" content=\"da_DK\" \/>\n<meta property=\"og:type\" content=\"article\" \/>\n<meta property=\"og:title\" content=\"Rejser p\u00e5 Pacific Coast Highway i USA - USA B2\" \/>\n<meta property=\"og:description\" content=\"Opdag den perfekte rejseplan, must-see stop, hvor du skal bo, og hvad du skal g\u00f8re for at udforske Pacific Coast Highway.\" \/>\n<meta property=\"og:url\" content=\"https:\/\/usa-b2.com\/da\/stillehavs-kyst-motorvej\/\" \/>\n<meta property=\"og:site_name\" content=\"USA B2\" \/>\n<meta property=\"article:modified_time\" content=\"2025-10-16T09:37:36+00:00\" \/>\n<meta property=\"og:image\" content=\"https:\/\/usa-b2.com\/wp-content\/uploads\/2025\/01\/Pacific-Coast-Highway-usa-edited.png\" \/>\n\t<meta property=\"og:image:width\" content=\"831\" \/>\n\t<meta property=\"og:image:height\" content=\"467\" \/>\n\t<meta property=\"og:image:type\" content=\"image\/png\" \/>\n<meta name=\"twitter:card\" content=\"summary_large_image\" \/>\n<meta name=\"twitter:label1\" content=\"Estimeret l\u00e6setid\" \/>\n\t<meta name=\"twitter:data1\" content=\"5 minutter\" \/>\n<script type=\"application\/ld+json\" class=\"yoast-schema-graph\">{\"@context\":\"https:\\\/\\\/schema.org\",\"@graph\":[{\"@type\":\"WebPage\",\"@id\":\"https:\\\/\\\/usa-b2.com\\\/da\\\/stillehavs-kyst-motorvej\\\/\",\"url\":\"https:\\\/\\\/usa-b2.com\\\/da\\\/stillehavs-kyst-motorvej\\\/\",\"name\":\"Rejser p\u00e5 Pacific Coast Highway i USA - USA B2\",\"isPartOf\":{\"@id\":\"https:\\\/\\\/usa-b2.com\\\/da\\\/#website\"},\"primaryImageOfPage\":{\"@id\":\"https:\\\/\\\/usa-b2.com\\\/da\\\/stillehavs-kyst-motorvej\\\/#primaryimage\"},\"image\":{\"@id\":\"https:\\\/\\\/usa-b2.com\\\/da\\\/stillehavs-kyst-motorvej\\\/#primaryimage\"},\"thumbnailUrl\":\"https:\\\/\\\/usa-b2.com\\\/wp-content\\\/uploads\\\/2025\\\/01\\\/Pacific-Coast-Highway-usa-edited.png\",\"datePublished\":\"2025-01-15T09:01:21+00:00\",\"dateModified\":\"2025-10-16T09:37:36+00:00\",\"description\":\"Opdag den perfekte rejseplan, must-see stop, hvor du skal bo, og hvad du skal g\u00f8re for at udforske Pacific Coast Highway.\",\"breadcrumb\":{\"@id\":\"https:\\\/\\\/usa-b2.com\\\/da\\\/stillehavs-kyst-motorvej\\\/#breadcrumb\"},\"inLanguage\":\"da-DK\",\"potentialAction\":[{\"@type\":\"ReadAction\",\"target\":[\"https:\\\/\\\/usa-b2.com\\\/da\\\/stillehavs-kyst-motorvej\\\/\"]}]},{\"@type\":\"ImageObject\",\"inLanguage\":\"da-DK\",\"@id\":\"https:\\\/\\\/usa-b2.com\\\/da\\\/stillehavs-kyst-motorvej\\\/#primaryimage\",\"url\":\"https:\\\/\\\/usa-b2.com\\\/wp-content\\\/uploads\\\/2025\\\/01\\\/Pacific-Coast-Highway-usa-edited.png\",\"contentUrl\":\"https:\\\/\\\/usa-b2.com\\\/wp-content\\\/uploads\\\/2025\\\/01\\\/Pacific-Coast-Highway-usa-edited.png\"},{\"@type\":\"BreadcrumbList\",\"@id\":\"https:\\\/\\\/usa-b2.com\\\/da\\\/stillehavs-kyst-motorvej\\\/#breadcrumb\",\"itemListElement\":[{\"@type\":\"ListItem\",\"position\":1,\"name\":\"Accueil\",\"item\":\"https:\\\/\\\/usa-b2.com\\\/da\\\/usa\\\/\"},{\"@type\":\"ListItem\",\"position\":2,\"name\":\"Rejser p\u00e5 Pacific Coast Highway i USA\"}]},{\"@type\":\"WebSite\",\"@id\":\"https:\\\/\\\/usa-b2.com\\\/da\\\/#website\",\"url\":\"https:\\\/\\\/usa-b2.com\\\/da\\\/\",\"name\":\"USA B2 VISA\",\"description\":\"\",\"potentialAction\":[{\"@type\":\"SearchAction\",\"target\":{\"@type\":\"EntryPoint\",\"urlTemplate\":\"https:\\\/\\\/usa-b2.com\\\/da\\\/?s={search_term_string}\"},\"query-input\":{\"@type\":\"PropertyValueSpecification\",\"valueRequired\":true,\"valueName\":\"search_term_string\"}}],\"inLanguage\":\"da-DK\"}]}<\/script>\n<!-- \/ Yoast SEO plugin. -->","yoast_head_json":{"title":"Rejser p\u00e5 Pacific Coast Highway i USA - USA B2","description":"Opdag den perfekte rejseplan, must-see stop, hvor du skal bo, og hvad du skal g\u00f8re for at udforske Pacific Coast Highway.","robots":{"index":"index","follow":"follow","max-snippet":"max-snippet:-1","max-image-preview":"max-image-preview:large","max-video-preview":"max-video-preview:-1"},"canonical":"https:\/\/usa-b2.com\/da\/stillehavs-kyst-motorvej\/","og_locale":"da_DK","og_type":"article","og_title":"Rejser p\u00e5 Pacific Coast Highway i USA - USA B2","og_description":"Opdag den perfekte rejseplan, must-see stop, hvor du skal bo, og hvad du skal g\u00f8re for at udforske Pacific Coast Highway.","og_url":"https:\/\/usa-b2.com\/da\/stillehavs-kyst-motorvej\/","og_site_name":"USA B2","article_modified_time":"2025-10-16T09:37:36+00:00","og_image":[{"width":831,"height":467,"url":"https:\/\/usa-b2.com\/wp-content\/uploads\/2025\/01\/Pacific-Coast-Highway-usa-edited.png","type":"image\/png"}],"twitter_card":"summary_large_image","twitter_misc":{"Estimeret l\u00e6setid":"5 minutter"},"schema":{"@context":"https:\/\/schema.org","@graph":[{"@type":"WebPage","@id":"https:\/\/usa-b2.com\/da\/stillehavs-kyst-motorvej\/","url":"https:\/\/usa-b2.com\/da\/stillehavs-kyst-motorvej\/","name":"Rejser p\u00e5 Pacific Coast Highway i USA - USA B2","isPartOf":{"@id":"https:\/\/usa-b2.com\/da\/#website"},"primaryImageOfPage":{"@id":"https:\/\/usa-b2.com\/da\/stillehavs-kyst-motorvej\/#primaryimage"},"image":{"@id":"https:\/\/usa-b2.com\/da\/stillehavs-kyst-motorvej\/#primaryimage"},"thumbnailUrl":"https:\/\/usa-b2.com\/wp-content\/uploads\/2025\/01\/Pacific-Coast-Highway-usa-edited.png","datePublished":"2025-01-15T09:01:21+00:00","dateModified":"2025-10-16T09:37:36+00:00","description":"Opdag den perfekte rejseplan, must-see stop, hvor du skal bo, og hvad du skal g\u00f8re for at udforske Pacific Coast Highway.","breadcrumb":{"@id":"https:\/\/usa-b2.com\/da\/stillehavs-kyst-motorvej\/#breadcrumb"},"inLanguage":"da-DK","potentialAction":[{"@type":"ReadAction","target":["https:\/\/usa-b2.com\/da\/stillehavs-kyst-motorvej\/"]}]},{"@type":"ImageObject","inLanguage":"da-DK","@id":"https:\/\/usa-b2.com\/da\/stillehavs-kyst-motorvej\/#primaryimage","url":"https:\/\/usa-b2.com\/wp-content\/uploads\/2025\/01\/Pacific-Coast-Highway-usa-edited.png","contentUrl":"https:\/\/usa-b2.com\/wp-content\/uploads\/2025\/01\/Pacific-Coast-Highway-usa-edited.png"},{"@type":"BreadcrumbList","@id":"https:\/\/usa-b2.com\/da\/stillehavs-kyst-motorvej\/#breadcrumb","itemListElement":[{"@type":"ListItem","position":1,"name":"Accueil","item":"https:\/\/usa-b2.com\/da\/usa\/"},{"@type":"ListItem","position":2,"name":"Rejser p\u00e5 Pacific Coast Highway i USA"}]},{"@type":"WebSite","@id":"https:\/\/usa-b2.com\/da\/#website","url":"https:\/\/usa-b2.com\/da\/","name":"USA B2 VISA","description":"","potentialAction":[{"@type":"SearchAction","target":{"@type":"EntryPoint","urlTemplate":"https:\/\/usa-b2.com\/da\/?s={search_term_string}"},"query-input":{"@type":"PropertyValueSpecification","valueRequired":true,"valueName":"search_term_string"}}],"inLanguage":"da-DK"}]}},"_links":{"self":[{"href":"https:\/\/usa-b2.com\/da\/wp-json\/wp\/v2\/pages\/6133","targetHints":{"allow":["GET"]}}],"collection":[{"href":"https:\/\/usa-b2.com\/da\/wp-json\/wp\/v2\/pages"}],"about":[{"href":"https:\/\/usa-b2.com\/da\/wp-json\/wp\/v2\/types\/page"}],"author":[{"embeddable":true,"href":"https:\/\/usa-b2.com\/da\/wp-json\/wp\/v2\/users\/1"}],"replies":[{"embeddable":true,"href":"https:\/\/usa-b2.com\/da\/wp-json\/wp\/v2\/comments?post=6133"}],"version-history":[{"count":2,"href":"https:\/\/usa-b2.com\/da\/wp-json\/wp\/v2\/pages\/6133\/revisions"}],"predecessor-version":[{"id":10626,"href":"https:\/\/usa-b2.com\/da\/wp-json\/wp\/v2\/pages\/6133\/revisions\/10626"}],"wp:attachment":[{"href":"https:\/\/usa-b2.com\/da\/wp-json\/wp\/v2\/media?parent=6133"}],"curies":[{"name":"wp","href":"https:\/\/api.w.org\/{rel}","templated":true}]}}