{"id":4500,"date":"2024-11-18T12:44:50","date_gmt":"2024-11-18T12:44:50","guid":{"rendered":"https:\/\/usa-b2.com\/ds-160\/"},"modified":"2026-02-25T14:57:16","modified_gmt":"2026-02-25T14:57:16","slug":"ds-160","status":"publish","type":"page","link":"https:\/\/usa-b2.com\/da\/ds-160\/","title":{"rendered":"DS 160 formular online"},"content":{"rendered":"\n<h1 class=\"wp-block-heading\">DS 160-formular til en amerikansk visumans\u00f8gning<\/h1>\n\n<p>Form DS-160 er et vigtigt dokument for alle, der \u00f8nsker at f\u00e5 et visum til USA. Denne formular er obligatorisk for visumans\u00f8gninger og udfyldes udelukkende online p\u00e5 det amerikanske udenrigsministeriums officielle hjemmeside. Her er alt, hvad du beh\u00f8ver at vide for at udfylde denne formular med succes.  <\/p>\n\n<h2 class=\"wp-block-heading\">Hvad er DS 160-formularen?<\/h2>\n\n<p>DS 160-formularen er et online sp\u00f8rgeskema, der indsamler detaljerede oplysninger om visumans\u00f8geren, hans\/hendes rejseplaner og personlige historie. Denne formular er det f\u00f8rste skridt i den <a href=\"https:\/\/usa-b2.com\/da\/ansogningsprocedure-visum-b2\/\">amerikanske visumans\u00f8gningsproces<\/a>. Oplysningerne g\u00f8r det muligt for de konsul\u00e6re myndigheder at afg\u00f8re, om du er berettiget til den \u00f8nskede type visum.  <\/p>\n\n<p>Denne formular er p\u00e5kr\u00e6vet for flere kategorier af ikke-immigrantvisa, herunder :<\/p>\n\n<ul class=\"wp-block-list\">\n<li><a href=\"https:\/\/usa-b2.com\/da\/b1-visum-usa\/\">B1 turistvisum<\/a>: til forretningsrejser ;<\/li>\n\n\n\n<li><a href=\"https:\/\/usa-b2.com\/da\/b2-visum\/\">B2 turistvisum<\/a>: til turistrejser eller familiebes\u00f8g ;<\/li>\n\n\n\n<li>F1-studievisum: for at studere i USA;<\/li>\n\n\n\n<li><a href=\"https:\/\/usa-b2.com\/da\/transit-visum-usa\/\">Transitvisum C<\/a>: til midlertidig passage gennem USA;<\/li>\n\n\n\n<li>Midlertidigt arbejdsvisum (H, L, O): til professionelle opgaver.<\/li>\n<\/ul>\n\n<div style=\"height:10px\" aria-hidden=\"true\" class=\"wp-block-spacer\"><\/div>\n\n<h2 class=\"wp-block-heading\">Hvordan udfylder jeg formular DS 160?<\/h2>\n\n<h3 class=\"wp-block-heading\">1. G\u00e5 til den officielle hjemmeside<\/h3>\n\n<p>For at udfylde formular DS 160 skal du bes\u00f8ge det <a href=\"https:\/\/ceac.state.gov\/genniv\/\">amerikanske udenrigsministeriums officielle hjemmeside<\/a>. S\u00f8rg for at bruge en sikker forbindelse for at beskytte dine personlige data. <\/p>\n\n<h3 class=\"wp-block-heading\">2. Saml dine oplysninger<\/h3>\n\n<p>F\u00f8r du g\u00e5r i gang, skal du forberede alle de n\u00f8dvendige dokumenter, herunder :<\/p>\n\n<ul class=\"wp-block-list\">\n<li>Dit <a href=\"https:\/\/usa-b2.com\/da\/pas-rejse-usa\/\">pas er gyldigt til USA<\/a><\/li>\n\n\n\n<li>Dine rejseoplysninger (datoer, destinationer, adresser)<\/li>\n\n\n\n<li>Dine personlige oplysninger (adresse, besk\u00e6ftigelse, familiesituation)<\/li>\n\n\n\n<li>Eventuelle bilag, der kr\u00e6ves afh\u00e6ngigt af visumtypen (invitationsbreve, kontoudtog osv.).<\/li>\n<\/ul>\n\n<h3 class=\"wp-block-heading\">3. Udfyld formularen p\u00e5 engelsk<\/h3>\n\n<p>Alle svar skal skrives p\u00e5 engelsk. V\u00e6r omhyggelig med at svare pr\u00e6cist, da eventuelle fejl kan f\u00f8re til afvisning eller forsinkelser i behandlingen af din ans\u00f8gning. <\/p>\n\n<h3 class=\"wp-block-heading\">4. Upload et foto, der overholder reglerne<\/h3>\n\n<p>Et nyere digitalt foto skal uploades under processen. Billedet skal overholde de fastsatte standarder (hvid baggrund, bestemte m\u00e5l, ingen briller). <\/p>\n\n<h3 class=\"wp-block-heading\">5. Indsend og gem bekr\u00e6ftelsesnummeret<\/h3>\n\n<p>N\u00e5r du har udfyldt formularen, skal du indsende den online og downloade bekr\u00e6ftelsessiden med stregkoden. Dette dokument er vigtigt for dit <a href=\"https:\/\/usa-b2.com\/da\/visumaftale-amerikanske-ambassade\/\">interview p\u00e5 den amerikanske ambassade.<\/a> <\/p>\n\n<h2 class=\"wp-block-heading\">Hvad skal jeg g\u00f8re, n\u00e5r jeg har indsendt DS 160?<\/h2>\n\n<p>N\u00e5r formularen er indsendt, forts\u00e6tter processen med f\u00f8lgende trin:<\/p>\n\n<ol class=\"wp-block-list\">\n<li><strong>Betal gebyret for visumans\u00f8gningen<\/strong>: <a href=\"https:\/\/usa-b2.com\/fr\/frais-visa-b2-usa\/\">Visumgebyret<\/a> varierer afh\u00e6ngigt af den \u00f8nskede visumtype. S\u00f8rg for at gemme din betalingskvittering. <\/li>\n\n\n\n<li><strong>Lav en aftale om et interview<\/strong>: G\u00e5 ind p\u00e5 den officielle hjemmeside for det amerikanske konsulat eller den amerikanske ambassade i dit land for at aftale en tid.<\/li>\n\n\n\n<li><strong>G\u00e5 til den konsul\u00e6re samtale<\/strong>: P\u00e5 dagen for samtalen skal du medbringe dit pas, bekr\u00e6ftelsessiden DS-160, dit foto og alle de n\u00f8dvendige bilag.<\/li>\n<\/ol>\n\n<div style=\"height:10px\" aria-hidden=\"true\" class=\"wp-block-spacer\"><\/div>\n\n<p>For mere detaljeret information, se vores side om den <a href=\"https:\/\/usa-b2.com\/da\/ansogningsprocedure-visum-b2\/\">amerikanske visumans\u00f8gningsprocedure<\/a>.<\/p>\n\n<h2 class=\"wp-block-heading\">Tips til en vellykket ans\u00f8gning med DS 160<\/h2>\n\n<ul class=\"wp-block-list\">\n<li><strong>V\u00e6r \u00e6rlig og pr\u00e6cis<\/strong>: enhver falsk erkl\u00e6ring kan resultere i et \u00f8jeblikkeligt afslag p\u00e5 dit visum.<\/li>\n\n\n\n<li><strong>Tjek dine svar flere gange<\/strong>, f\u00f8r du sender formularen.<\/li>\n\n\n\n<li><strong>Gem en printet kopi af<\/strong> din DS-160 til dine personlige optegnelser.<\/li>\n\n\n\n<li><strong>Overhold fristerne<\/strong>: Udfyld formularen mindst to uger f\u00f8r din planlagte interviewdato for at undg\u00e5 forsinkelser.<\/li>\n<\/ul>\n\n<h2 class=\"wp-block-heading\">Ofte stillede sp\u00f8rgsm\u00e5l om DS 160-formularen<\/h2>\n\n<h3 class=\"wp-block-heading\">Hvor lang tid tager det at udfylde DS-160?<\/h3>\n\n<p>Den gennemsnitlige varighed er omkring 60 minutter. Du kan gemme dine fremskridt og forts\u00e6tte senere, hvis det er n\u00f8dvendigt. <\/p>\n\n<h3 class=\"wp-block-heading\">Kan jeg \u00e6ndre formularen, efter jeg har indsendt den?<\/h3>\n\n<p>Nej, n\u00e5r DS-160 er indsendt, kan den ikke \u00e6ndres. Hvis der opdages en fejl, skal du udfylde en ny formular. <\/p>\n\n<h3 class=\"wp-block-heading\">Garanterer DS-160 et visum?<\/h3>\n\n<p>Nej, indsendelse af DS-160 garanterer ikke godkendelse af dit visum. Det er et obligatorisk skridt, men dit visum afh\u00e6nger af resultatet af dit konsul\u00e6re interview. <\/p>\n","protected":false},"excerpt":{"rendered":"<p>DS 160-formular til en amerikansk visumans\u00f8gning Form DS-160 er et vigtigt dokument for alle, der \u00f8nsker at f\u00e5 et visum til USA. Denne formular er obligatorisk for visumans\u00f8gninger og udfyldes udelukkende online p\u00e5 det amerikanske udenrigsministeriums officielle hjemmeside. Her er alt, hvad du beh\u00f8ver at vide for at udfylde denne formular med succes. Hvad er [&hellip;]<\/p>\n","protected":false},"author":1,"featured_media":0,"parent":0,"menu_order":0,"comment_status":"closed","ping_status":"closed","template":"","meta":{"footnotes":""},"class_list":["post-4500","page","type-page","status-publish","hentry"],"yoast_head":"<!-- This site is optimized with the Yoast SEO plugin v27.0 - https:\/\/yoast.com\/product\/yoast-seo-wordpress\/ -->\n<title>DS 160 formular online - USA B2<\/title>\n<meta name=\"description\" content=\"Alt hvad du beh\u00f8ver at vide om at udfylde formular DS 160 for at ans\u00f8ge om et amerikansk visum online\" \/>\n<meta name=\"robots\" content=\"index, follow, max-snippet:-1, max-image-preview:large, max-video-preview:-1\" \/>\n<link rel=\"canonical\" href=\"https:\/\/usa-b2.com\/da\/ds-160\/\" \/>\n<meta property=\"og:locale\" content=\"da_DK\" \/>\n<meta property=\"og:type\" content=\"article\" \/>\n<meta property=\"og:title\" content=\"DS 160 formular online - USA B2\" \/>\n<meta property=\"og:description\" content=\"Alt hvad du beh\u00f8ver at vide om at udfylde formular DS 160 for at ans\u00f8ge om et amerikansk visum online\" \/>\n<meta property=\"og:url\" content=\"https:\/\/usa-b2.com\/da\/ds-160\/\" \/>\n<meta property=\"og:site_name\" content=\"USA B2\" \/>\n<meta property=\"article:modified_time\" content=\"2026-02-25T14:57:16+00:00\" \/>\n<meta name=\"twitter:card\" content=\"summary_large_image\" \/>\n<meta name=\"twitter:label1\" content=\"Estimeret l\u00e6setid\" \/>\n\t<meta name=\"twitter:data1\" content=\"3 minutter\" \/>\n<script type=\"application\/ld+json\" class=\"yoast-schema-graph\">{\"@context\":\"https:\/\/schema.org\",\"@graph\":[{\"@type\":\"WebPage\",\"@id\":\"https:\/\/usa-b2.com\/da\/ds-160\/\",\"url\":\"https:\/\/usa-b2.com\/da\/ds-160\/\",\"name\":\"DS 160 formular online - USA B2\",\"isPartOf\":{\"@id\":\"https:\/\/usa-b2.com\/da\/#website\"},\"datePublished\":\"2024-11-18T12:44:50+00:00\",\"dateModified\":\"2026-02-25T14:57:16+00:00\",\"description\":\"Alt hvad du beh\u00f8ver at vide om at udfylde formular DS 160 for at ans\u00f8ge om et amerikansk visum online\",\"breadcrumb\":{\"@id\":\"https:\/\/usa-b2.com\/da\/ds-160\/#breadcrumb\"},\"inLanguage\":\"da-DK\",\"potentialAction\":[{\"@type\":\"ReadAction\",\"target\":[\"https:\/\/usa-b2.com\/da\/ds-160\/\"]}]},{\"@type\":\"BreadcrumbList\",\"@id\":\"https:\/\/usa-b2.com\/da\/ds-160\/#breadcrumb\",\"itemListElement\":[{\"@type\":\"ListItem\",\"position\":1,\"name\":\"Accueil\",\"item\":\"https:\/\/usa-b2.com\/da\/guide-roadtrips-usa\/\"},{\"@type\":\"ListItem\",\"position\":2,\"name\":\"DS 160 formular online\"}]},{\"@type\":\"WebSite\",\"@id\":\"https:\/\/usa-b2.com\/da\/#website\",\"url\":\"https:\/\/usa-b2.com\/da\/\",\"name\":\"USA B2 VISA\",\"description\":\"\",\"potentialAction\":[{\"@type\":\"SearchAction\",\"target\":{\"@type\":\"EntryPoint\",\"urlTemplate\":\"https:\/\/usa-b2.com\/da\/?s={search_term_string}\"},\"query-input\":{\"@type\":\"PropertyValueSpecification\",\"valueRequired\":true,\"valueName\":\"search_term_string\"}}],\"inLanguage\":\"da-DK\"}]}<\/script>\n<!-- \/ Yoast SEO plugin. -->","yoast_head_json":{"title":"DS 160 formular online - USA B2","description":"Alt hvad du beh\u00f8ver at vide om at udfylde formular DS 160 for at ans\u00f8ge om et amerikansk visum online","robots":{"index":"index","follow":"follow","max-snippet":"max-snippet:-1","max-image-preview":"max-image-preview:large","max-video-preview":"max-video-preview:-1"},"canonical":"https:\/\/usa-b2.com\/da\/ds-160\/","og_locale":"da_DK","og_type":"article","og_title":"DS 160 formular online - USA B2","og_description":"Alt hvad du beh\u00f8ver at vide om at udfylde formular DS 160 for at ans\u00f8ge om et amerikansk visum online","og_url":"https:\/\/usa-b2.com\/da\/ds-160\/","og_site_name":"USA B2","article_modified_time":"2026-02-25T14:57:16+00:00","twitter_card":"summary_large_image","twitter_misc":{"Estimeret l\u00e6setid":"3 minutter"},"schema":{"@context":"https:\/\/schema.org","@graph":[{"@type":"WebPage","@id":"https:\/\/usa-b2.com\/da\/ds-160\/","url":"https:\/\/usa-b2.com\/da\/ds-160\/","name":"DS 160 formular online - USA B2","isPartOf":{"@id":"https:\/\/usa-b2.com\/da\/#website"},"datePublished":"2024-11-18T12:44:50+00:00","dateModified":"2026-02-25T14:57:16+00:00","description":"Alt hvad du beh\u00f8ver at vide om at udfylde formular DS 160 for at ans\u00f8ge om et amerikansk visum online","breadcrumb":{"@id":"https:\/\/usa-b2.com\/da\/ds-160\/#breadcrumb"},"inLanguage":"da-DK","potentialAction":[{"@type":"ReadAction","target":["https:\/\/usa-b2.com\/da\/ds-160\/"]}]},{"@type":"BreadcrumbList","@id":"https:\/\/usa-b2.com\/da\/ds-160\/#breadcrumb","itemListElement":[{"@type":"ListItem","position":1,"name":"Accueil","item":"https:\/\/usa-b2.com\/da\/guide-roadtrips-usa\/"},{"@type":"ListItem","position":2,"name":"DS 160 formular online"}]},{"@type":"WebSite","@id":"https:\/\/usa-b2.com\/da\/#website","url":"https:\/\/usa-b2.com\/da\/","name":"USA B2 VISA","description":"","potentialAction":[{"@type":"SearchAction","target":{"@type":"EntryPoint","urlTemplate":"https:\/\/usa-b2.com\/da\/?s={search_term_string}"},"query-input":{"@type":"PropertyValueSpecification","valueRequired":true,"valueName":"search_term_string"}}],"inLanguage":"da-DK"}]}},"_links":{"self":[{"href":"https:\/\/usa-b2.com\/da\/wp-json\/wp\/v2\/pages\/4500","targetHints":{"allow":["GET"]}}],"collection":[{"href":"https:\/\/usa-b2.com\/da\/wp-json\/wp\/v2\/pages"}],"about":[{"href":"https:\/\/usa-b2.com\/da\/wp-json\/wp\/v2\/types\/page"}],"author":[{"embeddable":true,"href":"https:\/\/usa-b2.com\/da\/wp-json\/wp\/v2\/users\/1"}],"replies":[{"embeddable":true,"href":"https:\/\/usa-b2.com\/da\/wp-json\/wp\/v2\/comments?post=4500"}],"version-history":[{"count":4,"href":"https:\/\/usa-b2.com\/da\/wp-json\/wp\/v2\/pages\/4500\/revisions"}],"predecessor-version":[{"id":11064,"href":"https:\/\/usa-b2.com\/da\/wp-json\/wp\/v2\/pages\/4500\/revisions\/11064"}],"wp:attachment":[{"href":"https:\/\/usa-b2.com\/da\/wp-json\/wp\/v2\/media?parent=4500"}],"curies":[{"name":"wp","href":"https:\/\/api.w.org\/{rel}","templated":true}]}}