{"id":4490,"date":"2024-11-18T12:39:44","date_gmt":"2024-11-18T12:39:44","guid":{"rendered":"https:\/\/usa-b2.com\/pas-rejse-usa\/"},"modified":"2025-10-28T16:36:10","modified_gmt":"2025-10-28T16:36:10","slug":"pas-rejse-usa","status":"publish","type":"page","link":"https:\/\/usa-b2.com\/da\/pas-rejse-usa\/","title":{"rendered":"Hvilket pas skal jeg bruge til at rejse til USA?"},"content":{"rendered":"\n<h1 class=\"wp-block-heading\">Hvilke typer pas kan bruges til at rejse ind i USA?<\/h1>\n\n<p>For at rejse til USA g\u00e6lder der visse specifikke krav til typen af pas. F\u00f8lgende kriterier g\u00e6lder for udenlandske rejsende, der \u00f8nsker at rejse ind i USA:<\/p>\n\n<ul class=\"wp-block-list\">\n<li>Den rejsendes pas skal v\u00e6re biometrisk eller elektronisk.<\/li>\n\n\n\n<li>Passet skal v\u00e6re gyldigt i mindst 6 m\u00e5neder efter den planlagte afrejsedato fra USA.<\/li>\n<\/ul>\n\n<div style=\"height:10px\" aria-hidden=\"true\" class=\"wp-block-spacer\"><\/div>\n\n<p><strong>V\u00e6r opm\u00e6rksom p\u00e5 dette:<\/strong> Passets gyldighed har ogs\u00e5 indflydelse p\u00e5 gyldigheden af den tilh\u00f8rende rejsetilladelse. Hvis dit pas udl\u00f8ber, bliver det visum, du har f\u00e5et i passet, automatisk ugyldigt. Du skal forny visummet hos en <a href=\"https:\/\/usa-b2.com\/da\/den-amerikanske-ambassade\/\">amerikansk ambassade<\/a>, n\u00e5r det nye pas udstedes.  <\/p>\n\n<h2 class=\"wp-block-heading\">Hvad er et biometrisk pas?<\/h2>\n\n<p>Det biometriske pas er et stort skridt fremad for USA&#8217;s rejsedokumentsikkerhed. Denne type pas er udstyret med en elektronisk chip, der lagrer biometriske data, som er vigtige for indehaveren. Disse oplysninger omfatter :<\/p>\n\n<ul class=\"wp-block-list\">\n<li>Personlige data som navn, f\u00f8dselsdato og adresse.<\/li>\n\n\n\n<li>Biometriske data som ansigtsbilleder og fingeraftryk.<\/li>\n<\/ul>\n\n<div style=\"height:10px\" aria-hidden=\"true\" class=\"wp-block-spacer\"><\/div>\n\n<p>Hovedform\u00e5let med det biometriske pas er at forbedre sikkerheden og begr\u00e6nse risikoen for svindel eller forfalskning. Typen af pas vil blive kontrolleret under <a href=\"https:\/\/usa-b2.com\/da\/ansogningsprocedure-visum-b2\/\">visumans\u00f8gningsproceduren<\/a>.<\/p>\n\n<h2 class=\"wp-block-heading\">Hvad er forskellen p\u00e5 et biometrisk pas og et elektronisk pas?<\/h2>\n\n<p>Et elektronisk pas er et rejsedokument, der indeholder en elektronisk chip til lagring af identifikationsoplysninger. Alle biometriske pas er elektroniske pas, men nogle lande skelner mellem de to begreber. Et biometrisk pas indeholder specifikke data, s\u00e5som fingeraftryk eller ansigtsscanninger, hvilket ikke systematisk er tilf\u00e6ldet for alle elektroniske pas.<\/p>\n\n<h2 class=\"wp-block-heading\">Hvordan genkender du et biometrisk eller elektronisk pas?<\/h2>\n\n<p>For at se, om dit pas er biometrisk eller elektronisk, skal du kigge efter guldsymbolet under ordet &#8220;Passport&#8221; p\u00e5 forsiden. Dette piktogram, som forestiller en cirkel mellem to tykke streger, er en klar indikation af, at passet har en integreret elektronisk chip. <\/p>\n","protected":false},"excerpt":{"rendered":"<p>Hvilke typer pas kan bruges til at rejse ind i USA? For at rejse til USA g\u00e6lder der visse specifikke krav til typen af pas. F\u00f8lgende kriterier g\u00e6lder for udenlandske rejsende, der \u00f8nsker at rejse ind i USA: V\u00e6r opm\u00e6rksom p\u00e5 dette: Passets gyldighed har ogs\u00e5 indflydelse p\u00e5 gyldigheden af den tilh\u00f8rende rejsetilladelse. Hvis dit [&hellip;]<\/p>\n","protected":false},"author":1,"featured_media":0,"parent":0,"menu_order":0,"comment_status":"closed","ping_status":"closed","template":"","meta":{"footnotes":""},"class_list":["post-4490","page","type-page","status-publish","hentry"],"yoast_head":"<!-- This site is optimized with the Yoast SEO plugin v27.4 - https:\/\/yoast.com\/product\/yoast-seo-wordpress\/ -->\n<title>Hvilket pas skal jeg bruge til at rejse til USA? - USA B2<\/title>\n<meta name=\"description\" content=\"USA stiller visse krav til typen af pas for rejsende, der \u00f8nsker at rejse ind i USA.\" \/>\n<meta name=\"robots\" content=\"index, follow, max-snippet:-1, max-image-preview:large, max-video-preview:-1\" \/>\n<link rel=\"canonical\" href=\"https:\/\/usa-b2.com\/da\/pas-rejse-usa\/\" \/>\n<meta property=\"og:locale\" content=\"da_DK\" \/>\n<meta property=\"og:type\" content=\"article\" \/>\n<meta property=\"og:title\" content=\"Hvilket pas skal jeg bruge til at rejse til USA? - USA B2\" \/>\n<meta property=\"og:description\" content=\"USA stiller visse krav til typen af pas for rejsende, der \u00f8nsker at rejse ind i USA.\" \/>\n<meta property=\"og:url\" content=\"https:\/\/usa-b2.com\/da\/pas-rejse-usa\/\" \/>\n<meta property=\"og:site_name\" content=\"USA B2\" \/>\n<meta property=\"article:modified_time\" content=\"2025-10-28T16:36:10+00:00\" \/>\n<meta name=\"twitter:card\" content=\"summary_large_image\" \/>\n<meta name=\"twitter:label1\" content=\"Estimeret l\u00e6setid\" \/>\n\t<meta name=\"twitter:data1\" content=\"2 minutter\" \/>\n<script type=\"application\/ld+json\" class=\"yoast-schema-graph\">{\"@context\":\"https:\\\/\\\/schema.org\",\"@graph\":[{\"@type\":\"WebPage\",\"@id\":\"https:\\\/\\\/usa-b2.com\\\/da\\\/pas-rejse-usa\\\/\",\"url\":\"https:\\\/\\\/usa-b2.com\\\/da\\\/pas-rejse-usa\\\/\",\"name\":\"Hvilket pas skal jeg bruge til at rejse til USA? - USA B2\",\"isPartOf\":{\"@id\":\"https:\\\/\\\/usa-b2.com\\\/da\\\/#website\"},\"datePublished\":\"2024-11-18T12:39:44+00:00\",\"dateModified\":\"2025-10-28T16:36:10+00:00\",\"description\":\"USA stiller visse krav til typen af pas for rejsende, der \u00f8nsker at rejse ind i USA.\",\"breadcrumb\":{\"@id\":\"https:\\\/\\\/usa-b2.com\\\/da\\\/pas-rejse-usa\\\/#breadcrumb\"},\"inLanguage\":\"da-DK\",\"potentialAction\":[{\"@type\":\"ReadAction\",\"target\":[\"https:\\\/\\\/usa-b2.com\\\/da\\\/pas-rejse-usa\\\/\"]}]},{\"@type\":\"BreadcrumbList\",\"@id\":\"https:\\\/\\\/usa-b2.com\\\/da\\\/pas-rejse-usa\\\/#breadcrumb\",\"itemListElement\":[{\"@type\":\"ListItem\",\"position\":1,\"name\":\"Accueil\",\"item\":\"https:\\\/\\\/usa-b2.com\\\/da\\\/usa\\\/\"},{\"@type\":\"ListItem\",\"position\":2,\"name\":\"Hvilket pas skal jeg bruge til at rejse til USA?\"}]},{\"@type\":\"WebSite\",\"@id\":\"https:\\\/\\\/usa-b2.com\\\/da\\\/#website\",\"url\":\"https:\\\/\\\/usa-b2.com\\\/da\\\/\",\"name\":\"USA B2 VISA\",\"description\":\"\",\"potentialAction\":[{\"@type\":\"SearchAction\",\"target\":{\"@type\":\"EntryPoint\",\"urlTemplate\":\"https:\\\/\\\/usa-b2.com\\\/da\\\/?s={search_term_string}\"},\"query-input\":{\"@type\":\"PropertyValueSpecification\",\"valueRequired\":true,\"valueName\":\"search_term_string\"}}],\"inLanguage\":\"da-DK\"}]}<\/script>\n<!-- \/ Yoast SEO plugin. -->","yoast_head_json":{"title":"Hvilket pas skal jeg bruge til at rejse til USA? - USA B2","description":"USA stiller visse krav til typen af pas for rejsende, der \u00f8nsker at rejse ind i USA.","robots":{"index":"index","follow":"follow","max-snippet":"max-snippet:-1","max-image-preview":"max-image-preview:large","max-video-preview":"max-video-preview:-1"},"canonical":"https:\/\/usa-b2.com\/da\/pas-rejse-usa\/","og_locale":"da_DK","og_type":"article","og_title":"Hvilket pas skal jeg bruge til at rejse til USA? - USA B2","og_description":"USA stiller visse krav til typen af pas for rejsende, der \u00f8nsker at rejse ind i USA.","og_url":"https:\/\/usa-b2.com\/da\/pas-rejse-usa\/","og_site_name":"USA B2","article_modified_time":"2025-10-28T16:36:10+00:00","twitter_card":"summary_large_image","twitter_misc":{"Estimeret l\u00e6setid":"2 minutter"},"schema":{"@context":"https:\/\/schema.org","@graph":[{"@type":"WebPage","@id":"https:\/\/usa-b2.com\/da\/pas-rejse-usa\/","url":"https:\/\/usa-b2.com\/da\/pas-rejse-usa\/","name":"Hvilket pas skal jeg bruge til at rejse til USA? - USA B2","isPartOf":{"@id":"https:\/\/usa-b2.com\/da\/#website"},"datePublished":"2024-11-18T12:39:44+00:00","dateModified":"2025-10-28T16:36:10+00:00","description":"USA stiller visse krav til typen af pas for rejsende, der \u00f8nsker at rejse ind i USA.","breadcrumb":{"@id":"https:\/\/usa-b2.com\/da\/pas-rejse-usa\/#breadcrumb"},"inLanguage":"da-DK","potentialAction":[{"@type":"ReadAction","target":["https:\/\/usa-b2.com\/da\/pas-rejse-usa\/"]}]},{"@type":"BreadcrumbList","@id":"https:\/\/usa-b2.com\/da\/pas-rejse-usa\/#breadcrumb","itemListElement":[{"@type":"ListItem","position":1,"name":"Accueil","item":"https:\/\/usa-b2.com\/da\/usa\/"},{"@type":"ListItem","position":2,"name":"Hvilket pas skal jeg bruge til at rejse til USA?"}]},{"@type":"WebSite","@id":"https:\/\/usa-b2.com\/da\/#website","url":"https:\/\/usa-b2.com\/da\/","name":"USA B2 VISA","description":"","potentialAction":[{"@type":"SearchAction","target":{"@type":"EntryPoint","urlTemplate":"https:\/\/usa-b2.com\/da\/?s={search_term_string}"},"query-input":{"@type":"PropertyValueSpecification","valueRequired":true,"valueName":"search_term_string"}}],"inLanguage":"da-DK"}]}},"_links":{"self":[{"href":"https:\/\/usa-b2.com\/da\/wp-json\/wp\/v2\/pages\/4490","targetHints":{"allow":["GET"]}}],"collection":[{"href":"https:\/\/usa-b2.com\/da\/wp-json\/wp\/v2\/pages"}],"about":[{"href":"https:\/\/usa-b2.com\/da\/wp-json\/wp\/v2\/types\/page"}],"author":[{"embeddable":true,"href":"https:\/\/usa-b2.com\/da\/wp-json\/wp\/v2\/users\/1"}],"replies":[{"embeddable":true,"href":"https:\/\/usa-b2.com\/da\/wp-json\/wp\/v2\/comments?post=4490"}],"version-history":[{"count":5,"href":"https:\/\/usa-b2.com\/da\/wp-json\/wp\/v2\/pages\/4490\/revisions"}],"predecessor-version":[{"id":10677,"href":"https:\/\/usa-b2.com\/da\/wp-json\/wp\/v2\/pages\/4490\/revisions\/10677"}],"wp:attachment":[{"href":"https:\/\/usa-b2.com\/da\/wp-json\/wp\/v2\/media?parent=4490"}],"curies":[{"name":"wp","href":"https:\/\/api.w.org\/{rel}","templated":true}]}}