{"id":428,"date":"2024-02-10T17:10:38","date_gmt":"2024-02-10T17:10:38","guid":{"rendered":"https:\/\/usa-b2.com\/besogsvisum-usa\/"},"modified":"2025-10-28T15:24:05","modified_gmt":"2025-10-28T15:24:05","slug":"besogs-visum-usa","status":"publish","type":"page","link":"https:\/\/usa-b2.com\/da\/besogs-visum-usa\/","title":{"rendered":"Bes\u00f8gsvisum til rejser til USA"},"content":{"rendered":"\n<h1 class=\"wp-block-heading\">Bes\u00f8gsvisum til USA<\/h1>\n\n<h2 class=\"wp-block-heading\">Hvad er et bes\u00f8gsvisum til USA?<\/h2>\n\n<p>Et amerikansk bes\u00f8gsvisum tillader udenlandske statsborgere at opholde sig i USA i en begr\u00e6nset periode: den f\u00f8rste opholdsperiode er begr\u00e6nset til 6 m\u00e5neder. Bes\u00f8gsvisum kan fornyes flere gange.   <\/p>\n\n<p>Der er to typer bes\u00f8gsvisum, afh\u00e6ngigt af form\u00e5let med bes\u00f8get:<\/p>\n\n<ul class=\"wp-block-list\">\n<li><a href=\"https:\/\/usa-b2.com\/da\/b1-visum-usa\/\">B1-visummet<\/a> er et visum til at g\u00f8re forretninger i USA.<\/li>\n\n\n\n<li><a href=\"https:\/\/usa-b2.com\/da\/b2-visum\/\">B2-visummet<\/a> er et turistvisum, der giver dig mulighed for at bes\u00f8ge USA og bes\u00f8ge venner eller familie der.<\/li>\n<\/ul>\n\n<div style=\"height:10px\" aria-hidden=\"true\" class=\"wp-block-spacer\"><\/div>\n\n<h2 class=\"wp-block-heading\">Hvad er forskellen p\u00e5 B1- og B2-visa?<\/h2>\n\n<p>Den st\u00f8rste forskel mellem de to visa er form\u00e5let med opholdet: B1-visummet udstedes af professionelle \u00e5rsager, mens B2-visummet er til turist- og familieophold i USA.  <\/p>\n\n<p>For resten er de to kategori B-visa ret ens. De udstedes for en periode p\u00e5 seks m\u00e5neder med mulighed for forl\u00e6ngelse i op til et \u00e5r. Der er ingen begr\u00e6nsning p\u00e5 antallet af visumfornyelser.  <\/p>\n\n<h2 class=\"wp-block-heading\">Hvilke aktiviteter er forbudt p\u00e5 et B1\/B2-visum?<\/h2>\n\n<p>Indehavere af et B1\/B2-visum kan rejse til USA, men visse aktiviteter er forbudt. F\u00f8lgende er de vigtigste aktiviteter, der er forbudt for indehavere af et B1\/B2-visum: <\/p>\n\n<ul class=\"wp-block-list\">\n<li>Han kan ikke arbejde i USA;<\/li>\n\n\n\n<li>Han kan ikke blive studerende;<\/li>\n\n\n\n<li>Han m\u00e5 ikke g\u00e5 ombord som bes\u00e6tningsmedlem p\u00e5 et fly eller skib;<\/li>\n\n\n\n<li>Han kan ikke fors\u00f8ge at f\u00e5 permanent opholdstilladelse i USA.<\/li>\n<\/ul>\n\n<div style=\"height:10px\" aria-hidden=\"true\" class=\"wp-block-spacer\"><\/div>\n\n<h2 class=\"wp-block-heading\">Hvordan ans\u00f8ger jeg om et B1\/B2-visum?<\/h2>\n\n<p><a href=\"https:\/\/usa-b2.com\/da\/ansogningsprocedure-visum-b2\/\">Visumans\u00f8gningsproceduren<\/a> foreg\u00e5r hovedsageligt online. Processen best\u00e5r af de fem faser i f\u00f8lgende r\u00e6kkef\u00f8lge:<\/p>\n\n<ol class=\"wp-block-list\">\n<li>Udfyld <a href=\"https:\/\/usa-b2.com\/da\/ds-160\/\">formular DS-160<\/a> online for at p\u00e5begynde proceduren<\/li>\n\n\n\n<li>Betal <a href=\"https:\/\/usa-b2.com\/fr\/frais-visa-b2-usa\/\">visumgebyret<\/a> for at validere visumans\u00f8gningen<\/li>\n\n\n\n<li>Lav en aftale om et <a href=\"https:\/\/usa-b2.com\/da\/visumaftale-amerikanske-ambassade\/\">visumsamtale p\u00e5 ambassaden<\/a><\/li>\n\n\n\n<li>Saml al dokumentation til visumans\u00f8gningen<\/li>\n\n\n\n<li>Deltag i interviewet for at f\u00e5 visum i <a href=\"https:\/\/usa-b2.com\/da\/pas-rejse-usa\/\">passet til at rejse til USA<\/a>.<\/li>\n<\/ol>\n\n<div style=\"height:10px\" aria-hidden=\"true\" class=\"wp-block-spacer\"><\/div>\n\n<h2 class=\"wp-block-heading\">Varighed og gyldighed af B1\/B2-visa<\/h2>\n\n<p>B1\/B2-visummet kan v\u00e6re gyldigt i op til <strong>10 \u00e5r<\/strong>, og individuelle ophold er generelt begr\u00e6nset til maksimalt <strong>6 m\u00e5neder<\/strong> pr. indrejse. Den n\u00f8jagtige varighed bestemmes af immigrationsofficeren, n\u00e5r du ankommer til USA. <\/p>\n\n<h2 class=\"wp-block-heading\">Ofte stillede sp\u00f8rgsm\u00e5l om B1\/B2-visa<\/h2>\n\n<h3 class=\"wp-block-heading\">Hvor lang tid tager det at f\u00e5 et B1\/B2-visum?<\/h3>\n\n<p>Behandlingstiden varierer, men tager normalt mellem 2 og 8 uger efter interviewet.<\/p>\n\n<h3 class=\"wp-block-heading\">Kan jeg arbejde i USA p\u00e5 et B1\/B2-visum?<\/h3>\n\n<p>Nej. B1\/B2-visummet giver dig ikke ret til at arbejde i USA. Du skal ans\u00f8ge om et arbejdsvisum, hvis du \u00f8nsker at tage l\u00f8nnet arbejde.  <\/p>\n\n<h3 class=\"wp-block-heading\">Hvad g\u00f8r man, hvis man f\u00e5r afslag?<\/h3>\n\n<p>Hvis du f\u00e5r afslag p\u00e5 din ans\u00f8gning, vil du modtage et brev med en begrundelse. Du kan rette op p\u00e5 svaghederne i din ans\u00f8gning og indsende en ny ans\u00f8gning. <\/p>\n\n<h3 class=\"wp-block-heading\">Kan jeg forl\u00e6nge mit ophold p\u00e5 et B1\/B2-visum?<\/h3>\n\n<p>Ja, du kan ans\u00f8ge om forl\u00e6ngelse af dit ophold, hvis du allerede befinder dig i USA. Ans\u00f8gningen skal sendes til <g id=\"gid_0\">USCIS (United States Citizenship and Immigration Services)<\/g> inden udl\u00f8bet af din tilladte periode. Du skal give en solid begrundelse, f.eks. gyldige grunde til at blive l\u00e6ngere og bevis for dine \u00f8konomiske ressourcer.  <\/p>\n\n<h3 class=\"wp-block-heading\">Garanterer B1\/B2-visummet min indrejse i USA?<\/h3>\n\n<p>Nej. Et B1\/B2-visum giver dig mulighed for at <strong>rejse til USA<\/strong>, men indrejse afg\u00f8res af immigrationsofficeren ved gr\u00e6nseposten. Denne embedsmand kan n\u00e6gte dig indrejse, hvis der er tvivl om dine hensigter, eller hvis dine dokumenter ikke er i orden. <\/p>\n\n<h3 class=\"wp-block-heading\">Kan jeg tage min familie med mig p\u00e5 et B1\/B2-visum?<\/h3>\n\n<p>Ja, men hvert medlem af din familie, inklusive b\u00f8rn, skal ans\u00f8ge om og f\u00e5 deres eget B1\/B2-visum.<\/p>\n","protected":false},"excerpt":{"rendered":"<p>Bes\u00f8gsvisum til USA Hvad er et bes\u00f8gsvisum til USA? Et amerikansk bes\u00f8gsvisum tillader udenlandske statsborgere at opholde sig i USA i en begr\u00e6nset periode: den f\u00f8rste opholdsperiode er begr\u00e6nset til 6 m\u00e5neder. Bes\u00f8gsvisum kan fornyes flere gange. Der er to typer bes\u00f8gsvisum, afh\u00e6ngigt af form\u00e5let med bes\u00f8get: Hvad er forskellen p\u00e5 B1- og B2-visa? Den [&hellip;]<\/p>\n","protected":false},"author":1,"featured_media":0,"parent":0,"menu_order":0,"comment_status":"closed","ping_status":"closed","template":"","meta":{"footnotes":""},"class_list":["post-428","page","type-page","status-publish","hentry"],"yoast_head":"<!-- This site is optimized with the Yoast SEO plugin v27.4 - https:\/\/yoast.com\/product\/yoast-seo-wordpress\/ -->\n<title>Bes\u00f8gsvisum til rejser til USA - USA B2<\/title>\n<meta name=\"description\" content=\"S\u00e5dan f\u00e5r du et amerikansk bes\u00f8gsvisum online til at opholde dig i USA i flere m\u00e5neder p\u00e5 stedet\" \/>\n<meta name=\"robots\" content=\"index, follow, max-snippet:-1, max-image-preview:large, max-video-preview:-1\" \/>\n<link rel=\"canonical\" href=\"https:\/\/usa-b2.com\/da\/besogs-visum-usa\/\" \/>\n<meta property=\"og:locale\" content=\"da_DK\" \/>\n<meta property=\"og:type\" content=\"article\" \/>\n<meta property=\"og:title\" content=\"Bes\u00f8gsvisum til rejser til USA - USA B2\" \/>\n<meta property=\"og:description\" content=\"S\u00e5dan f\u00e5r du et amerikansk bes\u00f8gsvisum online til at opholde dig i USA i flere m\u00e5neder p\u00e5 stedet\" \/>\n<meta property=\"og:url\" content=\"https:\/\/usa-b2.com\/da\/besogs-visum-usa\/\" \/>\n<meta property=\"og:site_name\" content=\"USA B2\" \/>\n<meta property=\"article:modified_time\" content=\"2025-10-28T15:24:05+00:00\" \/>\n<meta name=\"twitter:card\" content=\"summary_large_image\" \/>\n<meta name=\"twitter:label1\" content=\"Estimeret l\u00e6setid\" \/>\n\t<meta name=\"twitter:data1\" content=\"3 minutter\" \/>\n<script type=\"application\/ld+json\" class=\"yoast-schema-graph\">{\"@context\":\"https:\\\/\\\/schema.org\",\"@graph\":[{\"@type\":\"WebPage\",\"@id\":\"https:\\\/\\\/usa-b2.com\\\/da\\\/besogs-visum-usa\\\/\",\"url\":\"https:\\\/\\\/usa-b2.com\\\/da\\\/besogs-visum-usa\\\/\",\"name\":\"Bes\u00f8gsvisum til rejser til USA - USA B2\",\"isPartOf\":{\"@id\":\"https:\\\/\\\/usa-b2.com\\\/da\\\/#website\"},\"datePublished\":\"2024-02-10T17:10:38+00:00\",\"dateModified\":\"2025-10-28T15:24:05+00:00\",\"description\":\"S\u00e5dan f\u00e5r du et amerikansk bes\u00f8gsvisum online til at opholde dig i USA i flere m\u00e5neder p\u00e5 stedet\",\"breadcrumb\":{\"@id\":\"https:\\\/\\\/usa-b2.com\\\/da\\\/besogs-visum-usa\\\/#breadcrumb\"},\"inLanguage\":\"da-DK\",\"potentialAction\":[{\"@type\":\"ReadAction\",\"target\":[\"https:\\\/\\\/usa-b2.com\\\/da\\\/besogs-visum-usa\\\/\"]}]},{\"@type\":\"BreadcrumbList\",\"@id\":\"https:\\\/\\\/usa-b2.com\\\/da\\\/besogs-visum-usa\\\/#breadcrumb\",\"itemListElement\":[{\"@type\":\"ListItem\",\"position\":1,\"name\":\"Accueil\",\"item\":\"https:\\\/\\\/usa-b2.com\\\/da\\\/usa\\\/\"},{\"@type\":\"ListItem\",\"position\":2,\"name\":\"Bes\u00f8gsvisum til rejser til USA\"}]},{\"@type\":\"WebSite\",\"@id\":\"https:\\\/\\\/usa-b2.com\\\/da\\\/#website\",\"url\":\"https:\\\/\\\/usa-b2.com\\\/da\\\/\",\"name\":\"USA B2 VISA\",\"description\":\"\",\"potentialAction\":[{\"@type\":\"SearchAction\",\"target\":{\"@type\":\"EntryPoint\",\"urlTemplate\":\"https:\\\/\\\/usa-b2.com\\\/da\\\/?s={search_term_string}\"},\"query-input\":{\"@type\":\"PropertyValueSpecification\",\"valueRequired\":true,\"valueName\":\"search_term_string\"}}],\"inLanguage\":\"da-DK\"}]}<\/script>\n<!-- \/ Yoast SEO plugin. -->","yoast_head_json":{"title":"Bes\u00f8gsvisum til rejser til USA - USA B2","description":"S\u00e5dan f\u00e5r du et amerikansk bes\u00f8gsvisum online til at opholde dig i USA i flere m\u00e5neder p\u00e5 stedet","robots":{"index":"index","follow":"follow","max-snippet":"max-snippet:-1","max-image-preview":"max-image-preview:large","max-video-preview":"max-video-preview:-1"},"canonical":"https:\/\/usa-b2.com\/da\/besogs-visum-usa\/","og_locale":"da_DK","og_type":"article","og_title":"Bes\u00f8gsvisum til rejser til USA - USA B2","og_description":"S\u00e5dan f\u00e5r du et amerikansk bes\u00f8gsvisum online til at opholde dig i USA i flere m\u00e5neder p\u00e5 stedet","og_url":"https:\/\/usa-b2.com\/da\/besogs-visum-usa\/","og_site_name":"USA B2","article_modified_time":"2025-10-28T15:24:05+00:00","twitter_card":"summary_large_image","twitter_misc":{"Estimeret l\u00e6setid":"3 minutter"},"schema":{"@context":"https:\/\/schema.org","@graph":[{"@type":"WebPage","@id":"https:\/\/usa-b2.com\/da\/besogs-visum-usa\/","url":"https:\/\/usa-b2.com\/da\/besogs-visum-usa\/","name":"Bes\u00f8gsvisum til rejser til USA - USA B2","isPartOf":{"@id":"https:\/\/usa-b2.com\/da\/#website"},"datePublished":"2024-02-10T17:10:38+00:00","dateModified":"2025-10-28T15:24:05+00:00","description":"S\u00e5dan f\u00e5r du et amerikansk bes\u00f8gsvisum online til at opholde dig i USA i flere m\u00e5neder p\u00e5 stedet","breadcrumb":{"@id":"https:\/\/usa-b2.com\/da\/besogs-visum-usa\/#breadcrumb"},"inLanguage":"da-DK","potentialAction":[{"@type":"ReadAction","target":["https:\/\/usa-b2.com\/da\/besogs-visum-usa\/"]}]},{"@type":"BreadcrumbList","@id":"https:\/\/usa-b2.com\/da\/besogs-visum-usa\/#breadcrumb","itemListElement":[{"@type":"ListItem","position":1,"name":"Accueil","item":"https:\/\/usa-b2.com\/da\/usa\/"},{"@type":"ListItem","position":2,"name":"Bes\u00f8gsvisum til rejser til USA"}]},{"@type":"WebSite","@id":"https:\/\/usa-b2.com\/da\/#website","url":"https:\/\/usa-b2.com\/da\/","name":"USA B2 VISA","description":"","potentialAction":[{"@type":"SearchAction","target":{"@type":"EntryPoint","urlTemplate":"https:\/\/usa-b2.com\/da\/?s={search_term_string}"},"query-input":{"@type":"PropertyValueSpecification","valueRequired":true,"valueName":"search_term_string"}}],"inLanguage":"da-DK"}]}},"_links":{"self":[{"href":"https:\/\/usa-b2.com\/da\/wp-json\/wp\/v2\/pages\/428","targetHints":{"allow":["GET"]}}],"collection":[{"href":"https:\/\/usa-b2.com\/da\/wp-json\/wp\/v2\/pages"}],"about":[{"href":"https:\/\/usa-b2.com\/da\/wp-json\/wp\/v2\/types\/page"}],"author":[{"embeddable":true,"href":"https:\/\/usa-b2.com\/da\/wp-json\/wp\/v2\/users\/1"}],"replies":[{"embeddable":true,"href":"https:\/\/usa-b2.com\/da\/wp-json\/wp\/v2\/comments?post=428"}],"version-history":[{"count":4,"href":"https:\/\/usa-b2.com\/da\/wp-json\/wp\/v2\/pages\/428\/revisions"}],"predecessor-version":[{"id":10658,"href":"https:\/\/usa-b2.com\/da\/wp-json\/wp\/v2\/pages\/428\/revisions\/10658"}],"wp:attachment":[{"href":"https:\/\/usa-b2.com\/da\/wp-json\/wp\/v2\/media?parent=428"}],"curies":[{"name":"wp","href":"https:\/\/api.w.org\/{rel}","templated":true}]}}