{"id":3322,"date":"2024-07-17T10:04:38","date_gmt":"2024-07-17T10:04:38","guid":{"rendered":"https:\/\/usa-b2.com\/hvad-er-en-esta\/"},"modified":"2025-12-17T16:40:53","modified_gmt":"2025-12-17T16:40:53","slug":"hvad-er-en-esta","status":"publish","type":"page","link":"https:\/\/usa-b2.com\/da\/hvad-er-en-esta\/","title":{"rendered":"Hvad er en ESTA-autorisation?"},"content":{"rendered":"\n<h1 class=\"wp-block-heading\">Hvad er ESTA?<\/h1>\n\n<p>ESTA st\u00e5r for Electronic System for Travel Authorization. Det er et elektronisk system, som USA har oprettet for at screene rejsende, f\u00f8r de rejser ind i landet. Ordningen blev indf\u00f8rt som en del af det amerikanske Visa Waiver-program. Dette program giver borgere fra 41 lande mulighed for at rejse til USA i op til 90 dage uden at skulle have visum.     <\/p>\n\n<p><strong>For at f\u00e5 rejsetilladelse p\u00e5 f\u00e5 minutter<\/strong> skal du blot udfylde <a href=\"https:\/\/usa-b2.com\/da\/esta-formular-online\/\">ESTA-formularen online<\/a>.<\/p>\n\n<div style=\"height:10px\" aria-hidden=\"true\" class=\"wp-block-spacer\"><\/div>\n\n<h2 class=\"wp-block-heading\">S\u00e5dan fungerer ESTA<\/h2>\n\n<p>ESTA er designet til at forenkle og sikre rejser til USA. S\u00e5dan her fungerer det: <\/p>\n\n<ol class=\"wp-block-list\">\n<li><strong>Indsendelse af en ans\u00f8gning online<\/strong>: Rejsende skal udfylde <a href=\"https:\/\/usa-b2.com\/da\/esta-formular-online\/\">ESTA-formularen online<\/a> p\u00e5 den officielle ESTA-hjemmeside. Formularen beder om personlige oplysninger, detaljer om rejsen og svar p\u00e5 sikkerhedssp\u00f8rgsm\u00e5l.<\/li>\n\n\n\n<li><strong>Betaling af ESTA-gebyr<\/strong>: N\u00e5r formularen er udfyldt, skal ans\u00f8gere betale et gebyr p\u00e5 40 USD online med kreditkort for at f\u00e6rdigg\u00f8re deres ESTA-ans\u00f8gning.<\/li>\n\n\n\n<li><strong>Ans\u00f8gningsbehandling<\/strong>: ESTA-ans\u00f8gninger behandles meget hurtigt. De fleste anmodninger behandles i l\u00f8bet af f\u00e5 minutter, men det anbefales at indsende anmodningen mindst 72 timer f\u00f8r afrejse. <\/li>\n\n\n\n<li><strong>Modtagelse af ESTA-godkendelse<\/strong>: Hvis ans\u00f8gningen godkendes, er en <a href=\"https:\/\/usa-b2.com\/da\/gyldighedsperiode-esta\/\">ESTA-godkendelse gyldig<\/a> i to \u00e5r, eller indtil passet udl\u00f8ber. <a href=\"https:\/\/usa-b2.com\/da\/print-esta\/\">ESTA-certifikatet kan udskrives<\/a>, hvilket giver mulighed for flere ophold p\u00e5 op til 90 dage.<\/li>\n<\/ol>\n\n<h3 class=\"wp-block-heading\">VWP-kvalificerede lande<\/h3>\n\n<p>ESTA er tilg\u00e6ngelig for borgere fra lande, der deltager i <a href=\"https:\/\/usa-b2.com\/da\/visum-fritagelse-program\/\">Visa Waiver-programmet<\/a>. Listen over 41 st\u00f8tteberettigede lande omfatter det meste af Europa, Japan, Sydkorea, Australien og flere andre lande, herunder Israel.  <\/p>\n\n<h3 class=\"wp-block-heading\">Krav til ESTA-berettigelse<\/h3>\n\n<p>For at v\u00e6re berettiget til ESTA skal rejsende:<\/p>\n\n<ul class=\"wp-block-list\">\n<li>V\u00e6re statsborger i et land, der deltager i Visa Waiver-programmet;<\/li>\n\n\n\n<li>Ikke har et gyldigt <a href=\"https:\/\/usa-b2.com\/da\/b2-visum\/\">B2-turistvisum<\/a> eller <a href=\"https:\/\/usa-b2.com\/da\/transit-visum-usa\/\">transitvisum<\/a> til USA;<\/li>\n\n\n\n<li>Forvent et ophold p\u00e5 90 dage eller mindre i forbindelse med forretning, turisme eller transit;<\/li>\n\n\n\n<li>Et <a href=\"https:\/\/usa-b2.com\/da\/pas-rejse-usa\/\">gyldigt e-pas<\/a>.<\/li>\n<\/ul>\n\n<h3 class=\"wp-block-heading\">Fordele ved ESTA<\/h3>\n\n<ul class=\"wp-block-list\">\n<li><strong>Hurtighed og bekvemmelighed<\/strong>: Onlineprocessen er hurtig og nem, hvilket g\u00f8r det muligt at f\u00e5 en rejsetilladelse uden at skulle henvende sig til en ambassade eller et konsulat.<\/li>\n\n\n\n<li><strong>2-\u00e5rs gyldighed<\/strong>: N\u00e5r den er godkendt, er <a href=\"https:\/\/usa-b2.com\/da\/gyldighedsperiode-esta\/\">ESTA-godkendelsen gyldig i to \u00e5r<\/a>, hvilket tillader flere indrejser til USA uden behov for nye ans\u00f8gninger for hver rejse.<\/li>\n\n\n\n<li><strong>Forbedret sikkerhed<\/strong>: ESTA g\u00f8r det muligt for de amerikanske myndigheder at screene rejsende og forbedre gr\u00e6nsesikkerheden.<\/li>\n<\/ul>\n\n<div style=\"height:10px\" aria-hidden=\"true\" class=\"wp-block-spacer\"><\/div>\n","protected":false},"excerpt":{"rendered":"<p>Hvad er ESTA? ESTA st\u00e5r for Electronic System for Travel Authorization. Det er et elektronisk system, som USA har oprettet for at screene rejsende, f\u00f8r de rejser ind i landet. Ordningen blev indf\u00f8rt som en del af det amerikanske Visa Waiver-program. Dette program giver borgere fra 41 lande mulighed for at rejse til USA i [&hellip;]<\/p>\n","protected":false},"author":1,"featured_media":0,"parent":0,"menu_order":0,"comment_status":"closed","ping_status":"closed","template":"","meta":{"footnotes":""},"class_list":["post-3322","page","type-page","status-publish","hentry"],"yoast_head":"<!-- This site is optimized with the Yoast SEO plugin v27.0 - https:\/\/yoast.com\/product\/yoast-seo-wordpress\/ -->\n<title>Hvad er en ESTA-autorisation? - USA B2<\/title>\n<meta name=\"description\" content=\"Vi forklarer i detaljer, hvad en ESTA elektronisk rejsetilladelse er for at bes\u00f8ge USA\" \/>\n<meta name=\"robots\" content=\"index, follow, max-snippet:-1, max-image-preview:large, max-video-preview:-1\" \/>\n<link rel=\"canonical\" href=\"https:\/\/usa-b2.com\/da\/hvad-er-en-esta\/\" \/>\n<meta property=\"og:locale\" content=\"da_DK\" \/>\n<meta property=\"og:type\" content=\"article\" \/>\n<meta property=\"og:title\" content=\"Hvad er en ESTA-autorisation? - USA B2\" \/>\n<meta property=\"og:description\" content=\"Vi forklarer i detaljer, hvad en ESTA elektronisk rejsetilladelse er for at bes\u00f8ge USA\" \/>\n<meta property=\"og:url\" content=\"https:\/\/usa-b2.com\/da\/hvad-er-en-esta\/\" \/>\n<meta property=\"og:site_name\" content=\"USA B2\" \/>\n<meta property=\"article:modified_time\" content=\"2025-12-17T16:40:53+00:00\" \/>\n<meta name=\"twitter:card\" content=\"summary_large_image\" \/>\n<meta name=\"twitter:label1\" content=\"Estimeret l\u00e6setid\" \/>\n\t<meta name=\"twitter:data1\" content=\"2 minutter\" \/>\n<script type=\"application\/ld+json\" class=\"yoast-schema-graph\">{\"@context\":\"https:\/\/schema.org\",\"@graph\":[{\"@type\":\"WebPage\",\"@id\":\"https:\/\/usa-b2.com\/da\/hvad-er-en-esta\/\",\"url\":\"https:\/\/usa-b2.com\/da\/hvad-er-en-esta\/\",\"name\":\"Hvad er en ESTA-autorisation? - USA B2\",\"isPartOf\":{\"@id\":\"https:\/\/usa-b2.com\/da\/#website\"},\"datePublished\":\"2024-07-17T10:04:38+00:00\",\"dateModified\":\"2025-12-17T16:40:53+00:00\",\"description\":\"Vi forklarer i detaljer, hvad en ESTA elektronisk rejsetilladelse er for at bes\u00f8ge USA\",\"breadcrumb\":{\"@id\":\"https:\/\/usa-b2.com\/da\/hvad-er-en-esta\/#breadcrumb\"},\"inLanguage\":\"da-DK\",\"potentialAction\":[{\"@type\":\"ReadAction\",\"target\":[\"https:\/\/usa-b2.com\/da\/hvad-er-en-esta\/\"]}]},{\"@type\":\"BreadcrumbList\",\"@id\":\"https:\/\/usa-b2.com\/da\/hvad-er-en-esta\/#breadcrumb\",\"itemListElement\":[{\"@type\":\"ListItem\",\"position\":1,\"name\":\"Accueil\",\"item\":\"https:\/\/usa-b2.com\/da\/guide-roadtrips-usa\/\"},{\"@type\":\"ListItem\",\"position\":2,\"name\":\"Hvad er en ESTA-autorisation?\"}]},{\"@type\":\"WebSite\",\"@id\":\"https:\/\/usa-b2.com\/da\/#website\",\"url\":\"https:\/\/usa-b2.com\/da\/\",\"name\":\"USA B2 VISA\",\"description\":\"\",\"potentialAction\":[{\"@type\":\"SearchAction\",\"target\":{\"@type\":\"EntryPoint\",\"urlTemplate\":\"https:\/\/usa-b2.com\/da\/?s={search_term_string}\"},\"query-input\":{\"@type\":\"PropertyValueSpecification\",\"valueRequired\":true,\"valueName\":\"search_term_string\"}}],\"inLanguage\":\"da-DK\"}]}<\/script>\n<!-- \/ Yoast SEO plugin. -->","yoast_head_json":{"title":"Hvad er en ESTA-autorisation? - USA B2","description":"Vi forklarer i detaljer, hvad en ESTA elektronisk rejsetilladelse er for at bes\u00f8ge USA","robots":{"index":"index","follow":"follow","max-snippet":"max-snippet:-1","max-image-preview":"max-image-preview:large","max-video-preview":"max-video-preview:-1"},"canonical":"https:\/\/usa-b2.com\/da\/hvad-er-en-esta\/","og_locale":"da_DK","og_type":"article","og_title":"Hvad er en ESTA-autorisation? - USA B2","og_description":"Vi forklarer i detaljer, hvad en ESTA elektronisk rejsetilladelse er for at bes\u00f8ge USA","og_url":"https:\/\/usa-b2.com\/da\/hvad-er-en-esta\/","og_site_name":"USA B2","article_modified_time":"2025-12-17T16:40:53+00:00","twitter_card":"summary_large_image","twitter_misc":{"Estimeret l\u00e6setid":"2 minutter"},"schema":{"@context":"https:\/\/schema.org","@graph":[{"@type":"WebPage","@id":"https:\/\/usa-b2.com\/da\/hvad-er-en-esta\/","url":"https:\/\/usa-b2.com\/da\/hvad-er-en-esta\/","name":"Hvad er en ESTA-autorisation? - USA B2","isPartOf":{"@id":"https:\/\/usa-b2.com\/da\/#website"},"datePublished":"2024-07-17T10:04:38+00:00","dateModified":"2025-12-17T16:40:53+00:00","description":"Vi forklarer i detaljer, hvad en ESTA elektronisk rejsetilladelse er for at bes\u00f8ge USA","breadcrumb":{"@id":"https:\/\/usa-b2.com\/da\/hvad-er-en-esta\/#breadcrumb"},"inLanguage":"da-DK","potentialAction":[{"@type":"ReadAction","target":["https:\/\/usa-b2.com\/da\/hvad-er-en-esta\/"]}]},{"@type":"BreadcrumbList","@id":"https:\/\/usa-b2.com\/da\/hvad-er-en-esta\/#breadcrumb","itemListElement":[{"@type":"ListItem","position":1,"name":"Accueil","item":"https:\/\/usa-b2.com\/da\/guide-roadtrips-usa\/"},{"@type":"ListItem","position":2,"name":"Hvad er en ESTA-autorisation?"}]},{"@type":"WebSite","@id":"https:\/\/usa-b2.com\/da\/#website","url":"https:\/\/usa-b2.com\/da\/","name":"USA B2 VISA","description":"","potentialAction":[{"@type":"SearchAction","target":{"@type":"EntryPoint","urlTemplate":"https:\/\/usa-b2.com\/da\/?s={search_term_string}"},"query-input":{"@type":"PropertyValueSpecification","valueRequired":true,"valueName":"search_term_string"}}],"inLanguage":"da-DK"}]}},"_links":{"self":[{"href":"https:\/\/usa-b2.com\/da\/wp-json\/wp\/v2\/pages\/3322","targetHints":{"allow":["GET"]}}],"collection":[{"href":"https:\/\/usa-b2.com\/da\/wp-json\/wp\/v2\/pages"}],"about":[{"href":"https:\/\/usa-b2.com\/da\/wp-json\/wp\/v2\/types\/page"}],"author":[{"embeddable":true,"href":"https:\/\/usa-b2.com\/da\/wp-json\/wp\/v2\/users\/1"}],"replies":[{"embeddable":true,"href":"https:\/\/usa-b2.com\/da\/wp-json\/wp\/v2\/comments?post=3322"}],"version-history":[{"count":4,"href":"https:\/\/usa-b2.com\/da\/wp-json\/wp\/v2\/pages\/3322\/revisions"}],"predecessor-version":[{"id":10926,"href":"https:\/\/usa-b2.com\/da\/wp-json\/wp\/v2\/pages\/3322\/revisions\/10926"}],"wp:attachment":[{"href":"https:\/\/usa-b2.com\/da\/wp-json\/wp\/v2\/media?parent=3322"}],"curies":[{"name":"wp","href":"https:\/\/api.w.org\/{rel}","templated":true}]}}