{"id":304,"date":"2024-02-10T17:03:45","date_gmt":"2024-02-10T17:03:45","guid":{"rendered":"https:\/\/usa-b2.com\/juridisk-meddelelse\/"},"modified":"2025-02-06T10:23:00","modified_gmt":"2025-02-06T10:23:00","slug":"juridisk-meddelelse","status":"publish","type":"page","link":"https:\/\/usa-b2.com\/da\/juridisk-meddelelse\/","title":{"rendered":"usa-b2.com juridisk meddelelse"},"content":{"rendered":"\n<h1 class=\"wp-block-heading\">Juridiske meddelelser til hjemmesiden<\/h1>\n\n<h2 class=\"wp-block-heading\">Site Editor<\/h2>\n\n<p>Vi er et online informationssite om turistrejser i USA. Siden udgives af <a href=\"https:\/\/alma-consulting.org\">ALMA Consulting<\/a>, en virksomhed registreret i Malta (EU). <\/p>\n\n<p>Vi er p\u00e5 ingen m\u00e5de forbundet med den amerikanske regering eller nogen anden regering.  <\/p>\n\n<p>Vores hjemmeside indeholder forskellige hyperlinks til tredjeparts hjemmesider. Vi har intet link til eller kontrol over disse sider og er ikke ansvarlige for deres privatlivspolitik eller kommercielle praksis.<\/p>\n\n<p>For at kontakte os, brug venligst vores <a href=\"https:\/\/usa-b2.com\/da\/kontakt\/\">kontaktformular<\/a>.<\/p>\n\n<h2 class=\"wp-block-heading\">Hosting af websted<\/h2>\n\n<p>Vores hjemmeside er hostet af OVH, et firma med base i Roubaix, Frankrig. OVH er en virksomhed, der er registreret i Lille M\u00e9tropoles virksomhedsregister under nummer B424 761 419.<\/p>\n\n<h2 class=\"wp-block-heading\">Behandling af personoplysninger<\/h2>\n\n<p>Vi indsamler ingen personlige data for at kunne administrere webstedet. Den eneste online registrering af bes\u00f8gendes personlige oplysninger er et par sj\u00e6ldne browsing-cookies. Bes\u00f8gende har ret til at f\u00e5 adgang til, \u00e6ndre, berigtige og slette disse data. Hvis du vil g\u00f8re brug af denne ret, bedes du kontakte os via vores <a href=\"https:\/\/usa-b2.com\/da\/kontakt\/\">kontaktformular<\/a>.   <\/p>\n\n<p>Du kan finde alle detaljer i vores <a href=\"https:\/\/usa-b2.com\/da\/fortrolighedspolitik\/\">privatlivspolitik<\/a>.<\/p>\n","protected":false},"excerpt":{"rendered":"<p>Juridiske meddelelser til hjemmesiden Site Editor Vi er et online informationssite om turistrejser i USA. Siden udgives af ALMA Consulting, en virksomhed registreret i Malta (EU). Vi er p\u00e5 ingen m\u00e5de forbundet med den amerikanske regering eller nogen anden regering. Vores hjemmeside indeholder forskellige hyperlinks til tredjeparts hjemmesider. Vi har intet link til eller kontrol [&hellip;]<\/p>\n","protected":false},"author":1,"featured_media":0,"parent":0,"menu_order":0,"comment_status":"closed","ping_status":"closed","template":"","meta":{"footnotes":""},"class_list":["post-304","page","type-page","status-publish","hentry"],"yoast_head":"<!-- This site is optimized with the Yoast SEO plugin v27.4 - https:\/\/yoast.com\/product\/yoast-seo-wordpress\/ -->\n<title>usa-b2.com juridisk meddelelse - USA B2<\/title>\n<meta name=\"description\" content=\"Juridiske oplysninger om hjemmesiden usa-b2.com\" \/>\n<meta name=\"robots\" content=\"index, follow, max-snippet:-1, max-image-preview:large, max-video-preview:-1\" \/>\n<link rel=\"canonical\" href=\"https:\/\/usa-b2.com\/da\/juridisk-meddelelse\/\" \/>\n<meta property=\"og:locale\" content=\"da_DK\" \/>\n<meta property=\"og:type\" content=\"article\" \/>\n<meta property=\"og:title\" content=\"usa-b2.com juridisk meddelelse - USA B2\" \/>\n<meta property=\"og:description\" content=\"Juridiske oplysninger om hjemmesiden usa-b2.com\" \/>\n<meta property=\"og:url\" content=\"https:\/\/usa-b2.com\/da\/juridisk-meddelelse\/\" \/>\n<meta property=\"og:site_name\" content=\"USA B2\" \/>\n<meta property=\"article:modified_time\" content=\"2025-02-06T10:23:00+00:00\" \/>\n<meta name=\"twitter:card\" content=\"summary_large_image\" \/>\n<meta name=\"twitter:label1\" content=\"Estimeret l\u00e6setid\" \/>\n\t<meta name=\"twitter:data1\" content=\"1 minut\" \/>\n<script type=\"application\/ld+json\" class=\"yoast-schema-graph\">{\"@context\":\"https:\\\/\\\/schema.org\",\"@graph\":[{\"@type\":\"WebPage\",\"@id\":\"https:\\\/\\\/usa-b2.com\\\/da\\\/juridisk-meddelelse\\\/\",\"url\":\"https:\\\/\\\/usa-b2.com\\\/da\\\/juridisk-meddelelse\\\/\",\"name\":\"usa-b2.com juridisk meddelelse - USA B2\",\"isPartOf\":{\"@id\":\"https:\\\/\\\/usa-b2.com\\\/da\\\/#website\"},\"datePublished\":\"2024-02-10T17:03:45+00:00\",\"dateModified\":\"2025-02-06T10:23:00+00:00\",\"description\":\"Juridiske oplysninger om hjemmesiden usa-b2.com\",\"breadcrumb\":{\"@id\":\"https:\\\/\\\/usa-b2.com\\\/da\\\/juridisk-meddelelse\\\/#breadcrumb\"},\"inLanguage\":\"da-DK\",\"potentialAction\":[{\"@type\":\"ReadAction\",\"target\":[\"https:\\\/\\\/usa-b2.com\\\/da\\\/juridisk-meddelelse\\\/\"]}]},{\"@type\":\"BreadcrumbList\",\"@id\":\"https:\\\/\\\/usa-b2.com\\\/da\\\/juridisk-meddelelse\\\/#breadcrumb\",\"itemListElement\":[{\"@type\":\"ListItem\",\"position\":1,\"name\":\"Accueil\",\"item\":\"https:\\\/\\\/usa-b2.com\\\/da\\\/usa\\\/\"},{\"@type\":\"ListItem\",\"position\":2,\"name\":\"usa-b2.com juridisk meddelelse\"}]},{\"@type\":\"WebSite\",\"@id\":\"https:\\\/\\\/usa-b2.com\\\/da\\\/#website\",\"url\":\"https:\\\/\\\/usa-b2.com\\\/da\\\/\",\"name\":\"USA B2 VISA\",\"description\":\"\",\"potentialAction\":[{\"@type\":\"SearchAction\",\"target\":{\"@type\":\"EntryPoint\",\"urlTemplate\":\"https:\\\/\\\/usa-b2.com\\\/da\\\/?s={search_term_string}\"},\"query-input\":{\"@type\":\"PropertyValueSpecification\",\"valueRequired\":true,\"valueName\":\"search_term_string\"}}],\"inLanguage\":\"da-DK\"}]}<\/script>\n<!-- \/ Yoast SEO plugin. -->","yoast_head_json":{"title":"usa-b2.com juridisk meddelelse - USA B2","description":"Juridiske oplysninger om hjemmesiden usa-b2.com","robots":{"index":"index","follow":"follow","max-snippet":"max-snippet:-1","max-image-preview":"max-image-preview:large","max-video-preview":"max-video-preview:-1"},"canonical":"https:\/\/usa-b2.com\/da\/juridisk-meddelelse\/","og_locale":"da_DK","og_type":"article","og_title":"usa-b2.com juridisk meddelelse - USA B2","og_description":"Juridiske oplysninger om hjemmesiden usa-b2.com","og_url":"https:\/\/usa-b2.com\/da\/juridisk-meddelelse\/","og_site_name":"USA B2","article_modified_time":"2025-02-06T10:23:00+00:00","twitter_card":"summary_large_image","twitter_misc":{"Estimeret l\u00e6setid":"1 minut"},"schema":{"@context":"https:\/\/schema.org","@graph":[{"@type":"WebPage","@id":"https:\/\/usa-b2.com\/da\/juridisk-meddelelse\/","url":"https:\/\/usa-b2.com\/da\/juridisk-meddelelse\/","name":"usa-b2.com juridisk meddelelse - USA B2","isPartOf":{"@id":"https:\/\/usa-b2.com\/da\/#website"},"datePublished":"2024-02-10T17:03:45+00:00","dateModified":"2025-02-06T10:23:00+00:00","description":"Juridiske oplysninger om hjemmesiden usa-b2.com","breadcrumb":{"@id":"https:\/\/usa-b2.com\/da\/juridisk-meddelelse\/#breadcrumb"},"inLanguage":"da-DK","potentialAction":[{"@type":"ReadAction","target":["https:\/\/usa-b2.com\/da\/juridisk-meddelelse\/"]}]},{"@type":"BreadcrumbList","@id":"https:\/\/usa-b2.com\/da\/juridisk-meddelelse\/#breadcrumb","itemListElement":[{"@type":"ListItem","position":1,"name":"Accueil","item":"https:\/\/usa-b2.com\/da\/usa\/"},{"@type":"ListItem","position":2,"name":"usa-b2.com juridisk meddelelse"}]},{"@type":"WebSite","@id":"https:\/\/usa-b2.com\/da\/#website","url":"https:\/\/usa-b2.com\/da\/","name":"USA B2 VISA","description":"","potentialAction":[{"@type":"SearchAction","target":{"@type":"EntryPoint","urlTemplate":"https:\/\/usa-b2.com\/da\/?s={search_term_string}"},"query-input":{"@type":"PropertyValueSpecification","valueRequired":true,"valueName":"search_term_string"}}],"inLanguage":"da-DK"}]}},"_links":{"self":[{"href":"https:\/\/usa-b2.com\/da\/wp-json\/wp\/v2\/pages\/304","targetHints":{"allow":["GET"]}}],"collection":[{"href":"https:\/\/usa-b2.com\/da\/wp-json\/wp\/v2\/pages"}],"about":[{"href":"https:\/\/usa-b2.com\/da\/wp-json\/wp\/v2\/types\/page"}],"author":[{"embeddable":true,"href":"https:\/\/usa-b2.com\/da\/wp-json\/wp\/v2\/users\/1"}],"replies":[{"embeddable":true,"href":"https:\/\/usa-b2.com\/da\/wp-json\/wp\/v2\/comments?post=304"}],"version-history":[{"count":0,"href":"https:\/\/usa-b2.com\/da\/wp-json\/wp\/v2\/pages\/304\/revisions"}],"wp:attachment":[{"href":"https:\/\/usa-b2.com\/da\/wp-json\/wp\/v2\/media?parent=304"}],"curies":[{"name":"wp","href":"https:\/\/api.w.org\/{rel}","templated":true}]}}