{"id":2769,"date":"2024-06-25T10:10:23","date_gmt":"2024-06-25T10:10:23","guid":{"rendered":"https:\/\/usa-b2.com\/gyldighedsperiode-esta\/"},"modified":"2025-10-13T13:03:01","modified_gmt":"2025-10-13T13:03:01","slug":"gyldighedsperiode-esta","status":"publish","type":"page","link":"https:\/\/usa-b2.com\/da\/gyldighedsperiode-esta\/","title":{"rendered":"ESTA har en begr\u00e6nset gyldighedsperiode"},"content":{"rendered":"\n<h1 class=\"wp-block-heading\">Hvor l\u00e6nge er en ESTA-godkendelse gyldig?<\/h1>\n\n<p>En ESTA-rejsetilladelse har en begr\u00e6nset gyldighedsdato. For at forny din ESTA-autorisation til USA skal du blot udfylde <a href=\"https:\/\/usa-b2.com\/da\/esta-formular-online\/\">ESTA-formularen online<\/a>.<\/p>\n\n<div style=\"height:10px\" aria-hidden=\"true\" class=\"wp-block-spacer\"><\/div>\n\n<h2 class=\"wp-block-heading\">Hvor l\u00e6nge er en ESTA gyldig?<\/h2>\n\n<p>ESTA-tilladelser er i f\u00f8rste omgang gyldige i 2 \u00e5r. I denne periode kan rejsende afl\u00e6gge flere bes\u00f8g i USA uden at indsende en ny ans\u00f8gning. Hvert ophold m\u00e5 ikke overstige 90 dage i USA.<\/p>\n\n<h2 class=\"wp-block-heading\">Hvorn\u00e5r reduceres gyldighedsperioden?<\/h2>\n\n<p>ESTA&#8217;s gyldighedsperiode kan reduceres i visse situationer. Her er de tre hoved\u00e5rsager til tidlig oph\u00e6velse af ESTA:<\/p>\n\n<ol class=\"wp-block-list\">\n<li><strong>N\u00e5r nogle af de personlige oplysninger, der blev givet for at f\u00e5 ESTA, ikke l\u00e6ngere er gyldige<\/strong>. Hvis ESTA-indehaverens navn, k\u00f8n eller nationalitet \u00e6ndres, er ESTA&#8217;et ikke l\u00e6ngere gyldigt, og der skal laves en ny ESTA-ans\u00f8gning med de opdaterede personlige oplysninger.<\/li>\n\n\n\n<li><strong>N\u00e5r det pas, der blev brugt til at f\u00e5 ESTA, er udl\u00f8bet<\/strong>. ESTA&#8217;en er knyttet til det pas, der blev brugt til den oprindelige ans\u00f8gning. Hvis dette pas udl\u00f8ber, er ESTA&#8217;en automatisk ikke l\u00e6ngere gyldig. Den rejsende skal lave en ny ESTA-ans\u00f8gning med det nye <a href=\"https:\/\/usa-b2.com\/fr\/passeport-pour-voyager-aux-usa\/\">pas der er gyldigt til USA.<\/a><\/li>\n\n\n\n<li><strong>N\u00e5r svarene p\u00e5 sikkerhedssp\u00f8rgsm\u00e5lene i ESTA-ans\u00f8gningen ikke l\u00e6ngere er gyldige<\/strong>. Hvis svarene p\u00e5 de personlige sp\u00f8rgsm\u00e5l p\u00e5 ESTA-formularen ikke l\u00e6ngere er gyldige, er ESTA&#8217;en ikke l\u00e6ngere gyldig. Du skal ans\u00f8ge om rejsetilladelse igen p\u00e5 den officielle ESTA-hjemmeside ved at opdatere svarene p\u00e5 sundheds- og sikkerhedssp\u00f8rgsm\u00e5lene p\u00e5 ESTA-formularen.<\/li>\n<\/ol>\n\n<div style=\"height:10px\" aria-hidden=\"true\" class=\"wp-block-spacer\"><\/div>\n\n<h2 class=\"wp-block-heading\">Udl\u00f8b af en ESTA-godkendelse under et ophold i USA<\/h2>\n\n<p>N\u00e5r en ESTA-autorisation udl\u00f8ber under et ophold i USA, f\u00e5r den rejsende tilladelse af den amerikanske regering til at afslutte sit ophold i USA inden for 90-dages fristen. Det er normalt ikke et problem at forlade USA, efter ESTA&#8217;en er udl\u00f8bet.<\/p>\n\n<p>Men hvis du planl\u00e6gger at blive i USA i mere end 90 dage, skal du have et <a href=\"https:\/\/usa-b2.com\/da\/b2-visum\/\">B2-turistvisum<\/a>. At overskride den tilladte opholdsperiode p\u00e5 90 dage er ekstremt upopul\u00e6rt hos de amerikanske myndigheder.<\/p>\n","protected":false},"excerpt":{"rendered":"<p>Hvor l\u00e6nge er en ESTA-godkendelse gyldig? En ESTA-rejsetilladelse har en begr\u00e6nset gyldighedsdato. For at forny din ESTA-autorisation til USA skal du blot udfylde ESTA-formularen online. Hvor l\u00e6nge er en ESTA gyldig? ESTA-tilladelser er i f\u00f8rste omgang gyldige i 2 \u00e5r. I denne periode kan rejsende afl\u00e6gge flere bes\u00f8g i USA uden at indsende en ny [&hellip;]<\/p>\n","protected":false},"author":1,"featured_media":0,"parent":0,"menu_order":0,"comment_status":"closed","ping_status":"closed","template":"","meta":{"footnotes":""},"class_list":["post-2769","page","type-page","status-publish","hentry"],"yoast_head":"<!-- This site is optimized with the Yoast SEO plugin v27.4 - https:\/\/yoast.com\/product\/yoast-seo-wordpress\/ -->\n<title>ESTA har en begr\u00e6nset gyldighedsperiode - USA B2<\/title>\n<meta name=\"description\" content=\"ESTA-tilladelser er gyldige i en begr\u00e6nset periode, s\u00e5 det er vigtigt at tjekke deres gyldighed, f\u00f8r man rejser.\" \/>\n<meta name=\"robots\" content=\"index, follow, max-snippet:-1, max-image-preview:large, max-video-preview:-1\" \/>\n<link rel=\"canonical\" href=\"https:\/\/usa-b2.com\/da\/gyldighedsperiode-esta\/\" \/>\n<meta property=\"og:locale\" content=\"da_DK\" \/>\n<meta property=\"og:type\" content=\"article\" \/>\n<meta property=\"og:title\" content=\"ESTA har en begr\u00e6nset gyldighedsperiode - USA B2\" \/>\n<meta property=\"og:description\" content=\"ESTA-tilladelser er gyldige i en begr\u00e6nset periode, s\u00e5 det er vigtigt at tjekke deres gyldighed, f\u00f8r man rejser.\" \/>\n<meta property=\"og:url\" content=\"https:\/\/usa-b2.com\/da\/gyldighedsperiode-esta\/\" \/>\n<meta property=\"og:site_name\" content=\"USA B2\" \/>\n<meta property=\"article:modified_time\" content=\"2025-10-13T13:03:01+00:00\" \/>\n<meta name=\"twitter:card\" content=\"summary_large_image\" \/>\n<meta name=\"twitter:label1\" content=\"Estimeret l\u00e6setid\" \/>\n\t<meta name=\"twitter:data1\" content=\"2 minutter\" \/>\n<script type=\"application\/ld+json\" class=\"yoast-schema-graph\">{\"@context\":\"https:\\\/\\\/schema.org\",\"@graph\":[{\"@type\":\"WebPage\",\"@id\":\"https:\\\/\\\/usa-b2.com\\\/da\\\/gyldighedsperiode-esta\\\/\",\"url\":\"https:\\\/\\\/usa-b2.com\\\/da\\\/gyldighedsperiode-esta\\\/\",\"name\":\"ESTA har en begr\u00e6nset gyldighedsperiode - USA B2\",\"isPartOf\":{\"@id\":\"https:\\\/\\\/usa-b2.com\\\/da\\\/#website\"},\"datePublished\":\"2024-06-25T10:10:23+00:00\",\"dateModified\":\"2025-10-13T13:03:01+00:00\",\"description\":\"ESTA-tilladelser er gyldige i en begr\u00e6nset periode, s\u00e5 det er vigtigt at tjekke deres gyldighed, f\u00f8r man rejser.\",\"breadcrumb\":{\"@id\":\"https:\\\/\\\/usa-b2.com\\\/da\\\/gyldighedsperiode-esta\\\/#breadcrumb\"},\"inLanguage\":\"da-DK\",\"potentialAction\":[{\"@type\":\"ReadAction\",\"target\":[\"https:\\\/\\\/usa-b2.com\\\/da\\\/gyldighedsperiode-esta\\\/\"]}]},{\"@type\":\"BreadcrumbList\",\"@id\":\"https:\\\/\\\/usa-b2.com\\\/da\\\/gyldighedsperiode-esta\\\/#breadcrumb\",\"itemListElement\":[{\"@type\":\"ListItem\",\"position\":1,\"name\":\"Accueil\",\"item\":\"https:\\\/\\\/usa-b2.com\\\/da\\\/usa\\\/\"},{\"@type\":\"ListItem\",\"position\":2,\"name\":\"ESTA har en begr\u00e6nset gyldighedsperiode\"}]},{\"@type\":\"WebSite\",\"@id\":\"https:\\\/\\\/usa-b2.com\\\/da\\\/#website\",\"url\":\"https:\\\/\\\/usa-b2.com\\\/da\\\/\",\"name\":\"USA B2 VISA\",\"description\":\"\",\"potentialAction\":[{\"@type\":\"SearchAction\",\"target\":{\"@type\":\"EntryPoint\",\"urlTemplate\":\"https:\\\/\\\/usa-b2.com\\\/da\\\/?s={search_term_string}\"},\"query-input\":{\"@type\":\"PropertyValueSpecification\",\"valueRequired\":true,\"valueName\":\"search_term_string\"}}],\"inLanguage\":\"da-DK\"}]}<\/script>\n<!-- \/ Yoast SEO plugin. -->","yoast_head_json":{"title":"ESTA har en begr\u00e6nset gyldighedsperiode - USA B2","description":"ESTA-tilladelser er gyldige i en begr\u00e6nset periode, s\u00e5 det er vigtigt at tjekke deres gyldighed, f\u00f8r man rejser.","robots":{"index":"index","follow":"follow","max-snippet":"max-snippet:-1","max-image-preview":"max-image-preview:large","max-video-preview":"max-video-preview:-1"},"canonical":"https:\/\/usa-b2.com\/da\/gyldighedsperiode-esta\/","og_locale":"da_DK","og_type":"article","og_title":"ESTA har en begr\u00e6nset gyldighedsperiode - USA B2","og_description":"ESTA-tilladelser er gyldige i en begr\u00e6nset periode, s\u00e5 det er vigtigt at tjekke deres gyldighed, f\u00f8r man rejser.","og_url":"https:\/\/usa-b2.com\/da\/gyldighedsperiode-esta\/","og_site_name":"USA B2","article_modified_time":"2025-10-13T13:03:01+00:00","twitter_card":"summary_large_image","twitter_misc":{"Estimeret l\u00e6setid":"2 minutter"},"schema":{"@context":"https:\/\/schema.org","@graph":[{"@type":"WebPage","@id":"https:\/\/usa-b2.com\/da\/gyldighedsperiode-esta\/","url":"https:\/\/usa-b2.com\/da\/gyldighedsperiode-esta\/","name":"ESTA har en begr\u00e6nset gyldighedsperiode - USA B2","isPartOf":{"@id":"https:\/\/usa-b2.com\/da\/#website"},"datePublished":"2024-06-25T10:10:23+00:00","dateModified":"2025-10-13T13:03:01+00:00","description":"ESTA-tilladelser er gyldige i en begr\u00e6nset periode, s\u00e5 det er vigtigt at tjekke deres gyldighed, f\u00f8r man rejser.","breadcrumb":{"@id":"https:\/\/usa-b2.com\/da\/gyldighedsperiode-esta\/#breadcrumb"},"inLanguage":"da-DK","potentialAction":[{"@type":"ReadAction","target":["https:\/\/usa-b2.com\/da\/gyldighedsperiode-esta\/"]}]},{"@type":"BreadcrumbList","@id":"https:\/\/usa-b2.com\/da\/gyldighedsperiode-esta\/#breadcrumb","itemListElement":[{"@type":"ListItem","position":1,"name":"Accueil","item":"https:\/\/usa-b2.com\/da\/usa\/"},{"@type":"ListItem","position":2,"name":"ESTA har en begr\u00e6nset gyldighedsperiode"}]},{"@type":"WebSite","@id":"https:\/\/usa-b2.com\/da\/#website","url":"https:\/\/usa-b2.com\/da\/","name":"USA B2 VISA","description":"","potentialAction":[{"@type":"SearchAction","target":{"@type":"EntryPoint","urlTemplate":"https:\/\/usa-b2.com\/da\/?s={search_term_string}"},"query-input":{"@type":"PropertyValueSpecification","valueRequired":true,"valueName":"search_term_string"}}],"inLanguage":"da-DK"}]}},"_links":{"self":[{"href":"https:\/\/usa-b2.com\/da\/wp-json\/wp\/v2\/pages\/2769","targetHints":{"allow":["GET"]}}],"collection":[{"href":"https:\/\/usa-b2.com\/da\/wp-json\/wp\/v2\/pages"}],"about":[{"href":"https:\/\/usa-b2.com\/da\/wp-json\/wp\/v2\/types\/page"}],"author":[{"embeddable":true,"href":"https:\/\/usa-b2.com\/da\/wp-json\/wp\/v2\/users\/1"}],"replies":[{"embeddable":true,"href":"https:\/\/usa-b2.com\/da\/wp-json\/wp\/v2\/comments?post=2769"}],"version-history":[{"count":2,"href":"https:\/\/usa-b2.com\/da\/wp-json\/wp\/v2\/pages\/2769\/revisions"}],"predecessor-version":[{"id":10042,"href":"https:\/\/usa-b2.com\/da\/wp-json\/wp\/v2\/pages\/2769\/revisions\/10042"}],"wp:attachment":[{"href":"https:\/\/usa-b2.com\/da\/wp-json\/wp\/v2\/media?parent=2769"}],"curies":[{"name":"wp","href":"https:\/\/api.w.org\/{rel}","templated":true}]}}