{"id":267,"date":"2024-02-10T17:21:47","date_gmt":"2024-02-10T17:21:47","guid":{"rendered":"https:\/\/usa-b2.com\/b1-visum-usa\/"},"modified":"2025-10-13T13:06:14","modified_gmt":"2025-10-13T13:06:14","slug":"b1-visum-usa","status":"publish","type":"page","link":"https:\/\/usa-b2.com\/da\/b1-visum-usa\/","title":{"rendered":"B1-visum til rejser til USA"},"content":{"rendered":"\n<h1 class=\"wp-block-heading\">At f\u00e5 et B1-visum til at g\u00f8re forretninger i USA<\/h1>\n\n<p>B1-visummet er et amerikansk visum for ikke-immigranter. Den g\u00e6lder for udenlandske statsborgere, der \u00f8nsker at rejse til USA i forretnings\u00f8jemed. B1-visummet giver udenlandske statsborgere mulighed for at udf\u00f8re f\u00f8lgende aktiviteter:<\/p>\n\n<ul class=\"wp-block-list\">\n<li>Investering i USA  <\/li>\n\n\n\n<li>Forhandling af en professionel kontrakt<\/li>\n\n\n\n<li>M\u00f8d partnervirksomheder i USA<\/li>\n\n\n\n<li>Deltagelse i faglige arrangementer.<\/li>\n<\/ul>\n\n<div style=\"height:10px\" aria-hidden=\"true\" class=\"wp-block-spacer\"><\/div>\n\n<p><strong>For et ophold p\u00e5 mindre end 90 dage i USA<\/strong>: Det er ikke n\u00f8dvendigt at f\u00e5 et B1-visum. Det eneste, du skal g\u00f8re, er at f\u00e5 en elektronisk ESTA-rejsetilladelse ved at klikke p\u00e5 <a href=\"https:\/\/usa-b2.com\/da\/esta-formular-online\/\">onlineformularen<\/a>.<\/p>\n\n<div style=\"height:10px\" aria-hidden=\"true\" class=\"wp-block-spacer\"><\/div>\n\n<h2 class=\"wp-block-heading\">Hvad er kriterierne for at f\u00e5 et B1-visum?<\/h2>\n\n<p>Kriterierne for at ans\u00f8ge om et B1-forretningsvisum er som f\u00f8lger:<\/p>\n\n<ul class=\"wp-block-list\">\n<li>Form\u00e5let med opholdet skal v\u00e6re at drive forretning i USA.<\/li>\n\n\n\n<li>Ans\u00f8geren skal v\u00e6re i stand til at finansiere alle udgifter til opholdet.<\/li>\n\n\n\n<li>Ans\u00f8gerne skal ogs\u00e5 bevise, at de har til hensigt at vende tilbage til deres hjemland efter endt ophold. Han kan under ingen omst\u00e6ndigheder planl\u00e6gge at blive i USA.<\/li>\n<\/ul>\n\n<div style=\"height:10px\" aria-hidden=\"true\" class=\"wp-block-spacer\"><\/div>\n\n<p>Som en del af visumans\u00f8gningen skal ans\u00f8gere freml\u00e6gge dokumentation for, at deres ophold opfylder de opstillede kriterier.<\/p>\n\n<h2 class=\"wp-block-heading\">Hvordan ans\u00f8ger man om et B1 visum?<\/h2>\n\n<p>F\u00f8lg nedenst\u00e5ende trin for at ans\u00f8ge om et B1-visum online:<\/p>\n\n<ol class=\"wp-block-list\">\n<li>Udfyld ans\u00f8gningsskemaet til <a href=\"https:\/\/usa-b2.com\/fr\/ds-160\/\">DS 160<\/a> B1-visum online<\/li>\n\n\n\n<li>Betal <a href=\"https:\/\/usa-b2.com\/fr\/frais-visa-b2-usa\/\">visumgebyret<\/a> online for at validere din ans\u00f8gning<\/li>\n\n\n\n<li>Planl\u00e6g en <a href=\"https:\/\/usa-b2.com\/da\/visumaftale-amerikanske-ambassade\/\">visumsamtale p\u00e5 ambassaden<\/a><\/li>\n\n\n\n<li>Forbered alle st\u00f8ttedokumenter til din visumans\u00f8gning<\/li>\n\n\n\n<li>Deltag i visumsamtalen.<\/li>\n<\/ol>\n\n<div style=\"height:10px\" aria-hidden=\"true\" class=\"wp-block-spacer\"><\/div>\n\n<p>Det opn\u00e5ede visum vil blive p\u00e5f\u00f8rt det <a href=\"https:\/\/usa-b2.com\/fr\/passeport-pour-voyager-aux-usa\/\">pas der bruges til at rejse til USA<\/a>.<\/p>\n\n<h2 class=\"wp-block-heading\">Varighed og betingelser for B1-visum<\/h2>\n\n<h3 class=\"wp-block-heading\">Gyldighed<\/h3>\n\n<p>B1-visummet er generelt gyldigt i flere \u00e5r med flere indrejser. Hvert ophold er dog begr\u00e6nset til <strong>maksimalt 1 til 6 m\u00e5neder<\/strong>, som bestemmes af immigrationsmyndighederne ved ankomsten til USA. <\/p>\n\n<h3 class=\"wp-block-heading\">Betingelser<\/h3>\n\n<ul class=\"wp-block-list\">\n<li>B1-visummet giver dig ikke mulighed for at arbejde eller modtage l\u00f8n fra en amerikansk virksomhed.<\/li>\n\n\n\n<li>Den rejsende skal forlade USA inden udl\u00f8bet af den periode, der er godkendt af immigrationsmyndighederne.<\/li>\n<\/ul>\n\n<div style=\"height:10px\" aria-hidden=\"true\" class=\"wp-block-spacer\"><\/div>\n\n<h2 class=\"wp-block-heading\">Fordele ved B1-visum<\/h2>\n\n<ul class=\"wp-block-list\">\n<li><strong>Fleksibilitet<\/strong>: B1-visummet tillader gentagne ophold i l\u00f8bet af dets gyldighedsperiode.<\/li>\n\n\n\n<li><strong>Professionel adgang<\/strong>: Ideel til at etablere forretningsforbindelser, deltage i konferencer eller udforske forretningsmuligheder.<\/li>\n\n\n\n<li><strong>Ikke-begr\u00e6nsende<\/strong>: Det er ikke bundet til en bestemt arbejdsgiver, som det er tilf\u00e6ldet med et arbejdsvisum.<\/li>\n<\/ul>\n\n<div style=\"height:10px\" aria-hidden=\"true\" class=\"wp-block-spacer\"><\/div>\n\n<h2 class=\"wp-block-heading\">Ofte stillede sp\u00f8rgsm\u00e5l om B1-visum<\/h2>\n\n<h3 class=\"wp-block-heading\">Kan jeg arbejde i USA p\u00e5 et B1-visum?<\/h3>\n\n<p>Nej. B1-visummet giver dig ikke mulighed for at arbejde eller modtage l\u00f8n i USA. Den giver dig kun mulighed for at deltage i midlertidige erhvervsaktiviteter.<\/p>\n\n<h3 class=\"wp-block-heading\">Kan jeg forl\u00e6nge mit ophold p\u00e5 et B1-visum?<\/h3>\n\n<p>Ja, du kan anmode <strong>USCIS<\/strong> om en forl\u00e6ngelse, f\u00f8r din tilladte periode udl\u00f8ber. Du skal angive en gyldig grund og dokumentation. <\/p>\n\n<h3 class=\"wp-block-heading\">Hvor lang tid tager det at f\u00e5 et B1-visum?<\/h3>\n\n<p>Behandlingen kan tage fra et par dage til flere uger, afh\u00e6ngigt af om der er ledige tider p\u00e5 din <a href=\"https:\/\/usa-b2.com\/fr\/ambassade-des-etats-unis\/\">amerikanske ambassade<\/a>.<\/p>\n\n<h3 class=\"wp-block-heading\">Kan B1-visummet bruges til turisme?<\/h3>\n\n<p>Nej, B1-visummet er udelukkende til forretningsaktiviteter. Hvis du vil kombinere forretning og turisme, skal du <a href=\"https:\/\/usa-b2.com\/fr\/formulaire-visa-b2-en-ligne\/\">ans\u00f8ge om et B2-visum online<\/a>. <\/p>\n\n<h3 class=\"wp-block-heading\">Hvad skal jeg g\u00f8re, hvis jeg f\u00e5r afslag p\u00e5 mit B1-visum?<\/h3>\n\n<p>Hvis ans\u00f8gningen afvises, vil ans\u00f8geren modtage et brev med en begrundelse. Det er tilladt at indsende en ny ans\u00f8gning ved f\u00f8rst at rette op p\u00e5 de identificerede svage punkter.<\/p>\n","protected":false},"excerpt":{"rendered":"<p>At f\u00e5 et B1-visum til at g\u00f8re forretninger i USA B1-visummet er et amerikansk visum for ikke-immigranter. Den g\u00e6lder for udenlandske statsborgere, der \u00f8nsker at rejse til USA i forretnings\u00f8jemed. B1-visummet giver udenlandske statsborgere mulighed for at udf\u00f8re f\u00f8lgende aktiviteter: For et ophold p\u00e5 mindre end 90 dage i USA: Det er ikke n\u00f8dvendigt at [&hellip;]<\/p>\n","protected":false},"author":1,"featured_media":0,"parent":0,"menu_order":0,"comment_status":"closed","ping_status":"closed","template":"","meta":{"footnotes":""},"class_list":["post-267","page","type-page","status-publish","hentry"],"yoast_head":"<!-- This site is optimized with the Yoast SEO plugin v27.4 - https:\/\/yoast.com\/product\/yoast-seo-wordpress\/ -->\n<title>B1-visum til rejser til USA - USA B2<\/title>\n<meta name=\"description\" content=\"Procedure for at f\u00e5 et amerikansk B1-forretningsvisum til at bes\u00f8ge USA i forretnings\u00f8jemed\" \/>\n<meta name=\"robots\" content=\"index, follow, max-snippet:-1, max-image-preview:large, max-video-preview:-1\" \/>\n<link rel=\"canonical\" href=\"https:\/\/usa-b2.com\/da\/b1-visum-usa\/\" \/>\n<meta property=\"og:locale\" content=\"da_DK\" \/>\n<meta property=\"og:type\" content=\"article\" \/>\n<meta property=\"og:title\" content=\"B1-visum til rejser til USA - USA B2\" \/>\n<meta property=\"og:description\" content=\"Procedure for at f\u00e5 et amerikansk B1-forretningsvisum til at bes\u00f8ge USA i forretnings\u00f8jemed\" \/>\n<meta property=\"og:url\" content=\"https:\/\/usa-b2.com\/da\/b1-visum-usa\/\" \/>\n<meta property=\"og:site_name\" content=\"USA B2\" \/>\n<meta property=\"article:modified_time\" content=\"2025-10-13T13:06:14+00:00\" \/>\n<meta name=\"twitter:card\" content=\"summary_large_image\" \/>\n<meta name=\"twitter:label1\" content=\"Estimeret l\u00e6setid\" \/>\n\t<meta name=\"twitter:data1\" content=\"3 minutter\" \/>\n<script type=\"application\/ld+json\" class=\"yoast-schema-graph\">{\"@context\":\"https:\\\/\\\/schema.org\",\"@graph\":[{\"@type\":\"WebPage\",\"@id\":\"https:\\\/\\\/usa-b2.com\\\/da\\\/b1-visum-usa\\\/\",\"url\":\"https:\\\/\\\/usa-b2.com\\\/da\\\/b1-visum-usa\\\/\",\"name\":\"B1-visum til rejser til USA - USA B2\",\"isPartOf\":{\"@id\":\"https:\\\/\\\/usa-b2.com\\\/da\\\/#website\"},\"datePublished\":\"2024-02-10T17:21:47+00:00\",\"dateModified\":\"2025-10-13T13:06:14+00:00\",\"description\":\"Procedure for at f\u00e5 et amerikansk B1-forretningsvisum til at bes\u00f8ge USA i forretnings\u00f8jemed\",\"breadcrumb\":{\"@id\":\"https:\\\/\\\/usa-b2.com\\\/da\\\/b1-visum-usa\\\/#breadcrumb\"},\"inLanguage\":\"da-DK\",\"potentialAction\":[{\"@type\":\"ReadAction\",\"target\":[\"https:\\\/\\\/usa-b2.com\\\/da\\\/b1-visum-usa\\\/\"]}]},{\"@type\":\"BreadcrumbList\",\"@id\":\"https:\\\/\\\/usa-b2.com\\\/da\\\/b1-visum-usa\\\/#breadcrumb\",\"itemListElement\":[{\"@type\":\"ListItem\",\"position\":1,\"name\":\"Accueil\",\"item\":\"https:\\\/\\\/usa-b2.com\\\/da\\\/usa\\\/\"},{\"@type\":\"ListItem\",\"position\":2,\"name\":\"B1-visum til rejser til USA\"}]},{\"@type\":\"WebSite\",\"@id\":\"https:\\\/\\\/usa-b2.com\\\/da\\\/#website\",\"url\":\"https:\\\/\\\/usa-b2.com\\\/da\\\/\",\"name\":\"USA B2 VISA\",\"description\":\"\",\"potentialAction\":[{\"@type\":\"SearchAction\",\"target\":{\"@type\":\"EntryPoint\",\"urlTemplate\":\"https:\\\/\\\/usa-b2.com\\\/da\\\/?s={search_term_string}\"},\"query-input\":{\"@type\":\"PropertyValueSpecification\",\"valueRequired\":true,\"valueName\":\"search_term_string\"}}],\"inLanguage\":\"da-DK\"}]}<\/script>\n<!-- \/ Yoast SEO plugin. -->","yoast_head_json":{"title":"B1-visum til rejser til USA - USA B2","description":"Procedure for at f\u00e5 et amerikansk B1-forretningsvisum til at bes\u00f8ge USA i forretnings\u00f8jemed","robots":{"index":"index","follow":"follow","max-snippet":"max-snippet:-1","max-image-preview":"max-image-preview:large","max-video-preview":"max-video-preview:-1"},"canonical":"https:\/\/usa-b2.com\/da\/b1-visum-usa\/","og_locale":"da_DK","og_type":"article","og_title":"B1-visum til rejser til USA - USA B2","og_description":"Procedure for at f\u00e5 et amerikansk B1-forretningsvisum til at bes\u00f8ge USA i forretnings\u00f8jemed","og_url":"https:\/\/usa-b2.com\/da\/b1-visum-usa\/","og_site_name":"USA B2","article_modified_time":"2025-10-13T13:06:14+00:00","twitter_card":"summary_large_image","twitter_misc":{"Estimeret l\u00e6setid":"3 minutter"},"schema":{"@context":"https:\/\/schema.org","@graph":[{"@type":"WebPage","@id":"https:\/\/usa-b2.com\/da\/b1-visum-usa\/","url":"https:\/\/usa-b2.com\/da\/b1-visum-usa\/","name":"B1-visum til rejser til USA - USA B2","isPartOf":{"@id":"https:\/\/usa-b2.com\/da\/#website"},"datePublished":"2024-02-10T17:21:47+00:00","dateModified":"2025-10-13T13:06:14+00:00","description":"Procedure for at f\u00e5 et amerikansk B1-forretningsvisum til at bes\u00f8ge USA i forretnings\u00f8jemed","breadcrumb":{"@id":"https:\/\/usa-b2.com\/da\/b1-visum-usa\/#breadcrumb"},"inLanguage":"da-DK","potentialAction":[{"@type":"ReadAction","target":["https:\/\/usa-b2.com\/da\/b1-visum-usa\/"]}]},{"@type":"BreadcrumbList","@id":"https:\/\/usa-b2.com\/da\/b1-visum-usa\/#breadcrumb","itemListElement":[{"@type":"ListItem","position":1,"name":"Accueil","item":"https:\/\/usa-b2.com\/da\/usa\/"},{"@type":"ListItem","position":2,"name":"B1-visum til rejser til USA"}]},{"@type":"WebSite","@id":"https:\/\/usa-b2.com\/da\/#website","url":"https:\/\/usa-b2.com\/da\/","name":"USA B2 VISA","description":"","potentialAction":[{"@type":"SearchAction","target":{"@type":"EntryPoint","urlTemplate":"https:\/\/usa-b2.com\/da\/?s={search_term_string}"},"query-input":{"@type":"PropertyValueSpecification","valueRequired":true,"valueName":"search_term_string"}}],"inLanguage":"da-DK"}]}},"_links":{"self":[{"href":"https:\/\/usa-b2.com\/da\/wp-json\/wp\/v2\/pages\/267","targetHints":{"allow":["GET"]}}],"collection":[{"href":"https:\/\/usa-b2.com\/da\/wp-json\/wp\/v2\/pages"}],"about":[{"href":"https:\/\/usa-b2.com\/da\/wp-json\/wp\/v2\/types\/page"}],"author":[{"embeddable":true,"href":"https:\/\/usa-b2.com\/da\/wp-json\/wp\/v2\/users\/1"}],"replies":[{"embeddable":true,"href":"https:\/\/usa-b2.com\/da\/wp-json\/wp\/v2\/comments?post=267"}],"version-history":[{"count":2,"href":"https:\/\/usa-b2.com\/da\/wp-json\/wp\/v2\/pages\/267\/revisions"}],"predecessor-version":[{"id":10060,"href":"https:\/\/usa-b2.com\/da\/wp-json\/wp\/v2\/pages\/267\/revisions\/10060"}],"wp:attachment":[{"href":"https:\/\/usa-b2.com\/da\/wp-json\/wp\/v2\/media?parent=267"}],"curies":[{"name":"wp","href":"https:\/\/api.w.org\/{rel}","templated":true}]}}