{"id":1917,"date":"2024-02-10T17:09:57","date_gmt":"2024-02-10T17:09:57","guid":{"rendered":"https:\/\/usa-b2.com\/forskel-pa-visum-og-esta\/"},"modified":"2025-10-28T15:27:34","modified_gmt":"2025-10-28T15:27:34","slug":"forskel-pa-visum-og-esta","status":"publish","type":"page","link":"https:\/\/usa-b2.com\/da\/forskel-pa-visum-og-esta\/","title":{"rendered":"Hvad er forskellen mellem et visum og ESTA?"},"content":{"rendered":"\n<h1 class=\"wp-block-heading\">Hvad er de st\u00f8rste forskelle mellem et visum og ESTA?<\/h1>\n\n<p>Der kr\u00e6ves b\u00e5de en ESTA-godkendelse og et visum for at rejse ind i USA. Der er dog forskel p\u00e5 procedurerne for at opn\u00e5 dem, deres gyldighedsperioder og betingelserne for at bruge dem. De tre grundl\u00e6ggende forskelle mellem et visum og en ESTA-autorisation er :  <\/p>\n\n<ol class=\"wp-block-list\">\n<li>Visummet udstedes af en <a href=\"https:\/\/usa-b2.com\/da\/den-amerikanske-ambassade\/\">amerikansk ambassade<\/a> eller et konsulat i det land, hvor den rejsende bor, mens ESTA er en elektronisk tilladelse, der f\u00e5s online.<\/li>\n\n\n\n<li>Visummet har specifikke betingelser og en specifik gyldighedsperiode for hver visumtype, mens ESTA er gyldigt til korte ophold p\u00e5 mindre end 90 dage under Visa Waiver Programme. <a href=\"https:\/\/usa-b2.com\/da\/gyldighedsperiode-esta\/\">ESTA&#8217;en er gyldig<\/a> i maksimalt 2 \u00e5r. <\/li>\n\n\n\n<li><a href=\"https:\/\/usa-b2.com\/da\/ansogningsprocedure-visum-b2\/\">Procedurerne for at f\u00e5 et visum<\/a> involverer ofte et <a href=\"https:\/\/usa-b2.com\/da\/visumaftale-amerikanske-ambassade\/\">konsul\u00e6rt interview<\/a> og yderligere dokumenter, mens ESTA blot kr\u00e6ver, at du udfylder en <a href=\"https:\/\/usa-b2.com\/da\/esta-formular-online\/\">onlineformular<\/a> og betaler gebyret direkte.<\/li>\n<\/ol>\n\n<h2 class=\"wp-block-heading\">Er en ESTA et amerikansk visum?<\/h2>\n\n<p>Nej, en godkendt ESTA-godkendelse er ikke et visum. En <a href=\"https:\/\/usa-b2.com\/da\/hvad-er-en-esta\/\">ESTA-autorisation<\/a> kan ikke bruges som et amerikansk visum i henhold til amerikansk lov. ESTA har ikke de samme juridiske og lovgivningsm\u00e6ssige krav som et <a href=\"https:\/\/usa-b2.com\/da\/besogs-visum-usa\/\">amerikansk visum<\/a>.  <\/p>\n\n<h2 class=\"wp-block-heading\">Kan jeg rejse med en ESTA, hvis jeg har et visum til USA?<\/h2>\n\n<p>Nej, alle med et gyldigt amerikansk visum skal rejse til USA p\u00e5 det visum. Opholdet skal svare til grunden til, at visummet blev opn\u00e5et. Rejsende beh\u00f8ver ikke at lave en <a href=\"https:\/\/usa-b2.com\/da\/esta-formular-online\/\">ESTA-ans\u00f8gning online<\/a> for at rejse.    <\/p>\n\n<h2 class=\"wp-block-heading\">Kan EU-borgere rejse til USA uden visum?<\/h2>\n\n<p>Europ\u00e6iske borgere kan rejse til USA uden visum ved blot at f\u00e5 en ESTA-godkendelse under visse betingelser:<\/p>\n\n<ul class=\"wp-block-list\">\n<li>Opholdet skal vare mindre end 90 dage p\u00e5 stedet.<\/li>\n\n\n\n<li>Du skal have et <a href=\"https:\/\/usa-b2.com\/da\/pas-rejse-usa\/\">biometrisk eller elektronisk pas<\/a><\/li>\n\n\n\n<li>Du skal rejse med et firma, der er godkendt af <a href=\"https:\/\/usa-b2.com\/da\/visum-fritagelse-program\/\">Visa Waiver-programmet<\/a>.<\/li>\n\n\n\n<li>Rejsende skal have en returbillet.<\/li>\n<\/ul>\n\n<p><strong>Undtagelse<\/strong>: Nogle europ\u00e6iske lande er endnu ikke medlemmer af <a href=\"https:\/\/usa-b2.com\/da\/visum-fritagelse-program\/\">Visa Waiver-programmet<\/a>. Deres statsborgere kan ikke f\u00e5 ESTA-godkendelse; de skal <a href=\"https:\/\/usa-b2.com\/da\/ansogningsprocedure-visum-b2\/\">ans\u00f8ge om et B2-visum<\/a> online for at rejse til USA. Det drejer sig hovedsageligt om f\u00f8lgende europ\u00e6iske lande: Bulgarien, Rum\u00e6nien og Cypern.<\/p>\n","protected":false},"excerpt":{"rendered":"<p>Hvad er de st\u00f8rste forskelle mellem et visum og ESTA? Der kr\u00e6ves b\u00e5de en ESTA-godkendelse og et visum for at rejse ind i USA. Der er dog forskel p\u00e5 procedurerne for at opn\u00e5 dem, deres gyldighedsperioder og betingelserne for at bruge dem. De tre grundl\u00e6ggende forskelle mellem et visum og en ESTA-autorisation er : Er [&hellip;]<\/p>\n","protected":false},"author":1,"featured_media":0,"parent":0,"menu_order":0,"comment_status":"closed","ping_status":"closed","template":"","meta":{"footnotes":""},"class_list":["post-1917","page","type-page","status-publish","hentry"],"yoast_head":"<!-- This site is optimized with the Yoast SEO plugin v27.4 - https:\/\/yoast.com\/product\/yoast-seo-wordpress\/ -->\n<title>Hvad er forskellen mellem et visum og ESTA? - USA B2<\/title>\n<meta name=\"description\" content=\"Forst\u00e5 i detaljer forskellen mellem et amerikansk visum og en ESTA-rejsetilladelse til rejser til USA\" \/>\n<meta name=\"robots\" content=\"index, follow, max-snippet:-1, max-image-preview:large, max-video-preview:-1\" \/>\n<link rel=\"canonical\" href=\"https:\/\/usa-b2.com\/da\/forskel-pa-visum-og-esta\/\" \/>\n<meta property=\"og:locale\" content=\"da_DK\" \/>\n<meta property=\"og:type\" content=\"article\" \/>\n<meta property=\"og:title\" content=\"Hvad er forskellen mellem et visum og ESTA? - USA B2\" \/>\n<meta property=\"og:description\" content=\"Forst\u00e5 i detaljer forskellen mellem et amerikansk visum og en ESTA-rejsetilladelse til rejser til USA\" \/>\n<meta property=\"og:url\" content=\"https:\/\/usa-b2.com\/da\/forskel-pa-visum-og-esta\/\" \/>\n<meta property=\"og:site_name\" content=\"USA B2\" \/>\n<meta property=\"article:modified_time\" content=\"2025-10-28T15:27:34+00:00\" \/>\n<meta name=\"twitter:card\" content=\"summary_large_image\" \/>\n<meta name=\"twitter:label1\" content=\"Estimeret l\u00e6setid\" \/>\n\t<meta name=\"twitter:data1\" content=\"2 minutter\" \/>\n<script type=\"application\/ld+json\" class=\"yoast-schema-graph\">{\"@context\":\"https:\\\/\\\/schema.org\",\"@graph\":[{\"@type\":\"WebPage\",\"@id\":\"https:\\\/\\\/usa-b2.com\\\/da\\\/forskel-pa-visum-og-esta\\\/\",\"url\":\"https:\\\/\\\/usa-b2.com\\\/da\\\/forskel-pa-visum-og-esta\\\/\",\"name\":\"Hvad er forskellen mellem et visum og ESTA? - USA B2\",\"isPartOf\":{\"@id\":\"https:\\\/\\\/usa-b2.com\\\/da\\\/#website\"},\"datePublished\":\"2024-02-10T17:09:57+00:00\",\"dateModified\":\"2025-10-28T15:27:34+00:00\",\"description\":\"Forst\u00e5 i detaljer forskellen mellem et amerikansk visum og en ESTA-rejsetilladelse til rejser til USA\",\"breadcrumb\":{\"@id\":\"https:\\\/\\\/usa-b2.com\\\/da\\\/forskel-pa-visum-og-esta\\\/#breadcrumb\"},\"inLanguage\":\"da-DK\",\"potentialAction\":[{\"@type\":\"ReadAction\",\"target\":[\"https:\\\/\\\/usa-b2.com\\\/da\\\/forskel-pa-visum-og-esta\\\/\"]}]},{\"@type\":\"BreadcrumbList\",\"@id\":\"https:\\\/\\\/usa-b2.com\\\/da\\\/forskel-pa-visum-og-esta\\\/#breadcrumb\",\"itemListElement\":[{\"@type\":\"ListItem\",\"position\":1,\"name\":\"Accueil\",\"item\":\"https:\\\/\\\/usa-b2.com\\\/da\\\/usa\\\/\"},{\"@type\":\"ListItem\",\"position\":2,\"name\":\"Hvad er forskellen mellem et visum og ESTA?\"}]},{\"@type\":\"WebSite\",\"@id\":\"https:\\\/\\\/usa-b2.com\\\/da\\\/#website\",\"url\":\"https:\\\/\\\/usa-b2.com\\\/da\\\/\",\"name\":\"USA B2 VISA\",\"description\":\"\",\"potentialAction\":[{\"@type\":\"SearchAction\",\"target\":{\"@type\":\"EntryPoint\",\"urlTemplate\":\"https:\\\/\\\/usa-b2.com\\\/da\\\/?s={search_term_string}\"},\"query-input\":{\"@type\":\"PropertyValueSpecification\",\"valueRequired\":true,\"valueName\":\"search_term_string\"}}],\"inLanguage\":\"da-DK\"}]}<\/script>\n<!-- \/ Yoast SEO plugin. -->","yoast_head_json":{"title":"Hvad er forskellen mellem et visum og ESTA? - USA B2","description":"Forst\u00e5 i detaljer forskellen mellem et amerikansk visum og en ESTA-rejsetilladelse til rejser til USA","robots":{"index":"index","follow":"follow","max-snippet":"max-snippet:-1","max-image-preview":"max-image-preview:large","max-video-preview":"max-video-preview:-1"},"canonical":"https:\/\/usa-b2.com\/da\/forskel-pa-visum-og-esta\/","og_locale":"da_DK","og_type":"article","og_title":"Hvad er forskellen mellem et visum og ESTA? - USA B2","og_description":"Forst\u00e5 i detaljer forskellen mellem et amerikansk visum og en ESTA-rejsetilladelse til rejser til USA","og_url":"https:\/\/usa-b2.com\/da\/forskel-pa-visum-og-esta\/","og_site_name":"USA B2","article_modified_time":"2025-10-28T15:27:34+00:00","twitter_card":"summary_large_image","twitter_misc":{"Estimeret l\u00e6setid":"2 minutter"},"schema":{"@context":"https:\/\/schema.org","@graph":[{"@type":"WebPage","@id":"https:\/\/usa-b2.com\/da\/forskel-pa-visum-og-esta\/","url":"https:\/\/usa-b2.com\/da\/forskel-pa-visum-og-esta\/","name":"Hvad er forskellen mellem et visum og ESTA? - USA B2","isPartOf":{"@id":"https:\/\/usa-b2.com\/da\/#website"},"datePublished":"2024-02-10T17:09:57+00:00","dateModified":"2025-10-28T15:27:34+00:00","description":"Forst\u00e5 i detaljer forskellen mellem et amerikansk visum og en ESTA-rejsetilladelse til rejser til USA","breadcrumb":{"@id":"https:\/\/usa-b2.com\/da\/forskel-pa-visum-og-esta\/#breadcrumb"},"inLanguage":"da-DK","potentialAction":[{"@type":"ReadAction","target":["https:\/\/usa-b2.com\/da\/forskel-pa-visum-og-esta\/"]}]},{"@type":"BreadcrumbList","@id":"https:\/\/usa-b2.com\/da\/forskel-pa-visum-og-esta\/#breadcrumb","itemListElement":[{"@type":"ListItem","position":1,"name":"Accueil","item":"https:\/\/usa-b2.com\/da\/usa\/"},{"@type":"ListItem","position":2,"name":"Hvad er forskellen mellem et visum og ESTA?"}]},{"@type":"WebSite","@id":"https:\/\/usa-b2.com\/da\/#website","url":"https:\/\/usa-b2.com\/da\/","name":"USA B2 VISA","description":"","potentialAction":[{"@type":"SearchAction","target":{"@type":"EntryPoint","urlTemplate":"https:\/\/usa-b2.com\/da\/?s={search_term_string}"},"query-input":{"@type":"PropertyValueSpecification","valueRequired":true,"valueName":"search_term_string"}}],"inLanguage":"da-DK"}]}},"_links":{"self":[{"href":"https:\/\/usa-b2.com\/da\/wp-json\/wp\/v2\/pages\/1917","targetHints":{"allow":["GET"]}}],"collection":[{"href":"https:\/\/usa-b2.com\/da\/wp-json\/wp\/v2\/pages"}],"about":[{"href":"https:\/\/usa-b2.com\/da\/wp-json\/wp\/v2\/types\/page"}],"author":[{"embeddable":true,"href":"https:\/\/usa-b2.com\/da\/wp-json\/wp\/v2\/users\/1"}],"replies":[{"embeddable":true,"href":"https:\/\/usa-b2.com\/da\/wp-json\/wp\/v2\/comments?post=1917"}],"version-history":[{"count":2,"href":"https:\/\/usa-b2.com\/da\/wp-json\/wp\/v2\/pages\/1917\/revisions"}],"predecessor-version":[{"id":10662,"href":"https:\/\/usa-b2.com\/da\/wp-json\/wp\/v2\/pages\/1917\/revisions\/10662"}],"wp:attachment":[{"href":"https:\/\/usa-b2.com\/da\/wp-json\/wp\/v2\/media?parent=1917"}],"curies":[{"name":"wp","href":"https:\/\/api.w.org\/{rel}","templated":true}]}}