{"id":190,"date":"2024-02-10T16:58:41","date_gmt":"2024-02-10T16:58:41","guid":{"rendered":"https:\/\/usa-b2.com\/esta-formular-online\/"},"modified":"2026-04-17T08:31:14","modified_gmt":"2026-04-17T08:31:14","slug":"esta-formular-online","status":"publish","type":"page","link":"https:\/\/usa-b2.com\/da\/esta-formular-online\/","title":{"rendered":"Udfyld ESTA-formularen online"},"content":{"rendered":"\t\t<div data-elementor-type=\"wp-page\" data-elementor-id=\"190\" class=\"elementor elementor-190 elementor-61\" data-elementor-post-type=\"page\">\n\t\t\t\t<div class=\"elementor-element elementor-element-56419ff8 e-flex e-con-boxed e-con e-parent\" data-id=\"56419ff8\" data-element_type=\"container\" data-e-type=\"container\">\n\t\t\t\t\t<div class=\"e-con-inner\">\n\t\t\t\t<div class=\"elementor-element elementor-element-2867cae2 elementor-widget elementor-widget-text-editor\" data-id=\"2867cae2\" data-element_type=\"widget\" data-e-type=\"widget\" data-widget_type=\"text-editor.default\">\n\t\t\t\t<div class=\"elementor-widget-container\">\n\t\t\t\t\t\t\t\t\t<h1>Onlineformular til at f\u00e5 en ESTA<\/h1>\n<p>Formaliteterne ved indrejse i USA for et ophold p\u00e5 mindre end 90 dage kan klares direkte online. Du beh\u00f8ver ikke at bestille tid p\u00e5 den amerikanske ambassade eller konsulat for at f\u00e5 ESTA-rejsetilladelse. <\/p>\t\t\t\t\t\t\t\t<\/div>\n\t\t\t\t<\/div>\n\t\t\t\t\t<\/div>\n\t\t\t\t<\/div>\n\t\t<div class=\"elementor-element elementor-element-2b6b869 e-flex e-con-boxed e-con e-parent\" data-id=\"2b6b869\" data-element_type=\"container\" data-e-type=\"container\">\n\t\t\t\t\t<div class=\"e-con-inner\">\n\t\t\t\t<div class=\"elementor-element elementor-element-ce061ad elementor-widget elementor-widget-button\" data-id=\"ce061ad\" data-element_type=\"widget\" data-e-type=\"widget\" data-widget_type=\"button.default\">\n\t\t\t\t<div class=\"elementor-widget-container\">\n\t\t\t\t\t\t\t\t\t<div class=\"elementor-button-wrapper\">\n\t\t\t\t\t<a class=\"elementor-button elementor-button-link elementor-size-sm\" href=\"https:\/\/usa-b2.com\/fr\/recommends\/fr-esta\/\">\n\t\t\t\t\t\t<span class=\"elementor-button-content-wrapper\">\n\t\t\t\t\t\t\t\t\t<span class=\"elementor-button-text\">Udfyld online-formularen<\/span>\n\t\t\t\t\t<\/span>\n\t\t\t\t\t<\/a>\n\t\t\t\t<\/div>\n\t\t\t\t\t\t\t\t<\/div>\n\t\t\t\t<\/div>\n\t\t\t\t\t<\/div>\n\t\t\t\t<\/div>\n\t\t<div class=\"elementor-element elementor-element-b8872fc e-flex e-con-boxed e-con e-parent\" data-id=\"b8872fc\" data-element_type=\"container\" data-e-type=\"container\">\n\t\t\t\t\t<div class=\"e-con-inner\">\n\t\t\t\t<div class=\"elementor-element elementor-element-30e6387 elementor-widget elementor-widget-spacer\" data-id=\"30e6387\" data-element_type=\"widget\" data-e-type=\"widget\" data-widget_type=\"spacer.default\">\n\t\t\t\t<div class=\"elementor-widget-container\">\n\t\t\t\t\t\t\t<div class=\"elementor-spacer\">\n\t\t\t<div class=\"elementor-spacer-inner\"><\/div>\n\t\t<\/div>\n\t\t\t\t\t\t<\/div>\n\t\t\t\t<\/div>\n\t\t\t\t\t<\/div>\n\t\t\t\t<\/div>\n\t\t<div class=\"elementor-element elementor-element-9542cde e-flex e-con-boxed e-con e-parent\" data-id=\"9542cde\" data-element_type=\"container\" data-e-type=\"container\">\n\t\t\t\t\t<div class=\"e-con-inner\">\n\t\t\t\t<div class=\"elementor-element elementor-element-ff08436 elementor-widget elementor-widget-text-editor\" data-id=\"ff08436\" data-element_type=\"widget\" data-e-type=\"widget\" data-widget_type=\"text-editor.default\">\n\t\t\t\t<div class=\"elementor-widget-container\">\n\t\t\t\t\t\t\t\t\t<p>Onlineformularen kan udfyldes p\u00e5 et par minutter, hvis ans\u00f8geren er i besiddelse af sine rejsedokumenter.<\/p><p>ESTA er en del af <a href=\"https:\/\/usa-b2.com\/da\/visum-fritagelse-program\/\">Visa Waiver-programmet<\/a>. Dette amerikanske visumfritagelsesprogram giver statsborgere fra medlemslandene mulighed for at rejse til USA uden visum til turist-, forretnings- eller transitform\u00e5l.<\/p>\t\t\t\t\t\t\t\t<\/div>\n\t\t\t\t<\/div>\n\t\t\t\t\t<\/div>\n\t\t\t\t<\/div>\n\t\t<div class=\"elementor-element elementor-element-47b375d e-flex e-con-boxed e-con e-parent\" data-id=\"47b375d\" data-element_type=\"container\" data-e-type=\"container\">\n\t\t\t\t\t<div class=\"e-con-inner\">\n\t\t\t\t<div class=\"elementor-element elementor-element-6e123f9 elementor-widget elementor-widget-text-editor\" data-id=\"6e123f9\" data-element_type=\"widget\" data-e-type=\"widget\" data-widget_type=\"text-editor.default\">\n\t\t\t\t<div class=\"elementor-widget-container\">\n\t\t\t\t\t\t\t\t\t<h2>Hvor lang tid tager det at behandle en ESTA-ans\u00f8gning?<\/h2><p>N\u00e5r ESTA&#8217;en er blevet betalt online, bliver ESTA-ans\u00f8gningen valideret og g\u00e5r i gang med at blive behandlet. Behandlingen er computerstyret og tager kun et par minutter.  Det betyder, at ans\u00f8gere kan modtage en e-mail inden for f\u00e5 minutter, der bekr\u00e6fter, at deres ESTA-godkendelse er blevet godkendt.<\/p><p>Nogle gange n\u00e5r svaret ikke frem til kandidaten inden for et par minutter. I nogle tilf\u00e6lde er det n\u00f8dvendigt med menneskelig behandling for at validere anmodningen. Den officielle ESTA-hjemmeside forpligter sig til at give et svar inden for 72 timer. For mere information, se vores side, der forklarer, <a href=\"https:\/\/usa-b2.com\/da\/hvad-er-en-esta\/\">hvad ESTA er<\/a>.   <\/p>\t\t\t\t\t\t\t\t<\/div>\n\t\t\t\t<\/div>\n\t\t\t\t\t<\/div>\n\t\t\t\t<\/div>\n\t\t<div class=\"elementor-element elementor-element-dad46bc e-flex e-con-boxed e-con e-parent\" data-id=\"dad46bc\" data-element_type=\"container\" data-e-type=\"container\">\n\t\t\t\t\t<div class=\"e-con-inner\">\n\t\t\t\t<div class=\"elementor-element elementor-element-6d0d0c4 elementor-widget elementor-widget-text-editor\" data-id=\"6d0d0c4\" data-element_type=\"widget\" data-e-type=\"widget\" data-widget_type=\"text-editor.default\">\n\t\t\t\t<div class=\"elementor-widget-container\">\n\t\t\t\t\t\t\t\t\t<h2>Hvor l\u00e6nge er en ESTA-godkendelse gyldig?<\/h2><p><a href=\"https:\/\/usa-b2.com\/da\/gyldighedsperiode-esta\/\">ESTA&#8217;en er gyldig<\/a> i en begr\u00e6nset periode. Den f\u00f8rste gyldighedsperiode er normalt 2 \u00e5r. Under visse omst\u00e6ndigheder reduceres gyldighedsperioden: Hvis f.eks. det <a href=\"https:\/\/usa-b2.com\/da\/pas-rejse-usa\/\">pas til USA<\/a>, der blev brugt til at f\u00e5 ESTA&#8217;en, ikke l\u00e6ngere er gyldigt, er ESTA&#8217;en heller ikke l\u00e6ngere gyldig.<\/p>\t\t\t\t\t\t\t\t<\/div>\n\t\t\t\t<\/div>\n\t\t\t\t\t<\/div>\n\t\t\t\t<\/div>\n\t\t<div class=\"elementor-element elementor-element-ee7de17 e-flex e-con-boxed e-con e-parent\" data-id=\"ee7de17\" data-element_type=\"container\" data-e-type=\"container\">\n\t\t\t\t\t<div class=\"e-con-inner\">\n\t\t\t\t<div class=\"elementor-element elementor-element-b0556fc elementor-widget elementor-widget-text-editor\" data-id=\"b0556fc\" data-element_type=\"widget\" data-e-type=\"widget\" data-widget_type=\"text-editor.default\">\n\t\t\t\t<div class=\"elementor-widget-container\">\n\t\t\t\t\t\t\t\t\t<h2>Skal jeg udskrive min ESTA-godkendelse?<\/h2><p>ESTA-ans\u00f8gningsprocessen er 100% online. Svaret p\u00e5 ESTA-ans\u00f8gningen sendes kun til ans\u00f8geren via e-mail. Det er dog ikke n\u00f8dvendigt at have <a href=\"https:\/\/usa-b2.com\/da\/print-esta\/\">printet din ESTA<\/a> ud, f\u00f8r du tager til lufthavnen.<\/p><p>Det computersystem, der har valideret rejsetilladelsen, konsulteres af de amerikanske toldere, n\u00e5r den rejsende ankommer til den amerikanske gr\u00e6nse.<\/p>\t\t\t\t\t\t\t\t<\/div>\n\t\t\t\t<\/div>\n\t\t\t\t\t<\/div>\n\t\t\t\t<\/div>\n\t\t\t\t<\/div>\n\t\t","protected":false},"excerpt":{"rendered":"<p>Onlineformular til at f\u00e5 en ESTA Formaliteterne ved indrejse i USA for et ophold p\u00e5 mindre end 90 dage kan klares direkte online. Du beh\u00f8ver ikke at bestille tid p\u00e5 den amerikanske ambassade eller konsulat for at f\u00e5 ESTA-rejsetilladelse. Udfyld online-formularen Onlineformularen kan udfyldes p\u00e5 et par minutter, hvis ans\u00f8geren er i besiddelse af sine [&hellip;]<\/p>\n","protected":false},"author":1,"featured_media":0,"parent":0,"menu_order":0,"comment_status":"closed","ping_status":"closed","template":"","meta":{"footnotes":""},"class_list":["post-190","page","type-page","status-publish","hentry"],"yoast_head":"<!-- This site is optimized with the Yoast SEO plugin v27.4 - https:\/\/yoast.com\/product\/yoast-seo-wordpress\/ -->\n<title>Udfyld ESTA-formularen online - USA B2<\/title>\n<meta name=\"description\" content=\"Udfyld ESTA-formularen online for at f\u00e5 et rejsecertifikat til USA p\u00e5 blot et par minutter.\" \/>\n<meta name=\"robots\" content=\"index, follow, max-snippet:-1, max-image-preview:large, max-video-preview:-1\" \/>\n<link rel=\"canonical\" href=\"https:\/\/usa-b2.com\/da\/esta-formular-online\/\" \/>\n<meta property=\"og:locale\" content=\"da_DK\" \/>\n<meta property=\"og:type\" content=\"article\" \/>\n<meta property=\"og:title\" content=\"Udfyld ESTA-formularen online - USA B2\" \/>\n<meta property=\"og:description\" content=\"Udfyld ESTA-formularen online for at f\u00e5 et rejsecertifikat til USA p\u00e5 blot et par minutter.\" \/>\n<meta property=\"og:url\" content=\"https:\/\/usa-b2.com\/da\/esta-formular-online\/\" \/>\n<meta property=\"og:site_name\" content=\"USA B2\" \/>\n<meta property=\"article:modified_time\" content=\"2026-04-17T08:31:14+00:00\" \/>\n<meta name=\"twitter:card\" content=\"summary_large_image\" \/>\n<meta name=\"twitter:label1\" content=\"Estimeret l\u00e6setid\" \/>\n\t<meta name=\"twitter:data1\" content=\"2 minutter\" \/>\n<script type=\"application\/ld+json\" class=\"yoast-schema-graph\">{\"@context\":\"https:\\\/\\\/schema.org\",\"@graph\":[{\"@type\":\"WebPage\",\"@id\":\"https:\\\/\\\/usa-b2.com\\\/da\\\/esta-formular-online\\\/\",\"url\":\"https:\\\/\\\/usa-b2.com\\\/da\\\/esta-formular-online\\\/\",\"name\":\"Udfyld ESTA-formularen online - USA B2\",\"isPartOf\":{\"@id\":\"https:\\\/\\\/usa-b2.com\\\/da\\\/#website\"},\"datePublished\":\"2024-02-10T16:58:41+00:00\",\"dateModified\":\"2026-04-17T08:31:14+00:00\",\"description\":\"Udfyld ESTA-formularen online for at f\u00e5 et rejsecertifikat til USA p\u00e5 blot et par minutter.\",\"breadcrumb\":{\"@id\":\"https:\\\/\\\/usa-b2.com\\\/da\\\/esta-formular-online\\\/#breadcrumb\"},\"inLanguage\":\"da-DK\",\"potentialAction\":[{\"@type\":\"ReadAction\",\"target\":[\"https:\\\/\\\/usa-b2.com\\\/da\\\/esta-formular-online\\\/\"]}]},{\"@type\":\"BreadcrumbList\",\"@id\":\"https:\\\/\\\/usa-b2.com\\\/da\\\/esta-formular-online\\\/#breadcrumb\",\"itemListElement\":[{\"@type\":\"ListItem\",\"position\":1,\"name\":\"Accueil\",\"item\":\"https:\\\/\\\/usa-b2.com\\\/da\\\/usa\\\/\"},{\"@type\":\"ListItem\",\"position\":2,\"name\":\"Udfyld ESTA-formularen online\"}]},{\"@type\":\"WebSite\",\"@id\":\"https:\\\/\\\/usa-b2.com\\\/da\\\/#website\",\"url\":\"https:\\\/\\\/usa-b2.com\\\/da\\\/\",\"name\":\"USA B2 VISA\",\"description\":\"\",\"potentialAction\":[{\"@type\":\"SearchAction\",\"target\":{\"@type\":\"EntryPoint\",\"urlTemplate\":\"https:\\\/\\\/usa-b2.com\\\/da\\\/?s={search_term_string}\"},\"query-input\":{\"@type\":\"PropertyValueSpecification\",\"valueRequired\":true,\"valueName\":\"search_term_string\"}}],\"inLanguage\":\"da-DK\"}]}<\/script>\n<!-- \/ Yoast SEO plugin. -->","yoast_head_json":{"title":"Udfyld ESTA-formularen online - USA B2","description":"Udfyld ESTA-formularen online for at f\u00e5 et rejsecertifikat til USA p\u00e5 blot et par minutter.","robots":{"index":"index","follow":"follow","max-snippet":"max-snippet:-1","max-image-preview":"max-image-preview:large","max-video-preview":"max-video-preview:-1"},"canonical":"https:\/\/usa-b2.com\/da\/esta-formular-online\/","og_locale":"da_DK","og_type":"article","og_title":"Udfyld ESTA-formularen online - USA B2","og_description":"Udfyld ESTA-formularen online for at f\u00e5 et rejsecertifikat til USA p\u00e5 blot et par minutter.","og_url":"https:\/\/usa-b2.com\/da\/esta-formular-online\/","og_site_name":"USA B2","article_modified_time":"2026-04-17T08:31:14+00:00","twitter_card":"summary_large_image","twitter_misc":{"Estimeret l\u00e6setid":"2 minutter"},"schema":{"@context":"https:\/\/schema.org","@graph":[{"@type":"WebPage","@id":"https:\/\/usa-b2.com\/da\/esta-formular-online\/","url":"https:\/\/usa-b2.com\/da\/esta-formular-online\/","name":"Udfyld ESTA-formularen online - USA B2","isPartOf":{"@id":"https:\/\/usa-b2.com\/da\/#website"},"datePublished":"2024-02-10T16:58:41+00:00","dateModified":"2026-04-17T08:31:14+00:00","description":"Udfyld ESTA-formularen online for at f\u00e5 et rejsecertifikat til USA p\u00e5 blot et par minutter.","breadcrumb":{"@id":"https:\/\/usa-b2.com\/da\/esta-formular-online\/#breadcrumb"},"inLanguage":"da-DK","potentialAction":[{"@type":"ReadAction","target":["https:\/\/usa-b2.com\/da\/esta-formular-online\/"]}]},{"@type":"BreadcrumbList","@id":"https:\/\/usa-b2.com\/da\/esta-formular-online\/#breadcrumb","itemListElement":[{"@type":"ListItem","position":1,"name":"Accueil","item":"https:\/\/usa-b2.com\/da\/usa\/"},{"@type":"ListItem","position":2,"name":"Udfyld ESTA-formularen online"}]},{"@type":"WebSite","@id":"https:\/\/usa-b2.com\/da\/#website","url":"https:\/\/usa-b2.com\/da\/","name":"USA B2 VISA","description":"","potentialAction":[{"@type":"SearchAction","target":{"@type":"EntryPoint","urlTemplate":"https:\/\/usa-b2.com\/da\/?s={search_term_string}"},"query-input":{"@type":"PropertyValueSpecification","valueRequired":true,"valueName":"search_term_string"}}],"inLanguage":"da-DK"}]}},"_links":{"self":[{"href":"https:\/\/usa-b2.com\/da\/wp-json\/wp\/v2\/pages\/190","targetHints":{"allow":["GET"]}}],"collection":[{"href":"https:\/\/usa-b2.com\/da\/wp-json\/wp\/v2\/pages"}],"about":[{"href":"https:\/\/usa-b2.com\/da\/wp-json\/wp\/v2\/types\/page"}],"author":[{"embeddable":true,"href":"https:\/\/usa-b2.com\/da\/wp-json\/wp\/v2\/users\/1"}],"replies":[{"embeddable":true,"href":"https:\/\/usa-b2.com\/da\/wp-json\/wp\/v2\/comments?post=190"}],"version-history":[{"count":3,"href":"https:\/\/usa-b2.com\/da\/wp-json\/wp\/v2\/pages\/190\/revisions"}],"predecessor-version":[{"id":11335,"href":"https:\/\/usa-b2.com\/da\/wp-json\/wp\/v2\/pages\/190\/revisions\/11335"}],"wp:attachment":[{"href":"https:\/\/usa-b2.com\/da\/wp-json\/wp\/v2\/media?parent=190"}],"curies":[{"name":"wp","href":"https:\/\/api.w.org\/{rel}","templated":true}]}}