{"id":1857,"date":"2024-02-10T17:19:16","date_gmt":"2024-02-10T17:19:16","guid":{"rendered":"https:\/\/usa-b2.com\/visum-til-boston\/"},"modified":"2025-10-28T16:42:26","modified_gmt":"2025-10-28T16:42:26","slug":"visum-til-boston","status":"publish","type":"page","link":"https:\/\/usa-b2.com\/da\/visum-til-boston\/","title":{"rendered":"F\u00e5 et visum til at rejse til Boston"},"content":{"rendered":"\n<h1 class=\"wp-block-heading\" id=\"h-visa-chicago-pour-les-usa\">Visum fra Boston til rejser til USA<\/h1>\n\n<p>Udenlandske rejsende, der planl\u00e6gger at ankomme til Boston for at rejse til USA, skal v\u00e6re i besiddelse af en gyldig rejsetilladelse. Der findes flere typer rejsetilladelser, afh\u00e6ngigt af form\u00e5let med og varigheden af dit ophold i USA.<\/p>\n\n<h2 class=\"wp-block-heading\" id=\"h-faut-il-un-visa-pour-chicago\">Har jeg brug for et visum til Boston?<\/h2>\n\n<p>Boston er en storby p\u00e5 USA&#8217;s nord\u00f8stkyst. Hvis du bes\u00f8ger USA i mere end 3 m\u00e5neder og lander i Boston, skal du have et <a href=\"https:\/\/usa-b2.com\/da\/b2-visum\/\">B2-visum<\/a>.<\/p>\n\n<p><strong>For ophold p\u00e5 mindre end 90 dage<\/strong>: Det er ikke n\u00f8dvendigt at f\u00e5 et b2-visum til Boston. Det eneste, du skal g\u00f8re, er at f\u00e5 en rejsetilladelse ved at klikke p\u00e5 <a href=\"https:\/\/usa-b2.com\/da\/esta-formular-online\/\">ESTA-onlineformularen<\/a>.<\/p>\n\n<h2 class=\"wp-block-heading\">Hvad er et turistvisum til Boston?<\/h2>\n\n<p>Et B2-turistvisum til Boston giver rejsende mulighed for at lande i Boston for et ophold i USA. Med et B2-visum kan rejsende tage p\u00e5 sightseeing eller bes\u00f8ge sl\u00e6gtninge, der bor i USA. Visummet er gyldigt i en indledende periode p\u00e5 6 m\u00e5neder.<\/p>\n\n<h2 class=\"wp-block-heading\">Skal jeg have visum til et stopover i Boston?<\/h2>\n\n<p>For at mellemlande i Boston skal rejsende v\u00e6re i besiddelse af en gyldig rejsetilladelse. Der er flere mulige rejsetilladelser.  <\/p>\n\n<p>Hvis den rejsende er statsborger i et land, der er medlem af <a href=\"https:\/\/usa-b2.com\/da\/visum-fritagelse-program\/\">Visa Waiver-programmet<\/a>, er det ikke n\u00f8dvendigt at f\u00e5 et <a href=\"https:\/\/usa-b2.com\/da\/transit-visum-usa\/\">transitvisum<\/a>. Rejsende kan rejse gennem Boston med ESTA-autorisation.<\/p>\n\n<p>Hvis du ikke er statsborger i et visumfritagelsesland, skal du <a href=\"https:\/\/usa-b2.com\/da\/b2-visum-formular-online\/\">ans\u00f8ge om et B2-visum<\/a>, f\u00f8r du planl\u00e6gger en rejse med et stopover i Boston.<\/p>\n\n<h2 class=\"wp-block-heading\" id=\"h-quel-est-le-prix-du-visa-pour-chicago\">Hvor meget koster det at f\u00e5 et visum til Boston?<\/h2>\n\n<p><a href=\"https:\/\/usa-b2.com\/da\/gebyrer-b2-visum\/\">Minimumsgebyret for et B2-visum<\/a> til Boston er 185 USD fra 2023. Gebyrer skal betales, n\u00e5r man ans\u00f8ger om et visum, for at ans\u00f8gningen kan valideres online. Kvitteringen for betaling af gebyret skal vedl\u00e6gges bilagene som en del af <a href=\"https:\/\/usa-b2.com\/da\/ansogningsprocedure-visum-b2\/\">B2-visumans\u00f8gningsproceduren<\/a>.<\/p>\n\n<h2 class=\"wp-block-heading\" id=\"h-comment-obtenir-un-visa-pour-chicago\">Hvordan f\u00e5r jeg et visum til Boston?<\/h2>\n\n<p>For at f\u00e5 et B2-visum til at rejse til Boston, skal du gennemf\u00f8re <a href=\"https:\/\/www.uscis.gov\/\">USCIS<\/a>&#8216; online <a href=\"https:\/\/usa-b2.com\/da\/ansogningsprocedure-visum-b2\/\">visumans\u00f8gningsproces<\/a>. Den endelige beslutning om at udstede et visum vil blive truffet efter et <a href=\"https:\/\/usa-b2.com\/da\/visumaftale-amerikanske-ambassade\/\">visumsamtale p\u00e5 den amerikanske ambassade<\/a>.<\/p>\n\n<h2 class=\"wp-block-heading\" id=\"h-faut-il-un-visa-esta-pour-chicago\">Hvem kan ans\u00f8ge om en ESTA til Boston?<\/h2>\n\n<p>Borgere fra lande, der er medlem af det amerikanske Visa Waiver-program, kan <a href=\"https:\/\/usa-b2.com\/da\/esta-formular-online\/\">ans\u00f8ge online om en ESTA<\/a> til Boston. Det tager meget kortere tid at f\u00e5 ESTA-autorisation end at f\u00e5 et B2-visum fra en <a href=\"https:\/\/usa-b2.com\/da\/den-amerikanske-ambassade\/\">amerikansk ambassade<\/a>.  <\/p>\n\n<p>ESTA-godkendelsen til Boston er gyldig i 2 \u00e5r. Den kan udl\u00f8be tidligere, hvis det <a href=\"https:\/\/usa-b2.com\/da\/pas-rejse-usa\/\">pas der blev brugt til at rejse til USA<\/a>, udl\u00f8ber inden for 2 \u00e5r. Tilladelsen er knyttet til det pas, der blev brugt til at f\u00e5 den. <\/p>\n\n<p>En ESTA giver dig lov til at opholde dig i USA i h\u00f8jst 90 dage i tr\u00e6k.\nOphold p\u00e5 90 dage kan v\u00e6re flere i l\u00f8bet af <a href=\"https:\/\/usa-b2.com\/da\/gyldighedsperiode-esta\/\">ESTA&#8217;ens 2-\u00e5rige gyldighedsperiode<\/a>. <\/p>\n","protected":false},"excerpt":{"rendered":"<p>Visum fra Boston til rejser til USA Udenlandske rejsende, der planl\u00e6gger at ankomme til Boston for at rejse til USA, skal v\u00e6re i besiddelse af en gyldig rejsetilladelse. Der findes flere typer rejsetilladelser, afh\u00e6ngigt af form\u00e5let med og varigheden af dit ophold i USA. Har jeg brug for et visum til Boston? Boston er en [&hellip;]<\/p>\n","protected":false},"author":1,"featured_media":0,"parent":0,"menu_order":0,"comment_status":"closed","ping_status":"closed","template":"","meta":{"footnotes":""},"class_list":["post-1857","page","type-page","status-publish","hentry"],"yoast_head":"<!-- This site is optimized with the Yoast SEO plugin v27.4 - https:\/\/yoast.com\/product\/yoast-seo-wordpress\/ -->\n<title>F\u00e5 et visum til at rejse til Boston - USA B2<\/title>\n<meta name=\"description\" content=\"S\u00e5dan f\u00e5r du et visum til at rejse til Boston i USA p\u00e5 turistbes\u00f8g eller for at bes\u00f8ge familie.\" \/>\n<meta name=\"robots\" content=\"index, follow, max-snippet:-1, max-image-preview:large, max-video-preview:-1\" \/>\n<link rel=\"canonical\" href=\"https:\/\/usa-b2.com\/da\/visum-til-boston\/\" \/>\n<meta property=\"og:locale\" content=\"da_DK\" \/>\n<meta property=\"og:type\" content=\"article\" \/>\n<meta property=\"og:title\" content=\"F\u00e5 et visum til at rejse til Boston - USA B2\" \/>\n<meta property=\"og:description\" content=\"S\u00e5dan f\u00e5r du et visum til at rejse til Boston i USA p\u00e5 turistbes\u00f8g eller for at bes\u00f8ge familie.\" \/>\n<meta property=\"og:url\" content=\"https:\/\/usa-b2.com\/da\/visum-til-boston\/\" \/>\n<meta property=\"og:site_name\" content=\"USA B2\" \/>\n<meta property=\"article:modified_time\" content=\"2025-10-28T16:42:26+00:00\" \/>\n<meta name=\"twitter:card\" content=\"summary_large_image\" \/>\n<meta name=\"twitter:label1\" content=\"Estimeret l\u00e6setid\" \/>\n\t<meta name=\"twitter:data1\" content=\"2 minutter\" \/>\n<script type=\"application\/ld+json\" class=\"yoast-schema-graph\">{\"@context\":\"https:\\\/\\\/schema.org\",\"@graph\":[{\"@type\":\"WebPage\",\"@id\":\"https:\\\/\\\/usa-b2.com\\\/da\\\/visum-til-boston\\\/\",\"url\":\"https:\\\/\\\/usa-b2.com\\\/da\\\/visum-til-boston\\\/\",\"name\":\"F\u00e5 et visum til at rejse til Boston - USA B2\",\"isPartOf\":{\"@id\":\"https:\\\/\\\/usa-b2.com\\\/da\\\/#website\"},\"datePublished\":\"2024-02-10T17:19:16+00:00\",\"dateModified\":\"2025-10-28T16:42:26+00:00\",\"description\":\"S\u00e5dan f\u00e5r du et visum til at rejse til Boston i USA p\u00e5 turistbes\u00f8g eller for at bes\u00f8ge familie.\",\"breadcrumb\":{\"@id\":\"https:\\\/\\\/usa-b2.com\\\/da\\\/visum-til-boston\\\/#breadcrumb\"},\"inLanguage\":\"da-DK\",\"potentialAction\":[{\"@type\":\"ReadAction\",\"target\":[\"https:\\\/\\\/usa-b2.com\\\/da\\\/visum-til-boston\\\/\"]}]},{\"@type\":\"BreadcrumbList\",\"@id\":\"https:\\\/\\\/usa-b2.com\\\/da\\\/visum-til-boston\\\/#breadcrumb\",\"itemListElement\":[{\"@type\":\"ListItem\",\"position\":1,\"name\":\"Accueil\",\"item\":\"https:\\\/\\\/usa-b2.com\\\/da\\\/usa\\\/\"},{\"@type\":\"ListItem\",\"position\":2,\"name\":\"F\u00e5 et visum til at rejse til Boston\"}]},{\"@type\":\"WebSite\",\"@id\":\"https:\\\/\\\/usa-b2.com\\\/da\\\/#website\",\"url\":\"https:\\\/\\\/usa-b2.com\\\/da\\\/\",\"name\":\"USA B2 VISA\",\"description\":\"\",\"potentialAction\":[{\"@type\":\"SearchAction\",\"target\":{\"@type\":\"EntryPoint\",\"urlTemplate\":\"https:\\\/\\\/usa-b2.com\\\/da\\\/?s={search_term_string}\"},\"query-input\":{\"@type\":\"PropertyValueSpecification\",\"valueRequired\":true,\"valueName\":\"search_term_string\"}}],\"inLanguage\":\"da-DK\"}]}<\/script>\n<!-- \/ Yoast SEO plugin. -->","yoast_head_json":{"title":"F\u00e5 et visum til at rejse til Boston - USA B2","description":"S\u00e5dan f\u00e5r du et visum til at rejse til Boston i USA p\u00e5 turistbes\u00f8g eller for at bes\u00f8ge familie.","robots":{"index":"index","follow":"follow","max-snippet":"max-snippet:-1","max-image-preview":"max-image-preview:large","max-video-preview":"max-video-preview:-1"},"canonical":"https:\/\/usa-b2.com\/da\/visum-til-boston\/","og_locale":"da_DK","og_type":"article","og_title":"F\u00e5 et visum til at rejse til Boston - USA B2","og_description":"S\u00e5dan f\u00e5r du et visum til at rejse til Boston i USA p\u00e5 turistbes\u00f8g eller for at bes\u00f8ge familie.","og_url":"https:\/\/usa-b2.com\/da\/visum-til-boston\/","og_site_name":"USA B2","article_modified_time":"2025-10-28T16:42:26+00:00","twitter_card":"summary_large_image","twitter_misc":{"Estimeret l\u00e6setid":"2 minutter"},"schema":{"@context":"https:\/\/schema.org","@graph":[{"@type":"WebPage","@id":"https:\/\/usa-b2.com\/da\/visum-til-boston\/","url":"https:\/\/usa-b2.com\/da\/visum-til-boston\/","name":"F\u00e5 et visum til at rejse til Boston - USA B2","isPartOf":{"@id":"https:\/\/usa-b2.com\/da\/#website"},"datePublished":"2024-02-10T17:19:16+00:00","dateModified":"2025-10-28T16:42:26+00:00","description":"S\u00e5dan f\u00e5r du et visum til at rejse til Boston i USA p\u00e5 turistbes\u00f8g eller for at bes\u00f8ge familie.","breadcrumb":{"@id":"https:\/\/usa-b2.com\/da\/visum-til-boston\/#breadcrumb"},"inLanguage":"da-DK","potentialAction":[{"@type":"ReadAction","target":["https:\/\/usa-b2.com\/da\/visum-til-boston\/"]}]},{"@type":"BreadcrumbList","@id":"https:\/\/usa-b2.com\/da\/visum-til-boston\/#breadcrumb","itemListElement":[{"@type":"ListItem","position":1,"name":"Accueil","item":"https:\/\/usa-b2.com\/da\/usa\/"},{"@type":"ListItem","position":2,"name":"F\u00e5 et visum til at rejse til Boston"}]},{"@type":"WebSite","@id":"https:\/\/usa-b2.com\/da\/#website","url":"https:\/\/usa-b2.com\/da\/","name":"USA B2 VISA","description":"","potentialAction":[{"@type":"SearchAction","target":{"@type":"EntryPoint","urlTemplate":"https:\/\/usa-b2.com\/da\/?s={search_term_string}"},"query-input":{"@type":"PropertyValueSpecification","valueRequired":true,"valueName":"search_term_string"}}],"inLanguage":"da-DK"}]}},"_links":{"self":[{"href":"https:\/\/usa-b2.com\/da\/wp-json\/wp\/v2\/pages\/1857","targetHints":{"allow":["GET"]}}],"collection":[{"href":"https:\/\/usa-b2.com\/da\/wp-json\/wp\/v2\/pages"}],"about":[{"href":"https:\/\/usa-b2.com\/da\/wp-json\/wp\/v2\/types\/page"}],"author":[{"embeddable":true,"href":"https:\/\/usa-b2.com\/da\/wp-json\/wp\/v2\/users\/1"}],"replies":[{"embeddable":true,"href":"https:\/\/usa-b2.com\/da\/wp-json\/wp\/v2\/comments?post=1857"}],"version-history":[{"count":3,"href":"https:\/\/usa-b2.com\/da\/wp-json\/wp\/v2\/pages\/1857\/revisions"}],"predecessor-version":[{"id":10692,"href":"https:\/\/usa-b2.com\/da\/wp-json\/wp\/v2\/pages\/1857\/revisions\/10692"}],"wp:attachment":[{"href":"https:\/\/usa-b2.com\/da\/wp-json\/wp\/v2\/media?parent=1857"}],"curies":[{"name":"wp","href":"https:\/\/api.w.org\/{rel}","templated":true}]}}