{"id":176,"date":"2024-02-10T17:17:00","date_gmt":"2024-02-10T17:17:00","guid":{"rendered":"https:\/\/usa-b2.com\/den-amerikanske-ambassade\/"},"modified":"2025-11-28T09:34:39","modified_gmt":"2025-11-28T09:34:39","slug":"den-amerikanske-ambassade","status":"publish","type":"page","link":"https:\/\/usa-b2.com\/da\/den-amerikanske-ambassade\/","title":{"rendered":"USA&#8217;s ambassade"},"content":{"rendered":"\n<h1 class=\"wp-block-heading\" id=\"h-ambassade-des-etats-unis-a-paris-en-france\">Amerikanske ambassader rundt om i verden<\/h1>\n\n<h2 class=\"wp-block-heading\">Hvad er en amerikansk ambassade?<\/h2>\n\n<p>Den amerikanske ambassade er USA&#8217;s diplomatiske repr\u00e6sentant i alle lande i verden. Form\u00e5let med den amerikanske ambassade er at beskytte amerikanske borgere uden for amerikansk territorium. Ambassaden hj\u00e6lper med at udvikle amerikanske interesser og leverer tjenester til amerikanske borgere over hele verden.  <\/p>\n\n<p>Amerikanske ambassader er involveret i <a href=\"https:\/\/usa-b2.com\/da\/ansogningsprocedure-visum-b2\/\">visumans\u00f8gningsproceduren<\/a> for udenlandske rejsende til USA.<\/p>\n\n<p><strong>For et ophold p\u00e5 mindre end 90 dage i USA<\/strong>: En statsborger fra et VWP-medlemsland beh\u00f8ver ikke at f\u00e5 et visum og lave en aftale p\u00e5 den amerikanske ambassade. Du kan f\u00e5 et rejsecertifikat online ved at klikke p\u00e5 <a href=\"https:\/\/usa-b2.com\/da\/esta-formular-online\/\">ESTA online formular<\/a>. <\/p>\n\n<h2 class=\"wp-block-heading\">Hvor kan jeg finde en amerikansk ambassade?<\/h2>\n\n<p>For at finde den amerikanske ambassade eller det konsulat, der er t\u00e6ttest p\u00e5 dig, skal du blot konsultere <a href=\"https:\/\/www.usembassy.gov\/\">denne side<\/a>, som giver en oversigt over amerikanske administrative repr\u00e6sentationer rundt om i verden.<\/p>\n\n<h2 class=\"wp-block-heading\">Hvordan laver jeg en aftale p\u00e5 den amerikanske ambassade?<\/h2>\n\n<p>N\u00e5r man <a href=\"https:\/\/usa-b2.com\/da\/b2-visum-formular-online\/\">ans\u00f8ger om et amerikansk visum<\/a>, skal man deltage i et interview for at f\u00e6rdigg\u00f8re sin ans\u00f8gning. For at planl\u00e6gge et interview med en amerikansk konsul\u00e6r medarbejder skal ans\u00f8gere logge p\u00e5 den officielle <a href=\"https:\/\/www.uscis.gov\/\">uscis.gov-hjemmeside<\/a> og lave en <a href=\"https:\/\/usa-b2.com\/da\/visumaftale-amerikanske-ambassade\/\">aftale med den amerikanske ambassade<\/a>.  <\/p>\n\n<p>N\u00e5r interviewdatoen er blevet bekr\u00e6ftet, kan kandidaterne downloade deres interviewinvitation. Invitationen skal vedl\u00e6gges bilagene til visumans\u00f8gningen. <\/p>\n","protected":false},"excerpt":{"rendered":"<p>Amerikanske ambassader rundt om i verden Hvad er en amerikansk ambassade? Den amerikanske ambassade er USA&#8217;s diplomatiske repr\u00e6sentant i alle lande i verden. Form\u00e5let med den amerikanske ambassade er at beskytte amerikanske borgere uden for amerikansk territorium. Ambassaden hj\u00e6lper med at udvikle amerikanske interesser og leverer tjenester til amerikanske borgere over hele verden. Amerikanske ambassader [&hellip;]<\/p>\n","protected":false},"author":1,"featured_media":0,"parent":0,"menu_order":0,"comment_status":"closed","ping_status":"closed","template":"","meta":{"footnotes":""},"class_list":["post-176","page","type-page","status-publish","hentry"],"yoast_head":"<!-- This site is optimized with the Yoast SEO plugin v27.4 - https:\/\/yoast.com\/product\/yoast-seo-wordpress\/ -->\n<title>USA&#039;s ambassade - USA B2<\/title>\n<meta name=\"description\" content=\"Hvor finder du den n\u00e6rmeste amerikanske ambassade til din bop\u00e6l for at ans\u00f8ge om et visum til USA?\" \/>\n<meta name=\"robots\" content=\"index, follow, max-snippet:-1, max-image-preview:large, max-video-preview:-1\" \/>\n<link rel=\"canonical\" href=\"https:\/\/usa-b2.com\/da\/den-amerikanske-ambassade\/\" \/>\n<meta property=\"og:locale\" content=\"da_DK\" \/>\n<meta property=\"og:type\" content=\"article\" \/>\n<meta property=\"og:title\" content=\"USA&#039;s ambassade - USA B2\" \/>\n<meta property=\"og:description\" content=\"Hvor finder du den n\u00e6rmeste amerikanske ambassade til din bop\u00e6l for at ans\u00f8ge om et visum til USA?\" \/>\n<meta property=\"og:url\" content=\"https:\/\/usa-b2.com\/da\/den-amerikanske-ambassade\/\" \/>\n<meta property=\"og:site_name\" content=\"USA B2\" \/>\n<meta property=\"article:modified_time\" content=\"2025-11-28T09:34:39+00:00\" \/>\n<meta name=\"twitter:card\" content=\"summary_large_image\" \/>\n<meta name=\"twitter:label1\" content=\"Estimeret l\u00e6setid\" \/>\n\t<meta name=\"twitter:data1\" content=\"1 minut\" \/>\n<script type=\"application\/ld+json\" class=\"yoast-schema-graph\">{\"@context\":\"https:\\\/\\\/schema.org\",\"@graph\":[{\"@type\":\"WebPage\",\"@id\":\"https:\\\/\\\/usa-b2.com\\\/da\\\/den-amerikanske-ambassade\\\/\",\"url\":\"https:\\\/\\\/usa-b2.com\\\/da\\\/den-amerikanske-ambassade\\\/\",\"name\":\"USA's ambassade - USA B2\",\"isPartOf\":{\"@id\":\"https:\\\/\\\/usa-b2.com\\\/da\\\/#website\"},\"datePublished\":\"2024-02-10T17:17:00+00:00\",\"dateModified\":\"2025-11-28T09:34:39+00:00\",\"description\":\"Hvor finder du den n\u00e6rmeste amerikanske ambassade til din bop\u00e6l for at ans\u00f8ge om et visum til USA?\",\"breadcrumb\":{\"@id\":\"https:\\\/\\\/usa-b2.com\\\/da\\\/den-amerikanske-ambassade\\\/#breadcrumb\"},\"inLanguage\":\"da-DK\",\"potentialAction\":[{\"@type\":\"ReadAction\",\"target\":[\"https:\\\/\\\/usa-b2.com\\\/da\\\/den-amerikanske-ambassade\\\/\"]}]},{\"@type\":\"BreadcrumbList\",\"@id\":\"https:\\\/\\\/usa-b2.com\\\/da\\\/den-amerikanske-ambassade\\\/#breadcrumb\",\"itemListElement\":[{\"@type\":\"ListItem\",\"position\":1,\"name\":\"Accueil\",\"item\":\"https:\\\/\\\/usa-b2.com\\\/da\\\/usa\\\/\"},{\"@type\":\"ListItem\",\"position\":2,\"name\":\"USA&#8217;s ambassade\"}]},{\"@type\":\"WebSite\",\"@id\":\"https:\\\/\\\/usa-b2.com\\\/da\\\/#website\",\"url\":\"https:\\\/\\\/usa-b2.com\\\/da\\\/\",\"name\":\"USA B2 VISA\",\"description\":\"\",\"potentialAction\":[{\"@type\":\"SearchAction\",\"target\":{\"@type\":\"EntryPoint\",\"urlTemplate\":\"https:\\\/\\\/usa-b2.com\\\/da\\\/?s={search_term_string}\"},\"query-input\":{\"@type\":\"PropertyValueSpecification\",\"valueRequired\":true,\"valueName\":\"search_term_string\"}}],\"inLanguage\":\"da-DK\"}]}<\/script>\n<!-- \/ Yoast SEO plugin. -->","yoast_head_json":{"title":"USA's ambassade - USA B2","description":"Hvor finder du den n\u00e6rmeste amerikanske ambassade til din bop\u00e6l for at ans\u00f8ge om et visum til USA?","robots":{"index":"index","follow":"follow","max-snippet":"max-snippet:-1","max-image-preview":"max-image-preview:large","max-video-preview":"max-video-preview:-1"},"canonical":"https:\/\/usa-b2.com\/da\/den-amerikanske-ambassade\/","og_locale":"da_DK","og_type":"article","og_title":"USA's ambassade - USA B2","og_description":"Hvor finder du den n\u00e6rmeste amerikanske ambassade til din bop\u00e6l for at ans\u00f8ge om et visum til USA?","og_url":"https:\/\/usa-b2.com\/da\/den-amerikanske-ambassade\/","og_site_name":"USA B2","article_modified_time":"2025-11-28T09:34:39+00:00","twitter_card":"summary_large_image","twitter_misc":{"Estimeret l\u00e6setid":"1 minut"},"schema":{"@context":"https:\/\/schema.org","@graph":[{"@type":"WebPage","@id":"https:\/\/usa-b2.com\/da\/den-amerikanske-ambassade\/","url":"https:\/\/usa-b2.com\/da\/den-amerikanske-ambassade\/","name":"USA's ambassade - USA B2","isPartOf":{"@id":"https:\/\/usa-b2.com\/da\/#website"},"datePublished":"2024-02-10T17:17:00+00:00","dateModified":"2025-11-28T09:34:39+00:00","description":"Hvor finder du den n\u00e6rmeste amerikanske ambassade til din bop\u00e6l for at ans\u00f8ge om et visum til USA?","breadcrumb":{"@id":"https:\/\/usa-b2.com\/da\/den-amerikanske-ambassade\/#breadcrumb"},"inLanguage":"da-DK","potentialAction":[{"@type":"ReadAction","target":["https:\/\/usa-b2.com\/da\/den-amerikanske-ambassade\/"]}]},{"@type":"BreadcrumbList","@id":"https:\/\/usa-b2.com\/da\/den-amerikanske-ambassade\/#breadcrumb","itemListElement":[{"@type":"ListItem","position":1,"name":"Accueil","item":"https:\/\/usa-b2.com\/da\/usa\/"},{"@type":"ListItem","position":2,"name":"USA&#8217;s ambassade"}]},{"@type":"WebSite","@id":"https:\/\/usa-b2.com\/da\/#website","url":"https:\/\/usa-b2.com\/da\/","name":"USA B2 VISA","description":"","potentialAction":[{"@type":"SearchAction","target":{"@type":"EntryPoint","urlTemplate":"https:\/\/usa-b2.com\/da\/?s={search_term_string}"},"query-input":{"@type":"PropertyValueSpecification","valueRequired":true,"valueName":"search_term_string"}}],"inLanguage":"da-DK"}]}},"_links":{"self":[{"href":"https:\/\/usa-b2.com\/da\/wp-json\/wp\/v2\/pages\/176","targetHints":{"allow":["GET"]}}],"collection":[{"href":"https:\/\/usa-b2.com\/da\/wp-json\/wp\/v2\/pages"}],"about":[{"href":"https:\/\/usa-b2.com\/da\/wp-json\/wp\/v2\/types\/page"}],"author":[{"embeddable":true,"href":"https:\/\/usa-b2.com\/da\/wp-json\/wp\/v2\/users\/1"}],"replies":[{"embeddable":true,"href":"https:\/\/usa-b2.com\/da\/wp-json\/wp\/v2\/comments?post=176"}],"version-history":[{"count":2,"href":"https:\/\/usa-b2.com\/da\/wp-json\/wp\/v2\/pages\/176\/revisions"}],"predecessor-version":[{"id":10899,"href":"https:\/\/usa-b2.com\/da\/wp-json\/wp\/v2\/pages\/176\/revisions\/10899"}],"wp:attachment":[{"href":"https:\/\/usa-b2.com\/da\/wp-json\/wp\/v2\/media?parent=176"}],"curies":[{"name":"wp","href":"https:\/\/api.w.org\/{rel}","templated":true}]}}