{"id":1223,"date":"2024-02-27T10:25:43","date_gmt":"2024-02-27T10:25:43","guid":{"rendered":"https:\/\/usa-b2.com\/ansogningsprocedure-visum-b2\/"},"modified":"2025-02-06T10:09:43","modified_gmt":"2025-02-06T10:09:43","slug":"ansogningsprocedure-visum-b2","status":"publish","type":"page","link":"https:\/\/usa-b2.com\/da\/ansogningsprocedure-visum-b2\/","title":{"rendered":"Procedure for ans\u00f8gning om et B2-visum"},"content":{"rendered":"\n<h1 class=\"wp-block-heading\">S\u00e5dan ans\u00f8ger du om et B2-visum<\/h1>\n\n<p>B2-visumans\u00f8gningsprocessen best\u00e5r af en r\u00e6kke trin, der gennemf\u00f8res online. Proceduren afsluttes med et interview p\u00e5 den amerikanske ambassade eller konsulat i ans\u00f8gerens bop\u00e6lsland. <\/p>\n\n<h2 class=\"wp-block-heading\" id=\"h-demande-de-visa-touristique-usa\">Hvordan ans\u00f8ger jeg om et B2-visum?<\/h2>\n\n<p>For at <a href=\"https:\/\/usa-b2.com\/da\/b2-visum-formular-online\/\">ans\u00f8ge om et B2-turistvisum<\/a> til USA skal ans\u00f8gere gennemf\u00f8re f\u00f8lgende trin:<\/p>\n\n<ol class=\"wp-block-list\">\n<li>Udfyld <a href=\"https:\/\/usa-b2.com\/da\/ds-160\/\">formular DS-160<\/a> online ;<\/li>\n\n\n\n<li>Betal visumgebyret for at validere ans\u00f8gningen;<\/li>\n\n\n\n<li>Bestil tid til at f\u00e5 et visum p\u00e5 en <a href=\"https:\/\/usa-b2.com\/da\/den-amerikanske-ambassade\/\">amerikansk ambassade<\/a>;<\/li>\n\n\n\n<li>Forbered interviewet og indsaml dokumentation;<\/li>\n\n\n\n<li>Deltag i et interview med en konsul\u00e6r medarbejder for at f\u00e6rdigg\u00f8re din visumans\u00f8gning.<\/li>\n<\/ol>\n\n<p>Hvis visumans\u00f8geren er statsborger i et land, der er medlem af <a href=\"https:\/\/usa-b2.com\/da\/visa-waiver-program\/\">Visa Waiver-programmet<\/a>, er det ikke n\u00f8dvendigt at f\u00e5 et visum for et ophold p\u00e5 mindre end 90 dage i USA. <strong>De kan blot f\u00e5 et ESTA-certifikat<\/strong> ved at klikke p\u00e5 <a href=\"https:\/\/usa-b2.com\/da\/esta-formular-online\/\">ESTA-onlineformularen<\/a>.<\/p>\n\n<div style=\"height:10px\" aria-hidden=\"true\" class=\"wp-block-spacer\"><\/div>\n\n<h3 class=\"wp-block-heading\" id=\"h-soumettre-le-formulaire-ds-160\">Udfyld visumans\u00f8gningsskema DS-160<\/h3>\n\n<p>Visumans\u00f8gningsproceduren starter online. Ans\u00f8gere skal udfylde <a href=\"https:\/\/usa-b2.com\/da\/ds-160\/\">formular DS-160<\/a> for at starte deres ans\u00f8gning p\u00e5 det amerikanske udenrigsministeriums hjemmeside. I starten af onlineprocessen f\u00e5r ans\u00f8gerne et journalnummer, som de skal beholde. Filnummeret ser s\u00e5ledes ud:   <\/p>\n\n<figure class=\"wp-block-image size-full\"><img fetchpriority=\"high\" decoding=\"async\" width=\"562\" height=\"274\" src=\"https:\/\/usa-b2.com\/wp-content\/uploads\/2024\/02\/ID-b2-visa-application.webp\" alt=\"\" class=\"wp-image-1426\" srcset=\"https:\/\/usa-b2.com\/wp-content\/uploads\/2024\/02\/ID-b2-visa-application.webp 562w, https:\/\/usa-b2.com\/wp-content\/uploads\/2024\/02\/ID-b2-visa-application-300x146.webp 300w\" sizes=\"(max-width: 562px) 100vw, 562px\" \/><figcaption class=\"wp-element-caption\">Identifikation af en online visumans\u00f8gning<\/figcaption><\/figure>\n\n<p>Ans\u00f8gere skal derefter udfylde onlineformularen. Den er opdelt i flere afsnit, der d\u00e6kker f\u00f8lgende oplysninger: <\/p>\n\n<ul class=\"wp-block-list\">\n<li>Kandidatens personlige oplysninger<\/li>\n\n\n\n<li>Information om den planlagte rejse<\/li>\n\n\n\n<li>Introduktion til andre rejsende<\/li>\n\n\n\n<li>Beskrivelse af tidligere rejser til USA<\/li>\n\n\n\n<li>Personlig adresse og telefon<\/li>\n\n\n\n<li><a href=\"https:\/\/usa-b2.com\/da\/pas-rejse-usa\/\">Pasoplysninger for USA<\/a><\/li>\n\n\n\n<li>Kontakter i USA<\/li>\n\n\n\n<li>Familiesituation<\/li>\n\n\n\n<li>Besk\u00e6ftigelse, uddannelse og tr\u00e6ning<\/li>\n\n\n\n<li>Sikkerhed og milj\u00f8<\/li>\n<\/ul>\n\n<p>N\u00e5r formularen er udfyldt, kan ans\u00f8geren indsende sin ans\u00f8gning. P\u00e5 bekr\u00e6ftelsessiden vises den personlige kode, som ans\u00f8geren har f\u00e5et tildelt til vedh\u00e6ftning af dokumentation. <\/p>\n\n<h3 class=\"wp-block-heading\">Betal visumgebyret for at validere visumans\u00f8gningen<\/h3>\n\n<p><a href=\"https:\/\/usa-b2.com\/da\/gebyrer-b2-visum\/\">B2-visumgebyret<\/a> er 185 USD. Bel\u00f8bet blev forh\u00f8jet i 2023. For at validere visumans\u00f8gningen online skal ans\u00f8gere betale gebyrerne umiddelbart efter registreringen af deres visumans\u00f8gning.<\/p>\n\n<p>Visa-gebyrer kan betales p\u00e5 forskellige m\u00e5der:<\/p>\n\n<ul class=\"wp-block-list\">\n<li>Online betaling med kreditkort<\/li>\n\n\n\n<li>Betaling af gebyrer ved bankoverf\u00f8rsel<\/li>\n\n\n\n<li>Betaling med kontant indbetalingskort i en amerikansk akkrediteret bank<\/li>\n<\/ul>\n\n<p>Bel\u00f8bet er udtrykt i dollars, men vil automatisk blive konverteret til kandidatens lokale valuta af kandidatens bank. Betalingsbeviset skal gemmes og vedl\u00e6gges de dokumenter, der skal fremvises ved <a href=\"https:\/\/usa-b2.com\/da\/visumaftale-amerikanske-ambassade\/\">visumaftalen p\u00e5 ambassaden<\/a>. <\/p>\n\n<h3 class=\"wp-block-heading\">Lav en aftale om et interview med en amerikansk konsul\u00e6r medarbejder.<\/h3>\n\n<p>N\u00e5r visumgebyret er betalt, skal ans\u00f8geren lave en aftale med den amerikanske ambassade eller konsulat i det land, hvor han eller hun bor. Ans\u00f8gere skal gennemg\u00e5 et interview med en konsul\u00e6r embedsmand p\u00e5 den amerikanske ambassade eller konsulat p\u00e5 stedet.   <\/p>\n\n<p>Tidsbestilling kan ske online via <a href=\"https:\/\/www.uscis.gov\/\">USCIS<\/a>&#8216; hjemmeside. Kandidaterne v\u00e6lger blandt de tilg\u00e6ngelige datoer og tidspunkter, der er sl\u00e5et op online. Generelt er ambassaderne organiseret s\u00e5ledes, at interviews finder sted om morgenen fra mandag til fredag.<\/p>\n\n<p>Dette interview er den sidste fase i opn\u00e5elsen af et visum, og vi forklarer n\u00e6rmere nedenfor, hvordan det fungerer. N\u00e5r <a href=\"https:\/\/usa-b2.com\/da\/visumaftale-amerikanske-ambassade\/\">visumsamtalen p\u00e5 ambassaden<\/a> er blevet arrangeret, skal ans\u00f8geren forberede de dokumenter, der skal indsendes p\u00e5 dagen for aftalen. <\/p>\n\n<h3 class=\"wp-block-heading\">Forberedelse til m\u00f8det om visumans\u00f8gning<\/h3>\n\n<p>Ans\u00f8gere skal forberede sig p\u00e5 den aftale, der vil f\u00e6rdigg\u00f8re deres visumans\u00f8gning. Denne forberedelse omfatter to hovedopgaver: <\/p>\n\n<ul class=\"wp-block-list\">\n<li>Foretag en l\u00e6geunders\u00f8gelse;<\/li>\n\n\n\n<li>Saml bilagene til din visumans\u00f8gning.<\/li>\n<\/ul>\n\n<p>Dokumentationsmappen, der skal forberedes til m\u00f8det, indeholder alle de originale dokumenter, der begrunder visumans\u00f8gningen. Disse dokumenter skal fremvises ved interviewet. <\/p>\n\n<p><strong>Her er listen over dokumenter, der kr\u00e6ves til en B2-visumans\u00f8gning<\/strong><\/p>\n\n<ul class=\"wp-block-list\">\n<li>Bevis for betaling af <a href=\"https:\/\/usa-b2.com\/da\/gebyrer-b2-visum\/\">visumgebyr<\/a>;<\/li>\n\n\n\n<li>Den personlige identifikationskode, der blev opn\u00e5et, da formular DS-160 blev startet op;<\/li>\n\n\n\n<li>Trykt bekr\u00e6ftelse af din aftale<\/li>\n\n\n\n<li>Et foto, der opfylder kravene til et B2-visum;<\/li>\n\n\n\n<li>Et personligt brev, der beskriver \u00e5rsagen til dit ophold i USA;<\/li>\n\n\n\n<li>Bevis for finansiering af opholdet i USA;<\/li>\n\n\n\n<li>Dokumenter, der illustrerer ans\u00f8gerens tilknytning til oprindelseslandet og beviser, at vedkommende vil vende tilbage til sit land efter endt ophold;<\/li>\n\n\n\n<li>En ren straffeattest eller en attest fra myndighederne om, at du ikke har nogen domme.<\/li>\n<\/ul>\n\n<div style=\"height:10px\" aria-hidden=\"true\" class=\"wp-block-spacer\"><\/div>\n\n<h3 class=\"wp-block-heading\">Deltag i interviewet p\u00e5 den amerikanske ambassade<\/h3>\n\n<p>Ans\u00f8gere b\u00f8r ankomme til ambassaden med 15 minutter ekstra til sikkerhedstjek f\u00f8r m\u00f8detidspunktet. N\u00e5r de er kommet igennem sikkerhedstjekket, f\u00e5r de taget fingeraftryk og bliver f\u00f8rt til ventev\u00e6relset, hvor de kan f\u00e5 deres aftale. <\/p>\n\n<p>Interviewet varer omkring 15 minutter og foreg\u00e5r som regel p\u00e5 engelsk. Udvekslingen kan foreg\u00e5 p\u00e5 det lokale sprog, hvis ambassadens embedsmand taler sproget flydende. Under interviewet gennemg\u00e5s f\u00f8lgende emner:  <\/p>\n\n<ul class=\"wp-block-list\">\n<li>Hvorfor bes\u00f8ger du USA?<\/li>\n\n\n\n<li>Hvad bliver rejseplanen og indkvarteringen?<\/li>\n\n\n\n<li>Hvordan skal hele ferien finansieres?<\/li>\n<\/ul>\n\n<p>Ved afslutningen af interviewet vil den konsul\u00e6re medarbejder angive, om visummet er blevet bevilget. Det stemplede pas med <a href=\"https:\/\/usa-b2.com\/da\/\">B2-visumet<\/a> vil blive sendt med posten kort tid efter. <\/p>\n\n<p><\/p>\n","protected":false},"excerpt":{"rendered":"<p>S\u00e5dan ans\u00f8ger du om et B2-visum B2-visumans\u00f8gningsprocessen best\u00e5r af en r\u00e6kke trin, der gennemf\u00f8res online. Proceduren afsluttes med et interview p\u00e5 den amerikanske ambassade eller konsulat i ans\u00f8gerens bop\u00e6lsland. Hvordan ans\u00f8ger jeg om et B2-visum? For at ans\u00f8ge om et B2-turistvisum til USA skal ans\u00f8gere gennemf\u00f8re f\u00f8lgende trin: Hvis visumans\u00f8geren er statsborger i et land, [&hellip;]<\/p>\n","protected":false},"author":1,"featured_media":0,"parent":0,"menu_order":0,"comment_status":"closed","ping_status":"closed","template":"","meta":{"footnotes":""},"class_list":["post-1223","page","type-page","status-publish","hentry"],"yoast_head":"<!-- This site is optimized with the Yoast SEO plugin v27.4 - https:\/\/yoast.com\/product\/yoast-seo-wordpress\/ -->\n<title>Procedure for ans\u00f8gning om et B2-visum - USA B2<\/title>\n<meta name=\"description\" content=\"S\u00e5dan ans\u00f8ger du om et B2-visum online. Proceduren er detaljeret og best\u00e5r af flere trin.\" \/>\n<meta name=\"robots\" content=\"index, follow, max-snippet:-1, max-image-preview:large, max-video-preview:-1\" \/>\n<link rel=\"canonical\" href=\"https:\/\/usa-b2.com\/da\/ansogningsprocedure-visum-b2\/\" \/>\n<meta property=\"og:locale\" content=\"da_DK\" \/>\n<meta property=\"og:type\" content=\"article\" \/>\n<meta property=\"og:title\" content=\"Procedure for ans\u00f8gning om et B2-visum - USA B2\" \/>\n<meta property=\"og:description\" content=\"S\u00e5dan ans\u00f8ger du om et B2-visum online. Proceduren er detaljeret og best\u00e5r af flere trin.\" \/>\n<meta property=\"og:url\" content=\"https:\/\/usa-b2.com\/da\/ansogningsprocedure-visum-b2\/\" \/>\n<meta property=\"og:site_name\" content=\"USA B2\" \/>\n<meta property=\"article:modified_time\" content=\"2025-02-06T10:09:43+00:00\" \/>\n<meta property=\"og:image\" content=\"https:\/\/usa-b2.com\/wp-content\/uploads\/2024\/02\/ID-b2-visa-application.webp\" \/>\n\t<meta property=\"og:image:width\" content=\"562\" \/>\n\t<meta property=\"og:image:height\" content=\"274\" \/>\n\t<meta property=\"og:image:type\" content=\"image\/webp\" \/>\n<meta name=\"twitter:card\" content=\"summary_large_image\" \/>\n<meta name=\"twitter:label1\" content=\"Estimeret l\u00e6setid\" \/>\n\t<meta name=\"twitter:data1\" content=\"4 minutter\" \/>\n<script type=\"application\/ld+json\" class=\"yoast-schema-graph\">{\"@context\":\"https:\\\/\\\/schema.org\",\"@graph\":[{\"@type\":\"WebPage\",\"@id\":\"https:\\\/\\\/usa-b2.com\\\/da\\\/ansogningsprocedure-visum-b2\\\/\",\"url\":\"https:\\\/\\\/usa-b2.com\\\/da\\\/ansogningsprocedure-visum-b2\\\/\",\"name\":\"Procedure for ans\u00f8gning om et B2-visum - USA B2\",\"isPartOf\":{\"@id\":\"https:\\\/\\\/usa-b2.com\\\/da\\\/#website\"},\"primaryImageOfPage\":{\"@id\":\"https:\\\/\\\/usa-b2.com\\\/da\\\/ansogningsprocedure-visum-b2\\\/#primaryimage\"},\"image\":{\"@id\":\"https:\\\/\\\/usa-b2.com\\\/da\\\/ansogningsprocedure-visum-b2\\\/#primaryimage\"},\"thumbnailUrl\":\"https:\\\/\\\/usa-b2.com\\\/wp-content\\\/uploads\\\/2024\\\/02\\\/ID-b2-visa-application.webp\",\"datePublished\":\"2024-02-27T10:25:43+00:00\",\"dateModified\":\"2025-02-06T10:09:43+00:00\",\"description\":\"S\u00e5dan ans\u00f8ger du om et B2-visum online. Proceduren er detaljeret og best\u00e5r af flere trin.\",\"breadcrumb\":{\"@id\":\"https:\\\/\\\/usa-b2.com\\\/da\\\/ansogningsprocedure-visum-b2\\\/#breadcrumb\"},\"inLanguage\":\"da-DK\",\"potentialAction\":[{\"@type\":\"ReadAction\",\"target\":[\"https:\\\/\\\/usa-b2.com\\\/da\\\/ansogningsprocedure-visum-b2\\\/\"]}]},{\"@type\":\"ImageObject\",\"inLanguage\":\"da-DK\",\"@id\":\"https:\\\/\\\/usa-b2.com\\\/da\\\/ansogningsprocedure-visum-b2\\\/#primaryimage\",\"url\":\"https:\\\/\\\/usa-b2.com\\\/wp-content\\\/uploads\\\/2024\\\/02\\\/ID-b2-visa-application.webp\",\"contentUrl\":\"https:\\\/\\\/usa-b2.com\\\/wp-content\\\/uploads\\\/2024\\\/02\\\/ID-b2-visa-application.webp\"},{\"@type\":\"BreadcrumbList\",\"@id\":\"https:\\\/\\\/usa-b2.com\\\/da\\\/ansogningsprocedure-visum-b2\\\/#breadcrumb\",\"itemListElement\":[{\"@type\":\"ListItem\",\"position\":1,\"name\":\"Accueil\",\"item\":\"https:\\\/\\\/usa-b2.com\\\/da\\\/usa\\\/\"},{\"@type\":\"ListItem\",\"position\":2,\"name\":\"Procedure for ans\u00f8gning om et B2-visum\"}]},{\"@type\":\"WebSite\",\"@id\":\"https:\\\/\\\/usa-b2.com\\\/da\\\/#website\",\"url\":\"https:\\\/\\\/usa-b2.com\\\/da\\\/\",\"name\":\"USA B2 VISA\",\"description\":\"\",\"potentialAction\":[{\"@type\":\"SearchAction\",\"target\":{\"@type\":\"EntryPoint\",\"urlTemplate\":\"https:\\\/\\\/usa-b2.com\\\/da\\\/?s={search_term_string}\"},\"query-input\":{\"@type\":\"PropertyValueSpecification\",\"valueRequired\":true,\"valueName\":\"search_term_string\"}}],\"inLanguage\":\"da-DK\"}]}<\/script>\n<!-- \/ Yoast SEO plugin. -->","yoast_head_json":{"title":"Procedure for ans\u00f8gning om et B2-visum - USA B2","description":"S\u00e5dan ans\u00f8ger du om et B2-visum online. Proceduren er detaljeret og best\u00e5r af flere trin.","robots":{"index":"index","follow":"follow","max-snippet":"max-snippet:-1","max-image-preview":"max-image-preview:large","max-video-preview":"max-video-preview:-1"},"canonical":"https:\/\/usa-b2.com\/da\/ansogningsprocedure-visum-b2\/","og_locale":"da_DK","og_type":"article","og_title":"Procedure for ans\u00f8gning om et B2-visum - USA B2","og_description":"S\u00e5dan ans\u00f8ger du om et B2-visum online. Proceduren er detaljeret og best\u00e5r af flere trin.","og_url":"https:\/\/usa-b2.com\/da\/ansogningsprocedure-visum-b2\/","og_site_name":"USA B2","article_modified_time":"2025-02-06T10:09:43+00:00","og_image":[{"width":562,"height":274,"url":"https:\/\/usa-b2.com\/wp-content\/uploads\/2024\/02\/ID-b2-visa-application.webp","type":"image\/webp"}],"twitter_card":"summary_large_image","twitter_misc":{"Estimeret l\u00e6setid":"4 minutter"},"schema":{"@context":"https:\/\/schema.org","@graph":[{"@type":"WebPage","@id":"https:\/\/usa-b2.com\/da\/ansogningsprocedure-visum-b2\/","url":"https:\/\/usa-b2.com\/da\/ansogningsprocedure-visum-b2\/","name":"Procedure for ans\u00f8gning om et B2-visum - USA B2","isPartOf":{"@id":"https:\/\/usa-b2.com\/da\/#website"},"primaryImageOfPage":{"@id":"https:\/\/usa-b2.com\/da\/ansogningsprocedure-visum-b2\/#primaryimage"},"image":{"@id":"https:\/\/usa-b2.com\/da\/ansogningsprocedure-visum-b2\/#primaryimage"},"thumbnailUrl":"https:\/\/usa-b2.com\/wp-content\/uploads\/2024\/02\/ID-b2-visa-application.webp","datePublished":"2024-02-27T10:25:43+00:00","dateModified":"2025-02-06T10:09:43+00:00","description":"S\u00e5dan ans\u00f8ger du om et B2-visum online. Proceduren er detaljeret og best\u00e5r af flere trin.","breadcrumb":{"@id":"https:\/\/usa-b2.com\/da\/ansogningsprocedure-visum-b2\/#breadcrumb"},"inLanguage":"da-DK","potentialAction":[{"@type":"ReadAction","target":["https:\/\/usa-b2.com\/da\/ansogningsprocedure-visum-b2\/"]}]},{"@type":"ImageObject","inLanguage":"da-DK","@id":"https:\/\/usa-b2.com\/da\/ansogningsprocedure-visum-b2\/#primaryimage","url":"https:\/\/usa-b2.com\/wp-content\/uploads\/2024\/02\/ID-b2-visa-application.webp","contentUrl":"https:\/\/usa-b2.com\/wp-content\/uploads\/2024\/02\/ID-b2-visa-application.webp"},{"@type":"BreadcrumbList","@id":"https:\/\/usa-b2.com\/da\/ansogningsprocedure-visum-b2\/#breadcrumb","itemListElement":[{"@type":"ListItem","position":1,"name":"Accueil","item":"https:\/\/usa-b2.com\/da\/usa\/"},{"@type":"ListItem","position":2,"name":"Procedure for ans\u00f8gning om et B2-visum"}]},{"@type":"WebSite","@id":"https:\/\/usa-b2.com\/da\/#website","url":"https:\/\/usa-b2.com\/da\/","name":"USA B2 VISA","description":"","potentialAction":[{"@type":"SearchAction","target":{"@type":"EntryPoint","urlTemplate":"https:\/\/usa-b2.com\/da\/?s={search_term_string}"},"query-input":{"@type":"PropertyValueSpecification","valueRequired":true,"valueName":"search_term_string"}}],"inLanguage":"da-DK"}]}},"_links":{"self":[{"href":"https:\/\/usa-b2.com\/da\/wp-json\/wp\/v2\/pages\/1223","targetHints":{"allow":["GET"]}}],"collection":[{"href":"https:\/\/usa-b2.com\/da\/wp-json\/wp\/v2\/pages"}],"about":[{"href":"https:\/\/usa-b2.com\/da\/wp-json\/wp\/v2\/types\/page"}],"author":[{"embeddable":true,"href":"https:\/\/usa-b2.com\/da\/wp-json\/wp\/v2\/users\/1"}],"replies":[{"embeddable":true,"href":"https:\/\/usa-b2.com\/da\/wp-json\/wp\/v2\/comments?post=1223"}],"version-history":[{"count":0,"href":"https:\/\/usa-b2.com\/da\/wp-json\/wp\/v2\/pages\/1223\/revisions"}],"wp:attachment":[{"href":"https:\/\/usa-b2.com\/da\/wp-json\/wp\/v2\/media?parent=1223"}],"curies":[{"name":"wp","href":"https:\/\/api.w.org\/{rel}","templated":true}]}}