{"id":1206,"date":"2024-02-27T10:27:31","date_gmt":"2024-02-27T10:27:31","guid":{"rendered":"https:\/\/usa-b2.com\/transitvisum-usa\/"},"modified":"2025-10-28T16:42:25","modified_gmt":"2025-10-28T16:42:25","slug":"transit-visum-usa","status":"publish","type":"page","link":"https:\/\/usa-b2.com\/da\/transit-visum-usa\/","title":{"rendered":"Transitvisum til USA"},"content":{"rendered":"\n<h1 class=\"wp-block-heading\">Opn\u00e5else af et visum til transit gennem USA<\/h1>\n\n<p>Ved mellemlanding i USA skal udenlandske rejsende have tilladelse til transit gennem amerikansk territorium. Transitvisummet giver rejsende mulighed for at rejse gennem USA p\u00e5 vej til deres endelige destination.<\/p>\n\n<p><strong>For et stopover i USA<\/strong>: Det er ikke n\u00f8dvendigt at ans\u00f8ge om et transitvisum. Du kan ganske enkelt ans\u00f8ge om ESTA-rejsetilladelse ved at klikke p\u00e5 <a href=\"https:\/\/usa-b2.com\/da\/esta-formular-online\/\">ESTA-onlineformularen<\/a>.<\/p>\n\n<div style=\"height:10px\" aria-hidden=\"true\" class=\"wp-block-spacer\"><\/div>\n\n<h2 class=\"wp-block-heading\">Hvad er et transitvisum?<\/h2>\n\n<p>Et amerikansk transitvisum er en tilladelse til at rejse ind i USA. Det giver dig mulighed for at blive i USA p\u00e5 en mellemlanding. Visumindehaveren skal forts\u00e6tte sin rejse og forlade USA som planlagt.<\/p>\n\n<h2 class=\"wp-block-heading\">Hvem kan ans\u00f8ge om et transitvisum?<\/h2>\n\n<p>Alle udenlandske rejsende, der mellemlander i USA, kan ans\u00f8ge om et amerikansk transitvisum. Deres endelige destination m\u00e5 ikke v\u00e6re i USA, ellers skal de ans\u00f8ge om et <a href=\"https:\/\/usa-b2.com\/da\/besogs-visum-usa\/\">B1\/B2-bes\u00f8gsvisum<\/a> eller en anden form for amerikansk visum.  <\/p>\n\n<p>Der er en r\u00e6kke andre specifikke tilf\u00e6lde, som f.eks:  <\/p>\n\n<ul class=\"wp-block-list\">\n<li>Udenlandske statsborgere eller FN-ansatte kan ogs\u00e5 f\u00e5 et transitvisum til FN&#8217;s operationer i New York;<\/li>\n\n\n\n<li>Udenlandske embedsm\u00e6nd, der rejser i embeds medf\u00f8r, kan f\u00e5 et transitvisum til en mellemlanding i USA.<\/li>\n<\/ul>\n\n<h2 class=\"wp-block-heading\">Hvad er de forskellige transitvisa?<\/h2>\n\n<p>Transitvisa er inddelt i tre hovedkategorier, der er tilpasset forskellige rejsesituationer:<\/p>\n\n<ol class=\"wp-block-list\">\n<li><strong>C1-visum: til traditionelle rejsende i transit<\/strong><br \/>Denne type visum er beregnet til passagerer, der g\u00f8r et midlertidigt ophold i et land, f\u00f8r de forts\u00e6tter deres rejse til den endelige destination. Hvis du f.eks. rejser til et andet land med et tilslutningsfly, der kr\u00e6ver, at du rejser ind i landet, giver C1-visummet dig mulighed for at opholde dig lovligt i transitzonen eller rejse der kortvarigt. Dette visum bruges ofte af turister eller professionelle, der rejser internationalt.<\/li>\n\n\n\n<li><strong>C2-visum: til rejsende i transit til FN&#8217;s hovedkvarter<\/strong><br \/>C2-visummet er udelukkende beregnet til personer, der rejser til FN&#8217;s hovedkvarter i New York i forbindelse med officielle missioner eller FN-relaterede arrangementer. Den g\u00e6lder udelukkende for transit og begr\u00e6nser generelt rejser til FN&#8217;s specifikke omr\u00e5de. Dette visum opfylder behovene for delegerede, medarbejdere eller repr\u00e6sentanter, der deltager i internationale konferencer eller m\u00f8der.<\/li>\n\n\n\n<li><strong>C3-visum: til medlemmer af udenlandske regeringer<\/strong><br \/>Dette visum er beregnet til medlemmer af udenlandske regeringer, deres familier eller ledsagende personer, som rejser gennem et land i officielt \u00e6rinde. Det afspejler deres diplomatiske status og giver dem mulighed for at passere kortvarigt gennem et land, mens de respekterer internationale protokoller.<\/li>\n<\/ol>\n\n<p>Afh\u00e6ngigt af den rejsendes profil er det vigtigt at v\u00e6lge den rigtige visumkategori.<\/p>\n\n<h2 class=\"wp-block-heading\">Hvordan f\u00e5r jeg et transitvisum?<\/h2>\n\n<p>For at f\u00e5 et transitvisum til USA skal du f\u00f8lge en r\u00e6kke trin:<\/p>\n\n<ul class=\"wp-block-list\">\n<li>Bestem, hvilken type visum der kr\u00e6ves, et C1-, C2- eller C3-visum afh\u00e6ngigt af situationen;<\/li>\n\n\n\n<li>Udfyld <a href=\"https:\/\/usa-b2.com\/da\/ds-160\/\">formular DS-160<\/a> online med n\u00f8jagtige og fuldst\u00e6ndige oplysninger.<\/li>\n\n\n\n<li>N\u00e5r formularen er indsendt, skal du betale det ikke-refunderbare <a href=\"https:\/\/usa-b2.com\/fr\/frais-visa-b2-usa\/\">visumans\u00f8gningsgebyr<\/a>.<\/li>\n\n\n\n<li>Planl\u00e6g derefter et <a href=\"https:\/\/usa-b2.com\/da\/visumaftale-amerikanske-ambassade\/\">interview p\u00e5 den amerikanske ambassade<\/a> i dit bop\u00e6lsland. Ved dette interview skal du fremvise dokumentation, herunder : \n<ul class=\"wp-block-list\">\n<li>Et <a href=\"https:\/\/usa-b2.com\/da\/pas-rejse-usa\/\">pas der er gyldigt til rejser til USA<\/a><\/li>\n\n\n\n<li>Det foto, der opfylder kravene<\/li>\n\n\n\n<li>Bekr\u00e6ftelse af <a href=\"https:\/\/usa-b2.com\/da\/ds-160\/\">formular DS-160<\/a><\/li>\n\n\n\n<li>Bevis for rejseplan, f.eks. flybilletter<\/li>\n\n\n\n<li>Ethvert dokument, der bekr\u00e6fter officiel status under et C2- eller C3-visum.<\/li>\n<\/ul>\n<\/li>\n<\/ul>\n\n<div style=\"height:10px\" aria-hidden=\"true\" class=\"wp-block-spacer\"><\/div>\n\n<p>Det er vigtigt at vise, at transit gennem USA ikke er en mulighed for at blive i landet. N\u00e5r det er godkendt, bliver visummet sat ind i passet, s\u00e5 det er lovligt at rejse gennem USA.<\/p>\n","protected":false},"excerpt":{"rendered":"<p>Opn\u00e5else af et visum til transit gennem USA Ved mellemlanding i USA skal udenlandske rejsende have tilladelse til transit gennem amerikansk territorium. Transitvisummet giver rejsende mulighed for at rejse gennem USA p\u00e5 vej til deres endelige destination. For et stopover i USA: Det er ikke n\u00f8dvendigt at ans\u00f8ge om et transitvisum. Du kan ganske enkelt [&hellip;]<\/p>\n","protected":false},"author":1,"featured_media":0,"parent":0,"menu_order":0,"comment_status":"closed","ping_status":"closed","template":"","meta":{"footnotes":""},"class_list":["post-1206","page","type-page","status-publish","hentry"],"yoast_head":"<!-- This site is optimized with the Yoast SEO plugin v27.4 - https:\/\/yoast.com\/product\/yoast-seo-wordpress\/ -->\n<title>Transitvisum til USA - USA B2<\/title>\n<meta name=\"description\" content=\"For at tage et stopover i USA skal du have et gyldigt visum eller en ESTA-autorisation.\" \/>\n<meta name=\"robots\" content=\"index, follow, max-snippet:-1, max-image-preview:large, max-video-preview:-1\" \/>\n<link rel=\"canonical\" href=\"https:\/\/usa-b2.com\/da\/transit-visum-usa\/\" \/>\n<meta property=\"og:locale\" content=\"da_DK\" \/>\n<meta property=\"og:type\" content=\"article\" \/>\n<meta property=\"og:title\" content=\"Transitvisum til USA - USA B2\" \/>\n<meta property=\"og:description\" content=\"For at tage et stopover i USA skal du have et gyldigt visum eller en ESTA-autorisation.\" \/>\n<meta property=\"og:url\" content=\"https:\/\/usa-b2.com\/da\/transit-visum-usa\/\" \/>\n<meta property=\"og:site_name\" content=\"USA B2\" \/>\n<meta property=\"article:modified_time\" content=\"2025-10-28T16:42:25+00:00\" \/>\n<meta name=\"twitter:card\" content=\"summary_large_image\" \/>\n<meta name=\"twitter:label1\" content=\"Estimeret l\u00e6setid\" \/>\n\t<meta name=\"twitter:data1\" content=\"3 minutter\" \/>\n<script type=\"application\/ld+json\" class=\"yoast-schema-graph\">{\"@context\":\"https:\\\/\\\/schema.org\",\"@graph\":[{\"@type\":\"WebPage\",\"@id\":\"https:\\\/\\\/usa-b2.com\\\/da\\\/transit-visum-usa\\\/\",\"url\":\"https:\\\/\\\/usa-b2.com\\\/da\\\/transit-visum-usa\\\/\",\"name\":\"Transitvisum til USA - USA B2\",\"isPartOf\":{\"@id\":\"https:\\\/\\\/usa-b2.com\\\/da\\\/#website\"},\"datePublished\":\"2024-02-27T10:27:31+00:00\",\"dateModified\":\"2025-10-28T16:42:25+00:00\",\"description\":\"For at tage et stopover i USA skal du have et gyldigt visum eller en ESTA-autorisation.\",\"breadcrumb\":{\"@id\":\"https:\\\/\\\/usa-b2.com\\\/da\\\/transit-visum-usa\\\/#breadcrumb\"},\"inLanguage\":\"da-DK\",\"potentialAction\":[{\"@type\":\"ReadAction\",\"target\":[\"https:\\\/\\\/usa-b2.com\\\/da\\\/transit-visum-usa\\\/\"]}]},{\"@type\":\"BreadcrumbList\",\"@id\":\"https:\\\/\\\/usa-b2.com\\\/da\\\/transit-visum-usa\\\/#breadcrumb\",\"itemListElement\":[{\"@type\":\"ListItem\",\"position\":1,\"name\":\"Accueil\",\"item\":\"https:\\\/\\\/usa-b2.com\\\/da\\\/usa\\\/\"},{\"@type\":\"ListItem\",\"position\":2,\"name\":\"Transitvisum til USA\"}]},{\"@type\":\"WebSite\",\"@id\":\"https:\\\/\\\/usa-b2.com\\\/da\\\/#website\",\"url\":\"https:\\\/\\\/usa-b2.com\\\/da\\\/\",\"name\":\"USA B2 VISA\",\"description\":\"\",\"potentialAction\":[{\"@type\":\"SearchAction\",\"target\":{\"@type\":\"EntryPoint\",\"urlTemplate\":\"https:\\\/\\\/usa-b2.com\\\/da\\\/?s={search_term_string}\"},\"query-input\":{\"@type\":\"PropertyValueSpecification\",\"valueRequired\":true,\"valueName\":\"search_term_string\"}}],\"inLanguage\":\"da-DK\"}]}<\/script>\n<!-- \/ Yoast SEO plugin. -->","yoast_head_json":{"title":"Transitvisum til USA - USA B2","description":"For at tage et stopover i USA skal du have et gyldigt visum eller en ESTA-autorisation.","robots":{"index":"index","follow":"follow","max-snippet":"max-snippet:-1","max-image-preview":"max-image-preview:large","max-video-preview":"max-video-preview:-1"},"canonical":"https:\/\/usa-b2.com\/da\/transit-visum-usa\/","og_locale":"da_DK","og_type":"article","og_title":"Transitvisum til USA - USA B2","og_description":"For at tage et stopover i USA skal du have et gyldigt visum eller en ESTA-autorisation.","og_url":"https:\/\/usa-b2.com\/da\/transit-visum-usa\/","og_site_name":"USA B2","article_modified_time":"2025-10-28T16:42:25+00:00","twitter_card":"summary_large_image","twitter_misc":{"Estimeret l\u00e6setid":"3 minutter"},"schema":{"@context":"https:\/\/schema.org","@graph":[{"@type":"WebPage","@id":"https:\/\/usa-b2.com\/da\/transit-visum-usa\/","url":"https:\/\/usa-b2.com\/da\/transit-visum-usa\/","name":"Transitvisum til USA - USA B2","isPartOf":{"@id":"https:\/\/usa-b2.com\/da\/#website"},"datePublished":"2024-02-27T10:27:31+00:00","dateModified":"2025-10-28T16:42:25+00:00","description":"For at tage et stopover i USA skal du have et gyldigt visum eller en ESTA-autorisation.","breadcrumb":{"@id":"https:\/\/usa-b2.com\/da\/transit-visum-usa\/#breadcrumb"},"inLanguage":"da-DK","potentialAction":[{"@type":"ReadAction","target":["https:\/\/usa-b2.com\/da\/transit-visum-usa\/"]}]},{"@type":"BreadcrumbList","@id":"https:\/\/usa-b2.com\/da\/transit-visum-usa\/#breadcrumb","itemListElement":[{"@type":"ListItem","position":1,"name":"Accueil","item":"https:\/\/usa-b2.com\/da\/usa\/"},{"@type":"ListItem","position":2,"name":"Transitvisum til USA"}]},{"@type":"WebSite","@id":"https:\/\/usa-b2.com\/da\/#website","url":"https:\/\/usa-b2.com\/da\/","name":"USA B2 VISA","description":"","potentialAction":[{"@type":"SearchAction","target":{"@type":"EntryPoint","urlTemplate":"https:\/\/usa-b2.com\/da\/?s={search_term_string}"},"query-input":{"@type":"PropertyValueSpecification","valueRequired":true,"valueName":"search_term_string"}}],"inLanguage":"da-DK"}]}},"_links":{"self":[{"href":"https:\/\/usa-b2.com\/da\/wp-json\/wp\/v2\/pages\/1206","targetHints":{"allow":["GET"]}}],"collection":[{"href":"https:\/\/usa-b2.com\/da\/wp-json\/wp\/v2\/pages"}],"about":[{"href":"https:\/\/usa-b2.com\/da\/wp-json\/wp\/v2\/types\/page"}],"author":[{"embeddable":true,"href":"https:\/\/usa-b2.com\/da\/wp-json\/wp\/v2\/users\/1"}],"replies":[{"embeddable":true,"href":"https:\/\/usa-b2.com\/da\/wp-json\/wp\/v2\/comments?post=1206"}],"version-history":[{"count":3,"href":"https:\/\/usa-b2.com\/da\/wp-json\/wp\/v2\/pages\/1206\/revisions"}],"predecessor-version":[{"id":10688,"href":"https:\/\/usa-b2.com\/da\/wp-json\/wp\/v2\/pages\/1206\/revisions\/10688"}],"wp:attachment":[{"href":"https:\/\/usa-b2.com\/da\/wp-json\/wp\/v2\/media?parent=1206"}],"curies":[{"name":"wp","href":"https:\/\/api.w.org\/{rel}","templated":true}]}}