{"id":1098,"date":"2024-02-10T17:14:25","date_gmt":"2024-02-10T17:14:25","guid":{"rendered":"https:\/\/usa-b2.com\/gebyrer-b2-visum\/"},"modified":"2025-10-13T13:48:39","modified_gmt":"2025-10-13T13:48:39","slug":"gebyrer-b2-visum","status":"publish","type":"page","link":"https:\/\/usa-b2.com\/da\/gebyrer-b2-visum\/","title":{"rendered":"Gebyrer for det amerikanske B2-visum"},"content":{"rendered":"\n<h1 class=\"wp-block-heading\">Hvor meget koster et B2-visum?<\/h1>\n\n<p>N\u00e5r man ans\u00f8ger om et B2-visum, skal man betale et administrationsgebyr for at f\u00e5 sin ans\u00f8gning godkendt. Betaling af gebyret er obligatorisk og finder sted, f\u00f8r visumans\u00f8gningen behandles.<\/p>\n\n<p><strong>For et ophold p\u00e5 mindre end 90 dage i USA<\/strong> : Det er ikke n\u00f8dvendigt at ans\u00f8ge om visum. Du kan ans\u00f8ge om en elektronisk rejsetilladelse p\u00e5 blot et par minutter ved at klikke p\u00e5 <a href=\"https:\/\/usa-b2.com\/da\/esta-formular-online\/\">ESTA-onlineformularen<\/a>.<\/p>\n\n<div style=\"height:10px\" aria-hidden=\"true\" class=\"wp-block-spacer\"><\/div>\n\n<h2 class=\"wp-block-heading\" id=\"h-qui-est-concerne-par-ces-frais\">Hvem betaler omkostningerne?<\/h2>\n\n<p>Gebyrerne for at ans\u00f8ge om visum til USA g\u00e6lder for alle udenlandske statsborgere, der \u00f8nsker at bes\u00f8ge USA, uanset alder. Dette gebyr kan ikke refunderes og skal betales, f\u00f8r visumans\u00f8gningen behandles.<\/p>\n\n<h2 class=\"wp-block-heading\">Hvorn\u00e5r skal jeg betale visumgebyret?<\/h2>\n\n<p>Betaling af visumgebyret er p\u00e5kr\u00e6vet, n\u00e5r ans\u00f8geren har udfyldt <a href=\"https:\/\/usa-b2.com\/fr\/ds-160\/\">DS 160-visumans\u00f8gningsskemaet<\/a>. Betaling af gebyret validerer visumans\u00f8gningen og starter den administrative behandling. <\/p>\n\n<h2 class=\"wp-block-heading\" id=\"h-montant-des-frais-pour-une-demande-de-visa-usa\">Hvor meget koster det?<\/h2>\n\n<p>Gebyret for validering af en <a href=\"https:\/\/usa-b2.com\/da\/b2-visum\/\">B2-visumans\u00f8gning<\/a> er US$185. Dette bel\u00f8b fasts\u00e6ttes af det amerikanske udenrigsministerium og opdateres regelm\u00e6ssigt. Du kan finde mere detaljerede oplysninger p\u00e5 <a href=\"https:\/\/travel.state.gov\/content\/travel\/en\/us-visas\/visa-information-resources\/fees\/fees-visa-services.html\">denne side<\/a>.<\/p>\n\n<h2 class=\"wp-block-heading\" id=\"h-comment-payer-les-frais-de-visa\">Hvordan betaler jeg for mit visum?<\/h2>\n\n<h3 class=\"wp-block-heading\" id=\"h-paiement-des-frais-par-virement-bancaire\">Betaling af gebyrer med kreditkort<\/h3>\n\n<p>Ans\u00f8gere kan betale visumgebyret direkte online med kreditkort. Bel\u00f8bet er udtrykt i dollars, men konverteres automatisk til den lokale valuta af banken.<\/p>\n\n<h3 class=\"wp-block-heading\" id=\"h-paiement-des-frais-par-virement-bancaire\">Betaling af gebyrer ved bankoverf\u00f8rsel<\/h3>\n\n<p>Ans\u00f8gere kan ogs\u00e5 betale visumgebyret via bankoverf\u00f8rsel. Gebyrer er angivet i dollars og flere andre lokale valutaer. Den anvendte valutakurs er fastsat af det amerikanske udenrigsministerium.<\/p>\n\n<h3 class=\"wp-block-heading\" id=\"h-paiement-en-cash-avec-un-bordereau-de-depot\">Betaling med indbetalingskort<\/h3>\n\n<p>Ans\u00f8gere kan ogs\u00e5 betale visumgebyret kontant. Du skal indbetale penge i en bank, der er godkendt af USA. Til geng\u00e6ld modtager de et indbetalingskort som bevis for betaling af gebyrerne.<\/p>\n\n<h2 class=\"wp-block-heading\" id=\"h-limitations-liees-au-paiement-des-frais-de-visa\">Refusion af betalte gebyrer i tilf\u00e6lde af afslag p\u00e5 visum<\/h2>\n\n<p>Det er ikke muligt at f\u00e5 refunderet betalte visumgebyrer, uanset udfaldet af ans\u00f8gningen.<\/p>\n\n<p>Betaling af gebyret kan heller ikke overf\u00f8res til en anden ans\u00f8ger til en anden B2-visumans\u00f8gning. Det kan ikke bruges eller overf\u00f8res til en anden visumans\u00f8gning.<\/p>\n\n<p>Hvis du ikke bruger kvitteringen i 1 \u00e5r, bortfalder de indbetalte gebyrer. Du vil ikke l\u00e6ngere kunne bruge kvitteringen til at retf\u00e6rdigg\u00f8re betalingen af gebyret, og du vil ikke kunne f\u00e5 en <a href=\"https:\/\/usa-b2.com\/da\/visumaftale-amerikanske-ambassade\/\">visumaftale p\u00e5 ambassaden<\/a> med denne ugyldige kvittering. Din ubrugte f\u00f8rste betaling vil derfor blive annulleret. Betaling af dette gebyr kan ikke refunderes af nogen som helst grund.<\/p>\n\n<h2 class=\"wp-block-heading\">Gyldighedsperiode for betaling af visumgebyr<\/h2>\n\n<p>Kandidaten modtager en nummereret kvittering, n\u00e5r gebyret er betalt. Dette betalingscertifikat er gyldigt i 1 \u00e5r. Ans\u00f8gere skal derfor bestille tid p\u00e5 den amerikanske ambassade til deres interview inden for den 1-\u00e5rige gyldighedsperiode for betalingen.<\/p>\n","protected":false},"excerpt":{"rendered":"<p>Hvor meget koster et B2-visum? N\u00e5r man ans\u00f8ger om et B2-visum, skal man betale et administrationsgebyr for at f\u00e5 sin ans\u00f8gning godkendt. Betaling af gebyret er obligatorisk og finder sted, f\u00f8r visumans\u00f8gningen behandles. For et ophold p\u00e5 mindre end 90 dage i USA : Det er ikke n\u00f8dvendigt at ans\u00f8ge om visum. Du kan ans\u00f8ge [&hellip;]<\/p>\n","protected":false},"author":1,"featured_media":0,"parent":0,"menu_order":0,"comment_status":"closed","ping_status":"closed","template":"","meta":{"footnotes":""},"class_list":["post-1098","page","type-page","status-publish","hentry"],"yoast_head":"<!-- This site is optimized with the Yoast SEO plugin v27.0 - https:\/\/yoast.com\/product\/yoast-seo-wordpress\/ -->\n<title>Gebyrer for det amerikanske B2-visum - USA B2<\/title>\n<meta name=\"description\" content=\"Hvor meget skal jeg betale online for et B2 turistvisum til USA?\" \/>\n<meta name=\"robots\" content=\"index, follow, max-snippet:-1, max-image-preview:large, max-video-preview:-1\" \/>\n<link rel=\"canonical\" href=\"https:\/\/usa-b2.com\/da\/gebyrer-b2-visum\/\" \/>\n<meta property=\"og:locale\" content=\"da_DK\" \/>\n<meta property=\"og:type\" content=\"article\" \/>\n<meta property=\"og:title\" content=\"Gebyrer for det amerikanske B2-visum - USA B2\" \/>\n<meta property=\"og:description\" content=\"Hvor meget skal jeg betale online for et B2 turistvisum til USA?\" \/>\n<meta property=\"og:url\" content=\"https:\/\/usa-b2.com\/da\/gebyrer-b2-visum\/\" \/>\n<meta property=\"og:site_name\" content=\"USA B2\" \/>\n<meta property=\"article:modified_time\" content=\"2025-10-13T13:48:39+00:00\" \/>\n<meta name=\"twitter:card\" content=\"summary_large_image\" \/>\n<meta name=\"twitter:label1\" content=\"Estimeret l\u00e6setid\" \/>\n\t<meta name=\"twitter:data1\" content=\"2 minutter\" \/>\n<script type=\"application\/ld+json\" class=\"yoast-schema-graph\">{\"@context\":\"https:\/\/schema.org\",\"@graph\":[{\"@type\":\"WebPage\",\"@id\":\"https:\/\/usa-b2.com\/da\/gebyrer-b2-visum\/\",\"url\":\"https:\/\/usa-b2.com\/da\/gebyrer-b2-visum\/\",\"name\":\"Gebyrer for det amerikanske B2-visum - USA B2\",\"isPartOf\":{\"@id\":\"https:\/\/usa-b2.com\/da\/#website\"},\"datePublished\":\"2024-02-10T17:14:25+00:00\",\"dateModified\":\"2025-10-13T13:48:39+00:00\",\"description\":\"Hvor meget skal jeg betale online for et B2 turistvisum til USA?\",\"breadcrumb\":{\"@id\":\"https:\/\/usa-b2.com\/da\/gebyrer-b2-visum\/#breadcrumb\"},\"inLanguage\":\"da-DK\",\"potentialAction\":[{\"@type\":\"ReadAction\",\"target\":[\"https:\/\/usa-b2.com\/da\/gebyrer-b2-visum\/\"]}]},{\"@type\":\"BreadcrumbList\",\"@id\":\"https:\/\/usa-b2.com\/da\/gebyrer-b2-visum\/#breadcrumb\",\"itemListElement\":[{\"@type\":\"ListItem\",\"position\":1,\"name\":\"Accueil\",\"item\":\"https:\/\/usa-b2.com\/da\/guide-roadtrips-usa\/\"},{\"@type\":\"ListItem\",\"position\":2,\"name\":\"Gebyrer for det amerikanske B2-visum\"}]},{\"@type\":\"WebSite\",\"@id\":\"https:\/\/usa-b2.com\/da\/#website\",\"url\":\"https:\/\/usa-b2.com\/da\/\",\"name\":\"USA B2 VISA\",\"description\":\"\",\"potentialAction\":[{\"@type\":\"SearchAction\",\"target\":{\"@type\":\"EntryPoint\",\"urlTemplate\":\"https:\/\/usa-b2.com\/da\/?s={search_term_string}\"},\"query-input\":{\"@type\":\"PropertyValueSpecification\",\"valueRequired\":true,\"valueName\":\"search_term_string\"}}],\"inLanguage\":\"da-DK\"}]}<\/script>\n<!-- \/ Yoast SEO plugin. -->","yoast_head_json":{"title":"Gebyrer for det amerikanske B2-visum - USA B2","description":"Hvor meget skal jeg betale online for et B2 turistvisum til USA?","robots":{"index":"index","follow":"follow","max-snippet":"max-snippet:-1","max-image-preview":"max-image-preview:large","max-video-preview":"max-video-preview:-1"},"canonical":"https:\/\/usa-b2.com\/da\/gebyrer-b2-visum\/","og_locale":"da_DK","og_type":"article","og_title":"Gebyrer for det amerikanske B2-visum - USA B2","og_description":"Hvor meget skal jeg betale online for et B2 turistvisum til USA?","og_url":"https:\/\/usa-b2.com\/da\/gebyrer-b2-visum\/","og_site_name":"USA B2","article_modified_time":"2025-10-13T13:48:39+00:00","twitter_card":"summary_large_image","twitter_misc":{"Estimeret l\u00e6setid":"2 minutter"},"schema":{"@context":"https:\/\/schema.org","@graph":[{"@type":"WebPage","@id":"https:\/\/usa-b2.com\/da\/gebyrer-b2-visum\/","url":"https:\/\/usa-b2.com\/da\/gebyrer-b2-visum\/","name":"Gebyrer for det amerikanske B2-visum - USA B2","isPartOf":{"@id":"https:\/\/usa-b2.com\/da\/#website"},"datePublished":"2024-02-10T17:14:25+00:00","dateModified":"2025-10-13T13:48:39+00:00","description":"Hvor meget skal jeg betale online for et B2 turistvisum til USA?","breadcrumb":{"@id":"https:\/\/usa-b2.com\/da\/gebyrer-b2-visum\/#breadcrumb"},"inLanguage":"da-DK","potentialAction":[{"@type":"ReadAction","target":["https:\/\/usa-b2.com\/da\/gebyrer-b2-visum\/"]}]},{"@type":"BreadcrumbList","@id":"https:\/\/usa-b2.com\/da\/gebyrer-b2-visum\/#breadcrumb","itemListElement":[{"@type":"ListItem","position":1,"name":"Accueil","item":"https:\/\/usa-b2.com\/da\/guide-roadtrips-usa\/"},{"@type":"ListItem","position":2,"name":"Gebyrer for det amerikanske B2-visum"}]},{"@type":"WebSite","@id":"https:\/\/usa-b2.com\/da\/#website","url":"https:\/\/usa-b2.com\/da\/","name":"USA B2 VISA","description":"","potentialAction":[{"@type":"SearchAction","target":{"@type":"EntryPoint","urlTemplate":"https:\/\/usa-b2.com\/da\/?s={search_term_string}"},"query-input":{"@type":"PropertyValueSpecification","valueRequired":true,"valueName":"search_term_string"}}],"inLanguage":"da-DK"}]}},"_links":{"self":[{"href":"https:\/\/usa-b2.com\/da\/wp-json\/wp\/v2\/pages\/1098","targetHints":{"allow":["GET"]}}],"collection":[{"href":"https:\/\/usa-b2.com\/da\/wp-json\/wp\/v2\/pages"}],"about":[{"href":"https:\/\/usa-b2.com\/da\/wp-json\/wp\/v2\/types\/page"}],"author":[{"embeddable":true,"href":"https:\/\/usa-b2.com\/da\/wp-json\/wp\/v2\/users\/1"}],"replies":[{"embeddable":true,"href":"https:\/\/usa-b2.com\/da\/wp-json\/wp\/v2\/comments?post=1098"}],"version-history":[{"count":2,"href":"https:\/\/usa-b2.com\/da\/wp-json\/wp\/v2\/pages\/1098\/revisions"}],"predecessor-version":[{"id":10141,"href":"https:\/\/usa-b2.com\/da\/wp-json\/wp\/v2\/pages\/1098\/revisions\/10141"}],"wp:attachment":[{"href":"https:\/\/usa-b2.com\/da\/wp-json\/wp\/v2\/media?parent=1098"}],"curies":[{"name":"wp","href":"https:\/\/api.w.org\/{rel}","templated":true}]}}