{"id":1010,"date":"2024-02-19T17:16:58","date_gmt":"2024-02-19T17:16:58","guid":{"rendered":"https:\/\/usa-b2.com\/fortrolighedspolitik\/"},"modified":"2025-02-06T10:08:35","modified_gmt":"2025-02-06T10:08:35","slug":"fortrolighedspolitik","status":"publish","type":"page","link":"https:\/\/usa-b2.com\/da\/fortrolighedspolitik\/","title":{"rendered":"Fortrolighedspolitik"},"content":{"rendered":"\n<h1 class=\"wp-block-heading\">Vores privatlivspolitik<\/h1>\n\n<p>usa-b2.com er et informationswebsted om mulige road-trips i USA. Siden tilbyder ingen online-tjenester. Den eneste formular p\u00e5 siden er <a href=\"https:\/\/usa-b2.com\/da\/kontakt\/\">kontaktformularen<\/a>.  <\/p>\n\n<h2 class=\"wp-block-heading\">Indsamling af oplysninger p\u00e5 webstedet<\/h2>\n\n<p>Her er listen over personlige oplysninger, der kan indsamles p\u00e5 vores websted:<\/p>\n\n<ul class=\"wp-block-list\">\n<li>Oplysninger om din computer og derfor din IP-adresse, din placering, din browser, dit operativsystem;<\/li>\n\n\n\n<li>Kontaktoplysninger, n\u00e5r du sender en e-mail til vores supportteam, s\u00e5som dit navn, fornavn, e-mail. Oplysningerne indeholdt i de e-mails, du sender til os.<\/li>\n<\/ul>\n\n<h2 class=\"wp-block-heading\">Brug af indsamlede data<\/h2>\n\n<p>Vi giver under ingen omst\u00e6ndigheder dine personlige oplysninger til tredjeparter. Vi bruger ikke de indsamlede data til direkte markedsf\u00f8ring eller kommercielle form\u00e5l.<\/p>\n\n<h2 class=\"wp-block-heading\">Dataopbevaringsperiode<\/h2>\n\n<p>De indsamlede data slettes regelm\u00e6ssigt, hvilket betyder, at vi ikke opbevarer e-mailindhold, der er blevet sendt til os i mere end en m\u00e5ned. Vi g\u00f8r ikke brug af browserdata til markedsf\u00f8ringsform\u00e5l.<\/p>\n\n<h2 class=\"wp-block-heading\">Dine rettigheder vedr\u00f8rende persondata<\/h2>\n\n<p>Du har ret til at bede os om at videregive alle personlige oplysninger, som vi har om dig; dette kan ske mod fremvisning af bevis for din identitet (bekr\u00e6ftet fotokopi af pas + faktura med angivelse af din bop\u00e6lsadresse).<\/p>\n\n<h2 class=\"wp-block-heading\">Opdatering af denne privatlivspolitik<\/h2>\n\n<p>Med j\u00e6vne mellemrum opdaterer vi denne politik. Det er n\u00f8dvendigt at tjekke denne side, n\u00e5r du bruger webstedet, for at se om der er sket \u00e6ndringer i fortrolighedspolitikken.<\/p>\n\n<h2 class=\"wp-block-heading\">Kontekstuelle links til tredjepartswebsteder<\/h2>\n\n<p>Vores hjemmeside indeholder hyperlinks til tredjeparts hjemmesider. Vi har ingen kontrol over disse websteder og er ikke ansvarlige for deres privatlivspolitikker eller deres forretning eller markedsf\u00f8ringspraksis.<\/p>\n\n<p><\/p>\n","protected":false},"excerpt":{"rendered":"<p>Vores privatlivspolitik usa-b2.com er et informationswebsted om mulige road-trips i USA. Siden tilbyder ingen online-tjenester. Den eneste formular p\u00e5 siden er kontaktformularen. Indsamling af oplysninger p\u00e5 webstedet Her er listen over personlige oplysninger, der kan indsamles p\u00e5 vores websted: Brug af indsamlede data Vi giver under ingen omst\u00e6ndigheder dine personlige oplysninger til tredjeparter. Vi bruger [&hellip;]<\/p>\n","protected":false},"author":1,"featured_media":0,"parent":0,"menu_order":0,"comment_status":"closed","ping_status":"closed","template":"","meta":{"footnotes":""},"class_list":["post-1010","page","type-page","status-publish","hentry"],"yoast_head":"<!-- This site is optimized with the Yoast SEO plugin v27.4 - https:\/\/yoast.com\/product\/yoast-seo-wordpress\/ -->\n<title>Fortrolighedspolitik - USA B2<\/title>\n<meta name=\"description\" content=\"Fortrolighedspolitik for hjemmesiden usa-b2.com\" \/>\n<meta name=\"robots\" content=\"noindex, nofollow\" \/>\n<meta property=\"og:locale\" content=\"da_DK\" \/>\n<meta property=\"og:type\" content=\"article\" \/>\n<meta property=\"og:title\" content=\"Fortrolighedspolitik - USA B2\" \/>\n<meta property=\"og:description\" content=\"Fortrolighedspolitik for hjemmesiden usa-b2.com\" \/>\n<meta property=\"og:url\" content=\"https:\/\/usa-b2.com\/da\/fortrolighedspolitik\/\" \/>\n<meta property=\"og:site_name\" content=\"USA B2\" \/>\n<meta property=\"article:modified_time\" content=\"2025-02-06T10:08:35+00:00\" \/>\n<meta name=\"twitter:card\" content=\"summary_large_image\" \/>\n<meta name=\"twitter:label1\" content=\"Estimeret l\u00e6setid\" \/>\n\t<meta name=\"twitter:data1\" content=\"1 minut\" \/>\n<script type=\"application\/ld+json\" class=\"yoast-schema-graph\">{\"@context\":\"https:\\\/\\\/schema.org\",\"@graph\":[{\"@type\":\"WebPage\",\"@id\":\"https:\\\/\\\/usa-b2.com\\\/da\\\/fortrolighedspolitik\\\/\",\"url\":\"https:\\\/\\\/usa-b2.com\\\/da\\\/fortrolighedspolitik\\\/\",\"name\":\"Fortrolighedspolitik - USA B2\",\"isPartOf\":{\"@id\":\"https:\\\/\\\/usa-b2.com\\\/da\\\/#website\"},\"datePublished\":\"2024-02-19T17:16:58+00:00\",\"dateModified\":\"2025-02-06T10:08:35+00:00\",\"description\":\"Fortrolighedspolitik for hjemmesiden usa-b2.com\",\"breadcrumb\":{\"@id\":\"https:\\\/\\\/usa-b2.com\\\/da\\\/fortrolighedspolitik\\\/#breadcrumb\"},\"inLanguage\":\"da-DK\",\"potentialAction\":[{\"@type\":\"ReadAction\",\"target\":[\"https:\\\/\\\/usa-b2.com\\\/da\\\/fortrolighedspolitik\\\/\"]}]},{\"@type\":\"BreadcrumbList\",\"@id\":\"https:\\\/\\\/usa-b2.com\\\/da\\\/fortrolighedspolitik\\\/#breadcrumb\",\"itemListElement\":[{\"@type\":\"ListItem\",\"position\":1,\"name\":\"Accueil\",\"item\":\"https:\\\/\\\/usa-b2.com\\\/da\\\/usa\\\/\"},{\"@type\":\"ListItem\",\"position\":2,\"name\":\"Fortrolighedspolitik\"}]},{\"@type\":\"WebSite\",\"@id\":\"https:\\\/\\\/usa-b2.com\\\/da\\\/#website\",\"url\":\"https:\\\/\\\/usa-b2.com\\\/da\\\/\",\"name\":\"USA B2 VISA\",\"description\":\"\",\"potentialAction\":[{\"@type\":\"SearchAction\",\"target\":{\"@type\":\"EntryPoint\",\"urlTemplate\":\"https:\\\/\\\/usa-b2.com\\\/da\\\/?s={search_term_string}\"},\"query-input\":{\"@type\":\"PropertyValueSpecification\",\"valueRequired\":true,\"valueName\":\"search_term_string\"}}],\"inLanguage\":\"da-DK\"}]}<\/script>\n<!-- \/ Yoast SEO plugin. -->","yoast_head_json":{"title":"Fortrolighedspolitik - USA B2","description":"Fortrolighedspolitik for hjemmesiden usa-b2.com","robots":{"index":"noindex","follow":"nofollow"},"og_locale":"da_DK","og_type":"article","og_title":"Fortrolighedspolitik - USA B2","og_description":"Fortrolighedspolitik for hjemmesiden usa-b2.com","og_url":"https:\/\/usa-b2.com\/da\/fortrolighedspolitik\/","og_site_name":"USA B2","article_modified_time":"2025-02-06T10:08:35+00:00","twitter_card":"summary_large_image","twitter_misc":{"Estimeret l\u00e6setid":"1 minut"},"schema":{"@context":"https:\/\/schema.org","@graph":[{"@type":"WebPage","@id":"https:\/\/usa-b2.com\/da\/fortrolighedspolitik\/","url":"https:\/\/usa-b2.com\/da\/fortrolighedspolitik\/","name":"Fortrolighedspolitik - USA B2","isPartOf":{"@id":"https:\/\/usa-b2.com\/da\/#website"},"datePublished":"2024-02-19T17:16:58+00:00","dateModified":"2025-02-06T10:08:35+00:00","description":"Fortrolighedspolitik for hjemmesiden usa-b2.com","breadcrumb":{"@id":"https:\/\/usa-b2.com\/da\/fortrolighedspolitik\/#breadcrumb"},"inLanguage":"da-DK","potentialAction":[{"@type":"ReadAction","target":["https:\/\/usa-b2.com\/da\/fortrolighedspolitik\/"]}]},{"@type":"BreadcrumbList","@id":"https:\/\/usa-b2.com\/da\/fortrolighedspolitik\/#breadcrumb","itemListElement":[{"@type":"ListItem","position":1,"name":"Accueil","item":"https:\/\/usa-b2.com\/da\/usa\/"},{"@type":"ListItem","position":2,"name":"Fortrolighedspolitik"}]},{"@type":"WebSite","@id":"https:\/\/usa-b2.com\/da\/#website","url":"https:\/\/usa-b2.com\/da\/","name":"USA B2 VISA","description":"","potentialAction":[{"@type":"SearchAction","target":{"@type":"EntryPoint","urlTemplate":"https:\/\/usa-b2.com\/da\/?s={search_term_string}"},"query-input":{"@type":"PropertyValueSpecification","valueRequired":true,"valueName":"search_term_string"}}],"inLanguage":"da-DK"}]}},"_links":{"self":[{"href":"https:\/\/usa-b2.com\/da\/wp-json\/wp\/v2\/pages\/1010","targetHints":{"allow":["GET"]}}],"collection":[{"href":"https:\/\/usa-b2.com\/da\/wp-json\/wp\/v2\/pages"}],"about":[{"href":"https:\/\/usa-b2.com\/da\/wp-json\/wp\/v2\/types\/page"}],"author":[{"embeddable":true,"href":"https:\/\/usa-b2.com\/da\/wp-json\/wp\/v2\/users\/1"}],"replies":[{"embeddable":true,"href":"https:\/\/usa-b2.com\/da\/wp-json\/wp\/v2\/comments?post=1010"}],"version-history":[{"count":0,"href":"https:\/\/usa-b2.com\/da\/wp-json\/wp\/v2\/pages\/1010\/revisions"}],"wp:attachment":[{"href":"https:\/\/usa-b2.com\/da\/wp-json\/wp\/v2\/media?parent=1010"}],"curies":[{"name":"wp","href":"https:\/\/api.w.org\/{rel}","templated":true}]}}